{"id":2241,"date":"2024-11-28T23:29:20","date_gmt":"2024-11-28T22:29:20","guid":{"rendered":"http:\/\/localhost\/?page_id=2241"},"modified":"2025-09-11T06:47:48","modified_gmt":"2025-09-11T04:47:48","slug":"%d1%81%d1%82%d0%b2%d0%be%d1%80%d0%b8%d1%82%d0%b8-%d1%81%d0%bf%d0%be%d0%b2%d1%96%d1%89%d0%b5%d0%bd%d0%bd%d1%8f-%d0%bf%d1%80%d0%be-%d0%b2%d0%b0%d0%ba%d0%b0%d0%bd%d1%81%d1%96%d1%97","status":"publish","type":"page","link":"https:\/\/www.hogo.cc\/ua\/jobalarm-erstellen","title":{"rendered":"\u0421\u0442\u0432\u043e\u0440\u0438\u0442\u0438 \u0441\u043f\u043e\u0432\u0456\u0449\u0435\u043d\u043d\u044f \u043f\u0440\u043e \u0432\u0430\u043a\u0430\u043d\u0441\u0456\u044e"},"content":{"rendered":"<div data-elementor-type=\"wp-page\" data-elementor-id=\"2241\" class=\"elementor elementor-2241\" data-elementor-post-type=\"page\">\n\t\t\t\t<div class=\"elementor-element elementor-element-0010ee3 e-flex e-con-boxed e-con e-parent\" data-id=\"0010ee3\" data-element_type=\"container\" data-e-type=\"container\" data-settings='{\"background_background\":\"classic\"}'>\n\t\t\t\t\t<div class=\"e-con-inner\">\n\t\t\t\t<div class=\"elementor-element elementor-element-c36189e elementor-widget__width-initial elementor-widget elementor-widget-heading\" data-id=\"c36189e\" data-element_type=\"widget\" data-e-type=\"widget\" data-widget_type=\"heading.default\">\n\t\t\t\t\t<h1 class=\"elementor-heading-title elementor-size-default\">\u0421\u0442\u0432\u043e\u0440\u0438\u0442\u0438 \u0441\u043f\u043e\u0432\u0456\u0449\u0435\u043d\u043d\u044f \u043f\u0440\u043e \u0432\u0430\u043a\u0430\u043d\u0441\u0456\u044e<\/h1>\t\t\t\t<\/div>\n\t\t\t\t\t<\/div>\n\t\t\t\t<\/div>\n\t\t<div class=\"elementor-element elementor-element-2bcff6d e-flex e-con-boxed e-con e-parent\" data-id=\"2bcff6d\" data-element_type=\"container\" data-e-type=\"container\" id=\"job-alarm-default-text\">\n\t\t\t\t\t<div class=\"e-con-inner\">\n\t\t\t\t<div class=\"elementor-element elementor-element-7cb0c7e elementor-widget elementor-widget-heading\" data-id=\"7cb0c7e\" data-element_type=\"widget\" data-e-type=\"widget\" data-widget_type=\"heading.default\">\n\t\t\t\t\t<h2 class=\"elementor-heading-title elementor-size-default\">\u042f\u043a \u043f\u0440\u0430\u0446\u044e\u0454 \u043e\u043f\u043e\u0432\u0456\u0449\u0435\u043d\u043d\u044f \u043f\u0440\u043e \u0440\u043e\u0431\u043e\u0442\u0443<\/h2>\t\t\t\t<\/div>\n\t\t\t\t<div class=\"elementor-element elementor-element-709697c elementor-widget elementor-widget-text-editor\" data-id=\"709697c\" data-element_type=\"widget\" data-e-type=\"widget\" data-widget_type=\"text-editor.default\">\n\t\t\t\t\t\t\t\t\t<p>\u0412\u0438 \u0448\u0443\u043a\u0430\u0454\u0442\u0435 \u0440\u043e\u0431\u043e\u0442\u0443 \u0456 \u0445\u043e\u0447\u0435\u0442\u0435 \u0431\u0443\u0442\u0438 \u0432\u043f\u0435\u0432\u043d\u0435\u043d\u0438\u043c\u0438, \u0449\u043e \u043d\u0435 \u043f\u0440\u043e\u043f\u0443\u0441\u0442\u0438\u0442\u0435 \u0440\u043e\u0431\u043e\u0442\u0443 \u0441\u0432\u043e\u0454\u0457 \u043c\u0440\u0456\u0457? <b>\u0422\u043e\u0434\u0456<\/b> \u0443 \u043d\u0430\u0441 \u0454 \u0456\u0434\u0435\u0430\u043b\u044c\u043d\u0435 \u0440\u0456\u0448\u0435\u043d\u043d\u044f \u0434\u043b\u044f \u0432\u0430\u0441: \u0410\u043a\u0442\u0438\u0432\u0443\u0439\u0442\u0435 <b>\u041e\u043f\u043e\u0432\u0456\u0449\u0435\u043d\u043d\u044f \u043f\u0440\u043e \u0432\u0430\u043a\u0430\u043d\u0441\u0456\u0457<\/b> \u0432 \u0446\u0435\u043d\u0442\u0440\u0456 \u0437\u0430\u0439\u043d\u044f\u0442\u043e\u0441\u0442\u0456 HOGO! \u041b\u0438\u0448\u0435 \u043a\u0456\u043b\u044c\u043a\u0430 \u043a\u043b\u0456\u043a\u0456\u0432 - \u0456 \u0432\u0438 \u0437\u0430\u0432\u0436\u0434\u0438 \u0431\u0443\u0434\u0435\u0442\u0435 \u0432 \u043a\u0443\u0440\u0441\u0456 \u043f\u043e\u0434\u0456\u0439 \u0456 \u043d\u0456\u043a\u043e\u043b\u0438 \u043d\u0435 \u043f\u0440\u043e\u043f\u0443\u0441\u0442\u0438\u0442\u0435 \u043c\u043e\u0436\u043b\u0438\u0432\u043e\u0441\u0442\u0456, \u044f\u043a\u0456 \u0432\u0430\u043c \u043f\u0456\u0434\u0445\u043e\u0434\u044f\u0442\u044c.<\/p><p><b>\u0422\u043e\u043c\u0443 \u0449\u043e<\/b> \"\u0423 \u043d\u0430\u0441 \u0442\u0443\u0442 \u0454 <b>\u041e\u043f\u043e\u0432\u0456\u0449\u0435\u043d\u043d\u044f \u043f\u0440\u043e \u0432\u0430\u043a\u0430\u043d\u0441\u0456\u0457<\/b> \u0446\u0435 \u0432\u0430\u0448 \u043e\u0441\u043e\u0431\u0438\u0441\u0442\u0438\u0439 \u043f\u043e\u043c\u0456\u0447\u043d\u0438\u043a \u0443 \u043f\u043e\u0448\u0443\u043a\u0443 \u0440\u043e\u0431\u043e\u0442\u0438. \u0412\u0456\u043d \u043f\u0440\u0430\u0446\u044e\u0454 \u043d\u0430 \u0432\u0430\u0441, <b>\u0432 \u0442\u043e\u0439 \u0447\u0430\u0441 \u044f\u043a<\/b> \u0432\u0438 \u043c\u043e\u0436\u0435\u0442\u0435 \u0437\u043e\u0441\u0435\u0440\u0435\u0434\u0438\u0442\u0438\u0441\u044f \u043d\u0430 \u0456\u043d\u0448\u0438\u0445 \u0440\u0435\u0447\u0430\u0445. <b>\u0423 \"The<\/b> \u0454 \u043e\u0441\u043e\u0431\u043b\u0438\u0432\u043e \u043f\u0440\u043e\u0441\u0442\u0438\u043c \u0456 \u0437\u0430\u043e\u0449\u0430\u0434\u0436\u0443\u0454 \u0432\u0430\u0448 \u0434\u043e\u0440\u043e\u0433\u043e\u0446\u0456\u043d\u043d\u0438\u0439 \u0447\u0430\u0441. \u0412\u0430\u043c \u0431\u0456\u043b\u044c\u0448\u0435 \u043d\u0435 \u0434\u043e\u0432\u0435\u0434\u0435\u0442\u044c\u0441\u044f \u0449\u043e\u0434\u043d\u044f \u0432\u0438\u0445\u043e\u0434\u0438\u0442\u0438 \u0432 \u0406\u043d\u0442\u0435\u0440\u043d\u0435\u0442 \u0456 \u0448\u0443\u043a\u0430\u0442\u0438 \u043d\u043e\u0432\u0456 \u0432\u0430\u043a\u0430\u043d\u0441\u0456\u0457. <b>\u041d\u0430\u0442\u043e\u043c\u0456\u0441\u0442\u044c<\/b> \u0432\u0438 \u0431\u0443\u0434\u0435\u0442\u0435 \u043e\u0442\u0440\u0438\u043c\u0443\u0432\u0430\u0442\u0438 \u0432\u0441\u0456 \u0432\u0456\u0434\u043f\u043e\u0432\u0456\u0434\u043d\u0456 \u0432\u0430\u043a\u0430\u043d\u0441\u0456\u0457 \u0431\u0435\u0437\u043f\u043e\u0441\u0435\u0440\u0435\u0434\u043d\u044c\u043e \u043d\u0430 \u0435\u043b\u0435\u043a\u0442\u0440\u043e\u043d\u043d\u0443 \u043f\u043e\u0448\u0442\u0443, \u044f\u043a \u0442\u0456\u043b\u044c\u043a\u0438 \u0432\u043e\u043d\u0438 \u0441\u0442\u0430\u043d\u0443\u0442\u044c \u0434\u043e\u0441\u0442\u0443\u043f\u043d\u0438\u043c\u0438.<\/p><p>\u0410\u043a\u0442\u0438\u0432\u0430\u0446\u0456\u044f \u0434\u0443\u0436\u0435 \u043f\u0440\u043e\u0441\u0442\u0430: \u0432\u0438 \u0432\u0432\u043e\u0434\u0438\u0442\u0435 \u0431\u0430\u0436\u0430\u043d\u0456 \u043a\u0440\u0438\u0442\u0435\u0440\u0456\u0457 - \u043d\u0430\u043f\u0440\u0438\u043a\u043b\u0430\u0434, \u0431\u0430\u0436\u0430\u043d\u0438\u0439 \u0441\u0435\u043a\u0442\u043e\u0440, \u043c\u0456\u0441\u0446\u0435\u0437\u043d\u0430\u0445\u043e\u0434\u0436\u0435\u043d\u043d\u044f \u0430\u0431\u043e \u0437\u0430\u0440\u043f\u043b\u0430\u0442\u043d\u0456 \u043e\u0447\u0456\u043a\u0443\u0432\u0430\u043d\u043d\u044f. <b>\u0417\u0433\u043e\u0434\u043e\u043c<\/b> \u043d\u0430\u0448\u0430 \u0441\u0438\u0441\u0442\u0435\u043c\u0430 \u043f\u043e\u0434\u0431\u0430\u0454 \u043f\u0440\u043e \u0442\u0435, \u0449\u043e\u0431 \u0437\u043d\u0430\u0439\u0442\u0438 \u0434\u043b\u044f \u0432\u0430\u0441 \u043d\u0430\u0439\u043a\u0440\u0430\u0449\u0456 \u0432\u0430\u043a\u0430\u043d\u0441\u0456\u0457. <b>\u041e\u0442\u0436\u0435.<\/b> \u0432\u0438 \u043e\u0442\u0440\u0438\u043c\u0443\u0432\u0430\u0442\u0438\u043c\u0435\u0442\u0435 \u043a\u0430\u0441\u0442\u043e\u043c\u0456\u0437\u043e\u0432\u0430\u043d\u0456 \u0441\u043f\u043e\u0432\u0456\u0449\u0435\u043d\u043d\u044f, \u044f\u043a\u0456 \u0442\u043e\u0447\u043d\u043e \u0432\u0456\u0434\u043f\u043e\u0432\u0456\u0434\u0430\u0442\u0438\u043c\u0443\u0442\u044c \u0432\u0430\u0448\u0438\u043c \u043f\u043e\u0442\u0440\u0435\u0431\u0430\u043c.<\/p><p><b>\u041d\u0435\u0432\u0430\u0436\u043b\u0438\u0432\u043e.<\/b> \u041d\u0435\u0437\u0430\u043b\u0435\u0436\u043d\u043e \u0432\u0456\u0434 \u0442\u043e\u0433\u043e, \u0447\u0438 \u043f\u0440\u0430\u0446\u044e\u0454\u0442\u0435 \u0432\u0438 \u0432 \u043f\u0440\u043e\u043c\u0438\u0441\u043b\u043e\u0432\u043e\u0441\u0442\u0456, \u043a\u043e\u043c\u0435\u0440\u0446\u0456\u0439\u043d\u043e\u043c\u0443 \u0441\u0435\u043a\u0442\u043e\u0440\u0456 \u0430\u0431\u043e \u0432 \u0456\u043d\u0448\u0456\u0439 \u0433\u0430\u043b\u0443\u0437\u0456, \u0432\u0438 \u043c\u043e\u0436\u0435\u0442\u0435 <b>\u041e\u043f\u043e\u0432\u0456\u0449\u0435\u043d\u043d\u044f \u043f\u0440\u043e \u0432\u0430\u043a\u0430\u043d\u0441\u0456\u0457<\/b> \u0437\u043d\u0430\u0445\u043e\u0434\u0438\u0442\u044c \u0434\u043b\u044f \u0432\u0430\u0441 \u043f\u0456\u0434\u0445\u043e\u0434\u044f\u0449\u0456 \u0432\u0430\u043a\u0430\u043d\u0441\u0456\u0457. \u0426\u0435 \u043d\u0435\u0437\u0430\u043c\u0456\u043d\u043d\u0438\u0439 \u0456\u043d\u0441\u0442\u0440\u0443\u043c\u0435\u043d\u0442 \u0434\u043b\u044f \u0442\u0438\u0445, \u0445\u0442\u043e \u0445\u043e\u0447\u0435 \u0430\u043a\u0442\u0438\u0432\u043d\u043e \u0440\u043e\u0437\u0432\u0438\u0432\u0430\u0442\u0438 \u0441\u0432\u043e\u044e \u043a\u0430\u0440'\u0454\u0440\u0443. <b>\u041a\u0440\u0456\u043c \u0442\u043e\u0433\u043e<\/b> \"\u0423 \u043d\u0430\u0441 \u0442\u0443\u0442 \u0454 <b>\u041e\u043f\u043e\u0432\u0456\u0449\u0435\u043d\u043d\u044f \u043f\u0440\u043e \u0432\u0430\u043a\u0430\u043d\u0441\u0456\u0457<\/b> \u0432\u0456\u0434 \u0432\u0456\u0434\u0447\u0443\u0442\u0442\u044f, \u0449\u043e \u0432\u0438 \u0432\u0442\u0440\u0430\u0442\u0438\u043b\u0438 \u0432\u0430\u0436\u043b\u0438\u0432\u0443 \u043c\u043e\u0436\u043b\u0438\u0432\u0456\u0441\u0442\u044c. \u0412\u0438 \u043e\u0442\u0440\u0438\u043c\u0430\u0454\u0442\u0435 \u043f\u043e\u0432\u0456\u0434\u043e\u043c\u043b\u0435\u043d\u043d\u044f, <b>\u0434\u043e \u0442\u043e\u0433\u043e, \u044f\u043a<\/b> \u0456\u043d\u0448\u0456 \u043f\u043e\u0442\u0435\u043d\u0446\u0456\u0439\u043d\u0456 \u043a\u0430\u043d\u0434\u0438\u0434\u0430\u0442\u0438 \u0434\u0456\u0437\u043d\u0430\u044e\u0442\u044c\u0441\u044f \u043f\u0440\u043e \u0432\u0430\u043a\u0430\u043d\u0441\u0456\u044e. <b>\u0422\u0430\u043a\u0438\u043c \u0447\u0438\u043d\u043e\u043c<\/b> \u0443 \u0432\u0430\u0441 \u0454 \u043c\u043e\u0436\u043b\u0438\u0432\u0456\u0441\u0442\u044c \u0448\u0432\u0438\u0434\u043a\u043e \u043f\u043e\u0434\u0430\u0442\u0438 \u0437\u0430\u044f\u0432\u043a\u0443 \u0442\u0430 \u043e\u0442\u0440\u0438\u043c\u0430\u0442\u0438 \u0440\u0435\u0430\u043b\u044c\u043d\u0443 \u043f\u0435\u0440\u0435\u0432\u0430\u0433\u0443.<\/p><p>\u0421\u043a\u043e\u0440\u0438\u0441\u0442\u0430\u0439\u0442\u0435\u0441\u044f \u0446\u0456\u0454\u044e \u0440\u043e\u0437\u0443\u043c\u043d\u043e\u044e \u0456 \u0431\u0435\u0437\u043a\u043e\u0448\u0442\u043e\u0432\u043d\u043e\u044e \u0444\u0443\u043d\u043a\u0446\u0456\u0454\u044e \u0442\u0430 \u0437\u0440\u043e\u0431\u0456\u0442\u044c \u043f\u043e\u0448\u0443\u043a \u0440\u043e\u0431\u043e\u0442\u0438 \u0435\u0444\u0435\u043a\u0442\u0438\u0432\u043d\u0456\u0448\u0438\u043c, \u043d\u0456\u0436 \u0431\u0443\u0434\u044c-\u043a\u043e\u043b\u0438 \u0440\u0430\u043d\u0456\u0448\u0435. \u0424\u0443\u043d\u043a\u0446\u0456\u044f \"\u0428\u0443\u043a\u0430\u0442\u0438 \u0440\u043e\u0431\u043e\u0442\u0443 <b>\u041e\u043f\u043e\u0432\u0456\u0449\u0435\u043d\u043d\u044f \u043f\u0440\u043e \u0432\u0430\u043a\u0430\u043d\u0441\u0456\u0457<\/b> \u0446\u0435 \u043d\u0430\u0439\u043a\u0440\u0430\u0449\u0438\u0439 \u0441\u043f\u043e\u0441\u0456\u0431 \u043f\u0440\u0438\u0441\u043a\u043e\u0440\u0438\u0442\u0438 \u0432\u0430\u0448 \u0448\u043b\u044f\u0445 \u0434\u043e \u0440\u043e\u0431\u043e\u0442\u0438 \u0432\u0430\u0448\u043e\u0457 \u043c\u0440\u0456\u0457. <b>\u0420\u0435\u0454\u0441\u0442\u0440\u0443\u0439\u0442\u0435\u0441\u044f \u0437\u0430\u0440\u0430\u0437 \u0456 \u043f\u043e\u0447\u0438\u043d\u0430\u0439\u0442\u0435!<\/b><\/p>\t\t\t\t\t\t\t\t<\/div>\n\t\t\t\t<div class=\"elementor-element elementor-element-c68dee9 elementor-widget elementor-widget-heading\" data-id=\"c68dee9\" data-element_type=\"widget\" data-e-type=\"widget\" data-widget_type=\"heading.default\">\n\t\t\t\t\t<h2 class=\"elementor-heading-title elementor-size-default\">\u0426\u0435 \u0442\u0430\u043a \u043f\u0440\u043e\u0441\u0442\u043e:<\/h2>\t\t\t\t<\/div>\n\t\t\t\t<div class=\"elementor-element elementor-element-006f55a elementor-widget elementor-widget-text-editor\" data-id=\"006f55a\" data-element_type=\"widget\" data-e-type=\"widget\" data-widget_type=\"text-editor.default\">\n\t\t\t\t\t\t\t\t\t<ol><li>\u041d\u0430\u0442\u0438\u0441\u043d\u0456\u0442\u044c \u043d\u0430 \u043f\u0443\u043d\u043a\u0442 \u043c\u0435\u043d\u044e&nbsp;<a href=\"https:\/\/www.hogo.cc\/ua\/%d1%80%d0%be%d0%b1%d0%be%d1%82%d0%b0\/\">\"\u0412\u0430\u043a\u0430\u043d\u0441\u0456\u0457\"<\/a>&nbsp;\u043d\u0430 \u0442\u0435\u0440\u0438\u0442\u043e\u0440\u0456\u0457, \u043d\u0430 \u044f\u043a\u0443 \u043f\u0440\u0435\u0442\u0435\u043d\u0434\u0443\u0454 \u0437\u0430\u044f\u0432\u043d\u0438\u043a.<\/li><li>\u0412\u0456\u0434\u043c\u0456\u0442\u044c\u0442\u0435 \u0432\u0456\u0434\u043f\u043e\u0432\u0456\u0434\u043d\u0456 \u043a\u0440\u0438\u0442\u0435\u0440\u0456\u0457 \u0444\u0456\u043b\u044c\u0442\u0440\u0443, \u044f\u043a\u0456 \u0432\u0456\u0434\u043f\u043e\u0432\u0456\u0434\u0430\u044e\u0442\u044c \u0440\u043e\u0431\u043e\u0442\u0456 \u0432\u0430\u0448\u043e\u0457 \u043c\u0440\u0456\u0457.<\/li><li>\u0410\u043a\u0442\u0438\u0432\u0443\u0439\u0442\u0435 \u0433\u043b\u043e\u0431\u0430\u043b\u044c\u043d\u0435 \u0441\u043f\u043e\u0432\u0456\u0449\u0435\u043d\u043d\u044f \u0437\u0430 \u0434\u043e\u043f\u043e\u043c\u043e\u0433\u043e\u044e \u043a\u043d\u043e\u043f\u043a\u0438 \u043f\u0456\u0434 \u043a\u0440\u0438\u0442\u0435\u0440\u0456\u0454\u043c \u0444\u0456\u043b\u044c\u0442\u0440\u0430\u0446\u0456\u0457 \u0430\u0431\u043e \u043f\u043e\u0440\u0443\u0447 \u0456\u0437 \u0440\u044f\u0434\u043a\u043e\u043c \u043f\u043e\u0448\u0443\u043a\u0443.<\/li><li>\u041f\u0440\u0438\u0437\u043d\u0430\u0447\u0442\u0435 \u0456\u043c'\u044f \u0434\u043b\u044f \u0441\u0442\u0432\u043e\u0440\u0435\u043d\u043e\u0457 \u0433\u043b\u043e\u0431\u0430\u043b\u044c\u043d\u043e\u0457 \u0442\u0440\u0438\u0432\u043e\u0433\u0438 (\u0432\u0438 \u0442\u0430\u043a\u043e\u0436 \u043c\u043e\u0436\u0435\u0442\u0435 \u0441\u0442\u0432\u043e\u0440\u0438\u0442\u0438 \u043a\u0456\u043b\u044c\u043a\u0430 \u0442\u0440\u0438\u0432\u043e\u0433 \u0437 \u0440\u0456\u0437\u043d\u0438\u043c\u0438 \u043a\u0440\u0438\u0442\u0435\u0440\u0456\u044f\u043c\u0438 \u0444\u0456\u043b\u044c\u0442\u0440\u0430\u0446\u0456\u0457).<\/li><li>\u0412\u0432\u0435\u0434\u0456\u0442\u044c \u0430\u0434\u0440\u0435\u0441\u0443 \u0435\u043b\u0435\u043a\u0442\u0440\u043e\u043d\u043d\u043e\u0457 \u043f\u043e\u0448\u0442\u0438, \u043d\u0430 \u044f\u043a\u0443 \u0432\u0438 \u0431\u0430\u0436\u0430\u0454\u0442\u0435 \u043e\u0442\u0440\u0438\u043c\u0443\u0432\u0430\u0442\u0438&nbsp;<a href=\"https:\/\/www.hogo.cc\/ua\/%d1%80%d0%be%d0%b1%d0%be%d1%82%d0%b0\/\">\u043e\u0441\u0442\u0430\u043d\u043d\u0456 \u043f\u0440\u043e\u043f\u043e\u0437\u0438\u0446\u0456\u0457 \u0440\u043e\u0431\u043e\u0442\u0438<\/a>&nbsp;\u044f\u043a\u0456 \u0432\u0456\u0434\u043f\u043e\u0432\u0456\u0434\u0430\u044e\u0442\u044c \u0432\u0430\u0448\u0438\u043c \u043a\u0440\u0438\u0442\u0435\u0440\u0456\u044f\u043c \u043f\u043e\u0448\u0443\u043a\u0443!<\/li><\/ol><p>\u041c\u0438 \u0437 \u043d\u0435\u0442\u0435\u0440\u043f\u0456\u043d\u043d\u044f\u043c \u0447\u0435\u043a\u0430\u0454\u043c\u043e \u043d\u0430 \u0432\u0430\u0448\u0456 \u0437\u0430\u044f\u0432\u043a\u0438!<\/p><p><strong>\u0412\u0430\u0448\u0430 \u043a\u043e\u043c\u0430\u043d\u0434\u0430 HOGO<\/strong><\/p>\t\t\t\t\t\t\t\t<\/div>\n\t\t\t\t<div class=\"elementor-element elementor-element-e10a3bc elementor-widget elementor-widget-button\" data-id=\"e10a3bc\" data-element_type=\"widget\" data-e-type=\"widget\" data-widget_type=\"button.default\">\n\t\t\t\t\t\t\t\t\t\t<a class=\"elementor-button elementor-button-link elementor-size-sm\" href=\"https:\/\/www.hogo.cc\/ua\/job\">\n\t\t\t\t\t\t<span class=\"elementor-button-content-wrapper\">\n\t\t\t\t\t\t\t\t\t<span class=\"elementor-button-text\">\u0414\u043e \u043f\u043e\u0448\u0443\u043a\u0443 \u0440\u043e\u0431\u043e\u0442\u0438<\/span>\n\t\t\t\t\t<\/span>\n\t\t\t\t\t<\/a>\n\t\t\t\t\t\t\t\t<\/div>\n\t\t\t\t\t<\/div>\n\t\t\t\t<\/div>\n\t\t\n\t\t\t\t<\/div>","protected":false},"excerpt":{"rendered":"<p>Jobalarm erstellen So funktioniert der Jobalarm Du bist auf Jobsuche und m\u00f6chtest sichergehen, dass du keine Chance auf deinen Traumjob verpasst? Dann haben wir die perfekte L\u00f6sung f\u00fcr dich: Aktiviere den Jobalarm im HOGO Jobcenter! Mit nur wenigen Klicks bleibst du immer auf dem Laufenden und verpasst keine Gelegenheit mehr, die zu dir passt. Denn [&hellip;]<\/p>\n","protected":false},"author":1,"featured_media":0,"parent":0,"menu_order":0,"comment_status":"closed","ping_status":"closed","template":"","meta":{"footnotes":""},"class_list":["post-2241","page","type-page","status-publish","hentry"],"yoast_head":"<!-- This site is optimized with the Yoast SEO Premium plugin v27.5 (Yoast SEO v27.5) - https:\/\/yoast.com\/product\/yoast-seo-premium-wordpress\/ -->\n<title>Jobalarm im HOGO Jobcenter nutzen und profitieren | HOGO Jobs<\/title>\n<meta name=\"description\" content=\"Activieren Sie den Jobalarm im HOGO Jobcenter und verpassen Sie keine Jobm\u00f6glichkeiten mehr, die zu Ihnen passen.\" \/>\n<meta name=\"robots\" content=\"index, follow, max-snippet:-1, max-image-preview:large, max-video-preview:-1\" \/>\n<link rel=\"canonical\" href=\"https:\/\/www.hogo.cc\/ua\/\u0441\u0442\u0432\u043e\u0440\u0438\u0442\u0438-\u0441\u043f\u043e\u0432\u0456\u0449\u0435\u043d\u043d\u044f-\u043f\u0440\u043e-\u0432\u0430\u043a\u0430\u043d\u0441\u0456\u0457\/\" \/>\n<meta property=\"og:locale\" content=\"uk_UA\" \/>\n<meta property=\"og:type\" content=\"article\" \/>\n<meta property=\"og:title\" content=\"Jobalarm erstellen\" \/>\n<meta property=\"og:description\" content=\"Activieren Sie den Jobalarm im HOGO Jobcenter und verpassen Sie keine Jobm\u00f6glichkeiten mehr, die zu Ihnen passen.\" \/>\n<meta property=\"og:url\" content=\"https:\/\/www.hogo.cc\/ua\/\u0441\u0442\u0432\u043e\u0440\u0438\u0442\u0438-\u0441\u043f\u043e\u0432\u0456\u0449\u0435\u043d\u043d\u044f-\u043f\u0440\u043e-\u0432\u0430\u043a\u0430\u043d\u0441\u0456\u0457\/\" \/>\n<meta property=\"og:site_name\" content=\"HOGO Jobs\" \/>\n<meta property=\"article:publisher\" content=\"https:\/\/www.facebook.com\/hogogruppe\" \/>\n<meta property=\"article:modified_time\" content=\"2025-09-11T04:47:48+00:00\" \/>\n<meta name=\"twitter:card\" content=\"summary_large_image\" \/>\n<meta name=\"twitter:label1\" content=\"\u041f\u0440\u0438\u0431\u043b. \u0447\u0430\u0441 \u0447\u0438\u0442\u0430\u043d\u043d\u044f\" \/>\n\t<meta name=\"twitter:data1\" content=\"3 \u0445\u0432\u0438\u043b\u0438\u043d\u0438\" \/>\n<script type=\"application\/ld+json\" class=\"yoast-schema-graph\">{\"@context\":\"https:\\\/\\\/schema.org\",\"@graph\":[{\"@type\":\"WebPage\",\"@id\":\"https:\\\/\\\/www.hogo.cc\\\/jobalarm-erstellen\",\"url\":\"https:\\\/\\\/www.hogo.cc\\\/jobalarm-erstellen\",\"name\":\"Jobalarm im HOGO Jobcenter nutzen und profitieren | HOGO Jobs\",\"isPartOf\":{\"@id\":\"https:\\\/\\\/www.hogo.cc\\\/#website\"},\"datePublished\":\"2024-11-28T22:29:20+00:00\",\"dateModified\":\"2025-09-11T04:47:48+00:00\",\"description\":\"Activieren Sie den Jobalarm im HOGO Jobcenter und verpassen Sie keine Jobm\u00f6glichkeiten mehr, die zu Ihnen passen.\",\"breadcrumb\":{\"@id\":\"https:\\\/\\\/www.hogo.cc\\\/jobalarm-erstellen#breadcrumb\"},\"inLanguage\":\"uk\",\"potentialAction\":[{\"@type\":\"ReadAction\",\"target\":[\"https:\\\/\\\/www.hogo.cc\\\/jobalarm-erstellen\"]}]},{\"@type\":\"BreadcrumbList\",\"@id\":\"https:\\\/\\\/www.hogo.cc\\\/jobalarm-erstellen#breadcrumb\",\"itemListElement\":[{\"@type\":\"ListItem\",\"position\":1,\"name\":\"Startseite\",\"item\":\"https:\\\/\\\/www.hogo.cc\\\/\"},{\"@type\":\"ListItem\",\"position\":2,\"name\":\"Jobalarm erstellen\"}]},{\"@type\":\"WebSite\",\"@id\":\"https:\\\/\\\/www.hogo.cc\\\/#website\",\"url\":\"https:\\\/\\\/www.hogo.cc\\\/\",\"name\":\"HOGO\",\"description\":\"Human Resource Management - Voll am Punkt.\",\"publisher\":{\"@id\":\"https:\\\/\\\/www.hogo.cc\\\/#organization\"},\"potentialAction\":[{\"@type\":\"SearchAction\",\"target\":{\"@type\":\"EntryPoint\",\"urlTemplate\":\"https:\\\/\\\/www.hogo.cc\\\/?s={search_term_string}\"},\"query-input\":{\"@type\":\"PropertyValueSpecification\",\"valueRequired\":true,\"valueName\":\"search_term_string\"}}],\"inLanguage\":\"uk\"},{\"@type\":\"Organization\",\"@id\":\"https:\\\/\\\/www.hogo.cc\\\/#organization\",\"name\":\"Hogo\",\"url\":\"https:\\\/\\\/www.hogo.cc\\\/\",\"logo\":{\"@type\":\"ImageObject\",\"inLanguage\":\"uk\",\"@id\":\"https:\\\/\\\/www.hogo.cc\\\/#\\\/schema\\\/logo\\\/image\\\/\",\"url\":\"https:\\\/\\\/www.hogo.cc\\\/wp-content\\\/uploads\\\/2024\\\/11\\\/logo.svg\",\"contentUrl\":\"https:\\\/\\\/www.hogo.cc\\\/wp-content\\\/uploads\\\/2024\\\/11\\\/logo.svg\",\"width\":133,\"height\":92,\"caption\":\"Hogo\"},\"image\":{\"@id\":\"https:\\\/\\\/www.hogo.cc\\\/#\\\/schema\\\/logo\\\/image\\\/\"},\"sameAs\":[\"https:\\\/\\\/www.facebook.com\\\/hogogruppe\"]}]}<\/script>\n<!-- \/ Yoast SEO Premium plugin. -->","yoast_head_json":{"title":"\u0421\u043a\u043e\u0440\u0438\u0441\u0442\u0430\u0439\u0442\u0435\u0441\u044f Jobalarm \u0432\u0456\u0434 HOGO Jobcenter \u0442\u0430 \u043e\u0442\u0440\u0438\u043c\u0430\u0439\u0442\u0435 \u0432\u0438\u0433\u043e\u0434\u0443 | HOGO Jobs","description":"\u0410\u043a\u0442\u0438\u0432\u0443\u0439\u0442\u0435 \u0441\u043f\u043e\u0432\u0456\u0449\u0435\u043d\u043d\u044f \u043f\u0440\u043e \u0432\u0430\u043a\u0430\u043d\u0441\u0456\u0457 \u0432 HOGO Jobcenter, \u0456 \u0432\u0438 \u0431\u0456\u043b\u044c\u0448\u0435 \u043d\u0435 \u043f\u0440\u043e\u043f\u0443\u0441\u0442\u0438\u0442\u0435 \u043c\u043e\u0436\u043b\u0438\u0432\u043e\u0441\u0442\u0456 \u043f\u0440\u0430\u0446\u0435\u0432\u043b\u0430\u0448\u0442\u0443\u0432\u0430\u043d\u043d\u044f, \u044f\u043a\u0456 \u0432\u0430\u043c \u043f\u0456\u0434\u0445\u043e\u0434\u044f\u0442\u044c.","robots":{"index":"index","follow":"follow","max-snippet":"max-snippet:-1","max-image-preview":"max-image-preview:large","max-video-preview":"max-video-preview:-1"},"canonical":"https:\/\/www.hogo.cc\/ua\/\u0441\u0442\u0432\u043e\u0440\u0438\u0442\u0438-\u0441\u043f\u043e\u0432\u0456\u0449\u0435\u043d\u043d\u044f-\u043f\u0440\u043e-\u0432\u0430\u043a\u0430\u043d\u0441\u0456\u0457\/","og_locale":"uk_UA","og_type":"article","og_title":"Jobalarm erstellen","og_description":"Activieren Sie den Jobalarm im HOGO Jobcenter und verpassen Sie keine Jobm\u00f6glichkeiten mehr, die zu Ihnen passen.","og_url":"https:\/\/www.hogo.cc\/ua\/\u0441\u0442\u0432\u043e\u0440\u0438\u0442\u0438-\u0441\u043f\u043e\u0432\u0456\u0449\u0435\u043d\u043d\u044f-\u043f\u0440\u043e-\u0432\u0430\u043a\u0430\u043d\u0441\u0456\u0457\/","og_site_name":"HOGO Jobs","article_publisher":"https:\/\/www.facebook.com\/hogogruppe","article_modified_time":"2025-09-11T04:47:48+00:00","twitter_card":"summary_large_image","twitter_misc":{"\u041f\u0440\u0438\u0431\u043b. \u0447\u0430\u0441 \u0447\u0438\u0442\u0430\u043d\u043d\u044f":"3 \u0445\u0432\u0438\u043b\u0438\u043d\u0438"},"schema":{"@context":"https:\/\/schema.org","@graph":[{"@type":"WebPage","@id":"https:\/\/www.hogo.cc\/jobalarm-erstellen","url":"https:\/\/www.hogo.cc\/jobalarm-erstellen","name":"\u0421\u043a\u043e\u0440\u0438\u0441\u0442\u0430\u0439\u0442\u0435\u0441\u044f Jobalarm \u0432\u0456\u0434 HOGO Jobcenter \u0442\u0430 \u043e\u0442\u0440\u0438\u043c\u0430\u0439\u0442\u0435 \u0432\u0438\u0433\u043e\u0434\u0443 | HOGO Jobs","isPartOf":{"@id":"https:\/\/www.hogo.cc\/#website"},"datePublished":"2024-11-28T22:29:20+00:00","dateModified":"2025-09-11T04:47:48+00:00","description":"\u0410\u043a\u0442\u0438\u0432\u0443\u0439\u0442\u0435 \u0441\u043f\u043e\u0432\u0456\u0449\u0435\u043d\u043d\u044f \u043f\u0440\u043e \u0432\u0430\u043a\u0430\u043d\u0441\u0456\u0457 \u0432 HOGO Jobcenter, \u0456 \u0432\u0438 \u0431\u0456\u043b\u044c\u0448\u0435 \u043d\u0435 \u043f\u0440\u043e\u043f\u0443\u0441\u0442\u0438\u0442\u0435 \u043c\u043e\u0436\u043b\u0438\u0432\u043e\u0441\u0442\u0456 \u043f\u0440\u0430\u0446\u0435\u0432\u043b\u0430\u0448\u0442\u0443\u0432\u0430\u043d\u043d\u044f, \u044f\u043a\u0456 \u0432\u0430\u043c \u043f\u0456\u0434\u0445\u043e\u0434\u044f\u0442\u044c.","breadcrumb":{"@id":"https:\/\/www.hogo.cc\/jobalarm-erstellen#breadcrumb"},"inLanguage":"uk","potentialAction":[{"@type":"ReadAction","target":["https:\/\/www.hogo.cc\/jobalarm-erstellen"]}]},{"@type":"BreadcrumbList","@id":"https:\/\/www.hogo.cc\/jobalarm-erstellen#breadcrumb","itemListElement":[{"@type":"ListItem","position":1,"name":"Startseite","item":"https:\/\/www.hogo.cc\/"},{"@type":"ListItem","position":2,"name":"Jobalarm erstellen"}]},{"@type":"WebSite","@id":"https:\/\/www.hogo.cc\/#website","url":"https:\/\/www.hogo.cc\/","name":"HOGO","description":"\u0423\u043f\u0440\u0430\u0432\u043b\u0456\u043d\u043d\u044f \u043b\u044e\u0434\u0441\u044c\u043a\u0438\u043c\u0438 \u0440\u0435\u0441\u0443\u0440\u0441\u0430\u043c\u0438 - \u043f\u0440\u044f\u043c\u043e \u0432 \u0442\u043e\u0447\u043a\u0443.","publisher":{"@id":"https:\/\/www.hogo.cc\/#organization"},"potentialAction":[{"@type":"SearchAction","target":{"@type":"EntryPoint","urlTemplate":"https:\/\/www.hogo.cc\/?s={search_term_string}"},"query-input":{"@type":"PropertyValueSpecification","valueRequired":true,"valueName":"search_term_string"}}],"inLanguage":"uk"},{"@type":"Organization","@id":"https:\/\/www.hogo.cc\/#organization","name":"\u0413\u043e\u0491\u043e","url":"https:\/\/www.hogo.cc\/","logo":{"@type":"ImageObject","inLanguage":"uk","@id":"https:\/\/www.hogo.cc\/#\/schema\/logo\/image\/","url":"https:\/\/www.hogo.cc\/wp-content\/uploads\/2024\/11\/logo.svg","contentUrl":"https:\/\/www.hogo.cc\/wp-content\/uploads\/2024\/11\/logo.svg","width":133,"height":92,"caption":"Hogo"},"image":{"@id":"https:\/\/www.hogo.cc\/#\/schema\/logo\/image\/"},"sameAs":["https:\/\/www.facebook.com\/hogogruppe"]}]}},"_links":{"self":[{"href":"https:\/\/www.hogo.cc\/ua\/wp-json\/wp\/v2\/pages\/2241","targetHints":{"allow":["GET"]}}],"collection":[{"href":"https:\/\/www.hogo.cc\/ua\/wp-json\/wp\/v2\/pages"}],"about":[{"href":"https:\/\/www.hogo.cc\/ua\/wp-json\/wp\/v2\/types\/page"}],"author":[{"embeddable":true,"href":"https:\/\/www.hogo.cc\/ua\/wp-json\/wp\/v2\/users\/1"}],"replies":[{"embeddable":true,"href":"https:\/\/www.hogo.cc\/ua\/wp-json\/wp\/v2\/comments?post=2241"}],"version-history":[{"count":115,"href":"https:\/\/www.hogo.cc\/ua\/wp-json\/wp\/v2\/pages\/2241\/revisions"}],"predecessor-version":[{"id":10178,"href":"https:\/\/www.hogo.cc\/ua\/wp-json\/wp\/v2\/pages\/2241\/revisions\/10178"}],"wp:attachment":[{"href":"https:\/\/www.hogo.cc\/ua\/wp-json\/wp\/v2\/media?parent=2241"}],"curies":[{"name":"\u0432\u043f","href":"https:\/\/api.w.org\/{rel}","templated":true}]}}