{"id":1956,"date":"2024-11-27T17:31:18","date_gmt":"2024-11-27T16:31:18","guid":{"rendered":"http:\/\/localhost\/?page_id=1956"},"modified":"2025-09-24T09:59:53","modified_gmt":"2025-09-24T07:59:53","slug":"urlaubsantrag","status":"publish","type":"page","link":"https:\/\/www.hogo.cc\/ua\/urlaubsantrag","title":{"rendered":"\u0417\u0430\u043f\u0438\u0442 \u043d\u0430 \u0432\u0456\u0434\u043f\u0443\u0441\u0442\u043a\u0443"},"content":{"rendered":"<div data-elementor-type=\"wp-page\" data-elementor-id=\"1956\" class=\"elementor elementor-1956\" data-elementor-post-type=\"page\">\n\t\t\t\t<div class=\"elementor-element elementor-element-3c49348 e-flex e-con-boxed e-con e-parent\" data-id=\"3c49348\" data-element_type=\"container\" data-e-type=\"container\" data-settings=\"{&quot;background_background&quot;:&quot;classic&quot;}\">\n\t\t\t\t\t<div class=\"e-con-inner\">\n\t\t\t\t<div class=\"elementor-element elementor-element-cc5ad61 elementor-widget__width-inherit elementor-widget elementor-widget-heading\" data-id=\"cc5ad61\" data-element_type=\"widget\" data-e-type=\"widget\" data-widget_type=\"heading.default\">\n\t\t\t\t\t<h1 class=\"elementor-heading-title elementor-size-default\">\u0421\u0432\u044f\u0442\u043a\u043e\u0432\u0438\u0439 \u0434\u043e\u0434\u0430\u0442\u043e\u043a HOGO<\/h1>\t\t\t\t<\/div>\n\t\t\t\t\t<\/div>\n\t\t\t\t<\/div>\n\t\t<div class=\"elementor-element elementor-element-e9b3045 e-flex e-con-boxed e-con e-parent\" data-id=\"e9b3045\" data-element_type=\"container\" data-e-type=\"container\">\n\t\t\t\t\t<div class=\"e-con-inner\">\n\t\t<div class=\"elementor-element elementor-element-38845fb e-con-full e-flex e-con e-child\" data-id=\"38845fb\" data-element_type=\"container\" data-e-type=\"container\">\n\t\t\t\t<div class=\"elementor-element elementor-element-a5813ce elementor-widget elementor-widget-heading\" data-id=\"a5813ce\" data-element_type=\"widget\" data-e-type=\"widget\" data-widget_type=\"heading.default\">\n\t\t\t\t\t<h2 class=\"elementor-heading-title elementor-size-default\">\u041f\u043e\u0440\u0442\u0430\u043b \u0434\u043b\u044f \u043f\u0440\u0430\u0446\u0456\u0432\u043d\u0438\u043a\u0456\u0432 HOGO - \u043f\u0440\u043e\u0441\u0442\u043e \u0437\u0430\u0432\u0430\u043d\u0442\u0430\u0436\u0442\u0435 \u0437\u0430\u044f\u0432\u043a\u0443 \u043d\u0430 \u0432\u0456\u0434\u043f\u0443\u0441\u0442\u043a\u0443<\/h2>\t\t\t\t<\/div>\n\t\t\t\t<div class=\"elementor-element elementor-element-63942d3 elementor-widget elementor-widget-text-editor\" data-id=\"63942d3\" data-element_type=\"widget\" data-e-type=\"widget\" data-widget_type=\"text-editor.default\">\n\t\t\t\t\t\t\t\t\t<p data-start=\"189\" data-end=\"396\">\u041d\u0430 \u043f\u043e\u0440\u0442\u0430\u043b\u0456 \u0441\u043f\u0456\u0432\u0440\u043e\u0431\u0456\u0442\u043d\u0438\u043a\u0456\u0432 HOGO \u0432\u0438 \u043c\u043e\u0436\u0435\u0442\u0435 \u0448\u0432\u0438\u0434\u043a\u043e \u0456 \u043b\u0435\u0433\u043a\u043e \u043e\u0442\u0440\u0438\u043c\u0430\u0442\u0438 \u0434\u043e\u0441\u0442\u0443\u043f \u0434\u043e \u0432\u0441\u0456\u0445 \u0432\u0430\u0436\u043b\u0438\u0432\u0438\u0445 \u0444\u043e\u0440\u043c. \u0421\u044e\u0434\u0438 \u0442\u0430\u043a\u043e\u0436 \u0432\u0445\u043e\u0434\u0438\u0442\u044c \u0444\u043e\u0440\u043c\u0430 \u0437\u0430\u044f\u0432\u043a\u0438 \u043d\u0430 \u0432\u0456\u0434\u043f\u0443\u0441\u0442\u043a\u0443 HOGO, \u044f\u043a\u0443 \u0432\u0438 \u043c\u043e\u0436\u0435\u0442\u0435 \u0437\u0430\u0432\u0430\u043d\u0442\u0430\u0436\u0438\u0442\u0438 \u043f\u0440\u044f\u043c\u043e \u0442\u0443\u0442.<\/p><p data-start=\"398\" data-end=\"622\">\u0417\u0430 \u0434\u043e\u043f\u043e\u043c\u043e\u0433\u043e\u044e \u0444\u043e\u0440\u043c\u0438 \u0437\u0430\u044f\u0432\u043a\u0438 \u043d\u0430 \u0432\u0456\u0434\u043f\u0443\u0441\u0442\u043a\u0443 \u0432\u0438 \u043c\u043e\u0436\u0435\u0442\u0435 \u043b\u0435\u0433\u043a\u043e \u043f\u043e\u0434\u0430\u0442\u0438 \u0437\u0430\u043f\u0438\u0442 \u043d\u0430 \u0432\u0456\u0434\u043f\u0443\u0441\u0442\u043a\u0443 \u0430\u0431\u043e \u0432\u0438\u0445\u0456\u0434\u043d\u0456 \u0440\u043e\u0431\u043e\u0442\u043e\u0434\u0430\u0432\u0446\u044e. \u0424\u043e\u0440\u043c\u0430 \u0447\u0456\u0442\u043a\u043e \u0441\u043a\u043b\u0430\u0434\u0435\u043d\u0430 \u0456 \u0437\u0430\u0431\u0435\u0437\u043f\u0435\u0447\u0443\u0454 \u0448\u0432\u0438\u0434\u043a\u0443 \u043e\u0431\u0440\u043e\u0431\u043a\u0443 \u0432\u0456\u0434\u0434\u0456\u043b\u043e\u043c \u043a\u0430\u0434\u0440\u0456\u0432.<\/p><h3 data-start=\"624\" data-end=\"663\">\u041f\u0435\u0440\u0435\u0432\u0430\u0433\u0438 \u0441\u0432\u044f\u0442\u043a\u043e\u0432\u043e\u0433\u043e \u0434\u043e\u0434\u0430\u0442\u043a\u0443 HOGO:<\/h3><ul data-start=\"664\" data-end=\"821\"><li data-start=\"664\" data-end=\"694\"><p data-start=\"666\" data-end=\"694\">\u041b\u0435\u0433\u043a\u043e \u0437\u0430\u0432\u0430\u043d\u0442\u0430\u0436\u0438\u0442\u0438 \u0443 \u0444\u043e\u0440\u043c\u0430\u0442\u0456 PDF<\/p><\/li><li data-start=\"695\" data-end=\"731\"><p data-start=\"697\" data-end=\"731\">\u0427\u0456\u0442\u043a\u0430 \u0442\u0430 \u0437\u0440\u043e\u0437\u0443\u043c\u0456\u043b\u0430 \u0441\u0442\u0440\u0443\u043a\u0442\u0443\u0440\u0430<\/p><\/li><li data-start=\"732\" data-end=\"776\"><p data-start=\"734\" data-end=\"776\">\u0428\u0432\u0438\u0434\u043a\u0430 \u043e\u0431\u0440\u043e\u0431\u043a\u0430 \u0432\u0430\u0448\u043e\u0457 \u0437\u0430\u044f\u0432\u043a\u0438 \u043d\u0430 \u0432\u0456\u0434\u043f\u0443\u0441\u0442\u043a\u0443<\/p><\/li><li data-start=\"777\" data-end=\"821\"><p data-start=\"779\" data-end=\"821\">\u0414\u043e\u0441\u0442\u0443\u043f\u043d\u043e \u0432 \u0431\u0443\u0434\u044c-\u044f\u043a\u0438\u0439 \u0447\u0430\u0441 \u043d\u0430 \u043f\u043e\u0440\u0442\u0430\u043b\u0456 \u0434\u043b\u044f \u043f\u0440\u0430\u0446\u0456\u0432\u043d\u0438\u043a\u0456\u0432<\/p><\/li><\/ul><p data-start=\"823\" data-end=\"906\"><strong data-start=\"826\" data-end=\"882\">\u0412\u0438 \u043c\u043e\u0436\u0435\u0442\u0435 \u0437\u0430\u0432\u0430\u043d\u0442\u0430\u0436\u0438\u0442\u0438 \u0444\u043e\u0440\u043c\u0443 \u0437\u0430\u044f\u0432\u043a\u0438 \u043d\u0430 \u0443\u0447\u0430\u0441\u0442\u044c \u0443 \u0441\u0432\u044f\u0442\u0456 HOGO \u0442\u0443\u0442<\/strong> \u0456 \u043d\u0435\u0433\u0430\u0439\u043d\u043e \u0437\u0430\u043f\u043e\u0432\u043d\u0438\u0442\u0438.<\/p>\t\t\t\t\t\t\t\t<\/div>\n\t\t<div class=\"elementor-element elementor-element-02e41f3 e-con-full e-flex e-con e-child\" data-id=\"02e41f3\" data-element_type=\"container\" data-e-type=\"container\">\n\t\t\t\t<div class=\"elementor-element elementor-element-59fd17f elementor-widget elementor-widget-button\" data-id=\"59fd17f\" data-element_type=\"widget\" data-e-type=\"widget\" data-widget_type=\"button.default\">\n\t\t\t\t\t\t\t\t\t\t<a class=\"elementor-button elementor-button-link elementor-size-sm\" href=\"https:\/\/www.hogo.cc\/ua\/urlaubsantrag-2\" target=\"_blank\">\n\t\t\t\t\t\t<span class=\"elementor-button-content-wrapper\">\n\t\t\t\t\t\t\t\t\t<span class=\"elementor-button-text\">\u0437\u0430\u0432\u0430\u043d\u0442\u0430\u0436\u0438\u0442\u0438<\/span>\n\t\t\t\t\t<\/span>\n\t\t\t\t\t<\/a>\n\t\t\t\t\t\t\t\t<\/div>\n\t\t\t\t<div class=\"elementor-element elementor-element-278cc4f elementor-widget elementor-widget-heading\" data-id=\"278cc4f\" data-element_type=\"widget\" data-e-type=\"widget\" data-widget_type=\"heading.default\">\n\t\t\t\t\t<p class=\"elementor-heading-title elementor-size-default\">\u0417\u0430\u043f\u0438\u0442 \u043d\u0430 \u0432\u0456\u0434\u043f\u0443\u0441\u0442\u043a\u0443<\/p>\t\t\t\t<\/div>\n\t\t\t\t<\/div>\n\t\t\t\t<\/div>\n\t\t\t\t\t<\/div>\n\t\t\t\t<\/div>\n\t\t\t\t<\/div>","protected":false},"excerpt":{"rendered":"<p>HOGO Urlaubsantrag HOGO Mitarbeiterportal \u2013 Urlaubsantrag einfach herunterladen Im HOGO Mitarbeiterportal haben Sie die M\u00f6glichkeit, alle wichtigen Formulare schnell und unkompliziert abzurufen. Dazu geh\u00f6rt auch der HOGO Urlaubsantrag, den Sie hier direkt herunterladen k\u00f6nnen. Mit dem Urlaubsantrag stellen Sie Ihren Urlaubswunsch oder freie Tage ganz bequem bei Ihrem Arbeitgeber. Das Formular ist \u00fcbersichtlich gestaltet und [&hellip;]<\/p>\n","protected":false},"author":1,"featured_media":0,"parent":0,"menu_order":0,"comment_status":"closed","ping_status":"closed","template":"","meta":{"footnotes":""},"class_list":["post-1956","page","type-page","status-publish","hentry"],"yoast_head":"<!-- This site is optimized with the Yoast SEO Premium plugin v27.4 (Yoast SEO v27.4) - https:\/\/yoast.com\/product\/yoast-seo-premium-wordpress\/ -->\n<title>HOGO Urlaubsantrag Schritt f\u00fcr Schritt Anleitung | HOGO Jobs<\/title>\n<meta name=\"description\" content=\"Der HOGO Urlaubsantrag ist jetzt verf\u00fcgbar. Downloaden Sie ihn und beantragen Sie Ihren Urlaub einfach und schnell.\" \/>\n<meta name=\"robots\" content=\"index, follow, max-snippet:-1, max-image-preview:large, max-video-preview:-1\" \/>\n<link rel=\"canonical\" href=\"https:\/\/www.hogo.cc\/ua\/urlaubsantrag\/\" \/>\n<meta property=\"og:locale\" content=\"uk_UA\" \/>\n<meta property=\"og:type\" content=\"article\" \/>\n<meta property=\"og:title\" content=\"Urlaubsantrag\" \/>\n<meta property=\"og:description\" content=\"Der HOGO Urlaubsantrag ist jetzt verf\u00fcgbar. Downloaden Sie ihn und beantragen Sie Ihren Urlaub einfach und schnell.\" \/>\n<meta property=\"og:url\" content=\"https:\/\/www.hogo.cc\/ua\/urlaubsantrag\/\" \/>\n<meta property=\"og:site_name\" content=\"HOGO Jobs\" \/>\n<meta property=\"article:publisher\" content=\"https:\/\/www.facebook.com\/hogogruppe\" \/>\n<meta property=\"article:modified_time\" content=\"2025-09-24T07:59:53+00:00\" \/>\n<meta name=\"twitter:card\" content=\"summary_large_image\" \/>\n<meta name=\"twitter:label1\" content=\"\u041f\u0440\u0438\u0431\u043b. \u0447\u0430\u0441 \u0447\u0438\u0442\u0430\u043d\u043d\u044f\" \/>\n\t<meta name=\"twitter:data1\" content=\"1 \u0445\u0432\u0438\u043b\u0438\u043d\u0430\" \/>\n<script type=\"application\/ld+json\" class=\"yoast-schema-graph\">{\"@context\":\"https:\\\/\\\/schema.org\",\"@graph\":[{\"@type\":\"WebPage\",\"@id\":\"https:\\\/\\\/www.hogo.cc\\\/urlaubsantrag\",\"url\":\"https:\\\/\\\/www.hogo.cc\\\/urlaubsantrag\",\"name\":\"HOGO Urlaubsantrag Schritt f\u00fcr Schritt Anleitung | HOGO Jobs\",\"isPartOf\":{\"@id\":\"https:\\\/\\\/www.hogo.cc\\\/#website\"},\"datePublished\":\"2024-11-27T16:31:18+00:00\",\"dateModified\":\"2025-09-24T07:59:53+00:00\",\"description\":\"Der HOGO Urlaubsantrag ist jetzt verf\u00fcgbar. Downloaden Sie ihn und beantragen Sie Ihren Urlaub einfach und schnell.\",\"breadcrumb\":{\"@id\":\"https:\\\/\\\/www.hogo.cc\\\/urlaubsantrag#breadcrumb\"},\"inLanguage\":\"uk\",\"potentialAction\":[{\"@type\":\"ReadAction\",\"target\":[\"https:\\\/\\\/www.hogo.cc\\\/urlaubsantrag\"]}]},{\"@type\":\"BreadcrumbList\",\"@id\":\"https:\\\/\\\/www.hogo.cc\\\/urlaubsantrag#breadcrumb\",\"itemListElement\":[{\"@type\":\"ListItem\",\"position\":1,\"name\":\"Startseite\",\"item\":\"https:\\\/\\\/www.hogo.cc\\\/\"},{\"@type\":\"ListItem\",\"position\":2,\"name\":\"Urlaubsantrag\"}]},{\"@type\":\"WebSite\",\"@id\":\"https:\\\/\\\/www.hogo.cc\\\/#website\",\"url\":\"https:\\\/\\\/www.hogo.cc\\\/\",\"name\":\"HOGO\",\"description\":\"Human Resource Management - Voll am Punkt.\",\"publisher\":{\"@id\":\"https:\\\/\\\/www.hogo.cc\\\/#organization\"},\"potentialAction\":[{\"@type\":\"SearchAction\",\"target\":{\"@type\":\"EntryPoint\",\"urlTemplate\":\"https:\\\/\\\/www.hogo.cc\\\/?s={search_term_string}\"},\"query-input\":{\"@type\":\"PropertyValueSpecification\",\"valueRequired\":true,\"valueName\":\"search_term_string\"}}],\"inLanguage\":\"uk\"},{\"@type\":\"Organization\",\"@id\":\"https:\\\/\\\/www.hogo.cc\\\/#organization\",\"name\":\"Hogo\",\"url\":\"https:\\\/\\\/www.hogo.cc\\\/\",\"logo\":{\"@type\":\"ImageObject\",\"inLanguage\":\"uk\",\"@id\":\"https:\\\/\\\/www.hogo.cc\\\/#\\\/schema\\\/logo\\\/image\\\/\",\"url\":\"https:\\\/\\\/www.hogo.cc\\\/wp-content\\\/uploads\\\/2024\\\/11\\\/logo.svg\",\"contentUrl\":\"https:\\\/\\\/www.hogo.cc\\\/wp-content\\\/uploads\\\/2024\\\/11\\\/logo.svg\",\"width\":133,\"height\":92,\"caption\":\"Hogo\"},\"image\":{\"@id\":\"https:\\\/\\\/www.hogo.cc\\\/#\\\/schema\\\/logo\\\/image\\\/\"},\"sameAs\":[\"https:\\\/\\\/www.facebook.com\\\/hogogruppe\"]}]}<\/script>\n<!-- \/ Yoast SEO Premium plugin. -->","yoast_head_json":{"title":"HOGO Urlaubsantrag Schritt f\u00fcr Schritt Anleitung | HOGO Jobs","description":"Der HOGO Urlaubsantrag ist jetzt verf\u00fcgbar. Downloaden Sie ihn und beantragen Sie Ihren Urlaub einfach und schnell.","robots":{"index":"index","follow":"follow","max-snippet":"max-snippet:-1","max-image-preview":"max-image-preview:large","max-video-preview":"max-video-preview:-1"},"canonical":"https:\/\/www.hogo.cc\/ua\/urlaubsantrag\/","og_locale":"uk_UA","og_type":"article","og_title":"Urlaubsantrag","og_description":"Der HOGO Urlaubsantrag ist jetzt verf\u00fcgbar. Downloaden Sie ihn und beantragen Sie Ihren Urlaub einfach und schnell.","og_url":"https:\/\/www.hogo.cc\/ua\/urlaubsantrag\/","og_site_name":"HOGO Jobs","article_publisher":"https:\/\/www.facebook.com\/hogogruppe","article_modified_time":"2025-09-24T07:59:53+00:00","twitter_card":"summary_large_image","twitter_misc":{"\u041f\u0440\u0438\u0431\u043b. \u0447\u0430\u0441 \u0447\u0438\u0442\u0430\u043d\u043d\u044f":"1 \u0445\u0432\u0438\u043b\u0438\u043d\u0430"},"schema":{"@context":"https:\/\/schema.org","@graph":[{"@type":"WebPage","@id":"https:\/\/www.hogo.cc\/urlaubsantrag","url":"https:\/\/www.hogo.cc\/urlaubsantrag","name":"HOGO Urlaubsantrag Schritt f\u00fcr Schritt Anleitung | HOGO Jobs","isPartOf":{"@id":"https:\/\/www.hogo.cc\/#website"},"datePublished":"2024-11-27T16:31:18+00:00","dateModified":"2025-09-24T07:59:53+00:00","description":"Der HOGO Urlaubsantrag ist jetzt verf\u00fcgbar. Downloaden Sie ihn und beantragen Sie Ihren Urlaub einfach und schnell.","breadcrumb":{"@id":"https:\/\/www.hogo.cc\/urlaubsantrag#breadcrumb"},"inLanguage":"uk","potentialAction":[{"@type":"ReadAction","target":["https:\/\/www.hogo.cc\/urlaubsantrag"]}]},{"@type":"BreadcrumbList","@id":"https:\/\/www.hogo.cc\/urlaubsantrag#breadcrumb","itemListElement":[{"@type":"ListItem","position":1,"name":"Startseite","item":"https:\/\/www.hogo.cc\/"},{"@type":"ListItem","position":2,"name":"Urlaubsantrag"}]},{"@type":"WebSite","@id":"https:\/\/www.hogo.cc\/#website","url":"https:\/\/www.hogo.cc\/","name":"HOGO","description":"\u0423\u043f\u0440\u0430\u0432\u043b\u0456\u043d\u043d\u044f \u043b\u044e\u0434\u0441\u044c\u043a\u0438\u043c\u0438 \u0440\u0435\u0441\u0443\u0440\u0441\u0430\u043c\u0438 - \u043f\u0440\u044f\u043c\u043e \u0432 \u0442\u043e\u0447\u043a\u0443.","publisher":{"@id":"https:\/\/www.hogo.cc\/#organization"},"potentialAction":[{"@type":"SearchAction","target":{"@type":"EntryPoint","urlTemplate":"https:\/\/www.hogo.cc\/?s={search_term_string}"},"query-input":{"@type":"PropertyValueSpecification","valueRequired":true,"valueName":"search_term_string"}}],"inLanguage":"uk"},{"@type":"Organization","@id":"https:\/\/www.hogo.cc\/#organization","name":"Hogo","url":"https:\/\/www.hogo.cc\/","logo":{"@type":"ImageObject","inLanguage":"uk","@id":"https:\/\/www.hogo.cc\/#\/schema\/logo\/image\/","url":"https:\/\/www.hogo.cc\/wp-content\/uploads\/2024\/11\/logo.svg","contentUrl":"https:\/\/www.hogo.cc\/wp-content\/uploads\/2024\/11\/logo.svg","width":133,"height":92,"caption":"Hogo"},"image":{"@id":"https:\/\/www.hogo.cc\/#\/schema\/logo\/image\/"},"sameAs":["https:\/\/www.facebook.com\/hogogruppe"]}]}},"_links":{"self":[{"href":"https:\/\/www.hogo.cc\/ua\/wp-json\/wp\/v2\/pages\/1956","targetHints":{"allow":["GET"]}}],"collection":[{"href":"https:\/\/www.hogo.cc\/ua\/wp-json\/wp\/v2\/pages"}],"about":[{"href":"https:\/\/www.hogo.cc\/ua\/wp-json\/wp\/v2\/types\/page"}],"author":[{"embeddable":true,"href":"https:\/\/www.hogo.cc\/ua\/wp-json\/wp\/v2\/users\/1"}],"replies":[{"embeddable":true,"href":"https:\/\/www.hogo.cc\/ua\/wp-json\/wp\/v2\/comments?post=1956"}],"version-history":[{"count":13,"href":"https:\/\/www.hogo.cc\/ua\/wp-json\/wp\/v2\/pages\/1956\/revisions"}],"predecessor-version":[{"id":10363,"href":"https:\/\/www.hogo.cc\/ua\/wp-json\/wp\/v2\/pages\/1956\/revisions\/10363"}],"wp:attachment":[{"href":"https:\/\/www.hogo.cc\/ua\/wp-json\/wp\/v2\/media?parent=1956"}],"curies":[{"name":"wp","href":"https:\/\/api.w.org\/{rel}","templated":true}]}}