{"id":305,"date":"2024-11-17T19:23:30","date_gmt":"2024-11-17T18:23:30","guid":{"rendered":"http:\/\/localhost\/?page_id=305"},"modified":"2025-09-11T06:51:49","modified_gmt":"2025-09-11T04:51:49","slug":"kontakt","status":"publish","type":"page","link":"https:\/\/www.hogo.cc\/sk\/kontakt","title":{"rendered":"Kontaktujte n\u00e1s"},"content":{"rendered":"<div data-elementor-type=\"wp-page\" data-elementor-id=\"305\" class=\"elementor elementor-305\" data-elementor-post-type=\"page\">\n\t\t\t\t<div class=\"elementor-element elementor-element-6b98870 e-flex e-con-boxed e-con e-parent\" data-id=\"6b98870\" data-element_type=\"container\" data-e-type=\"container\" data-settings='{\"background_background\":\"classic\"}'>\n\t\t\t\t\t<div class=\"e-con-inner\">\n\t\t\t\t<div class=\"elementor-element elementor-element-495efbc elementor-widget__width-initial elementor-widget elementor-widget-heading\" data-id=\"495efbc\" data-element_type=\"widget\" data-e-type=\"widget\" data-widget_type=\"heading.default\">\n\t\t\t\t\t<h1 class=\"elementor-heading-title elementor-size-default\">Kontakt<\/h1>\t\t\t\t<\/div>\n\t\t\t\t\t<\/div>\n\t\t\t\t<\/div>\n\t\t<div class=\"elementor-element elementor-element-c8f63a7 e-flex e-con-boxed e-con e-parent\" data-id=\"c8f63a7\" data-element_type=\"container\" data-e-type=\"container\">\n\t\t\t\t\t<div class=\"e-con-inner\">\n\t\t\t\t<div class=\"elementor-element elementor-element-e985c97 elementor-widget elementor-widget-heading\" data-id=\"e985c97\" data-element_type=\"widget\" data-e-type=\"widget\" data-widget_type=\"heading.default\">\n\t\t\t\t\t<h2 class=\"elementor-heading-title elementor-size-default\">HOGO KONTAKT<\/h2>\t\t\t\t<\/div>\n\t\t\t\t<div class=\"elementor-element elementor-element-7f23eeb elementor-widget elementor-widget-text-editor\" data-id=\"7f23eeb\" data-element_type=\"widget\" data-e-type=\"widget\" data-widget_type=\"text-editor.default\">\n\t\t\t\t\t\t\t\t\t<p class=\"text-align-center\" style=\"box-sizing: inherit; margin: 0px 0px 1rem; padding: 0px; line-height: 1.3333; text-rendering: optimizelegibility; text-align: center; background-color: #fefefe;\"><span style=\"box-sizing: inherit; font-weight: bold; line-height: inherit;\">Wir freuen uns auf Ihre Anfragen!<\/span><\/p><p class=\"text-align-center\" style=\"box-sizing: inherit; margin: 0px 0px 1rem; padding: 0px; line-height: 1.3333; text-rendering: optimizelegibility; text-align: center; background-color: #fefefe;\">Unsere Mitarbeiter werden sich umgehend um Ihre Anliegen k&uuml;mmern.<\/p>\t\t\t\t\t\t\t\t<\/div>\n\t\t\t\t\t<\/div>\n\t\t\t\t<\/div>\n\t\t<div class=\"elementor-element elementor-element-d0715c5 e-flex e-con-boxed e-con e-parent\" data-id=\"d0715c5\" data-element_type=\"container\" data-e-type=\"container\">\n\t\t\t\t\t<div class=\"e-con-inner\">\n\t\t<div class=\"elementor-element elementor-element-781f65e e-con-full e-flex e-con e-child\" data-id=\"781f65e\" data-element_type=\"container\" data-e-type=\"container\">\n\t\t\t\t<div class=\"elementor-element elementor-element-cfe50ac elementor-widget elementor-widget-text-editor\" data-id=\"cfe50ac\" data-element_type=\"widget\" data-e-type=\"widget\" data-widget_type=\"text-editor.default\">\n\t\t\t\t\t\t\t\t\t<p><strong>HOGO Holding GmbH<\/strong><br>Wallerer Stra&szlig;e 49<br>4600 Wels<br>&Ouml;sterreich<\/p><p>Telefon: <a href=\"tel:+43%20720%20310%20055\">+43 720 31 00 55<\/a><br>Fax: +43 720 310 055-30<br>E-Mail: <a href=\"mailto:office@hogo.cc\">office@hogo.cc<\/a><\/p>\t\t\t\t\t\t\t\t<\/div>\n\t\t\t\t<div class=\"elementor-element elementor-element-8cc1019 elementor-widget elementor-widget-text-editor\" data-id=\"8cc1019\" data-element_type=\"widget\" data-e-type=\"widget\" data-widget_type=\"text-editor.default\">\n\t\t\t\t\t\t\t\t\t<p><strong>HOGO Jobpoint Wien<\/strong><br>Buchengasse 172<br>1100 Wien<br>&Ouml;sterreich<\/p><p>Telefon: <a href=\"tel:+43720310055\">+43 720 31 00 55<\/a><br>E-Mail: <a href=\"mailto:office@hogo.cc\">office@hogo.cc<\/a><\/p>\t\t\t\t\t\t\t\t<\/div>\n\t\t\t\t<div class=\"elementor-element elementor-element-0dbefb4 elementor-widget elementor-widget-text-editor\" data-id=\"0dbefb4\" data-element_type=\"widget\" data-e-type=\"widget\" data-widget_type=\"text-editor.default\">\n\t\t\t\t\t\t\t\t\t<p><strong>HOGO Jobpoint Gleisdorf<\/strong><br>Gartengasse 15\/5<br>8200 Gleisdorf<br>&Ouml;sterreich<\/p><p>Telefon: <a href=\"tel:+43720310055\">+43 720 31 00 55<\/a><br>E-Mail: <a href=\"mailto:office@hogo.cc\">office@hogo.cc<\/a><\/p>\t\t\t\t\t\t\t\t<\/div>\n\t\t\t\t<div class=\"elementor-element elementor-element-ee1bbd1 elementor-widget elementor-widget-text-editor\" data-id=\"ee1bbd1\" data-element_type=\"widget\" data-e-type=\"widget\" data-widget_type=\"text-editor.default\">\n\t\t\t\t\t\t\t\t\t<p><strong>HOGO Jobpoint Zagreb<\/strong><br>Zapre&scaron;i&#263;ka 2<br>10290 Jablanovec<br>Kroatien<\/p><p>Telefon: <a href=\"tel:+43720310055\">+43 720 31 00 55<\/a><br>E-Mail: <a href=\"mailto:office@hogo.cc\">office@hogo.cc<\/a><\/p>\t\t\t\t\t\t\t\t<\/div>\n\t\t\t\t<div class=\"elementor-element elementor-element-7a108c0 elementor-widget elementor-widget-text-editor\" data-id=\"7a108c0\" data-element_type=\"widget\" data-e-type=\"widget\" data-widget_type=\"text-editor.default\">\n\t\t\t\t\t\t\t\t\t<p><strong>HOGO Jobpoint Gy&ouml;r<\/strong><br>Sz&ouml;vets&eacute;g u. 12<br>Gy&#337;r 9026<br>Ungarn<\/p><p>Telefon: <a href=\"tel:+43720310055\">+43 720 31 00 55<\/a><br>E-Mail: <a href=\"mailto:office@hogo.cc\">office@hogo.cc<\/a><\/p>\t\t\t\t\t\t\t\t<\/div>\n\t\t\t\t<div class=\"elementor-element elementor-element-82eafff elementor-widget elementor-widget-text-editor\" data-id=\"82eafff\" data-element_type=\"widget\" data-e-type=\"widget\" data-widget_type=\"text-editor.default\">\n\t\t\t\t\t\t\t\t\t<p><strong>HOGO DE Solution<\/strong><br>Rottenburger Stra&szlig;e 4<br>84085 Langquaid<br>Deutschland<\/p><p>Telefon: <a href=\"http:\/\/+4994527604104\" data-wplink-url-error=\"true\">+49 9452 760 4104<\/a><br>E-Mail: <a href=\"mailto:office-de@hogo.cc\">office-de@hogo.cc<\/a><\/p>\t\t\t\t\t\t\t\t<\/div>\n\t\t\t\t<\/div>\n\t\t<div class=\"elementor-element elementor-element-0ff9fb7 e-con-full e-flex e-con e-child\" data-id=\"0ff9fb7\" data-element_type=\"container\" data-e-type=\"container\">\n\t\t\t\t<div class=\"elementor-element elementor-element-9a1b6ab elementor-button-align-stretch elementor-widget elementor-widget-form\" data-id=\"9a1b6ab\" data-element_type=\"widget\" data-e-type=\"widget\" data-settings='{\"button_width\":\"20\",\"step_next_label\":\"Next\",\"step_previous_label\":\"Previous\",\"step_type\":\"number_text\",\"step_icon_shape\":\"circle\"}' data-widget_type=\"form.default\">\n\t\t\t\t\t\t\t<form class=\"elementor-form\" method=\"post\" name=\"Kontaktanfrage\" aria-label=\"Kontaktanfrage\">\n\t\t\t<input type=\"hidden\" name=\"post_id\" value=\"305\">\n\t\t\t<input type=\"hidden\" name=\"form_id\" value=\"9a1b6ab\">\n\t\t\t<input type=\"hidden\" name=\"referer_title\" value=\"HOGO Kontakt: Ihre Fragen und unsere Antworten | HOGO Jobs\">\n\n\t\t\t\t\t\t\t<input type=\"hidden\" name=\"queried_id\" value=\"305\">\n\t\t\t\n\t\t\t<div class=\"elementor-form-fields-wrapper elementor-labels-above\">\n\t\t\t\t\t\t\t\t<div class=\"elementor-field-type-text elementor-field-group elementor-column elementor-field-group-name elementor-col-100 elementor-field-required elementor-mark-required\">\n\t\t\t\t\t\t\t\t\t\t\t\t<label for=\"form-field-name\" class=\"elementor-field-label\">\n\t\t\t\t\t\t\t\tIhr Name\t\t\t\t\t\t\t<\/label>\n\t\t\t\t\t\t\t\t\t\t\t\t\t\t<input size=\"1\" type=\"text\" name=\"form_fields[name]\" id=\"form-field-name\" class=\"elementor-field elementor-size-sm  elementor-field-textual\" required=\"required\">\n\t\t\t\t\t\t\t\t\t\t\t<\/div>\n\t\t\t\t\t\t\t\t<div class=\"elementor-field-type-email elementor-field-group elementor-column elementor-field-group-email elementor-col-100 elementor-field-required elementor-mark-required\">\n\t\t\t\t\t\t\t\t\t\t\t\t<label for=\"form-field-email\" class=\"elementor-field-label\">\n\t\t\t\t\t\t\t\tIhre Email-Adresse\t\t\t\t\t\t\t<\/label>\n\t\t\t\t\t\t\t\t\t\t\t\t\t\t<input size=\"1\" type=\"email\" name=\"form_fields[email]\" id=\"form-field-email\" class=\"elementor-field elementor-size-sm  elementor-field-textual\" required=\"required\">\n\t\t\t\t\t\t\t\t\t\t\t<\/div>\n\t\t\t\t\t\t\t\t<div class=\"elementor-field-type-textarea elementor-field-group elementor-column elementor-field-group-message elementor-col-100 elementor-field-required elementor-mark-required\">\n\t\t\t\t\t\t\t\t\t\t\t\t<label for=\"form-field-message\" class=\"elementor-field-label\">\n\t\t\t\t\t\t\t\tIhre Nachricht\t\t\t\t\t\t\t<\/label>\n\t\t\t\t\t\t<textarea class=\"elementor-field-textual elementor-field  elementor-size-sm\" name=\"form_fields[message]\" id=\"form-field-message\" rows=\"4\" required=\"required\"><\/textarea>\t\t\t\t<\/div>\n\t\t\t\t\t\t\t\t<div class=\"elementor-field-type-html elementor-field-group elementor-column elementor-field-group-field_f3576bf elementor-col-100\">\n\t\t\t\t\t<fieldset>\n  <legend>\n    <span>Ihre Einwilligung<\/span>\n  <\/legend>\n  <div>\n    <div>\n      <p>Hiermit willige ich ausdr&uuml;cklich ein, dass meine pers&ouml;nlichen Daten, n&auml;mlich Vorname, Familienname, E-Mail Adresse durch s&auml;mtliche Gesellschaften der HOGO Gruppe (siehe <a href=\"\/datenschutzerklaerung\" target=\"_blank\">Datenschutzerkl&auml;rung<\/a>), im Zuge deren gemeinsamer Datenverarbeitung als Gemeinsam f&uuml;r die Verarbeitung Verantwortliche (Art 26 DSGVO) zum zum Zweck der Angebotslegung, Auftragserf&uuml;llung, Abwicklung einer Serviceleistung oder zur &Uuml;bermittlung von relevanten Materialien verarbeitet werden.<\/p>\n      <p>Ich habe die Datenschutzerkl&auml;rung gelesen, habe diese verstanden und bin mit der darin beschriebenen Datenverarbeitung einverstanden. Die Einwilligung kann jederzeit bei der HOGO GmbH (Wallererstra&szlig;e 49, 4600 Wels, <a href=\"mailto:office@hogo.cc\">office@hogo.cc<\/a>) widerrufen werden. Ich bin davon in Kenntnis, dass durch den Widerruf der Einwilligung die Rechtm&auml;&szlig;igkeit der aufgrund der Einwilligung bis zum Widerruf erfolgten Verarbeitung nicht ber&uuml;hrt wird.<\/p>\n    <\/div>\n    <div class=\"elementor-field-option elementor-mark-required\">\n      <input type=\"checkbox\" id=\"consent_accept\" name=\"consent_accept\" value=\"1\" required=\"required\" aria-required=\"true\">\n      <label for=\"consent_accept\" class=\"elementor-field-label\">Mit dem Klick erteile ich meine Einwilligung<\/label>\n    <\/div>\n    <div class=\"elementor-field-option elementor-mark-required\">\n      <input type=\"checkbox\" id=\"consent_privacy\" name=\"consent_privacy\" value=\"1\" required=\"required\" aria-required=\"true\">\n      <label for=\"consent_privacy\" class=\"elementor-field-label\">Ich habe die Datenschutzerkl&auml;rung gelesen<\/label>\n    <\/div>\n  <\/div>\n<\/fieldset>\t\t\t\t<\/div>\n\t\t\t\t\t\t\t\t<div class=\"elementor-field-type-hcaptcha elementor-field-group elementor-column elementor-field-group-field_b99b4a5 elementor-col-100\">\n\t\t\t\t\t<div class=\"elementor-field\" id=\"form-field-field_b99b4a5\"><div class=\"elementor-hcaptcha\">\t\t<input type=\"hidden\" class=\"hcaptcha-widget-id\" name=\"hcaptcha-widget-id\" value=\"eyJzb3VyY2UiOlsiZWxlbWVudG9yLXByb1wvZWxlbWVudG9yLXByby5waHAiXSwiZm9ybV9pZCI6MH0=-e9c901f9c273d13ed26548a44ecbdb87\">\n\t\t\t\t<h-captcha class=\"h-captcha\" data-sitekey=\"95445cfe-1620-4724-994a-c7bb1d86b8e5\" data-theme=\"light\" data-size=\"normal\" data-auto=\"false\" data-ajax=\"false\" data-force=\"false\">\n\t\t<\/h-captcha>\n\t\t<\/div><\/div>\t\t\t\t<\/div>\n\t\t\t\t\t\t\t\t<div class=\"elementor-field-group elementor-column elementor-field-type-submit elementor-col-20 e-form__buttons\">\n\t\t\t\t\t<button class=\"elementor-button elementor-size-sm\" type=\"submit\">\n\t\t\t\t\t\t<span class=\"elementor-button-content-wrapper\">\n\t\t\t\t\t\t\t\t\t\t\t\t\t\t\t\t\t\t\t\t\t\t<span class=\"elementor-button-text\">Absenden<\/span>\n\t\t\t\t\t\t\t\t\t\t\t\t\t<\/span>\n\t\t\t\t\t<\/button>\n\t\t\t\t<\/div>\n\t\t\t<\/div>\n\t\t<\/form>\n\t\t\t\t\t\t<\/div>\n\t\t\t\t<\/div>\n\t\t\t\t\t<\/div>\n\t\t\t\t<\/div>\n\t\t\t\t<\/div>\n","protected":false},"excerpt":{"rendered":"<p>Kontakt HOGO KONTAKT Wir freuen uns auf Ihre Anfragen! Unsere Mitarbeiter werden sich umgehend um Ihre Anliegen k\u00fcmmern. HOGO Holding GmbHWallerer Stra\u00dfe 494600 Wels\u00d6sterreich Telefon: +43 720 31 00 55Fax: +43 720 310 055-30E-Mail: office@hogo.cc HOGO Jobpoint WienBuchengasse 1721100 Wien\u00d6sterreich Telefon: +43 720 31 00 55E-Mail: office@hogo.cc HOGO Jobpoint GleisdorfGartengasse 15\/58200 Gleisdorf\u00d6sterreich Telefon: +43 720 [&hellip;]<\/p>\n","protected":false},"author":1,"featured_media":0,"parent":0,"menu_order":0,"comment_status":"closed","ping_status":"closed","template":"","meta":{"footnotes":""},"class_list":["post-305","page","type-page","status-publish","hentry"],"yoast_head":"<!-- This site is optimized with the Yoast SEO Premium plugin v27.4 (Yoast SEO v27.4) - https:\/\/yoast.com\/product\/yoast-seo-premium-wordpress\/ -->\n<title>HOGO Kontakt: Ihre Fragen und unsere Antworten | HOGO Jobs<\/title>\n<meta name=\"description\" content=\"Sie haben Fragen? HOGO Kontakt bietet Ihnen schnelle Hilfe durch unser engagiertes Team. Kontaktieren Sie uns.\" \/>\n<meta name=\"robots\" content=\"index, follow, max-snippet:-1, max-image-preview:large, max-video-preview:-1\" \/>\n<link rel=\"canonical\" href=\"https:\/\/www.hogo.cc\/sk\/kontakt\/\" \/>\n<meta property=\"og:locale\" content=\"sk_SK\" \/>\n<meta property=\"og:type\" content=\"article\" \/>\n<meta property=\"og:title\" content=\"Kontakt\" \/>\n<meta property=\"og:description\" content=\"Sie haben Fragen? HOGO Kontakt bietet Ihnen schnelle Hilfe durch unser engagiertes Team. Kontaktieren Sie uns.\" \/>\n<meta property=\"og:url\" content=\"https:\/\/www.hogo.cc\/sk\/kontakt\/\" \/>\n<meta property=\"og:site_name\" content=\"HOGO Jobs\" \/>\n<meta property=\"article:publisher\" content=\"https:\/\/www.facebook.com\/hogogruppe\" \/>\n<meta property=\"article:modified_time\" content=\"2025-09-11T04:51:49+00:00\" \/>\n<meta name=\"twitter:card\" content=\"summary_large_image\" \/>\n<meta name=\"twitter:label1\" content=\"Predpokladan\u00fd \u010das \u010d\u00edtania\" \/>\n\t<meta name=\"twitter:data1\" content=\"2 min\u00faty\" \/>\n<script type=\"application\/ld+json\" class=\"yoast-schema-graph\">{\"@context\":\"https:\\\/\\\/schema.org\",\"@graph\":[{\"@type\":\"WebPage\",\"@id\":\"https:\\\/\\\/www.hogo.cc\\\/kontakt\",\"url\":\"https:\\\/\\\/www.hogo.cc\\\/kontakt\",\"name\":\"HOGO Kontakt: Ihre Fragen und unsere Antworten | HOGO Jobs\",\"isPartOf\":{\"@id\":\"https:\\\/\\\/www.hogo.cc\\\/#website\"},\"datePublished\":\"2024-11-17T18:23:30+00:00\",\"dateModified\":\"2025-09-11T04:51:49+00:00\",\"description\":\"Sie haben Fragen? HOGO Kontakt bietet Ihnen schnelle Hilfe durch unser engagiertes Team. Kontaktieren Sie uns.\",\"breadcrumb\":{\"@id\":\"https:\\\/\\\/www.hogo.cc\\\/kontakt#breadcrumb\"},\"inLanguage\":\"sk-SK\",\"potentialAction\":[{\"@type\":\"ReadAction\",\"target\":[\"https:\\\/\\\/www.hogo.cc\\\/kontakt\"]}]},{\"@type\":\"BreadcrumbList\",\"@id\":\"https:\\\/\\\/www.hogo.cc\\\/kontakt#breadcrumb\",\"itemListElement\":[{\"@type\":\"ListItem\",\"position\":1,\"name\":\"Startseite\",\"item\":\"https:\\\/\\\/www.hogo.cc\\\/\"},{\"@type\":\"ListItem\",\"position\":2,\"name\":\"Kontakt\"}]},{\"@type\":\"WebSite\",\"@id\":\"https:\\\/\\\/www.hogo.cc\\\/#website\",\"url\":\"https:\\\/\\\/www.hogo.cc\\\/\",\"name\":\"HOGO\",\"description\":\"Human Resource Management - Voll am Punkt.\",\"publisher\":{\"@id\":\"https:\\\/\\\/www.hogo.cc\\\/#organization\"},\"potentialAction\":[{\"@type\":\"SearchAction\",\"target\":{\"@type\":\"EntryPoint\",\"urlTemplate\":\"https:\\\/\\\/www.hogo.cc\\\/?s={search_term_string}\"},\"query-input\":{\"@type\":\"PropertyValueSpecification\",\"valueRequired\":true,\"valueName\":\"search_term_string\"}}],\"inLanguage\":\"sk-SK\"},{\"@type\":\"Organization\",\"@id\":\"https:\\\/\\\/www.hogo.cc\\\/#organization\",\"name\":\"Hogo\",\"url\":\"https:\\\/\\\/www.hogo.cc\\\/\",\"logo\":{\"@type\":\"ImageObject\",\"inLanguage\":\"sk-SK\",\"@id\":\"https:\\\/\\\/www.hogo.cc\\\/#\\\/schema\\\/logo\\\/image\\\/\",\"url\":\"https:\\\/\\\/www.hogo.cc\\\/wp-content\\\/uploads\\\/2024\\\/11\\\/logo.svg\",\"contentUrl\":\"https:\\\/\\\/www.hogo.cc\\\/wp-content\\\/uploads\\\/2024\\\/11\\\/logo.svg\",\"width\":133,\"height\":92,\"caption\":\"Hogo\"},\"image\":{\"@id\":\"https:\\\/\\\/www.hogo.cc\\\/#\\\/schema\\\/logo\\\/image\\\/\"},\"sameAs\":[\"https:\\\/\\\/www.facebook.com\\\/hogogruppe\"]}]}<\/script>\n<!-- \/ Yoast SEO Premium plugin. -->","yoast_head_json":{"title":"HOGO Kontakt: Ihre Fragen und unsere Antworten | HOGO Jobs","description":"Sie haben Fragen? HOGO Kontakt bietet Ihnen schnelle Hilfe durch unser engagiertes Team. Kontaktieren Sie uns.","robots":{"index":"index","follow":"follow","max-snippet":"max-snippet:-1","max-image-preview":"max-image-preview:large","max-video-preview":"max-video-preview:-1"},"canonical":"https:\/\/www.hogo.cc\/sk\/kontakt\/","og_locale":"sk_SK","og_type":"article","og_title":"Kontakt","og_description":"Sie haben Fragen? HOGO Kontakt bietet Ihnen schnelle Hilfe durch unser engagiertes Team. Kontaktieren Sie uns.","og_url":"https:\/\/www.hogo.cc\/sk\/kontakt\/","og_site_name":"HOGO Jobs","article_publisher":"https:\/\/www.facebook.com\/hogogruppe","article_modified_time":"2025-09-11T04:51:49+00:00","twitter_card":"summary_large_image","twitter_misc":{"Predpokladan\u00fd \u010das \u010d\u00edtania":"2 min\u00faty"},"schema":{"@context":"https:\/\/schema.org","@graph":[{"@type":"WebPage","@id":"https:\/\/www.hogo.cc\/kontakt","url":"https:\/\/www.hogo.cc\/kontakt","name":"HOGO Kontakt: Ihre Fragen und unsere Antworten | HOGO Jobs","isPartOf":{"@id":"https:\/\/www.hogo.cc\/#website"},"datePublished":"2024-11-17T18:23:30+00:00","dateModified":"2025-09-11T04:51:49+00:00","description":"Sie haben Fragen? HOGO Kontakt bietet Ihnen schnelle Hilfe durch unser engagiertes Team. Kontaktieren Sie uns.","breadcrumb":{"@id":"https:\/\/www.hogo.cc\/kontakt#breadcrumb"},"inLanguage":"sk-SK","potentialAction":[{"@type":"ReadAction","target":["https:\/\/www.hogo.cc\/kontakt"]}]},{"@type":"BreadcrumbList","@id":"https:\/\/www.hogo.cc\/kontakt#breadcrumb","itemListElement":[{"@type":"ListItem","position":1,"name":"Startseite","item":"https:\/\/www.hogo.cc\/"},{"@type":"ListItem","position":2,"name":"Kontakt"}]},{"@type":"WebSite","@id":"https:\/\/www.hogo.cc\/#website","url":"https:\/\/www.hogo.cc\/","name":"HOGO","description":"Riadenie \u013eudsk\u00fdch zdrojov - priamo k veci.","publisher":{"@id":"https:\/\/www.hogo.cc\/#organization"},"potentialAction":[{"@type":"SearchAction","target":{"@type":"EntryPoint","urlTemplate":"https:\/\/www.hogo.cc\/?s={search_term_string}"},"query-input":{"@type":"PropertyValueSpecification","valueRequired":true,"valueName":"search_term_string"}}],"inLanguage":"sk-SK"},{"@type":"Organization","@id":"https:\/\/www.hogo.cc\/#organization","name":"Hogo","url":"https:\/\/www.hogo.cc\/","logo":{"@type":"ImageObject","inLanguage":"sk-SK","@id":"https:\/\/www.hogo.cc\/#\/schema\/logo\/image\/","url":"https:\/\/www.hogo.cc\/wp-content\/uploads\/2024\/11\/logo.svg","contentUrl":"https:\/\/www.hogo.cc\/wp-content\/uploads\/2024\/11\/logo.svg","width":133,"height":92,"caption":"Hogo"},"image":{"@id":"https:\/\/www.hogo.cc\/#\/schema\/logo\/image\/"},"sameAs":["https:\/\/www.facebook.com\/hogogruppe"]}]}},"_links":{"self":[{"href":"https:\/\/www.hogo.cc\/sk\/wp-json\/wp\/v2\/pages\/305","targetHints":{"allow":["GET"]}}],"collection":[{"href":"https:\/\/www.hogo.cc\/sk\/wp-json\/wp\/v2\/pages"}],"about":[{"href":"https:\/\/www.hogo.cc\/sk\/wp-json\/wp\/v2\/types\/page"}],"author":[{"embeddable":true,"href":"https:\/\/www.hogo.cc\/sk\/wp-json\/wp\/v2\/users\/1"}],"replies":[{"embeddable":true,"href":"https:\/\/www.hogo.cc\/sk\/wp-json\/wp\/v2\/comments?post=305"}],"version-history":[{"count":118,"href":"https:\/\/www.hogo.cc\/sk\/wp-json\/wp\/v2\/pages\/305\/revisions"}],"predecessor-version":[{"id":10181,"href":"https:\/\/www.hogo.cc\/sk\/wp-json\/wp\/v2\/pages\/305\/revisions\/10181"}],"wp:attachment":[{"href":"https:\/\/www.hogo.cc\/sk\/wp-json\/wp\/v2\/media?parent=305"}],"curies":[{"name":"wp","href":"https:\/\/api.w.org\/{rel}","templated":true}]}}