{"id":899,"date":"2024-11-24T02:51:26","date_gmt":"2024-11-24T01:51:26","guid":{"rendered":"http:\/\/localhost\/?page_id=899"},"modified":"2025-09-11T07:00:43","modified_gmt":"2025-09-11T05:00:43","slug":"despre-noi","status":"publish","type":"page","link":"https:\/\/www.hogo.cc\/ro\/uber-uns","title":{"rendered":"Despre noi"},"content":{"rendered":"<div data-elementor-type=\"wp-page\" data-elementor-id=\"899\" class=\"elementor elementor-899\" data-elementor-post-type=\"page\">\n\t\t\t\t<div class=\"elementor-element elementor-element-d487289 e-con-full e-flex e-con e-parent\" data-id=\"d487289\" data-element_type=\"container\" data-e-type=\"container\" data-settings=\"{&quot;background_background&quot;:&quot;classic&quot;}\">\n\t\t<div class=\"elementor-element elementor-element-f9912b0 e-flex e-con-boxed e-con e-child\" data-id=\"f9912b0\" data-element_type=\"container\" data-e-type=\"container\">\n\t\t\t\t\t<div class=\"e-con-inner\">\n\t\t<div class=\"elementor-element elementor-element-5d28722 e-con-full e-flex e-con e-child\" data-id=\"5d28722\" data-element_type=\"container\" data-e-type=\"container\" data-settings=\"{&quot;background_background&quot;:&quot;classic&quot;}\">\n\t\t\t\t<div class=\"elementor-element elementor-element-fd47d8e elementor-widget__width-initial elementor-widget elementor-widget-heading\" data-id=\"fd47d8e\" data-element_type=\"widget\" data-e-type=\"widget\" data-widget_type=\"heading.default\">\n\t\t\t\t\t<h1 class=\"elementor-heading-title elementor-size-default\">MANAGEMENTUL RESURSELOR UMANE - EXACT LA \u021aINT\u0102!<\/h1>\t\t\t\t<\/div>\n\t\t\t\t<div class=\"elementor-element elementor-element-f0e00ea elementor-widget__width-initial elementor-widget elementor-widget-heading\" data-id=\"f0e00ea\" data-element_type=\"widget\" data-e-type=\"widget\" data-widget_type=\"heading.default\">\n\t\t\t\t\t<h2 class=\"elementor-heading-title elementor-size-default\">Al\u0103tura\u021bi-v\u0103 afacerii noastre de familie \u0219i experimenta\u021bi o echip\u0103 motivat\u0103, apreciativ\u0103 \u0219i plin\u0103 de joie de vivre.\n<\/h2>\t\t\t\t<\/div>\n\t\t\t\t<\/div>\n\t\t\t\t\t<\/div>\n\t\t\t\t<\/div>\n\t\t\t\t<\/div>\n\t\t<div class=\"elementor-element elementor-element-e46b6da e-flex e-con-boxed e-con e-parent\" data-id=\"e46b6da\" data-element_type=\"container\" data-e-type=\"container\">\n\t\t\t\t\t<div class=\"e-con-inner\">\n\t\t<div class=\"elementor-element elementor-element-dd8f999 e-con-full e-flex e-con e-child\" data-id=\"dd8f999\" data-element_type=\"container\" data-e-type=\"container\">\n\t\t\t\t<div class=\"elementor-element elementor-element-3bb8062 elementor-widget elementor-widget-image\" data-id=\"3bb8062\" data-element_type=\"widget\" data-e-type=\"widget\" data-image=\"cover\" data-widget_type=\"image.default\">\n\t\t\t\t\t\t\t\t\t\t\t\t\t\t\t<img fetchpriority=\"high\" decoding=\"async\" width=\"2560\" height=\"1707\" src=\"https:\/\/www.hogo.cc\/wp-content\/uploads\/2025\/02\/DSC_0371-bearb-scaled.jpg\" class=\"attachment-full size-full wp-image-3859\" alt=\"HOGO Despre noi\" srcset=\"https:\/\/www.hogo.cc\/wp-content\/uploads\/2025\/02\/DSC_0371-bearb-scaled.jpg 2560w, https:\/\/www.hogo.cc\/wp-content\/uploads\/2025\/02\/DSC_0371-bearb-300x200.jpg 300w, https:\/\/www.hogo.cc\/wp-content\/uploads\/2025\/02\/DSC_0371-bearb-1024x683.jpg 1024w, https:\/\/www.hogo.cc\/wp-content\/uploads\/2025\/02\/DSC_0371-bearb-768x512.jpg 768w, https:\/\/www.hogo.cc\/wp-content\/uploads\/2025\/02\/DSC_0371-bearb-1536x1024.jpg 1536w, https:\/\/www.hogo.cc\/wp-content\/uploads\/2025\/02\/DSC_0371-bearb-2048x1365.jpg 2048w, https:\/\/www.hogo.cc\/wp-content\/uploads\/2025\/02\/DSC_0371-bearb-18x12.jpg 18w\" sizes=\"(max-width: 2560px) 100vw, 2560px\" \/>\t\t\t\t\t\t\t\t\t\t\t\t\t\t\t<\/div>\n\t\t\t\t<\/div>\n\t\t<div class=\"elementor-element elementor-element-2b680e2 e-con-full e-flex e-con e-child\" data-id=\"2b680e2\" data-element_type=\"container\" data-e-type=\"container\">\n\t\t<div class=\"elementor-element elementor-element-8b1d7ce e-con-full e-transform e-flex e-con e-child\" data-id=\"8b1d7ce\" data-element_type=\"container\" data-e-type=\"container\" data-settings=\"{&quot;background_background&quot;:&quot;classic&quot;,&quot;_transform_translateX_effect&quot;:{&quot;unit&quot;:&quot;px&quot;,&quot;size&quot;:-60,&quot;sizes&quot;:[]},&quot;_transform_translateX_effect_mobile&quot;:{&quot;unit&quot;:&quot;px&quot;,&quot;size&quot;:0,&quot;sizes&quot;:[]},&quot;_transform_translateX_effect_tablet&quot;:{&quot;unit&quot;:&quot;px&quot;,&quot;size&quot;:&quot;&quot;,&quot;sizes&quot;:[]},&quot;_transform_translateY_effect&quot;:{&quot;unit&quot;:&quot;px&quot;,&quot;size&quot;:&quot;&quot;,&quot;sizes&quot;:[]},&quot;_transform_translateY_effect_tablet&quot;:{&quot;unit&quot;:&quot;px&quot;,&quot;size&quot;:&quot;&quot;,&quot;sizes&quot;:[]},&quot;_transform_translateY_effect_mobile&quot;:{&quot;unit&quot;:&quot;px&quot;,&quot;size&quot;:&quot;&quot;,&quot;sizes&quot;:[]}}\">\n\t\t\t\t<div class=\"elementor-element elementor-element-1adffef elementor-widget elementor-widget-heading\" data-id=\"1adffef\" data-element_type=\"widget\" data-e-type=\"widget\" data-widget_type=\"heading.default\">\n\t\t\t\t\t<h3 class=\"elementor-heading-title elementor-size-default\"><strong>Leasing de personal<\/strong><br>de la HOGO<\/h3>\t\t\t\t<\/div>\n\t\t\t\t<div class=\"elementor-element elementor-element-ff41800 elementor-widget__width-initial elementor-widget elementor-widget-spacer\" data-id=\"ff41800\" data-element_type=\"widget\" data-e-type=\"widget\" data-widget_type=\"spacer.default\">\n\t\t\t\t\t\t\t<div class=\"elementor-spacer\">\n\t\t\t<div class=\"elementor-spacer-inner\"><\/div>\n\t\t<\/div>\n\t\t\t\t\t\t<\/div>\n\t\t\t\t<div class=\"elementor-element elementor-element-5139850 elementor-widget elementor-widget-text-editor\" data-id=\"5139850\" data-element_type=\"widget\" data-e-type=\"widget\" data-widget_type=\"text-editor.default\">\n\t\t\t\t\t\t\t\t\t<p>Suntem partenerul dumneavoastr\u0103 de \u00eencredere pentru \u00eenchirierea de personal \u0219i furnizarea de lucr\u0103tori temporari pentru toate industriile, precum \u0219i pentru proiecte private de construc\u021bii \u0219i renov\u0103ri. Dezvoltarea angaja\u021bilor este o prioritate absolut\u0103 pentru noi - prin sprijin intensiv, programe de formare \u0219i perfec\u021bionare profesional\u0103, ne men\u021binem angaja\u021bii mereu la zi.<\/p><p>Contactul personal cu clien\u021bii no\u0219tri este \u00eentotdeauna prioritatea noastr\u0103 principal\u0103! <a href=\"https:\/\/www.hogo.cc\/ro\/contact\/\" data-wplink-url-error=\"true\"><strong>Lua\u021bi leg\u0103tura cu noi<\/strong><\/a> - Consultantul dumneavoastr\u0103 personal HOGO v\u0103 va contacta imediat \u0219i se va ocupa de problemele dumneavoastr\u0103.<\/p>\t\t\t\t\t\t\t\t<\/div>\n\t\t\t\t<\/div>\n\t\t\t\t<\/div>\n\t\t\t\t\t<\/div>\n\t\t\t\t<\/div>\n\t\t<div class=\"elementor-element elementor-element-4a7dbd1 e-flex e-con-boxed e-con e-parent\" data-id=\"4a7dbd1\" data-element_type=\"container\" data-e-type=\"container\">\n\t\t\t\t\t<div class=\"e-con-inner\">\n\t\t<div class=\"elementor-element elementor-element-604c43e e-con-full e-flex e-con e-child\" data-id=\"604c43e\" data-element_type=\"container\" data-e-type=\"container\">\n\t\t<div class=\"elementor-element elementor-element-c024a6a e-con-full e-flex e-con e-child\" data-id=\"c024a6a\" data-element_type=\"container\" data-e-type=\"container\">\n\t\t\t\t<div class=\"elementor-element elementor-element-82cecf6 elementor-widget elementor-widget-text-editor\" data-id=\"82cecf6\" data-element_type=\"widget\" data-e-type=\"widget\" data-widget_type=\"text-editor.default\">\n\t\t\t\t\t\t\t\t\t<p>Pove\u0219tile de succes \u00eencep adesea \u00eentr-un garaj mic... \u0219i exact a\u0219a a \u00eenceput povestea HOGO. Acum mai bine de 16 ani, prima piatr\u0103 de hotar a fost pus\u0103 \u00een garajul p\u0103rin\u021bilor lui Rudolf \u0219i Stephan Holzleitner. Stephan s-a \u00eentors dintr-o misiune \u00eendelungat\u0103 \u00een str\u0103in\u0103tate \u0219i a \u00eenceput s\u0103 \u00ee\u0219i \u00eenchirieze propriul echipament c\u0103tre companii. O idee a dus la alta \u0219i cei trei directori au \u00eenceput s\u0103 plaseze \u0219i alte persoane aflate \u00een c\u0103utarea unui loc de munc\u0103. Ideea vizionar\u0103 a fost s\u0103 se disting\u0103 de nenum\u0103ra\u021bii concuren\u021bi de pe pia\u021ba recrut\u0103rii prin vitez\u0103 extrem\u0103, dinamism ridicat, umanitate \u0219i expertiz\u0103. Acest obiectiv a fost atins rapid. Dup\u0103 doar c\u00e2\u021biva ani, Grupul HOGO a devenit una dintre cele mai importante companii de resurse umane din regiune.<\/p><p>Gama de servicii<\/p><p>- Consiliere personalizat\u0103 pentru probleme individuale<br \/>- Procesarea rapid\u0103 \u0219i competent\u0103 a tuturor comenzilor<br \/>- Personal calificat \u00eentr-o gam\u0103 larg\u0103 de domenii<br \/>- Asisten\u021b\u0103 personal\u0103 cuprinz\u0103toare ca parte a rela\u021biei cu clientul<br \/>- Recrutarea \u00een timp util a personalului necesar<br \/>- Securitate ridicat\u0103 a aprovizion\u0103rii datorit\u0103 unei rezerve mari de personal<\/p>\t\t\t\t\t\t\t\t<\/div>\n\t\t\t\t<\/div>\n\t\t<div class=\"elementor-element elementor-element-40ebfd8 e-con-full e-flex e-con e-child\" data-id=\"40ebfd8\" data-element_type=\"container\" data-e-type=\"container\">\n\t\t\t\t<div class=\"elementor-element elementor-element-e44caab elementor-widget elementor-widget-text-editor\" data-id=\"e44caab\" data-element_type=\"widget\" data-e-type=\"widget\" data-widget_type=\"text-editor.default\">\n\t\t\t\t\t\t\t\t\t<p>Comunic\u0103m cu clien\u021bii no\u0219tri de la egal la egal \u0219i ne str\u0103duim s\u0103 oferim cele mai bune servicii posibile pentru nevoile lor individuale, care sunt aproape \u00eentotdeauna corecte.<\/p><p>Iar povestea de cre\u0219tere a HOGO continu\u0103 \u00een ritm alert. Din ce \u00een ce mai multe companii de renume se bazeaz\u0103 pe gama cuprinz\u0103toare de servicii \u0219i se bucur\u0103 de nivelul ridicat de securitate care rezult\u0103 din colaborarea cu noi.<\/p>\t\t\t\t\t\t\t\t<\/div>\n\t\t\t\t<\/div>\n\t\t\t\t<\/div>\n\t\t<div class=\"elementor-element elementor-element-228e241 e-con-full e-flex e-con e-child\" data-id=\"228e241\" data-element_type=\"container\" data-e-type=\"container\">\n\t\t\t\t<div class=\"elementor-element elementor-element-3170419 elementor-blockquote--skin-quotation elementor-widget elementor-widget-blockquote\" data-id=\"3170419\" data-element_type=\"widget\" data-e-type=\"widget\" data-widget_type=\"blockquote.default\">\n\t\t\t\t\t\t\t<blockquote class=\"elementor-blockquote\">\n\t\t\t<p class=\"elementor-blockquote__content\">\n\t\t\t\tExpertiza \u0219i omenia sunt priorit\u0103\u021bile noastre principale. \u00cen acela\u0219i timp, ne str\u0103duim s\u0103 oferim cele mai bune servicii posibile pentru nevoi foarte individuale, care sunt aproape \u00eentotdeauna pe m\u0103sur\u0103.\t\t\t<\/p>\n\t\t\t\t\t<\/blockquote>\n\t\t\t\t\t\t<\/div>\n\t\t\t\t<\/div>\n\t\t\t\t\t<\/div>\n\t\t\t\t<\/div>\n\t\t<div class=\"elementor-element elementor-element-0d8e335 e-flex e-con-boxed e-con e-parent\" data-id=\"0d8e335\" data-element_type=\"container\" data-e-type=\"container\">\n\t\t\t\t\t<div class=\"e-con-inner\">\n\t\t\t\t<div class=\"elementor-element elementor-element-c0d62ee elementor-cta--skin-classic elementor-animated-content elementor-bg-transform elementor-bg-transform-zoom-in elementor-widget elementor-widget-call-to-action\" data-id=\"c0d62ee\" data-element_type=\"widget\" data-e-type=\"widget\" data-widget_type=\"call-to-action.default\">\n\t\t\t\t\t\t\t<div class=\"elementor-cta\">\n\t\t\t\t\t<div class=\"elementor-cta__bg-wrapper\">\n\t\t\t\t<div class=\"elementor-cta__bg elementor-bg\" style=\"background-image: url(https:\/\/www.hogo.cc\/wp-content\/uploads\/2025\/02\/Deine-Chance-Dein-Job-scaled.jpg);\" role=\"img\" aria-label=\"\u0218ansa ta Slujba ta\"><\/div>\n\t\t\t\t<div class=\"elementor-cta__bg-overlay\"><\/div>\n\t\t\t<\/div>\n\t\t\t\t\t\t\t<div class=\"elementor-cta__content\">\n\t\t\t\t\n\t\t\t\t\t\t\t\t\t<h2 class=\"elementor-cta__title elementor-cta__content-item elementor-content-item\">\n\t\t\t\t\t\t\u00cencepe\u021bi-v\u0103 cariera acum.\t\t\t\t\t<\/h2>\n\t\t\t\t\n\t\t\t\t\t\t\t\t\t<div class=\"elementor-cta__description elementor-cta__content-item elementor-content-item\">\n\t\t\t\t\t\tAplica\u021bi acum \u0219i deveni\u021bi parte din familia HOGO.\t\t\t\t\t<\/div>\n\t\t\t\t\n\t\t\t\t\t\t\t\t\t<div class=\"elementor-cta__button-wrapper elementor-cta__content-item elementor-content-item\">\n\t\t\t\t\t<a class=\"elementor-cta__button elementor-button elementor-size-\" href=\"https:\/\/www.hogo.cc\/ro\/cerere-de-angajare\/\">\n\t\t\t\t\t\tCerere nesolicitat\u0103\t\t\t\t\t<\/a>\n\t\t\t\t\t<\/div>\n\t\t\t\t\t\t\t<\/div>\n\t\t\t\t\t\t<\/div>\n\t\t\t\t\t\t<\/div>\n\t\t\t\t\t<\/div>\n\t\t\t\t<\/div>\n\t\t\t\t<\/div>","protected":false},"excerpt":{"rendered":"<p>HUMAN RESOURCE MANAGEMENT &#8211; VOLL AM PUNKT! Tritt unserem Familienunternehmen bei und erlebe ein Team, das motiviert, wertsch\u00e4tzend und voller Lebensfreude ist. Personalleasingvon HOGO Wir sind Ihr zuverl\u00e4ssiger Partner f\u00fcr Personalleasing und die Bereitstellung von Zeitarbeitern f\u00fcr alle Branchen sowie private Bau- und Sanierungsprojekte. Mitarbeiterentwicklung wird bei uns gro\u00dfgeschrieben \u2013 durch intensive Betreuung, Schulungen und [&hellip;]<\/p>\n","protected":false},"author":1,"featured_media":0,"parent":0,"menu_order":0,"comment_status":"closed","ping_status":"closed","template":"","meta":{"footnotes":""},"class_list":["post-899","page","type-page","status-publish","hentry"],"yoast_head":"<!-- This site is optimized with the Yoast SEO Premium plugin v27.5 (Yoast SEO v27.5) - https:\/\/yoast.com\/product\/yoast-seo-premium-wordpress\/ -->\n<title>HOGO \u00dcber uns: Wir bringen Menschen und Jobs zusammen | HOGO Jobs<\/title>\n<meta name=\"description\" content=\"Willkommen bei HOGO, Ihrem Partner f\u00fcr Personalleasing und Personalbereitstellung mit \u00fcber 2000 qualifizierten Mitarbeitern.\" \/>\n<meta name=\"robots\" content=\"index, follow, max-snippet:-1, max-image-preview:large, max-video-preview:-1\" \/>\n<link rel=\"canonical\" href=\"https:\/\/www.hogo.cc\/ro\/despre-noi\/\" \/>\n<meta property=\"og:locale\" content=\"ro_RO\" \/>\n<meta property=\"og:type\" content=\"article\" \/>\n<meta property=\"og:title\" content=\"\u00dcber uns\" \/>\n<meta property=\"og:description\" content=\"Willkommen bei HOGO, Ihrem Partner f\u00fcr Personalleasing und Personalbereitstellung mit \u00fcber 2000 qualifizierten Mitarbeitern.\" \/>\n<meta property=\"og:url\" content=\"https:\/\/www.hogo.cc\/ro\/despre-noi\/\" \/>\n<meta property=\"og:site_name\" content=\"HOGO Jobs\" \/>\n<meta property=\"article:publisher\" content=\"https:\/\/www.facebook.com\/hogogruppe\" \/>\n<meta property=\"article:modified_time\" content=\"2025-09-11T05:00:43+00:00\" \/>\n<meta property=\"og:image\" content=\"http:\/\/www.hogo.cc\/wp-content\/uploads\/2025\/02\/DSC_0371-bearb-scaled.jpg\" \/>\n<meta name=\"twitter:card\" content=\"summary_large_image\" \/>\n<meta name=\"twitter:label1\" content=\"Timp estimat pentru citire\" \/>\n\t<meta name=\"twitter:data1\" content=\"2 minute\" \/>\n<script type=\"application\/ld+json\" class=\"yoast-schema-graph\">{\"@context\":\"https:\\\/\\\/schema.org\",\"@graph\":[{\"@type\":\"WebPage\",\"@id\":\"https:\\\/\\\/www.hogo.cc\\\/uber-uns\",\"url\":\"https:\\\/\\\/www.hogo.cc\\\/uber-uns\",\"name\":\"HOGO \u00dcber uns: Wir bringen Menschen und Jobs zusammen | HOGO Jobs\",\"isPartOf\":{\"@id\":\"https:\\\/\\\/www.hogo.cc\\\/#website\"},\"primaryImageOfPage\":{\"@id\":\"https:\\\/\\\/www.hogo.cc\\\/uber-uns#primaryimage\"},\"image\":{\"@id\":\"https:\\\/\\\/www.hogo.cc\\\/uber-uns#primaryimage\"},\"thumbnailUrl\":\"http:\\\/\\\/www.hogo.cc\\\/wp-content\\\/uploads\\\/2025\\\/02\\\/DSC_0371-bearb-scaled.jpg\",\"datePublished\":\"2024-11-24T01:51:26+00:00\",\"dateModified\":\"2025-09-11T05:00:43+00:00\",\"description\":\"Willkommen bei HOGO, Ihrem Partner f\u00fcr Personalleasing und Personalbereitstellung mit \u00fcber 2000 qualifizierten Mitarbeitern.\",\"breadcrumb\":{\"@id\":\"https:\\\/\\\/www.hogo.cc\\\/uber-uns#breadcrumb\"},\"inLanguage\":\"ro-RO\",\"potentialAction\":[{\"@type\":\"ReadAction\",\"target\":[\"https:\\\/\\\/www.hogo.cc\\\/uber-uns\"]}]},{\"@type\":\"ImageObject\",\"inLanguage\":\"ro-RO\",\"@id\":\"https:\\\/\\\/www.hogo.cc\\\/uber-uns#primaryimage\",\"url\":\"http:\\\/\\\/www.hogo.cc\\\/wp-content\\\/uploads\\\/2025\\\/02\\\/DSC_0371-bearb-scaled.jpg\",\"contentUrl\":\"http:\\\/\\\/www.hogo.cc\\\/wp-content\\\/uploads\\\/2025\\\/02\\\/DSC_0371-bearb-scaled.jpg\"},{\"@type\":\"BreadcrumbList\",\"@id\":\"https:\\\/\\\/www.hogo.cc\\\/uber-uns#breadcrumb\",\"itemListElement\":[{\"@type\":\"ListItem\",\"position\":1,\"name\":\"Startseite\",\"item\":\"https:\\\/\\\/www.hogo.cc\\\/\"},{\"@type\":\"ListItem\",\"position\":2,\"name\":\"\u00dcber uns\"}]},{\"@type\":\"WebSite\",\"@id\":\"https:\\\/\\\/www.hogo.cc\\\/#website\",\"url\":\"https:\\\/\\\/www.hogo.cc\\\/\",\"name\":\"HOGO\",\"description\":\"Human Resource Management - Voll am Punkt.\",\"publisher\":{\"@id\":\"https:\\\/\\\/www.hogo.cc\\\/#organization\"},\"potentialAction\":[{\"@type\":\"SearchAction\",\"target\":{\"@type\":\"EntryPoint\",\"urlTemplate\":\"https:\\\/\\\/www.hogo.cc\\\/?s={search_term_string}\"},\"query-input\":{\"@type\":\"PropertyValueSpecification\",\"valueRequired\":true,\"valueName\":\"search_term_string\"}}],\"inLanguage\":\"ro-RO\"},{\"@type\":\"Organization\",\"@id\":\"https:\\\/\\\/www.hogo.cc\\\/#organization\",\"name\":\"Hogo\",\"url\":\"https:\\\/\\\/www.hogo.cc\\\/\",\"logo\":{\"@type\":\"ImageObject\",\"inLanguage\":\"ro-RO\",\"@id\":\"https:\\\/\\\/www.hogo.cc\\\/#\\\/schema\\\/logo\\\/image\\\/\",\"url\":\"https:\\\/\\\/www.hogo.cc\\\/wp-content\\\/uploads\\\/2024\\\/11\\\/logo.svg\",\"contentUrl\":\"https:\\\/\\\/www.hogo.cc\\\/wp-content\\\/uploads\\\/2024\\\/11\\\/logo.svg\",\"width\":133,\"height\":92,\"caption\":\"Hogo\"},\"image\":{\"@id\":\"https:\\\/\\\/www.hogo.cc\\\/#\\\/schema\\\/logo\\\/image\\\/\"},\"sameAs\":[\"https:\\\/\\\/www.facebook.com\\\/hogogruppe\"]}]}<\/script>\n<!-- \/ Yoast SEO Premium plugin. -->","yoast_head_json":{"title":"HOGO Despre noi: Facem leg\u0103tura \u00eentre oameni \u0219i locuri de munc\u0103 | Locuri de munc\u0103 HOGO","description":"Bine a\u021bi venit la HOGO, partenerul dumneavoastr\u0103 \u00een domeniul \u00eenchirierii de personal \u0219i al furniz\u0103rii de personal, cu peste 2000 de angaja\u021bi califica\u021bi.","robots":{"index":"index","follow":"follow","max-snippet":"max-snippet:-1","max-image-preview":"max-image-preview:large","max-video-preview":"max-video-preview:-1"},"canonical":"https:\/\/www.hogo.cc\/ro\/despre-noi\/","og_locale":"ro_RO","og_type":"article","og_title":"\u00dcber uns","og_description":"Willkommen bei HOGO, Ihrem Partner f\u00fcr Personalleasing und Personalbereitstellung mit \u00fcber 2000 qualifizierten Mitarbeitern.","og_url":"https:\/\/www.hogo.cc\/ro\/despre-noi\/","og_site_name":"HOGO Jobs","article_publisher":"https:\/\/www.facebook.com\/hogogruppe","article_modified_time":"2025-09-11T05:00:43+00:00","og_image":[{"url":"http:\/\/www.hogo.cc\/wp-content\/uploads\/2025\/02\/DSC_0371-bearb-scaled.jpg","type":"","width":"","height":""}],"twitter_card":"summary_large_image","twitter_misc":{"Timp estimat pentru citire":"2 minute"},"schema":{"@context":"https:\/\/schema.org","@graph":[{"@type":"WebPage","@id":"https:\/\/www.hogo.cc\/uber-uns","url":"https:\/\/www.hogo.cc\/uber-uns","name":"HOGO Despre noi: Facem leg\u0103tura \u00eentre oameni \u0219i locuri de munc\u0103 | Locuri de munc\u0103 HOGO","isPartOf":{"@id":"https:\/\/www.hogo.cc\/#website"},"primaryImageOfPage":{"@id":"https:\/\/www.hogo.cc\/uber-uns#primaryimage"},"image":{"@id":"https:\/\/www.hogo.cc\/uber-uns#primaryimage"},"thumbnailUrl":"http:\/\/www.hogo.cc\/wp-content\/uploads\/2025\/02\/DSC_0371-bearb-scaled.jpg","datePublished":"2024-11-24T01:51:26+00:00","dateModified":"2025-09-11T05:00:43+00:00","description":"Bine a\u021bi venit la HOGO, partenerul dumneavoastr\u0103 \u00een domeniul \u00eenchirierii de personal \u0219i al furniz\u0103rii de personal, cu peste 2000 de angaja\u021bi califica\u021bi.","breadcrumb":{"@id":"https:\/\/www.hogo.cc\/uber-uns#breadcrumb"},"inLanguage":"ro-RO","potentialAction":[{"@type":"ReadAction","target":["https:\/\/www.hogo.cc\/uber-uns"]}]},{"@type":"ImageObject","inLanguage":"ro-RO","@id":"https:\/\/www.hogo.cc\/uber-uns#primaryimage","url":"http:\/\/www.hogo.cc\/wp-content\/uploads\/2025\/02\/DSC_0371-bearb-scaled.jpg","contentUrl":"http:\/\/www.hogo.cc\/wp-content\/uploads\/2025\/02\/DSC_0371-bearb-scaled.jpg"},{"@type":"BreadcrumbList","@id":"https:\/\/www.hogo.cc\/uber-uns#breadcrumb","itemListElement":[{"@type":"ListItem","position":1,"name":"Startseite","item":"https:\/\/www.hogo.cc\/"},{"@type":"ListItem","position":2,"name":"\u00dcber uns"}]},{"@type":"WebSite","@id":"https:\/\/www.hogo.cc\/#website","url":"https:\/\/www.hogo.cc\/","name":"HOGO","description":"Managementul resurselor umane \u2013 La obiect.","publisher":{"@id":"https:\/\/www.hogo.cc\/#organization"},"potentialAction":[{"@type":"SearchAction","target":{"@type":"EntryPoint","urlTemplate":"https:\/\/www.hogo.cc\/?s={search_term_string}"},"query-input":{"@type":"PropertyValueSpecification","valueRequired":true,"valueName":"search_term_string"}}],"inLanguage":"ro-RO"},{"@type":"Organization","@id":"https:\/\/www.hogo.cc\/#organization","name":"Hogo","url":"https:\/\/www.hogo.cc\/","logo":{"@type":"ImageObject","inLanguage":"ro-RO","@id":"https:\/\/www.hogo.cc\/#\/schema\/logo\/image\/","url":"https:\/\/www.hogo.cc\/wp-content\/uploads\/2024\/11\/logo.svg","contentUrl":"https:\/\/www.hogo.cc\/wp-content\/uploads\/2024\/11\/logo.svg","width":133,"height":92,"caption":"Hogo"},"image":{"@id":"https:\/\/www.hogo.cc\/#\/schema\/logo\/image\/"},"sameAs":["https:\/\/www.facebook.com\/hogogruppe"]}]}},"_links":{"self":[{"href":"https:\/\/www.hogo.cc\/ro\/wp-json\/wp\/v2\/pages\/899","targetHints":{"allow":["GET"]}}],"collection":[{"href":"https:\/\/www.hogo.cc\/ro\/wp-json\/wp\/v2\/pages"}],"about":[{"href":"https:\/\/www.hogo.cc\/ro\/wp-json\/wp\/v2\/types\/page"}],"author":[{"embeddable":true,"href":"https:\/\/www.hogo.cc\/ro\/wp-json\/wp\/v2\/users\/1"}],"replies":[{"embeddable":true,"href":"https:\/\/www.hogo.cc\/ro\/wp-json\/wp\/v2\/comments?post=899"}],"version-history":[{"count":202,"href":"https:\/\/www.hogo.cc\/ro\/wp-json\/wp\/v2\/pages\/899\/revisions"}],"predecessor-version":[{"id":10187,"href":"https:\/\/www.hogo.cc\/ro\/wp-json\/wp\/v2\/pages\/899\/revisions\/10187"}],"wp:attachment":[{"href":"https:\/\/www.hogo.cc\/ro\/wp-json\/wp\/v2\/media?parent=899"}],"curies":[{"name":"wp","href":"https:\/\/api.w.org\/{rel}","templated":true}]}}