{"id":6222,"date":"2025-03-31T10:45:24","date_gmt":"2025-03-31T08:45:24","guid":{"rendered":"https:\/\/www.hogo.cc\/?page_id=6222"},"modified":"2025-09-11T07:20:41","modified_gmt":"2025-09-11T05:20:41","slug":"philosophie","status":"publish","type":"page","link":"https:\/\/www.hogo.cc\/ro\/philosophie","title":{"rendered":"Filosofie"},"content":{"rendered":"<div data-elementor-type=\"wp-page\" data-elementor-id=\"6222\" class=\"elementor elementor-6222\" data-elementor-post-type=\"page\">\n\t\t\t\t<div class=\"elementor-element elementor-element-b72c8f5 e-flex e-con-boxed e-con e-parent\" data-id=\"b72c8f5\" data-element_type=\"container\" data-e-type=\"container\">\n\t\t\t\t\t<div class=\"e-con-inner\">\n\t\t\t\t<div class=\"elementor-element elementor-element-95bcad6 elementor-widget__width-initial elementor-widget elementor-widget-image\" data-id=\"95bcad6\" data-element_type=\"widget\" data-e-type=\"widget\" data-widget_type=\"image.default\">\n\t\t\t\t\t\t\t\t\t\t\t\t\t\t\t<img fetchpriority=\"high\" decoding=\"async\" width=\"2560\" height=\"1707\" src=\"https:\/\/www.hogo.cc\/wp-content\/uploads\/2025\/03\/DSC_0433-bearb-scaled.jpg\" class=\"attachment-full size-full wp-image-6227\" alt=\"HOGO Philosophie\" srcset=\"https:\/\/www.hogo.cc\/wp-content\/uploads\/2025\/03\/DSC_0433-bearb-scaled.jpg 2560w, https:\/\/www.hogo.cc\/wp-content\/uploads\/2025\/03\/DSC_0433-bearb-300x200.jpg 300w, https:\/\/www.hogo.cc\/wp-content\/uploads\/2025\/03\/DSC_0433-bearb-1024x683.jpg 1024w, https:\/\/www.hogo.cc\/wp-content\/uploads\/2025\/03\/DSC_0433-bearb-768x512.jpg 768w, https:\/\/www.hogo.cc\/wp-content\/uploads\/2025\/03\/DSC_0433-bearb-1536x1024.jpg 1536w, https:\/\/www.hogo.cc\/wp-content\/uploads\/2025\/03\/DSC_0433-bearb-2048x1366.jpg 2048w, https:\/\/www.hogo.cc\/wp-content\/uploads\/2025\/03\/DSC_0433-bearb-18x12.jpg 18w\" sizes=\"(max-width: 2560px) 100vw, 2560px\" \/>\t\t\t\t\t\t\t\t\t\t\t\t\t\t\t<\/div>\n\t\t\t\t<div class=\"elementor-element elementor-element-edadde8 elementor-widget elementor-widget-heading\" data-id=\"edadde8\" data-element_type=\"widget\" data-e-type=\"widget\" data-widget_type=\"heading.default\">\n\t\t\t\t\t<h1 class=\"elementor-heading-title elementor-size-default\">Filozofia HOGO<\/h1>\t\t\t\t<\/div>\n\t\t\t\t<div class=\"elementor-element elementor-element-4e6886d elementor-widget elementor-widget-heading\" data-id=\"4e6886d\" data-element_type=\"widget\" data-e-type=\"widget\" data-widget_type=\"heading.default\">\n\t\t\t\t\t<h2 class=\"elementor-heading-title elementor-size-default\">Viziune<\/h2>\t\t\t\t<\/div>\n\t\t\t\t<div class=\"elementor-element elementor-element-9cf1ad1 elementor-widget elementor-widget-text-editor\" data-id=\"9cf1ad1\" data-element_type=\"widget\" data-e-type=\"widget\" data-widget_type=\"text-editor.default\">\n\t\t\t\t\t\t\t\t\t<p>Obiectivul nostru clar este cre\u0219terea - ca o companie de familie, ne str\u0103duim s\u0103 devenim unul dintre principalii furnizori de leasing de for\u021b\u0103 de munc\u0103 din Austria. Cre\u0219terea durabil\u0103, responsabilitatea social\u0103 \u0219i o cultur\u0103 corporativ\u0103 dinamic\u0103 sunt principiile noastre directoare. Cre\u0103m un mediu de lucru \u00een care at\u00e2t angaja\u021bii, c\u00e2t \u0219i clien\u021bii se simt confortabil pe termen lung \u0219i pot cre\u0219te \u00eempreun\u0103 cu succes.<\/p>\t\t\t\t\t\t\t\t<\/div>\n\t\t\t\t<div class=\"elementor-element elementor-element-935a220 elementor-widget elementor-widget-heading\" data-id=\"935a220\" data-element_type=\"widget\" data-e-type=\"widget\" data-widget_type=\"heading.default\">\n\t\t\t\t\t<h2 class=\"elementor-heading-title elementor-size-default\">Misiune<\/h2>\t\t\t\t<\/div>\n\t\t\t\t<div class=\"elementor-element elementor-element-566b243 elementor-widget elementor-widget-text-editor\" data-id=\"566b243\" data-element_type=\"widget\" data-e-type=\"widget\" data-widget_type=\"text-editor.default\">\n\t\t\t\t\t\t\t\t\t<p>Misiunea noastr\u0103 este de a ocupa fiecare post cu angajamentul nostru deplin \u0219i cu o c\u0103utare neobosit\u0103, permi\u021b\u00e2nd astfel o cre\u0219tere durabil\u0103 pentru compania noastr\u0103, angaja\u021bii \u0219i clien\u021bii no\u0219tri. Plas\u0103m for\u021b\u0103 de munc\u0103 calificat\u0103 rapid \u0219i flexibil pentru a r\u0103spunde cerin\u021belor \u00een cel mai bun mod posibil. Satisfac\u021bia \u0219i bun\u0103starea tuturor celor implica\u021bi sunt \u00een centrul a tot ceea ce facem. \u00cen calitate de companie de familie, ne concentr\u0103m pe corectitudine, transparen\u021b\u0103 \u0219i comunicare la nivel de ochi. Suntem un partener de \u00eencredere pentru clien\u021bii no\u0219tri \u0219i suntem \u00eentotdeauna dedica\u021bi intereselor angaja\u021bilor no\u0219tri.<\/p>\t\t\t\t\t\t\t\t<\/div>\n\t\t\t\t<div class=\"elementor-element elementor-element-fdc3806 elementor-widget elementor-widget-heading\" data-id=\"fdc3806\" data-element_type=\"widget\" data-e-type=\"widget\" data-widget_type=\"heading.default\">\n\t\t\t\t\t<h2 class=\"elementor-heading-title elementor-size-default\">Strategie<\/h2>\t\t\t\t<\/div>\n\t\t\t\t<div class=\"elementor-element elementor-element-1650cda elementor-widget elementor-widget-heading\" data-id=\"1650cda\" data-element_type=\"widget\" data-e-type=\"widget\" data-widget_type=\"heading.default\">\n\t\t\t\t\t<h3 class=\"elementor-heading-title elementor-size-default\">Concentrarea pe cre\u0219terea durabil\u0103<\/h3>\t\t\t\t<\/div>\n\t\t\t\t<div class=\"elementor-element elementor-element-5996741 elementor-widget elementor-widget-text-editor\" data-id=\"5996741\" data-element_type=\"widget\" data-e-type=\"widget\" data-widget_type=\"text-editor.default\">\n\t\t\t\t\t\t\t\t\t<p>Folosim tehnologii moderne \u0219i procese eficiente pentru a ne cre\u0219te viteza \u0219i productivitatea. Dorin\u021ba noastr\u0103 este de a ocupa fiecare post vacant - continu\u0103m s\u0103 c\u0103ut\u0103m p\u00e2n\u0103 c\u00e2nd g\u0103sim solu\u021bia perfect\u0103. \u00cen acest fel, r\u0103m\u00e2nem un partener de \u00eencredere pentru companii \u0219i ne baz\u0103m pe o abordare familiar\u0103, uman\u0103, care se concentreaz\u0103 pe nevoile individuale.<\/p>\t\t\t\t\t\t\t\t<\/div>\n\t\t\t\t<div class=\"elementor-element elementor-element-b4cf45d elementor-widget elementor-widget-heading\" data-id=\"b4cf45d\" data-element_type=\"widget\" data-e-type=\"widget\" data-widget_type=\"heading.default\">\n\t\t\t\t\t<h3 class=\"elementor-heading-title elementor-size-default\">Extinderea pie\u021bei<\/h3>\t\t\t\t<\/div>\n\t\t\t\t<div class=\"elementor-element elementor-element-98d9a26 elementor-widget elementor-widget-text-editor\" data-id=\"98d9a26\" data-element_type=\"widget\" data-e-type=\"widget\" data-widget_type=\"text-editor.default\">\n\t\t\t\t\t\t\t\t\t<p>Continu\u0103m extinderea geografic\u0103 \u00een noi regiuni sau \u021b\u0103ri \u00een care exist\u0103 o cerere mare de servicii flexibile de personal.<\/p>\t\t\t\t\t\t\t\t<\/div>\n\t\t\t\t<div class=\"elementor-element elementor-element-32f97b1 elementor-widget elementor-widget-heading\" data-id=\"32f97b1\" data-element_type=\"widget\" data-e-type=\"widget\" data-widget_type=\"heading.default\">\n\t\t\t\t\t<h3 class=\"elementor-heading-title elementor-size-default\">Satisfac\u021bie excelent\u0103 a clien\u021bilor<\/h3>\t\t\t\t<\/div>\n\t\t\t\t<div class=\"elementor-element elementor-element-21b507c elementor-widget elementor-widget-text-editor\" data-id=\"21b507c\" data-element_type=\"widget\" data-e-type=\"widget\" data-widget_type=\"text-editor.default\">\n\t\t\t\t\t\t\t\t\t<p>R\u0103spundem cerin\u021belor pie\u021bei cu rapiditate \u0219i flexibilitate. \u00cen acest sens, ne baz\u0103m pe un parteneriat str\u00e2ns \u0219i cooperant cu clien\u021bii no\u0219tri. Prin solu\u021bii personalizate \u0219i o calitate ridicat\u0103 a serviciilor, ne propunem s\u0103 construim rela\u021bii stabile \u0219i pe termen lung, care s\u0103 creeze valoare pentru ambele p\u0103r\u021bi.<\/p>\t\t\t\t\t\t\t\t<\/div>\n\t\t\t\t<div class=\"elementor-element elementor-element-0371c0b elementor-widget elementor-widget-heading\" data-id=\"0371c0b\" data-element_type=\"widget\" data-e-type=\"widget\" data-widget_type=\"heading.default\">\n\t\t\t\t\t<h3 class=\"elementor-heading-title elementor-size-default\">Centrarea angaja\u021bilor<\/h3>\t\t\t\t<\/div>\n\t\t\t\t<div class=\"elementor-element elementor-element-ada8794 elementor-widget elementor-widget-text-editor\" data-id=\"ada8794\" data-element_type=\"widget\" data-e-type=\"widget\" data-widget_type=\"text-editor.default\">\n\t\t\t\t\t\t\t\t\t<p>Promov\u0103m un mediu de lucru \u00een care justi\u021bia social\u0103, echitatea \u0219i aprecierea sunt primordiale. Satisfac\u021bia angaja\u021bilor no\u0219tri este la fel de important\u0103 pentru noi ca \u0219i cea a clien\u021bilor no\u0219tri. Angaja\u021bii no\u0219tri trebuie s\u0103 se simt\u0103 aprecia\u021bi \u0219i respecta\u021bi - acest lucru creeaz\u0103 motiva\u021bie \u0219i performan\u021b\u0103 ridicat\u0103.<\/p>\t\t\t\t\t\t\t\t<\/div>\n\t\t\t\t<div class=\"elementor-element elementor-element-4a7c508 elementor-widget elementor-widget-heading\" data-id=\"4a7c508\" data-element_type=\"widget\" data-e-type=\"widget\" data-widget_type=\"heading.default\">\n\t\t\t\t\t<h3 class=\"elementor-heading-title elementor-size-default\">Angajator atractiv<\/h3>\t\t\t\t<\/div>\n\t\t\t\t<div class=\"elementor-element elementor-element-cc9ec98 elementor-widget elementor-widget-text-editor\" data-id=\"cc9ec98\" data-element_type=\"widget\" data-e-type=\"widget\" data-widget_type=\"text-editor.default\">\n\t\t\t\t\t\t\t\t\t<p>Credem \u00eentr-un mediu de lucru modern \u0219i prietenos cu angaja\u021bii. Pe l\u00e2ng\u0103 un salariu echitabil \u0219i atractiv, oferim un program de lucru flexibil cu op\u021biuni de birou la domiciliu, evenimente regulate pentru angaja\u021bi \u0219i numeroase alte beneficii, cum ar fi pr\u00e2nzurile comune. Scopul nostru este de a crea un mediu motivant \u0219i apreciativ \u00een care angaja\u021bii no\u0219tri se simt confortabil \u0219i \u00ee\u0219i pot realiza \u00eentregul poten\u021bial.<\/p>\t\t\t\t\t\t\t\t<\/div>\n\t\t\t\t<div class=\"elementor-element elementor-element-8a91831 elementor-widget elementor-widget-heading\" data-id=\"8a91831\" data-element_type=\"widget\" data-e-type=\"widget\" data-widget_type=\"heading.default\">\n\t\t\t\t\t<h3 class=\"elementor-heading-title elementor-size-default\">Consolidarea culturii familiale<\/h3>\t\t\t\t<\/div>\n\t\t\t\t<div class=\"elementor-element elementor-element-921bb3f elementor-widget elementor-widget-text-editor\" data-id=\"921bb3f\" data-element_type=\"widget\" data-e-type=\"widget\" data-widget_type=\"text-editor.default\">\n\t\t\t\t\t\t\t\t\t<p>Suntem o companie de familie \u0219i acord\u0103m o mare importan\u021b\u0103 unei culturi corporative bazate pe transparen\u021b\u0103, \u00eencredere \u0219i comunicare la nivelul ochilor. Acest lucru creeaz\u0103 un puternic sentiment de comunitate \u0219i ne permite s\u0103 ne pozi\u021bion\u0103m cu succes pe o pia\u021b\u0103 din ce \u00een ce mai complex\u0103.<\/p>\t\t\t\t\t\t\t\t<\/div>\n\t\t\t\t<div class=\"elementor-element elementor-element-b22f2ba elementor-widget elementor-widget-heading\" data-id=\"b22f2ba\" data-element_type=\"widget\" data-e-type=\"widget\" data-widget_type=\"heading.default\">\n\t\t\t\t\t<h3 class=\"elementor-heading-title elementor-size-default\">Inova\u021bie \u0219i adaptabilitate<\/h3>\t\t\t\t<\/div>\n\t\t\t\t<div class=\"elementor-element elementor-element-1eaa7f5 elementor-widget elementor-widget-text-editor\" data-id=\"1eaa7f5\" data-element_type=\"widget\" data-e-type=\"widget\" data-widget_type=\"text-editor.default\">\n\t\t\t\t\t\t\t\t\t<p>Dorim s\u0103 reac\u021bion\u0103m flexibil la schimb\u0103rile de pe pia\u021ba dinamic\u0103 a \u00eenchirierii for\u021bei de munc\u0103. Pentru a face acest lucru, ne baz\u0103m pe tehnologii moderne care ne sprijin\u0103 at\u00e2t \u00een recrutare, c\u00e2t \u0219i \u00een comunicarea cu clien\u021bii \u0219i angaja\u021bii no\u0219tri.<\/p>\t\t\t\t\t\t\t\t<\/div>\n\t\t\t\t<div class=\"elementor-element elementor-element-6fca9a5 elementor-widget elementor-widget-heading\" data-id=\"6fca9a5\" data-element_type=\"widget\" data-e-type=\"widget\" data-widget_type=\"heading.default\">\n\t\t\t\t\t<h3 class=\"elementor-heading-title elementor-size-default\">Responsabilitate social\u0103<\/h3>\t\t\t\t<\/div>\n\t\t\t\t<div class=\"elementor-element elementor-element-d1e6943 elementor-widget elementor-widget-text-editor\" data-id=\"d1e6943\" data-element_type=\"widget\" data-e-type=\"widget\" data-widget_type=\"text-editor.default\">\n\t\t\t\t\t\t\t\t\t<p>Ne asum\u0103m responsabilitatea fa\u021b\u0103 de societate nu numai prin eforturi pentru succesul economic, ci \u0219i prin promovarea justi\u021biei sociale prin proiecte \u0219i angajamente specifice. Acest lucru se reflect\u0103 nu numai \u00een remunerarea echitabil\u0103 a angaja\u021bilor no\u0219tri, ci \u0219i \u00een participarea noastr\u0103 la ini\u021biative sociale \u0219i caritabile.<\/p>\t\t\t\t\t\t\t\t<\/div>\n\t\t\t\t<div class=\"elementor-element elementor-element-a90543c elementor-widget elementor-widget-heading\" data-id=\"a90543c\" data-element_type=\"widget\" data-e-type=\"widget\" data-widget_type=\"heading.default\">\n\t\t\t\t\t<h3 class=\"elementor-heading-title elementor-size-default\">Asigurarea calit\u0103\u021bii<\/h3>\t\t\t\t<\/div>\n\t\t\t\t<div class=\"elementor-element elementor-element-9763db1 elementor-widget elementor-widget-text-editor\" data-id=\"9763db1\" data-element_type=\"widget\" data-e-type=\"widget\" data-widget_type=\"text-editor.default\">\n\t\t\t\t\t\t\t\t\t<p>Punem accentul pe procesele de \u00eembun\u0103t\u0103\u021bire continu\u0103 pentru a ne asigura c\u0103 calitatea serviciilor pentru clien\u021bi \u0219i angaja\u021bi r\u0103m\u00e2ne ridicat\u0103. Acest lucru include m\u0103surarea satisfac\u021biei \u0219i adaptarea rapid\u0103 la condi\u021biile de pia\u021b\u0103 \u00een schimbare.<\/p>\t\t\t\t\t\t\t\t<\/div>\n\t\t\t\t\t<\/div>\n\t\t\t\t<\/div>\n\t\t<div class=\"elementor-element elementor-element-7b47585 e-flex e-con-boxed e-con e-parent\" data-id=\"7b47585\" data-element_type=\"container\" data-e-type=\"container\">\n\t\t\t\t\t<div class=\"e-con-inner\">\n\t\t\t\t<div class=\"elementor-element elementor-element-0168567 elementor-widget elementor-widget-text-editor\" data-id=\"0168567\" data-element_type=\"widget\" data-e-type=\"widget\" data-widget_type=\"text-editor.default\">\n\t\t\t\t\t\t\t\t\t<p>Haide\u021bi s\u0103 model\u0103m viitorul \u00eempreun\u0103.<\/p>\t\t\t\t\t\t\t\t<\/div>\n\t\t\t\t\t<\/div>\n\t\t\t\t<\/div>\n\t\t<div class=\"elementor-element elementor-element-8918299 e-flex e-con-boxed e-con e-parent\" data-id=\"8918299\" data-element_type=\"container\" data-e-type=\"container\">\n\t\t\t\t\t<div class=\"e-con-inner\">\n\t\t\t\t<div class=\"elementor-element elementor-element-15d66ee elementor-widget elementor-widget-spacer\" data-id=\"15d66ee\" data-element_type=\"widget\" data-e-type=\"widget\" data-widget_type=\"spacer.default\">\n\t\t\t\t\t\t\t<div class=\"elementor-spacer\">\n\t\t\t<div class=\"elementor-spacer-inner\"><\/div>\n\t\t<\/div>\n\t\t\t\t\t\t<\/div>\n\t\t\t\t\t<\/div>\n\t\t\t\t<\/div>\n\t\t\t\t<\/div>","protected":false},"excerpt":{"rendered":"<p>Die HOGO Philosophie Vision Unser klares Ziel ist Wachstum \u2013 als familiengef\u00fchrtes Unternehmen streben wir danach, zu den f\u00fchrenden Anbietern der Arbeitskr\u00e4fte\u00fcberlassung in \u00d6sterreich zu geh\u00f6ren. Nachhaltiges Wachstum, soziale Verantwortung und eine dynamische Unternehmenskultur sind dabei unsere Leitprinzipien. Wir schaffen ein Arbeitsumfeld, in dem sich sowohl Mitarbeiter als auch Kunden langfristig wohlf\u00fchlen und gemeinsam erfolgreich [&hellip;]<\/p>\n","protected":false},"author":1,"featured_media":6227,"parent":0,"menu_order":0,"comment_status":"closed","ping_status":"closed","template":"","meta":{"footnotes":""},"class_list":["post-6222","page","type-page","status-publish","has-post-thumbnail","hentry"],"yoast_head":"<!-- This site is optimized with the Yoast SEO Premium plugin v27.3 (Yoast SEO v27.3) - https:\/\/yoast.com\/product\/yoast-seo-premium-wordpress\/ -->\n<title>HOGO Philosophie in der Arbeitskr\u00e4fte\u00fcberlassung | HOGO Jobs<\/title>\n<meta name=\"description\" content=\"Erfahren Sie mehr \u00fcber die HOGO Philosophie: nachhaltiges Wachstum, soziale Verantwortung und dynamische Unternehmenskultur.\" \/>\n<meta name=\"robots\" content=\"index, follow, max-snippet:-1, max-image-preview:large, max-video-preview:-1\" \/>\n<link rel=\"canonical\" href=\"https:\/\/www.hogo.cc\/ro\/philosophie\/\" \/>\n<meta property=\"og:locale\" content=\"ro_RO\" \/>\n<meta property=\"og:type\" content=\"article\" \/>\n<meta property=\"og:title\" content=\"Philosophie\" \/>\n<meta property=\"og:description\" content=\"Erfahren Sie mehr \u00fcber die HOGO Philosophie: nachhaltiges Wachstum, soziale Verantwortung und dynamische Unternehmenskultur.\" \/>\n<meta property=\"og:url\" content=\"https:\/\/www.hogo.cc\/ro\/philosophie\/\" \/>\n<meta property=\"og:site_name\" content=\"HOGO Jobs\" \/>\n<meta property=\"article:publisher\" content=\"https:\/\/www.facebook.com\/hogogruppe\" \/>\n<meta property=\"article:modified_time\" content=\"2025-09-11T05:20:41+00:00\" \/>\n<meta property=\"og:image\" content=\"http:\/\/www.hogo.cc\/wp-content\/uploads\/2025\/03\/DSC_0433-bearb-scaled.jpg\" \/>\n\t<meta property=\"og:image:width\" content=\"2560\" \/>\n\t<meta property=\"og:image:height\" content=\"1707\" \/>\n\t<meta property=\"og:image:type\" content=\"image\/jpeg\" \/>\n<meta name=\"twitter:card\" content=\"summary_large_image\" \/>\n<meta name=\"twitter:label1\" content=\"Timp estimat pentru citire\" \/>\n\t<meta name=\"twitter:data1\" content=\"4 minute\" \/>\n<script type=\"application\/ld+json\" class=\"yoast-schema-graph\">{\"@context\":\"https:\\\/\\\/schema.org\",\"@graph\":[{\"@type\":\"WebPage\",\"@id\":\"https:\\\/\\\/www.hogo.cc\\\/philosophie\",\"url\":\"https:\\\/\\\/www.hogo.cc\\\/philosophie\",\"name\":\"HOGO Philosophie in der Arbeitskr\u00e4fte\u00fcberlassung | HOGO Jobs\",\"isPartOf\":{\"@id\":\"https:\\\/\\\/www.hogo.cc\\\/#website\"},\"primaryImageOfPage\":{\"@id\":\"https:\\\/\\\/www.hogo.cc\\\/philosophie#primaryimage\"},\"image\":{\"@id\":\"https:\\\/\\\/www.hogo.cc\\\/philosophie#primaryimage\"},\"thumbnailUrl\":\"https:\\\/\\\/www.hogo.cc\\\/wp-content\\\/uploads\\\/2025\\\/03\\\/DSC_0433-bearb-scaled.jpg\",\"datePublished\":\"2025-03-31T08:45:24+00:00\",\"dateModified\":\"2025-09-11T05:20:41+00:00\",\"description\":\"Erfahren Sie mehr \u00fcber die HOGO Philosophie: nachhaltiges Wachstum, soziale Verantwortung und dynamische Unternehmenskultur.\",\"breadcrumb\":{\"@id\":\"https:\\\/\\\/www.hogo.cc\\\/philosophie#breadcrumb\"},\"inLanguage\":\"ro-RO\",\"potentialAction\":[{\"@type\":\"ReadAction\",\"target\":[\"https:\\\/\\\/www.hogo.cc\\\/philosophie\"]}]},{\"@type\":\"ImageObject\",\"inLanguage\":\"ro-RO\",\"@id\":\"https:\\\/\\\/www.hogo.cc\\\/philosophie#primaryimage\",\"url\":\"https:\\\/\\\/www.hogo.cc\\\/wp-content\\\/uploads\\\/2025\\\/03\\\/DSC_0433-bearb-scaled.jpg\",\"contentUrl\":\"https:\\\/\\\/www.hogo.cc\\\/wp-content\\\/uploads\\\/2025\\\/03\\\/DSC_0433-bearb-scaled.jpg\",\"width\":2560,\"height\":1707,\"caption\":\"HOGO Philosophie\"},{\"@type\":\"BreadcrumbList\",\"@id\":\"https:\\\/\\\/www.hogo.cc\\\/philosophie#breadcrumb\",\"itemListElement\":[{\"@type\":\"ListItem\",\"position\":1,\"name\":\"Startseite\",\"item\":\"https:\\\/\\\/www.hogo.cc\\\/\"},{\"@type\":\"ListItem\",\"position\":2,\"name\":\"Philosophie\"}]},{\"@type\":\"WebSite\",\"@id\":\"https:\\\/\\\/www.hogo.cc\\\/#website\",\"url\":\"https:\\\/\\\/www.hogo.cc\\\/\",\"name\":\"HOGO\",\"description\":\"Human Resource Management - Voll am Punkt.\",\"publisher\":{\"@id\":\"https:\\\/\\\/www.hogo.cc\\\/#organization\"},\"potentialAction\":[{\"@type\":\"SearchAction\",\"target\":{\"@type\":\"EntryPoint\",\"urlTemplate\":\"https:\\\/\\\/www.hogo.cc\\\/?s={search_term_string}\"},\"query-input\":{\"@type\":\"PropertyValueSpecification\",\"valueRequired\":true,\"valueName\":\"search_term_string\"}}],\"inLanguage\":\"ro-RO\"},{\"@type\":\"Organization\",\"@id\":\"https:\\\/\\\/www.hogo.cc\\\/#organization\",\"name\":\"Hogo\",\"url\":\"https:\\\/\\\/www.hogo.cc\\\/\",\"logo\":{\"@type\":\"ImageObject\",\"inLanguage\":\"ro-RO\",\"@id\":\"https:\\\/\\\/www.hogo.cc\\\/#\\\/schema\\\/logo\\\/image\\\/\",\"url\":\"https:\\\/\\\/www.hogo.cc\\\/wp-content\\\/uploads\\\/2024\\\/11\\\/logo.svg\",\"contentUrl\":\"https:\\\/\\\/www.hogo.cc\\\/wp-content\\\/uploads\\\/2024\\\/11\\\/logo.svg\",\"width\":133,\"height\":92,\"caption\":\"Hogo\"},\"image\":{\"@id\":\"https:\\\/\\\/www.hogo.cc\\\/#\\\/schema\\\/logo\\\/image\\\/\"},\"sameAs\":[\"https:\\\/\\\/www.facebook.com\\\/hogogruppe\"]}]}<\/script>\n<!-- \/ Yoast SEO Premium plugin. -->","yoast_head_json":{"title":"HOGO Philosophie in der Arbeitskr\u00e4fte\u00fcberlassung | HOGO Jobs","description":"Erfahren Sie mehr \u00fcber die HOGO Philosophie: nachhaltiges Wachstum, soziale Verantwortung und dynamische Unternehmenskultur.","robots":{"index":"index","follow":"follow","max-snippet":"max-snippet:-1","max-image-preview":"max-image-preview:large","max-video-preview":"max-video-preview:-1"},"canonical":"https:\/\/www.hogo.cc\/ro\/philosophie\/","og_locale":"ro_RO","og_type":"article","og_title":"Philosophie","og_description":"Erfahren Sie mehr \u00fcber die HOGO Philosophie: nachhaltiges Wachstum, soziale Verantwortung und dynamische Unternehmenskultur.","og_url":"https:\/\/www.hogo.cc\/ro\/philosophie\/","og_site_name":"HOGO Jobs","article_publisher":"https:\/\/www.facebook.com\/hogogruppe","article_modified_time":"2025-09-11T05:20:41+00:00","og_image":[{"width":2560,"height":1707,"url":"http:\/\/www.hogo.cc\/wp-content\/uploads\/2025\/03\/DSC_0433-bearb-scaled.jpg","type":"image\/jpeg"}],"twitter_card":"summary_large_image","twitter_misc":{"Timp estimat pentru citire":"4 minute"},"schema":{"@context":"https:\/\/schema.org","@graph":[{"@type":"WebPage","@id":"https:\/\/www.hogo.cc\/philosophie","url":"https:\/\/www.hogo.cc\/philosophie","name":"HOGO Philosophie in der Arbeitskr\u00e4fte\u00fcberlassung | HOGO Jobs","isPartOf":{"@id":"https:\/\/www.hogo.cc\/#website"},"primaryImageOfPage":{"@id":"https:\/\/www.hogo.cc\/philosophie#primaryimage"},"image":{"@id":"https:\/\/www.hogo.cc\/philosophie#primaryimage"},"thumbnailUrl":"https:\/\/www.hogo.cc\/wp-content\/uploads\/2025\/03\/DSC_0433-bearb-scaled.jpg","datePublished":"2025-03-31T08:45:24+00:00","dateModified":"2025-09-11T05:20:41+00:00","description":"Erfahren Sie mehr \u00fcber die HOGO Philosophie: nachhaltiges Wachstum, soziale Verantwortung und dynamische Unternehmenskultur.","breadcrumb":{"@id":"https:\/\/www.hogo.cc\/philosophie#breadcrumb"},"inLanguage":"ro-RO","potentialAction":[{"@type":"ReadAction","target":["https:\/\/www.hogo.cc\/philosophie"]}]},{"@type":"ImageObject","inLanguage":"ro-RO","@id":"https:\/\/www.hogo.cc\/philosophie#primaryimage","url":"https:\/\/www.hogo.cc\/wp-content\/uploads\/2025\/03\/DSC_0433-bearb-scaled.jpg","contentUrl":"https:\/\/www.hogo.cc\/wp-content\/uploads\/2025\/03\/DSC_0433-bearb-scaled.jpg","width":2560,"height":1707,"caption":"HOGO Philosophie"},{"@type":"BreadcrumbList","@id":"https:\/\/www.hogo.cc\/philosophie#breadcrumb","itemListElement":[{"@type":"ListItem","position":1,"name":"Startseite","item":"https:\/\/www.hogo.cc\/"},{"@type":"ListItem","position":2,"name":"Philosophie"}]},{"@type":"WebSite","@id":"https:\/\/www.hogo.cc\/#website","url":"https:\/\/www.hogo.cc\/","name":"HOGO","description":"Human Resource Management - Voll am Punkt.","publisher":{"@id":"https:\/\/www.hogo.cc\/#organization"},"potentialAction":[{"@type":"SearchAction","target":{"@type":"EntryPoint","urlTemplate":"https:\/\/www.hogo.cc\/?s={search_term_string}"},"query-input":{"@type":"PropertyValueSpecification","valueRequired":true,"valueName":"search_term_string"}}],"inLanguage":"ro-RO"},{"@type":"Organization","@id":"https:\/\/www.hogo.cc\/#organization","name":"Hogo","url":"https:\/\/www.hogo.cc\/","logo":{"@type":"ImageObject","inLanguage":"ro-RO","@id":"https:\/\/www.hogo.cc\/#\/schema\/logo\/image\/","url":"https:\/\/www.hogo.cc\/wp-content\/uploads\/2024\/11\/logo.svg","contentUrl":"https:\/\/www.hogo.cc\/wp-content\/uploads\/2024\/11\/logo.svg","width":133,"height":92,"caption":"Hogo"},"image":{"@id":"https:\/\/www.hogo.cc\/#\/schema\/logo\/image\/"},"sameAs":["https:\/\/www.facebook.com\/hogogruppe"]}]}},"_links":{"self":[{"href":"https:\/\/www.hogo.cc\/ro\/wp-json\/wp\/v2\/pages\/6222","targetHints":{"allow":["GET"]}}],"collection":[{"href":"https:\/\/www.hogo.cc\/ro\/wp-json\/wp\/v2\/pages"}],"about":[{"href":"https:\/\/www.hogo.cc\/ro\/wp-json\/wp\/v2\/types\/page"}],"author":[{"embeddable":true,"href":"https:\/\/www.hogo.cc\/ro\/wp-json\/wp\/v2\/users\/1"}],"replies":[{"embeddable":true,"href":"https:\/\/www.hogo.cc\/ro\/wp-json\/wp\/v2\/comments?post=6222"}],"version-history":[{"count":47,"href":"https:\/\/www.hogo.cc\/ro\/wp-json\/wp\/v2\/pages\/6222\/revisions"}],"predecessor-version":[{"id":10196,"href":"https:\/\/www.hogo.cc\/ro\/wp-json\/wp\/v2\/pages\/6222\/revisions\/10196"}],"wp:featuredmedia":[{"embeddable":true,"href":"https:\/\/www.hogo.cc\/ro\/wp-json\/wp\/v2\/media\/6227"}],"wp:attachment":[{"href":"https:\/\/www.hogo.cc\/ro\/wp-json\/wp\/v2\/media?parent=6222"}],"curies":[{"name":"wp","href":"https:\/\/api.w.org\/{rel}","templated":true}]}}