{"id":2241,"date":"2024-11-28T23:29:20","date_gmt":"2024-11-28T22:29:20","guid":{"rendered":"http:\/\/localhost\/?page_id=2241"},"modified":"2025-09-11T06:47:48","modified_gmt":"2025-09-11T04:47:48","slug":"creeaza-o-alerta-de-locuri-de-munca","status":"publish","type":"page","link":"https:\/\/www.hogo.cc\/ro\/jobalarm-erstellen","title":{"rendered":"Crea\u021bi o alert\u0103 de locuri de munc\u0103"},"content":{"rendered":"<div data-elementor-type=\"wp-page\" data-elementor-id=\"2241\" class=\"elementor elementor-2241\" data-elementor-post-type=\"page\">\n\t\t\t\t<div class=\"elementor-element elementor-element-0010ee3 e-flex e-con-boxed e-con e-parent\" data-id=\"0010ee3\" data-element_type=\"container\" data-e-type=\"container\" data-settings='{\"background_background\":\"classic\"}'>\n\t\t\t\t\t<div class=\"e-con-inner\">\n\t\t\t\t<div class=\"elementor-element elementor-element-c36189e elementor-widget__width-initial elementor-widget elementor-widget-heading\" data-id=\"c36189e\" data-element_type=\"widget\" data-e-type=\"widget\" data-widget_type=\"heading.default\">\n\t\t\t\t\t<h1 class=\"elementor-heading-title elementor-size-default\">Crea\u021bi o alert\u0103 de locuri de munc\u0103<\/h1>\t\t\t\t<\/div>\n\t\t\t\t\t<\/div>\n\t\t\t\t<\/div>\n\t\t<div class=\"elementor-element elementor-element-2bcff6d e-flex e-con-boxed e-con e-parent\" data-id=\"2bcff6d\" data-element_type=\"container\" data-e-type=\"container\" id=\"job-alarm-default-text\">\n\t\t\t\t\t<div class=\"e-con-inner\">\n\t\t\t\t<div class=\"elementor-element elementor-element-7cb0c7e elementor-widget elementor-widget-heading\" data-id=\"7cb0c7e\" data-element_type=\"widget\" data-e-type=\"widget\" data-widget_type=\"heading.default\">\n\t\t\t\t\t<h2 class=\"elementor-heading-title elementor-size-default\">Cum func\u021bioneaz\u0103 alerta de locuri de munc\u0103<\/h2>\t\t\t\t<\/div>\n\t\t\t\t<div class=\"elementor-element elementor-element-709697c elementor-widget elementor-widget-text-editor\" data-id=\"709697c\" data-element_type=\"widget\" data-e-type=\"widget\" data-widget_type=\"text-editor.default\">\n\t\t\t\t\t\t\t\t\t<p>Sunte\u021bi \u00een c\u0103utarea unui loc de munc\u0103 \u0219i dori\u021bi s\u0103 v\u0103 asigura\u021bi c\u0103 nu rata\u021bi slujba visurilor dumneavoastr\u0103? <b>Apoi<\/b> avem solu\u021bia perfect\u0103 pentru dvs: Activa\u021bi <b>Alert\u0103 de locuri de munc\u0103<\/b> \u00een centrul de locuri de munc\u0103 HOGO! Cu doar c\u00e2teva clicuri, pute\u021bi r\u0103m\u00e2ne la curent \u0219i nu pute\u021bi rata niciodat\u0103 o oportunitate care vi se potrive\u0219te.<\/p><p><b>Pentru c\u0103<\/b> a <b>Alert\u0103 de locuri de munc\u0103<\/b> este asistentul t\u0103u personal \u00een c\u0103utarea unui loc de munc\u0103. Lucreaz\u0103 pentru tine, <b>\u00een timp ce<\/b> v\u0103 pute\u021bi concentra pe alte lucruri. <b>The<\/b> este deosebit de u\u0219oar\u0103 \u0219i v\u0103 economise\u0219te timp pre\u021bios. Nu mai trebuie s\u0103 intra\u021bi online \u0219i s\u0103 c\u0103uta\u021bi noi locuri de munc\u0103 \u00een fiecare zi. <b>\u00cen schimb<\/b> ve\u021bi primi toate posturile vacante corespunz\u0103toare direct prin e-mail de \u00eendat\u0103 ce acestea devin disponibile.<\/p><p>Activarea este foarte simpl\u0103: introduce\u021bi criteriile dorite - cum ar fi sectorul preferat, loca\u021bia sau a\u0219tept\u0103rile salariale. <b>Ulterior<\/b> sistemul nostru are grij\u0103 s\u0103 g\u0103seasc\u0103 cele mai bune locuri de munc\u0103 pentru dvs. <b>Deci<\/b> ve\u021bi primi notific\u0103ri personalizate, adaptate exact la nevoile dvs.<\/p><p><b>Nu conteaz\u0103<\/b> Fie c\u0103 lucra\u021bi \u00een industrie, \u00een sectorul comercial sau \u00een alt sector, programul <b>Alert\u0103 de locuri de munc\u0103<\/b> g\u0103se\u0219te locurile de munc\u0103 potrivite pentru dumneavoastr\u0103. Este un instrument indispensabil pentru to\u021bi cei care doresc s\u0103 avanseze activ \u00een carier\u0103. <b>\u00cen plus<\/b> a <b>Alert\u0103 de locuri de munc\u0103<\/b> de sentimentul de a fi ratat o ocazie important\u0103. Ve\u021bi primi o notificare, <b>\u00eenainte de<\/b> al\u021bi candida\u021bi poten\u021biali descoper\u0103 postul. <b>Astfel<\/b> ave\u021bi ocazia s\u0103 aplica\u021bi rapid \u0219i s\u0103 v\u0103 asigura\u021bi un avantaj real.<\/p><p>Utiliza\u021bi aceast\u0103 func\u021bie inteligent\u0103 \u0219i gratuit\u0103 \u0219i face\u021bi c\u0103utarea unui loc de munc\u0103 mai eficient\u0103 ca niciodat\u0103. The <b>Alert\u0103 de locuri de munc\u0103<\/b> este cel mai bun mod de a v\u0103 accelera drumul c\u0103tre locul de munc\u0103 visat. <b>\u00cenregistra\u021bi-v\u0103 acum \u0219i \u00eencepe\u021bi!<\/b><\/p>\t\t\t\t\t\t\t\t<\/div>\n\t\t\t\t<div class=\"elementor-element elementor-element-c68dee9 elementor-widget elementor-widget-heading\" data-id=\"c68dee9\" data-element_type=\"widget\" data-e-type=\"widget\" data-widget_type=\"heading.default\">\n\t\t\t\t\t<h2 class=\"elementor-heading-title elementor-size-default\">Este la fel de simplu ca asta:<\/h2>\t\t\t\t<\/div>\n\t\t\t\t<div class=\"elementor-element elementor-element-006f55a elementor-widget elementor-widget-text-editor\" data-id=\"006f55a\" data-element_type=\"widget\" data-e-type=\"widget\" data-widget_type=\"text-editor.default\">\n\t\t\t\t\t\t\t\t\t<ol><li>Face\u021bi clic pe elementul de meniu&nbsp;<a href=\"https:\/\/www.hogo.cc\/ro\/loc-de-munca\/\">\"Locuri de munc\u0103 vacante\"<\/a>&nbsp;\u00een zona solicitantului.<\/li><li>Bifa\u021bi criteriile de filtrare relevante care corespund jobului dvs. de vis.<\/li><li>Activa\u021bi alerta global\u0103 prin intermediul butonului de sub criteriile de filtrare sau l\u00e2ng\u0103 bara de c\u0103utare.<\/li><li>Atribui\u021bi un nume pentru alarma global\u0103 creat\u0103 (pute\u021bi crea, de asemenea, mai multe alarme cu criterii de filtrare diferite).<\/li><li>Introduce\u021bi adresa de e-mail prin care dori\u021bi s\u0103 primi\u021bi&nbsp;<a href=\"https:\/\/www.hogo.cc\/ro\/loc-de-munca\/\">cele mai recente oferte de locuri de munc\u0103<\/a>&nbsp;care corespund criteriilor dvs. de c\u0103utare!<\/li><\/ol><p>A\u0219tept\u0103m cu ner\u0103bdare s\u0103 primim aplica\u021biile dumneavoastr\u0103!<\/p><p><strong>Echipa ta HOGO<\/strong><\/p>\t\t\t\t\t\t\t\t<\/div>\n\t\t\t\t<div class=\"elementor-element elementor-element-e10a3bc elementor-widget elementor-widget-button\" data-id=\"e10a3bc\" data-element_type=\"widget\" data-e-type=\"widget\" data-widget_type=\"button.default\">\n\t\t\t\t\t\t\t\t\t\t<a class=\"elementor-button elementor-button-link elementor-size-sm\" href=\"https:\/\/www.hogo.cc\/ro\/job\">\n\t\t\t\t\t\t<span class=\"elementor-button-content-wrapper\">\n\t\t\t\t\t\t\t\t\t<span class=\"elementor-button-text\">C\u0103utarea unui loc de munc\u0103<\/span>\n\t\t\t\t\t<\/span>\n\t\t\t\t\t<\/a>\n\t\t\t\t\t\t\t\t<\/div>\n\t\t\t\t\t<\/div>\n\t\t\t\t<\/div>\n\t\t\n\t\t\t\t<\/div>","protected":false},"excerpt":{"rendered":"<p>Jobalarm erstellen So funktioniert der Jobalarm Du bist auf Jobsuche und m\u00f6chtest sichergehen, dass du keine Chance auf deinen Traumjob verpasst? Dann haben wir die perfekte L\u00f6sung f\u00fcr dich: Aktiviere den Jobalarm im HOGO Jobcenter! Mit nur wenigen Klicks bleibst du immer auf dem Laufenden und verpasst keine Gelegenheit mehr, die zu dir passt. Denn [&hellip;]<\/p>\n","protected":false},"author":1,"featured_media":0,"parent":0,"menu_order":0,"comment_status":"closed","ping_status":"closed","template":"","meta":{"footnotes":""},"class_list":["post-2241","page","type-page","status-publish","hentry"],"yoast_head":"<!-- This site is optimized with the Yoast SEO Premium plugin v27.5 (Yoast SEO v27.5) - https:\/\/yoast.com\/product\/yoast-seo-premium-wordpress\/ -->\n<title>Jobalarm im HOGO Jobcenter nutzen und profitieren | HOGO Jobs<\/title>\n<meta name=\"description\" content=\"Activieren Sie den Jobalarm im HOGO Jobcenter und verpassen Sie keine Jobm\u00f6glichkeiten mehr, die zu Ihnen passen.\" \/>\n<meta name=\"robots\" content=\"index, follow, max-snippet:-1, max-image-preview:large, max-video-preview:-1\" \/>\n<link rel=\"canonical\" href=\"https:\/\/www.hogo.cc\/ro\/creeaza-o-alerta-de-locuri-de-munca\/\" \/>\n<meta property=\"og:locale\" content=\"ro_RO\" \/>\n<meta property=\"og:type\" content=\"article\" \/>\n<meta property=\"og:title\" content=\"Jobalarm erstellen\" \/>\n<meta property=\"og:description\" content=\"Activieren Sie den Jobalarm im HOGO Jobcenter und verpassen Sie keine Jobm\u00f6glichkeiten mehr, die zu Ihnen passen.\" \/>\n<meta property=\"og:url\" content=\"https:\/\/www.hogo.cc\/ro\/creeaza-o-alerta-de-locuri-de-munca\/\" \/>\n<meta property=\"og:site_name\" content=\"HOGO Jobs\" \/>\n<meta property=\"article:publisher\" content=\"https:\/\/www.facebook.com\/hogogruppe\" \/>\n<meta property=\"article:modified_time\" content=\"2025-09-11T04:47:48+00:00\" \/>\n<meta name=\"twitter:card\" content=\"summary_large_image\" \/>\n<meta name=\"twitter:label1\" content=\"Timp estimat pentru citire\" \/>\n\t<meta name=\"twitter:data1\" content=\"3 minute\" \/>\n<script type=\"application\/ld+json\" class=\"yoast-schema-graph\">{\"@context\":\"https:\\\/\\\/schema.org\",\"@graph\":[{\"@type\":\"WebPage\",\"@id\":\"https:\\\/\\\/www.hogo.cc\\\/jobalarm-erstellen\",\"url\":\"https:\\\/\\\/www.hogo.cc\\\/jobalarm-erstellen\",\"name\":\"Jobalarm im HOGO Jobcenter nutzen und profitieren | HOGO Jobs\",\"isPartOf\":{\"@id\":\"https:\\\/\\\/www.hogo.cc\\\/#website\"},\"datePublished\":\"2024-11-28T22:29:20+00:00\",\"dateModified\":\"2025-09-11T04:47:48+00:00\",\"description\":\"Activieren Sie den Jobalarm im HOGO Jobcenter und verpassen Sie keine Jobm\u00f6glichkeiten mehr, die zu Ihnen passen.\",\"breadcrumb\":{\"@id\":\"https:\\\/\\\/www.hogo.cc\\\/jobalarm-erstellen#breadcrumb\"},\"inLanguage\":\"ro-RO\",\"potentialAction\":[{\"@type\":\"ReadAction\",\"target\":[\"https:\\\/\\\/www.hogo.cc\\\/jobalarm-erstellen\"]}]},{\"@type\":\"BreadcrumbList\",\"@id\":\"https:\\\/\\\/www.hogo.cc\\\/jobalarm-erstellen#breadcrumb\",\"itemListElement\":[{\"@type\":\"ListItem\",\"position\":1,\"name\":\"Startseite\",\"item\":\"https:\\\/\\\/www.hogo.cc\\\/\"},{\"@type\":\"ListItem\",\"position\":2,\"name\":\"Jobalarm erstellen\"}]},{\"@type\":\"WebSite\",\"@id\":\"https:\\\/\\\/www.hogo.cc\\\/#website\",\"url\":\"https:\\\/\\\/www.hogo.cc\\\/\",\"name\":\"HOGO\",\"description\":\"Human Resource Management - Voll am Punkt.\",\"publisher\":{\"@id\":\"https:\\\/\\\/www.hogo.cc\\\/#organization\"},\"potentialAction\":[{\"@type\":\"SearchAction\",\"target\":{\"@type\":\"EntryPoint\",\"urlTemplate\":\"https:\\\/\\\/www.hogo.cc\\\/?s={search_term_string}\"},\"query-input\":{\"@type\":\"PropertyValueSpecification\",\"valueRequired\":true,\"valueName\":\"search_term_string\"}}],\"inLanguage\":\"ro-RO\"},{\"@type\":\"Organization\",\"@id\":\"https:\\\/\\\/www.hogo.cc\\\/#organization\",\"name\":\"Hogo\",\"url\":\"https:\\\/\\\/www.hogo.cc\\\/\",\"logo\":{\"@type\":\"ImageObject\",\"inLanguage\":\"ro-RO\",\"@id\":\"https:\\\/\\\/www.hogo.cc\\\/#\\\/schema\\\/logo\\\/image\\\/\",\"url\":\"https:\\\/\\\/www.hogo.cc\\\/wp-content\\\/uploads\\\/2024\\\/11\\\/logo.svg\",\"contentUrl\":\"https:\\\/\\\/www.hogo.cc\\\/wp-content\\\/uploads\\\/2024\\\/11\\\/logo.svg\",\"width\":133,\"height\":92,\"caption\":\"Hogo\"},\"image\":{\"@id\":\"https:\\\/\\\/www.hogo.cc\\\/#\\\/schema\\\/logo\\\/image\\\/\"},\"sameAs\":[\"https:\\\/\\\/www.facebook.com\\\/hogogruppe\"]}]}<\/script>\n<!-- \/ Yoast SEO Premium plugin. -->","yoast_head_json":{"title":"Folosi\u021bi Jobalarm la Centrul de ocupare a for\u021bei de munc\u0103 HOGO \u0219i profita\u021bi de avantajele sale | Locuri de munc\u0103 HOGO","description":"Activa\u021bi alerta de locuri de munc\u0103 \u00een Centrul de ocupare a for\u021bei de munc\u0103 HOGO \u0219i nu mai rata\u021bi niciun loc de munc\u0103 potrivit pentru dumneavoastr\u0103.","robots":{"index":"index","follow":"follow","max-snippet":"max-snippet:-1","max-image-preview":"max-image-preview:large","max-video-preview":"max-video-preview:-1"},"canonical":"https:\/\/www.hogo.cc\/ro\/creeaza-o-alerta-de-locuri-de-munca\/","og_locale":"ro_RO","og_type":"article","og_title":"Jobalarm erstellen","og_description":"Activieren Sie den Jobalarm im HOGO Jobcenter und verpassen Sie keine Jobm\u00f6glichkeiten mehr, die zu Ihnen passen.","og_url":"https:\/\/www.hogo.cc\/ro\/creeaza-o-alerta-de-locuri-de-munca\/","og_site_name":"HOGO Jobs","article_publisher":"https:\/\/www.facebook.com\/hogogruppe","article_modified_time":"2025-09-11T04:47:48+00:00","twitter_card":"summary_large_image","twitter_misc":{"Timp estimat pentru citire":"3 minute"},"schema":{"@context":"https:\/\/schema.org","@graph":[{"@type":"WebPage","@id":"https:\/\/www.hogo.cc\/jobalarm-erstellen","url":"https:\/\/www.hogo.cc\/jobalarm-erstellen","name":"Folosi\u021bi Jobalarm la Centrul de ocupare a for\u021bei de munc\u0103 HOGO \u0219i profita\u021bi de avantajele sale | Locuri de munc\u0103 HOGO","isPartOf":{"@id":"https:\/\/www.hogo.cc\/#website"},"datePublished":"2024-11-28T22:29:20+00:00","dateModified":"2025-09-11T04:47:48+00:00","description":"Activa\u021bi alerta de locuri de munc\u0103 \u00een Centrul de ocupare a for\u021bei de munc\u0103 HOGO \u0219i nu mai rata\u021bi niciun loc de munc\u0103 potrivit pentru dumneavoastr\u0103.","breadcrumb":{"@id":"https:\/\/www.hogo.cc\/jobalarm-erstellen#breadcrumb"},"inLanguage":"ro-RO","potentialAction":[{"@type":"ReadAction","target":["https:\/\/www.hogo.cc\/jobalarm-erstellen"]}]},{"@type":"BreadcrumbList","@id":"https:\/\/www.hogo.cc\/jobalarm-erstellen#breadcrumb","itemListElement":[{"@type":"ListItem","position":1,"name":"Startseite","item":"https:\/\/www.hogo.cc\/"},{"@type":"ListItem","position":2,"name":"Jobalarm erstellen"}]},{"@type":"WebSite","@id":"https:\/\/www.hogo.cc\/#website","url":"https:\/\/www.hogo.cc\/","name":"HOGO","description":"Managementul resurselor umane \u2013 La obiect.","publisher":{"@id":"https:\/\/www.hogo.cc\/#organization"},"potentialAction":[{"@type":"SearchAction","target":{"@type":"EntryPoint","urlTemplate":"https:\/\/www.hogo.cc\/?s={search_term_string}"},"query-input":{"@type":"PropertyValueSpecification","valueRequired":true,"valueName":"search_term_string"}}],"inLanguage":"ro-RO"},{"@type":"Organization","@id":"https:\/\/www.hogo.cc\/#organization","name":"Hogo","url":"https:\/\/www.hogo.cc\/","logo":{"@type":"ImageObject","inLanguage":"ro-RO","@id":"https:\/\/www.hogo.cc\/#\/schema\/logo\/image\/","url":"https:\/\/www.hogo.cc\/wp-content\/uploads\/2024\/11\/logo.svg","contentUrl":"https:\/\/www.hogo.cc\/wp-content\/uploads\/2024\/11\/logo.svg","width":133,"height":92,"caption":"Hogo"},"image":{"@id":"https:\/\/www.hogo.cc\/#\/schema\/logo\/image\/"},"sameAs":["https:\/\/www.facebook.com\/hogogruppe"]}]}},"_links":{"self":[{"href":"https:\/\/www.hogo.cc\/ro\/wp-json\/wp\/v2\/pages\/2241","targetHints":{"allow":["GET"]}}],"collection":[{"href":"https:\/\/www.hogo.cc\/ro\/wp-json\/wp\/v2\/pages"}],"about":[{"href":"https:\/\/www.hogo.cc\/ro\/wp-json\/wp\/v2\/types\/page"}],"author":[{"embeddable":true,"href":"https:\/\/www.hogo.cc\/ro\/wp-json\/wp\/v2\/users\/1"}],"replies":[{"embeddable":true,"href":"https:\/\/www.hogo.cc\/ro\/wp-json\/wp\/v2\/comments?post=2241"}],"version-history":[{"count":115,"href":"https:\/\/www.hogo.cc\/ro\/wp-json\/wp\/v2\/pages\/2241\/revisions"}],"predecessor-version":[{"id":10178,"href":"https:\/\/www.hogo.cc\/ro\/wp-json\/wp\/v2\/pages\/2241\/revisions\/10178"}],"wp:attachment":[{"href":"https:\/\/www.hogo.cc\/ro\/wp-json\/wp\/v2\/media?parent=2241"}],"curies":[{"name":"wp","href":"https:\/\/api.w.org\/{rel}","templated":true}]}}