{"id":1861,"date":"2024-11-26T22:05:06","date_gmt":"2024-11-26T21:05:06","guid":{"rendered":"http:\/\/localhost\/?page_id=1861"},"modified":"2025-09-09T14:25:41","modified_gmt":"2025-09-09T12:25:41","slug":"vermittlung","status":"publish","type":"page","link":"https:\/\/www.hogo.cc\/ro\/vermittlung","title":{"rendered":"Mediere"},"content":{"rendered":"<div data-elementor-type=\"wp-page\" data-elementor-id=\"1861\" class=\"elementor elementor-1861\" data-elementor-post-type=\"page\">\n\t\t\t\t<div class=\"elementor-element elementor-element-0888017 e-con-full e-flex e-con e-parent\" data-id=\"0888017\" data-element_type=\"container\" data-e-type=\"container\" data-settings=\"{&quot;background_background&quot;:&quot;classic&quot;}\">\n\t\t<div class=\"elementor-element elementor-element-db12347 e-flex e-con-boxed e-con e-child\" data-id=\"db12347\" data-element_type=\"container\" data-e-type=\"container\">\n\t\t\t\t\t<div class=\"e-con-inner\">\n\t\t<div class=\"elementor-element elementor-element-6294256 e-con-full e-flex e-con e-child\" data-id=\"6294256\" data-element_type=\"container\" data-e-type=\"container\" data-settings=\"{&quot;background_background&quot;:&quot;classic&quot;}\">\n\t\t\t\t<div class=\"elementor-element elementor-element-f525769 elementor-widget__width-initial elementor-widget elementor-widget-heading\" data-id=\"f525769\" data-element_type=\"widget\" data-e-type=\"widget\" data-widget_type=\"heading.default\">\n\t\t\t\t\t<h1 class=\"elementor-heading-title elementor-size-default\">Furnizarea de personal<\/h1>\t\t\t\t<\/div>\n\t\t\t\t<div class=\"elementor-element elementor-element-467273a elementor-widget__width-initial elementor-widget elementor-widget-heading\" data-id=\"467273a\" data-element_type=\"widget\" data-e-type=\"widget\" data-widget_type=\"heading.default\">\n\t\t\t\t\t<h2 class=\"elementor-heading-title elementor-size-default\">pentru companii<\/h2>\t\t\t\t<\/div>\n\t\t\t\t<\/div>\n\t\t\t\t\t<\/div>\n\t\t\t\t<\/div>\n\t\t\t\t<\/div>\n\t\t<div class=\"elementor-element elementor-element-791ba73 e-flex e-con-boxed e-con e-parent\" data-id=\"791ba73\" data-element_type=\"container\" data-e-type=\"container\">\n\t\t\t\t\t<div class=\"e-con-inner\">\n\t\t<div class=\"elementor-element elementor-element-548fbd1 e-con-full e-flex e-con e-child\" data-id=\"548fbd1\" data-element_type=\"container\" data-e-type=\"container\">\n\t\t\t\t<div class=\"elementor-element elementor-element-404554d elementor-widget elementor-widget-image\" data-id=\"404554d\" data-element_type=\"widget\" data-e-type=\"widget\" data-image=\"cover\" data-widget_type=\"image.default\">\n\t\t\t\t\t\t\t\t\t\t\t\t\t\t\t<img fetchpriority=\"high\" decoding=\"async\" width=\"800\" height=\"533\" src=\"https:\/\/www.hogo.cc\/wp-content\/uploads\/2024\/11\/Fotolia_69310834_M-1024x682.jpg\" class=\"attachment-large size-large wp-image-1869\" alt=\"Personalbereitstellung f\u00fcr Firmen\" srcset=\"https:\/\/www.hogo.cc\/wp-content\/uploads\/2024\/11\/Fotolia_69310834_M-1024x682.jpg 1024w, https:\/\/www.hogo.cc\/wp-content\/uploads\/2024\/11\/Fotolia_69310834_M-300x200.jpg 300w, https:\/\/www.hogo.cc\/wp-content\/uploads\/2024\/11\/Fotolia_69310834_M-768x512.jpg 768w, https:\/\/www.hogo.cc\/wp-content\/uploads\/2024\/11\/Fotolia_69310834_M-18x12.jpg 18w, https:\/\/www.hogo.cc\/wp-content\/uploads\/2024\/11\/Fotolia_69310834_M.jpg 1280w\" sizes=\"(max-width: 800px) 100vw, 800px\" \/>\t\t\t\t\t\t\t\t\t\t\t\t\t\t\t<\/div>\n\t\t\t\t<\/div>\n\t\t<div class=\"elementor-element elementor-element-661a68e e-con-full e-flex e-con e-child\" data-id=\"661a68e\" data-element_type=\"container\" data-e-type=\"container\">\n\t\t<div class=\"elementor-element elementor-element-910cb36 e-con-full e-transform e-flex e-con e-child\" data-id=\"910cb36\" data-element_type=\"container\" data-e-type=\"container\" data-settings=\"{&quot;background_background&quot;:&quot;classic&quot;,&quot;_transform_translateX_effect&quot;:{&quot;unit&quot;:&quot;px&quot;,&quot;size&quot;:-60,&quot;sizes&quot;:[]},&quot;_transform_translateX_effect_mobile&quot;:{&quot;unit&quot;:&quot;px&quot;,&quot;size&quot;:0,&quot;sizes&quot;:[]},&quot;_transform_translateX_effect_tablet&quot;:{&quot;unit&quot;:&quot;px&quot;,&quot;size&quot;:&quot;&quot;,&quot;sizes&quot;:[]},&quot;_transform_translateY_effect&quot;:{&quot;unit&quot;:&quot;px&quot;,&quot;size&quot;:&quot;&quot;,&quot;sizes&quot;:[]},&quot;_transform_translateY_effect_tablet&quot;:{&quot;unit&quot;:&quot;px&quot;,&quot;size&quot;:&quot;&quot;,&quot;sizes&quot;:[]},&quot;_transform_translateY_effect_mobile&quot;:{&quot;unit&quot;:&quot;px&quot;,&quot;size&quot;:&quot;&quot;,&quot;sizes&quot;:[]}}\">\n\t\t\t\t<div class=\"elementor-element elementor-element-cde7287 elementor-widget elementor-widget-heading\" data-id=\"cde7287\" data-element_type=\"widget\" data-e-type=\"widget\" data-widget_type=\"heading.default\">\n\t\t\t\t\t<h3 class=\"elementor-heading-title elementor-size-default\">solu\u021bii de personal<\/h3>\t\t\t\t<\/div>\n\t\t\t\t<div class=\"elementor-element elementor-element-d20e531 elementor-widget__width-initial elementor-widget elementor-widget-spacer\" data-id=\"d20e531\" data-element_type=\"widget\" data-e-type=\"widget\" data-widget_type=\"spacer.default\">\n\t\t\t\t\t\t\t<div class=\"elementor-spacer\">\n\t\t\t<div class=\"elementor-spacer-inner\"><\/div>\n\t\t<\/div>\n\t\t\t\t\t\t<\/div>\n\t\t\t\t<div class=\"elementor-element elementor-element-70f3bad elementor-widget elementor-widget-text-editor\" data-id=\"70f3bad\" data-element_type=\"widget\" data-e-type=\"widget\" data-widget_type=\"text-editor.default\">\n\t\t\t\t\t\t\t\t\t<p>HOGO ofer\u0103 companiilor ajutor rapid \u0219i flexibil atunci c\u00e2nd vine vorba de nevoile de personal. Indiferent dac\u0103 ave\u021bi nevoie de angaja\u021bi pe termen scurt sau dac\u0103 dori\u021bi s\u0103 consolida\u021bi personalul pe termen lung - suntem acolo pentru dvs. Serviciile noastre <strong data-start=\"914\" data-end=\"951\">Furnizarea de personal pentru \u00eentreprinderi<\/strong> v\u0103 ajut\u0103 s\u0103 g\u0103si\u021bi rapid \u0219i u\u0219or lucr\u0103torii potrivi\u021bi.<\/p>\t\t\t\t\t\t\t\t<\/div>\n\t\t\t\t<\/div>\n\t\t\t\t<\/div>\n\t\t\t\t\t<\/div>\n\t\t\t\t<\/div>\n\t\t<div class=\"elementor-element elementor-element-2c5412f e-flex e-con-boxed e-con e-parent\" data-id=\"2c5412f\" data-element_type=\"container\" data-e-type=\"container\">\n\t\t\t\t\t<div class=\"e-con-inner\">\n\t\t\t\t<div class=\"elementor-element elementor-element-c91a503 elementor-widget elementor-widget-heading\" data-id=\"c91a503\" data-element_type=\"widget\" data-e-type=\"widget\" data-widget_type=\"heading.default\">\n\t\t\t\t\t<h4 class=\"elementor-heading-title elementor-size-default\">Pur \u0219i simplu \u00eentreba\u021bi, umple\u021bi rapid<\/h4>\t\t\t\t<\/div>\n\t\t\t\t<div class=\"elementor-element elementor-element-3a599df elementor-widget elementor-widget-text-editor\" data-id=\"3a599df\" data-element_type=\"widget\" data-e-type=\"widget\" data-widget_type=\"text-editor.default\">\n\t\t\t\t\t\t\t\t\t<p data-start=\"1080\" data-end=\"1463\">Tu ne spui de c\u00e2\u021bi angaja\u021bi ai nevoie, pentru c\u00e2t timp \u0219i \u00een ce zon\u0103. Noi ne ocup\u0103m de restul - de la selec\u021bie la planificarea implement\u0103rii. Acest lucru v\u0103 economise\u0219te timp \u0219i efort, \u00een timp ce v\u0103 pute\u021bi concentra asupra activit\u0103\u021bii dumneavoastr\u0103 zilnice. \u0218i pentru c\u0103 lucr\u0103m cu o re\u021bea mare, g\u0103sim adesea candida\u021bi potrivi\u021bi \u00eentr-un interval scurt de timp.<\/p>\t\t\t\t\t\t\t\t<\/div>\n\t\t\t\t<div class=\"elementor-element elementor-element-8aa9bb2 elementor-widget elementor-widget-heading\" data-id=\"8aa9bb2\" data-element_type=\"widget\" data-e-type=\"widget\" data-widget_type=\"heading.default\">\n\t\t\t\t\t<h4 class=\"elementor-heading-title elementor-size-default\">G\u00e2ndi\u021bi pe termen lung - r\u0103m\u00e2ne\u021bi flexibili<\/h4>\t\t\t\t<\/div>\n\t\t\t\t<div class=\"elementor-element elementor-element-d731597 elementor-widget elementor-widget-text-editor\" data-id=\"d731597\" data-element_type=\"widget\" data-e-type=\"widget\" data-widget_type=\"text-editor.default\">\n\t\t\t\t\t\t\t\t\t<p data-start=\"1517\" data-end=\"1891\">Dac\u0103 un lucr\u0103tor se integreaz\u0103 foarte bine \u00een echipa dvs., este posibil chiar s\u0103 \u00eel angaja\u021bi ulterior. Acest lucru \u00eenseamn\u0103 c\u0103, ini\u021bial, pute\u021bi angaja personal \u00een mod flexibil \u0219i, ulterior, s\u0103 \u00eel lua\u021bi ca angajat permanent - dac\u0103 acest lucru convine ambelor p\u0103r\u021bi. Astfel, combin\u0103m avantajele <a href=\"https:\/\/www.hogo.cc\/ro\/arbeitskrafteuberlassung\/\"><strong data-start=\"1799\" data-end=\"1836\">Furnizarea de personal pentru \u00eentreprinderi<\/strong><\/a> cu care <a href=\"https:\/\/www.hogo.cc\/ro\/direktvermittlung\/\"><strong data-start=\"1851\" data-end=\"1890\">Agen\u021bie de recrutare pentru companii<\/strong><\/a>.<\/p>\t\t\t\t\t\t\t\t<\/div>\n\t\t\t\t<div class=\"elementor-element elementor-element-de8414a elementor-widget elementor-widget-heading\" data-id=\"de8414a\" data-element_type=\"widget\" data-e-type=\"widget\" data-widget_type=\"heading.default\">\n\t\t\t\t\t<h4 class=\"elementor-heading-title elementor-size-default\">Mai mult control cu mai pu\u021bin efort<\/h4>\t\t\t\t<\/div>\n\t\t\t\t<div class=\"elementor-element elementor-element-31a9f4f elementor-widget elementor-widget-text-editor\" data-id=\"31a9f4f\" data-element_type=\"widget\" data-e-type=\"widget\" data-widget_type=\"text-editor.default\">\n\t\t\t\t\t\t\t\t\t<p data-start=\"1942\" data-end=\"2181\">Cu HOGO, v\u0103 pute\u021bi adapta oric\u00e2nd planificarea personalului la situa\u021bia comenzilor dumneavoastr\u0103. Acest lucru nu numai c\u0103 v\u0103 economise\u0219te timp, dar \u0219i costuri. \u00cen acela\u0219i timp, v\u0103 p\u0103stra\u021bi controlul deplin asupra echipelor dvs. - f\u0103r\u0103 a fi nevoit s\u0103 v\u0103 angaja\u021bi pe termen lung.<\/p><p data-start=\"2183\" data-end=\"2293\"><strong data-start=\"2183\" data-end=\"2293\">HOGO - partenerul dumneavoastr\u0103 de \u00eencredere pentru furnizarea de personal \u0219i solu\u021bii personalizate pentru compania dumneavoastr\u0103.<\/strong><\/p>\t\t\t\t\t\t\t\t<\/div>\n\t\t\t\t\t<\/div>\n\t\t\t\t<\/div>\n\t\t<div class=\"elementor-element elementor-element-dfe5ce3 e-flex e-con-boxed e-con e-parent\" data-id=\"dfe5ce3\" data-element_type=\"container\" data-e-type=\"container\" data-settings=\"{&quot;background_background&quot;:&quot;classic&quot;}\">\n\t\t\t\t\t<div class=\"e-con-inner\">\n\t\t<div class=\"elementor-element elementor-element-eca66b5 e-con-full e-flex e-con e-child\" data-id=\"eca66b5\" data-element_type=\"container\" data-e-type=\"container\">\n\t\t\t\t<div class=\"elementor-element elementor-element-d4c583c elementor-widget elementor-widget-heading\" data-id=\"d4c583c\" data-element_type=\"widget\" data-e-type=\"widget\" data-widget_type=\"heading.default\">\n\t\t\t\t\t<h2 class=\"elementor-heading-title elementor-size-default\">Contacta\u021bi-ne acum<\/h2>\t\t\t\t<\/div>\n\t\t<div class=\"elementor-element elementor-element-e21ed9b e-con-full e-flex e-con e-child\" data-id=\"e21ed9b\" data-element_type=\"container\" data-e-type=\"container\">\n\t\t<div class=\"elementor-element elementor-element-e89083b e-con-full e-flex e-con e-child\" data-id=\"e89083b\" data-element_type=\"container\" data-e-type=\"container\">\n\t\t\t\t<div class=\"elementor-element elementor-element-fb1b3de elementor-view-framed elementor-shape-circle elementor-widget elementor-widget-icon\" data-id=\"fb1b3de\" data-element_type=\"widget\" data-e-type=\"widget\" data-widget_type=\"icon.default\">\n\t\t\t\t\t\t\t<div class=\"elementor-icon-wrapper\">\n\t\t\t<div class=\"elementor-icon\">\n\t\t\t<svg xmlns=\"http:\/\/www.w3.org\/2000\/svg\" xmlns:xlink=\"http:\/\/www.w3.org\/1999\/xlink\" id=\"Ebene_1\" x=\"0px\" y=\"0px\" viewbox=\"0 0 74.1 99.8\" style=\"enable-background:new 0 0 74.1 99.8;\" xml:space=\"preserve\"><path d=\"M21.5,0.1c0,0-21.8,0.3-21.5,20.1s4.3,37.3,10.8,47S34,102.4,53,99.8c0,0,9.4-2,16.4-6.6l-23-18.1c0,0-6.8,4.3-11.1-1.4 S17.9,41.4,17.9,41.4s-3.7-8.6,4.5-12.3C22.4,29,21.5,0.1,21.5,0.1z\"><\/path><path d=\"M24.1,0.1c0,0,1.7-0.6,4.8,1.1S32,4.4,32,4.4l0.3,19.8c0,0-0.9,1.1-2,2.3c-1.1,1.1-4.8,2.9-5.4,1.7 C24.4,27,24.1,0.1,24.1,0.1z\"><\/path><path d=\"M48.4,73.1l6.3-3.3c0,0,1.4-0.3,3.7,1.1c2.3,1.4,14.2,10.9,14.2,10.9s2,1.7,1.4,3.7s-2,6.3-2,6.3S48.4,73.1,48.4,73.1z\"><\/path><\/svg>\t\t\t<\/div>\n\t\t<\/div>\n\t\t\t\t\t\t<\/div>\n\t\t\t\t<div class=\"elementor-element elementor-element-89e7993 elementor-widget elementor-widget-heading\" data-id=\"89e7993\" data-element_type=\"widget\" data-e-type=\"widget\" data-widget_type=\"heading.default\">\n\t\t\t\t\t<span class=\"elementor-heading-title elementor-size-default\"><a href=\"tel:+43%20720%20310%20055\">+43 720 310 055<\/a><\/span>\t\t\t\t<\/div>\n\t\t\t\t<\/div>\n\t\t<div class=\"elementor-element elementor-element-5ffec05 e-con-full e-flex e-con e-child\" data-id=\"5ffec05\" data-element_type=\"container\" data-e-type=\"container\">\n\t\t\t\t<div class=\"elementor-element elementor-element-fef5445 elementor-view-framed elementor-shape-circle elementor-widget elementor-widget-icon\" data-id=\"fef5445\" data-element_type=\"widget\" data-e-type=\"widget\" data-widget_type=\"icon.default\">\n\t\t\t\t\t\t\t<div class=\"elementor-icon-wrapper\">\n\t\t\t<div class=\"elementor-icon\">\n\t\t\t<svg aria-hidden=\"true\" class=\"e-font-icon-svg e-far-envelope\" viewbox=\"0 0 512 512\" xmlns=\"http:\/\/www.w3.org\/2000\/svg\"><path d=\"M464 64H48C21.49 64 0 85.49 0 112v288c0 26.51 21.49 48 48 48h416c26.51 0 48-21.49 48-48V112c0-26.51-21.49-48-48-48zm0 48v40.805c-22.422 18.259-58.168 46.651-134.587 106.49-16.841 13.247-50.201 45.072-73.413 44.701-23.208.375-56.579-31.459-73.413-44.701C106.18 199.465 70.425 171.067 48 152.805V112h416zM48 400V214.398c22.914 18.251 55.409 43.862 104.938 82.646 21.857 17.205 60.134 55.186 103.062 54.955 42.717.231 80.509-37.199 103.053-54.947 49.528-38.783 82.032-64.401 104.947-82.653V400H48z\"><\/path><\/svg>\t\t\t<\/div>\n\t\t<\/div>\n\t\t\t\t\t\t<\/div>\n\t\t\t\t<div class=\"elementor-element elementor-element-7769fba elementor-widget elementor-widget-heading\" data-id=\"7769fba\" data-element_type=\"widget\" data-e-type=\"widget\" data-widget_type=\"heading.default\">\n\t\t\t\t\t<span class=\"elementor-heading-title elementor-size-default\"><a href=\"mailto:office@hogo.cc\">office@hogo.cc<\/a><\/span>\t\t\t\t<\/div>\n\t\t\t\t<\/div>\n\t\t\t\t<\/div>\n\t\t\t\t<div class=\"elementor-element elementor-element-eff096c elementor-align-center elementor-widget elementor-widget-button\" data-id=\"eff096c\" data-element_type=\"widget\" data-e-type=\"widget\" data-widget_type=\"button.default\">\n\t\t\t\t\t\t\t\t\t\t<a class=\"elementor-button elementor-button-link elementor-size-sm\" href=\"https:\/\/www.hogo.cc\/ro\/kontakt\/\" target=\"_blank\">\n\t\t\t\t\t\t<span class=\"elementor-button-content-wrapper\">\n\t\t\t\t\t\t\t\t\t<span class=\"elementor-button-text\">Face\u021bi clic aici pentru formularul de contact<\/span>\n\t\t\t\t\t<\/span>\n\t\t\t\t\t<\/a>\n\t\t\t\t\t\t\t\t<\/div>\n\t\t\t\t<\/div>\n\t\t\t\t\t<\/div>\n\t\t\t\t<\/div>\n\t\t\t\t<\/div>","protected":false},"excerpt":{"rendered":"<p>Personalbereitstellung f\u00fcr firmen personal-l\u00f6sungen Bei HOGO erhalten Unternehmen schnelle und flexible Hilfe, wenn es um Personalbedarf geht. Ganz gleich, ob Sie kurzfristig Mitarbeiter:innen ben\u00f6tigen oder langfristig Personal aufbauen m\u00f6chten \u2013 wir sind f\u00fcr Sie da. Unsere Personalbereitstellung f\u00fcr Firmen hilft Ihnen, schnell und unkompliziert die passenden Arbeitskr\u00e4fte zu finden. Einfach anfragen, schnell besetzen Sie sagen [&hellip;]<\/p>\n","protected":false},"author":1,"featured_media":0,"parent":0,"menu_order":0,"comment_status":"closed","ping_status":"closed","template":"","meta":{"footnotes":""},"class_list":["post-1861","page","type-page","status-publish","hentry"],"yoast_head":"<!-- This site is optimized with the Yoast SEO Premium plugin v27.4 (Yoast SEO v27.4) - https:\/\/yoast.com\/product\/yoast-seo-premium-wordpress\/ -->\n<title>Personalbereitstellung f\u00fcr Firmen und deren Vorteile | HOGO Jobs<\/title>\n<meta name=\"description\" content=\"Erfahren Sie mehr \u00fcber die Personalbereitstellung f\u00fcr Firmen mit HOGO. Schnelle L\u00f6sungen f\u00fcr Ihre Mitarbeiterengp\u00e4sse.\" \/>\n<meta name=\"robots\" content=\"index, follow, max-snippet:-1, max-image-preview:large, max-video-preview:-1\" \/>\n<link rel=\"canonical\" href=\"https:\/\/www.hogo.cc\/ro\/vermittlung\/\" \/>\n<meta property=\"og:locale\" content=\"ro_RO\" \/>\n<meta property=\"og:type\" content=\"article\" \/>\n<meta property=\"og:title\" content=\"Vermittlung\" \/>\n<meta property=\"og:description\" content=\"Erfahren Sie mehr \u00fcber die Personalbereitstellung f\u00fcr Firmen mit HOGO. Schnelle L\u00f6sungen f\u00fcr Ihre Mitarbeiterengp\u00e4sse.\" \/>\n<meta property=\"og:url\" content=\"https:\/\/www.hogo.cc\/ro\/vermittlung\/\" \/>\n<meta property=\"og:site_name\" content=\"HOGO Jobs\" \/>\n<meta property=\"article:publisher\" content=\"https:\/\/www.facebook.com\/hogogruppe\" \/>\n<meta property=\"article:modified_time\" content=\"2025-09-09T12:25:41+00:00\" \/>\n<meta property=\"og:image\" content=\"https:\/\/www.hogo.cc\/wp-content\/uploads\/2024\/11\/Fotolia_69310834_M.jpg\" \/>\n\t<meta property=\"og:image:width\" content=\"1280\" \/>\n\t<meta property=\"og:image:height\" content=\"853\" \/>\n\t<meta property=\"og:image:type\" content=\"image\/jpeg\" \/>\n<meta name=\"twitter:card\" content=\"summary_large_image\" \/>\n<meta name=\"twitter:label1\" content=\"Timp estimat pentru citire\" \/>\n\t<meta name=\"twitter:data1\" content=\"2 minute\" \/>\n<script type=\"application\/ld+json\" class=\"yoast-schema-graph\">{\"@context\":\"https:\\\/\\\/schema.org\",\"@graph\":[{\"@type\":\"WebPage\",\"@id\":\"https:\\\/\\\/www.hogo.cc\\\/vermittlung\",\"url\":\"https:\\\/\\\/www.hogo.cc\\\/vermittlung\",\"name\":\"Personalbereitstellung f\u00fcr Firmen und deren Vorteile | HOGO Jobs\",\"isPartOf\":{\"@id\":\"https:\\\/\\\/www.hogo.cc\\\/#website\"},\"primaryImageOfPage\":{\"@id\":\"https:\\\/\\\/www.hogo.cc\\\/vermittlung#primaryimage\"},\"image\":{\"@id\":\"https:\\\/\\\/www.hogo.cc\\\/vermittlung#primaryimage\"},\"thumbnailUrl\":\"http:\\\/\\\/www.hogo.cc\\\/wp-content\\\/uploads\\\/2024\\\/11\\\/Fotolia_69310834_M-1024x682.jpg\",\"datePublished\":\"2024-11-26T21:05:06+00:00\",\"dateModified\":\"2025-09-09T12:25:41+00:00\",\"description\":\"Erfahren Sie mehr \u00fcber die Personalbereitstellung f\u00fcr Firmen mit HOGO. Schnelle L\u00f6sungen f\u00fcr Ihre Mitarbeiterengp\u00e4sse.\",\"breadcrumb\":{\"@id\":\"https:\\\/\\\/www.hogo.cc\\\/vermittlung#breadcrumb\"},\"inLanguage\":\"ro-RO\",\"potentialAction\":[{\"@type\":\"ReadAction\",\"target\":[\"https:\\\/\\\/www.hogo.cc\\\/vermittlung\"]}]},{\"@type\":\"ImageObject\",\"inLanguage\":\"ro-RO\",\"@id\":\"https:\\\/\\\/www.hogo.cc\\\/vermittlung#primaryimage\",\"url\":\"http:\\\/\\\/www.hogo.cc\\\/wp-content\\\/uploads\\\/2024\\\/11\\\/Fotolia_69310834_M-1024x682.jpg\",\"contentUrl\":\"http:\\\/\\\/www.hogo.cc\\\/wp-content\\\/uploads\\\/2024\\\/11\\\/Fotolia_69310834_M-1024x682.jpg\"},{\"@type\":\"BreadcrumbList\",\"@id\":\"https:\\\/\\\/www.hogo.cc\\\/vermittlung#breadcrumb\",\"itemListElement\":[{\"@type\":\"ListItem\",\"position\":1,\"name\":\"Startseite\",\"item\":\"https:\\\/\\\/www.hogo.cc\\\/\"},{\"@type\":\"ListItem\",\"position\":2,\"name\":\"Vermittlung\"}]},{\"@type\":\"WebSite\",\"@id\":\"https:\\\/\\\/www.hogo.cc\\\/#website\",\"url\":\"https:\\\/\\\/www.hogo.cc\\\/\",\"name\":\"HOGO\",\"description\":\"Human Resource Management - Voll am Punkt.\",\"publisher\":{\"@id\":\"https:\\\/\\\/www.hogo.cc\\\/#organization\"},\"potentialAction\":[{\"@type\":\"SearchAction\",\"target\":{\"@type\":\"EntryPoint\",\"urlTemplate\":\"https:\\\/\\\/www.hogo.cc\\\/?s={search_term_string}\"},\"query-input\":{\"@type\":\"PropertyValueSpecification\",\"valueRequired\":true,\"valueName\":\"search_term_string\"}}],\"inLanguage\":\"ro-RO\"},{\"@type\":\"Organization\",\"@id\":\"https:\\\/\\\/www.hogo.cc\\\/#organization\",\"name\":\"Hogo\",\"url\":\"https:\\\/\\\/www.hogo.cc\\\/\",\"logo\":{\"@type\":\"ImageObject\",\"inLanguage\":\"ro-RO\",\"@id\":\"https:\\\/\\\/www.hogo.cc\\\/#\\\/schema\\\/logo\\\/image\\\/\",\"url\":\"https:\\\/\\\/www.hogo.cc\\\/wp-content\\\/uploads\\\/2024\\\/11\\\/logo.svg\",\"contentUrl\":\"https:\\\/\\\/www.hogo.cc\\\/wp-content\\\/uploads\\\/2024\\\/11\\\/logo.svg\",\"width\":133,\"height\":92,\"caption\":\"Hogo\"},\"image\":{\"@id\":\"https:\\\/\\\/www.hogo.cc\\\/#\\\/schema\\\/logo\\\/image\\\/\"},\"sameAs\":[\"https:\\\/\\\/www.facebook.com\\\/hogogruppe\"]}]}<\/script>\n<!-- \/ Yoast SEO Premium plugin. -->","yoast_head_json":{"title":"Personalbereitstellung f\u00fcr Firmen und deren Vorteile | HOGO Jobs","description":"Erfahren Sie mehr \u00fcber die Personalbereitstellung f\u00fcr Firmen mit HOGO. Schnelle L\u00f6sungen f\u00fcr Ihre Mitarbeiterengp\u00e4sse.","robots":{"index":"index","follow":"follow","max-snippet":"max-snippet:-1","max-image-preview":"max-image-preview:large","max-video-preview":"max-video-preview:-1"},"canonical":"https:\/\/www.hogo.cc\/ro\/vermittlung\/","og_locale":"ro_RO","og_type":"article","og_title":"Vermittlung","og_description":"Erfahren Sie mehr \u00fcber die Personalbereitstellung f\u00fcr Firmen mit HOGO. Schnelle L\u00f6sungen f\u00fcr Ihre Mitarbeiterengp\u00e4sse.","og_url":"https:\/\/www.hogo.cc\/ro\/vermittlung\/","og_site_name":"HOGO Jobs","article_publisher":"https:\/\/www.facebook.com\/hogogruppe","article_modified_time":"2025-09-09T12:25:41+00:00","og_image":[{"width":1280,"height":853,"url":"https:\/\/www.hogo.cc\/wp-content\/uploads\/2024\/11\/Fotolia_69310834_M.jpg","type":"image\/jpeg"}],"twitter_card":"summary_large_image","twitter_misc":{"Timp estimat pentru citire":"2 minute"},"schema":{"@context":"https:\/\/schema.org","@graph":[{"@type":"WebPage","@id":"https:\/\/www.hogo.cc\/vermittlung","url":"https:\/\/www.hogo.cc\/vermittlung","name":"Personalbereitstellung f\u00fcr Firmen und deren Vorteile | HOGO Jobs","isPartOf":{"@id":"https:\/\/www.hogo.cc\/#website"},"primaryImageOfPage":{"@id":"https:\/\/www.hogo.cc\/vermittlung#primaryimage"},"image":{"@id":"https:\/\/www.hogo.cc\/vermittlung#primaryimage"},"thumbnailUrl":"http:\/\/www.hogo.cc\/wp-content\/uploads\/2024\/11\/Fotolia_69310834_M-1024x682.jpg","datePublished":"2024-11-26T21:05:06+00:00","dateModified":"2025-09-09T12:25:41+00:00","description":"Erfahren Sie mehr \u00fcber die Personalbereitstellung f\u00fcr Firmen mit HOGO. Schnelle L\u00f6sungen f\u00fcr Ihre Mitarbeiterengp\u00e4sse.","breadcrumb":{"@id":"https:\/\/www.hogo.cc\/vermittlung#breadcrumb"},"inLanguage":"ro-RO","potentialAction":[{"@type":"ReadAction","target":["https:\/\/www.hogo.cc\/vermittlung"]}]},{"@type":"ImageObject","inLanguage":"ro-RO","@id":"https:\/\/www.hogo.cc\/vermittlung#primaryimage","url":"http:\/\/www.hogo.cc\/wp-content\/uploads\/2024\/11\/Fotolia_69310834_M-1024x682.jpg","contentUrl":"http:\/\/www.hogo.cc\/wp-content\/uploads\/2024\/11\/Fotolia_69310834_M-1024x682.jpg"},{"@type":"BreadcrumbList","@id":"https:\/\/www.hogo.cc\/vermittlung#breadcrumb","itemListElement":[{"@type":"ListItem","position":1,"name":"Startseite","item":"https:\/\/www.hogo.cc\/"},{"@type":"ListItem","position":2,"name":"Vermittlung"}]},{"@type":"WebSite","@id":"https:\/\/www.hogo.cc\/#website","url":"https:\/\/www.hogo.cc\/","name":"HOGO","description":"Human Resource Management - Voll am Punkt.","publisher":{"@id":"https:\/\/www.hogo.cc\/#organization"},"potentialAction":[{"@type":"SearchAction","target":{"@type":"EntryPoint","urlTemplate":"https:\/\/www.hogo.cc\/?s={search_term_string}"},"query-input":{"@type":"PropertyValueSpecification","valueRequired":true,"valueName":"search_term_string"}}],"inLanguage":"ro-RO"},{"@type":"Organization","@id":"https:\/\/www.hogo.cc\/#organization","name":"Hogo","url":"https:\/\/www.hogo.cc\/","logo":{"@type":"ImageObject","inLanguage":"ro-RO","@id":"https:\/\/www.hogo.cc\/#\/schema\/logo\/image\/","url":"https:\/\/www.hogo.cc\/wp-content\/uploads\/2024\/11\/logo.svg","contentUrl":"https:\/\/www.hogo.cc\/wp-content\/uploads\/2024\/11\/logo.svg","width":133,"height":92,"caption":"Hogo"},"image":{"@id":"https:\/\/www.hogo.cc\/#\/schema\/logo\/image\/"},"sameAs":["https:\/\/www.facebook.com\/hogogruppe"]}]}},"_links":{"self":[{"href":"https:\/\/www.hogo.cc\/ro\/wp-json\/wp\/v2\/pages\/1861","targetHints":{"allow":["GET"]}}],"collection":[{"href":"https:\/\/www.hogo.cc\/ro\/wp-json\/wp\/v2\/pages"}],"about":[{"href":"https:\/\/www.hogo.cc\/ro\/wp-json\/wp\/v2\/types\/page"}],"author":[{"embeddable":true,"href":"https:\/\/www.hogo.cc\/ro\/wp-json\/wp\/v2\/users\/1"}],"replies":[{"embeddable":true,"href":"https:\/\/www.hogo.cc\/ro\/wp-json\/wp\/v2\/comments?post=1861"}],"version-history":[{"count":28,"href":"https:\/\/www.hogo.cc\/ro\/wp-json\/wp\/v2\/pages\/1861\/revisions"}],"predecessor-version":[{"id":10076,"href":"https:\/\/www.hogo.cc\/ro\/wp-json\/wp\/v2\/pages\/1861\/revisions\/10076"}],"wp:attachment":[{"href":"https:\/\/www.hogo.cc\/ro\/wp-json\/wp\/v2\/media?parent=1861"}],"curies":[{"name":"wp","href":"https:\/\/api.w.org\/{rel}","templated":true}]}}