{"id":6222,"date":"2025-03-31T10:45:24","date_gmt":"2025-03-31T08:45:24","guid":{"rendered":"https:\/\/www.hogo.cc\/?page_id=6222"},"modified":"2025-09-11T07:20:41","modified_gmt":"2025-09-11T05:20:41","slug":"filozofia","status":"publish","type":"page","link":"https:\/\/www.hogo.cc\/pl\/philosophie","title":{"rendered":"Filozofia"},"content":{"rendered":"<div data-elementor-type=\"wp-page\" data-elementor-id=\"6222\" class=\"elementor elementor-6222\" data-elementor-post-type=\"page\">\n\t\t\t\t<div class=\"elementor-element elementor-element-b72c8f5 e-flex e-con-boxed e-con e-parent\" data-id=\"b72c8f5\" data-element_type=\"container\" data-e-type=\"container\">\n\t\t\t\t\t<div class=\"e-con-inner\">\n\t\t\t\t<div class=\"elementor-element elementor-element-95bcad6 elementor-widget__width-initial elementor-widget elementor-widget-image\" data-id=\"95bcad6\" data-element_type=\"widget\" data-e-type=\"widget\" data-widget_type=\"image.default\">\n\t\t\t\t\t\t\t\t\t\t\t\t\t\t\t<img fetchpriority=\"high\" decoding=\"async\" width=\"2560\" height=\"1707\" src=\"https:\/\/www.hogo.cc\/wp-content\/uploads\/2025\/03\/DSC_0433-bearb-scaled.jpg\" class=\"attachment-full size-full wp-image-6227\" alt=\"Filozofia HOGO\" srcset=\"https:\/\/www.hogo.cc\/wp-content\/uploads\/2025\/03\/DSC_0433-bearb-scaled.jpg 2560w, https:\/\/www.hogo.cc\/wp-content\/uploads\/2025\/03\/DSC_0433-bearb-300x200.jpg 300w, https:\/\/www.hogo.cc\/wp-content\/uploads\/2025\/03\/DSC_0433-bearb-1024x683.jpg 1024w, https:\/\/www.hogo.cc\/wp-content\/uploads\/2025\/03\/DSC_0433-bearb-768x512.jpg 768w, https:\/\/www.hogo.cc\/wp-content\/uploads\/2025\/03\/DSC_0433-bearb-1536x1024.jpg 1536w, https:\/\/www.hogo.cc\/wp-content\/uploads\/2025\/03\/DSC_0433-bearb-2048x1366.jpg 2048w, https:\/\/www.hogo.cc\/wp-content\/uploads\/2025\/03\/DSC_0433-bearb-18x12.jpg 18w\" sizes=\"(max-width: 2560px) 100vw, 2560px\" \/>\t\t\t\t\t\t\t\t\t\t\t\t\t\t\t<\/div>\n\t\t\t\t<div class=\"elementor-element elementor-element-edadde8 elementor-widget elementor-widget-heading\" data-id=\"edadde8\" data-element_type=\"widget\" data-e-type=\"widget\" data-widget_type=\"heading.default\">\n\t\t\t\t\t<h1 class=\"elementor-heading-title elementor-size-default\">Filozofia HOGO<\/h1>\t\t\t\t<\/div>\n\t\t\t\t<div class=\"elementor-element elementor-element-4e6886d elementor-widget elementor-widget-heading\" data-id=\"4e6886d\" data-element_type=\"widget\" data-e-type=\"widget\" data-widget_type=\"heading.default\">\n\t\t\t\t\t<h2 class=\"elementor-heading-title elementor-size-default\">Wizja<\/h2>\t\t\t\t<\/div>\n\t\t\t\t<div class=\"elementor-element elementor-element-9cf1ad1 elementor-widget elementor-widget-text-editor\" data-id=\"9cf1ad1\" data-element_type=\"widget\" data-e-type=\"widget\" data-widget_type=\"text-editor.default\">\n\t\t\t\t\t\t\t\t\t<p>Naszym jasnym celem jest rozw\u00f3j - jako firma rodzinna staramy si\u0119 by\u0107 jednym z wiod\u0105cych dostawc\u00f3w leasingu pracowniczego w Austrii. Zr\u00f3wnowa\u017cony wzrost, odpowiedzialno\u015b\u0107 spo\u0142eczna i dynamiczna kultura korporacyjna to nasze zasady przewodnie. Tworzymy \u015brodowisko pracy, w kt\u00f3rym zar\u00f3wno pracownicy, jak i klienci czuj\u0105 si\u0119 komfortowo w d\u0142u\u017cszej perspektywie i mog\u0105 wsp\u00f3lnie z powodzeniem si\u0119 rozwija\u0107.<\/p>\t\t\t\t\t\t\t\t<\/div>\n\t\t\t\t<div class=\"elementor-element elementor-element-935a220 elementor-widget elementor-widget-heading\" data-id=\"935a220\" data-element_type=\"widget\" data-e-type=\"widget\" data-widget_type=\"heading.default\">\n\t\t\t\t\t<h2 class=\"elementor-heading-title elementor-size-default\">Misja<\/h2>\t\t\t\t<\/div>\n\t\t\t\t<div class=\"elementor-element elementor-element-566b243 elementor-widget elementor-widget-text-editor\" data-id=\"566b243\" data-element_type=\"widget\" data-e-type=\"widget\" data-widget_type=\"text-editor.default\">\n\t\t\t\t\t\t\t\t\t<p>Nasz\u0105 misj\u0105 jest obsadzenie ka\u017cdego stanowiska z pe\u0142nym zaanga\u017cowaniem i niestrudzonymi poszukiwaniami, umo\u017cliwiaj\u0105c w ten spos\u00f3b zr\u00f3wnowa\u017cony rozw\u00f3j naszej firmy, naszych pracownik\u00f3w i naszych klient\u00f3w. Zatrudniamy wykwalifikowanych pracownik\u00f3w szybko i elastycznie, aby jak najlepiej reagowa\u0107 na potrzeby. Zadowolenie i dobre samopoczucie wszystkich zaanga\u017cowanych os\u00f3b znajduj\u0105 si\u0119 w centrum wszystkiego, co robimy. Jako firma rodzinna stawiamy na uczciwo\u015b\u0107, przejrzysto\u015b\u0107 i komunikacj\u0119 na ka\u017cdym poziomie. Jeste\u015bmy niezawodnym partnerem dla naszych klient\u00f3w i zawsze dbamy o interesy naszych pracownik\u00f3w.<\/p>\t\t\t\t\t\t\t\t<\/div>\n\t\t\t\t<div class=\"elementor-element elementor-element-fdc3806 elementor-widget elementor-widget-heading\" data-id=\"fdc3806\" data-element_type=\"widget\" data-e-type=\"widget\" data-widget_type=\"heading.default\">\n\t\t\t\t\t<h2 class=\"elementor-heading-title elementor-size-default\">Strategia<\/h2>\t\t\t\t<\/div>\n\t\t\t\t<div class=\"elementor-element elementor-element-1650cda elementor-widget elementor-widget-heading\" data-id=\"1650cda\" data-element_type=\"widget\" data-e-type=\"widget\" data-widget_type=\"heading.default\">\n\t\t\t\t\t<h3 class=\"elementor-heading-title elementor-size-default\">Koncentracja na zr\u00f3wnowa\u017conym wzro\u015bcie<\/h3>\t\t\t\t<\/div>\n\t\t\t\t<div class=\"elementor-element elementor-element-5996741 elementor-widget elementor-widget-text-editor\" data-id=\"5996741\" data-element_type=\"widget\" data-e-type=\"widget\" data-widget_type=\"text-editor.default\">\n\t\t\t\t\t\t\t\t\t<p>Wykorzystujemy nowoczesne technologie i wydajne procesy w celu zwi\u0119kszenia szybko\u015bci i produktywno\u015bci. Naszym celem jest obsadzenie ka\u017cdego wakatu - szukamy tak d\u0142ugo, a\u017c znajdziemy idealne rozwi\u0105zanie. W ten spos\u00f3b pozostajemy niezawodnym partnerem dla firm i polegamy na znanym, ludzkim podej\u015bciu, kt\u00f3re koncentruje si\u0119 na indywidualnych potrzebach.<\/p>\t\t\t\t\t\t\t\t<\/div>\n\t\t\t\t<div class=\"elementor-element elementor-element-b4cf45d elementor-widget elementor-widget-heading\" data-id=\"b4cf45d\" data-element_type=\"widget\" data-e-type=\"widget\" data-widget_type=\"heading.default\">\n\t\t\t\t\t<h3 class=\"elementor-heading-title elementor-size-default\">Ekspansja rynkowa<\/h3>\t\t\t\t<\/div>\n\t\t\t\t<div class=\"elementor-element elementor-element-98d9a26 elementor-widget elementor-widget-text-editor\" data-id=\"98d9a26\" data-element_type=\"widget\" data-e-type=\"widget\" data-widget_type=\"text-editor.default\">\n\t\t\t\t\t\t\t\t\t<p>Kontynuujemy ukierunkowan\u0105 ekspansj\u0119 geograficzn\u0105 na nowe regiony lub kraje, w kt\u00f3rych istnieje du\u017ce zapotrzebowanie na elastyczne us\u0142ugi personalne.<\/p>\t\t\t\t\t\t\t\t<\/div>\n\t\t\t\t<div class=\"elementor-element elementor-element-32f97b1 elementor-widget elementor-widget-heading\" data-id=\"32f97b1\" data-element_type=\"widget\" data-e-type=\"widget\" data-widget_type=\"heading.default\">\n\t\t\t\t\t<h3 class=\"elementor-heading-title elementor-size-default\">Doskona\u0142a satysfakcja klienta<\/h3>\t\t\t\t<\/div>\n\t\t\t\t<div class=\"elementor-element elementor-element-21b507c elementor-widget elementor-widget-text-editor\" data-id=\"21b507c\" data-element_type=\"widget\" data-e-type=\"widget\" data-widget_type=\"text-editor.default\">\n\t\t\t\t\t\t\t\t\t<p>Szybko i elastycznie reagujemy na potrzeby rynku. Czyni\u0105c to, opieramy si\u0119 na bliskim i opartym na wsp\u00f3\u0142pracy partnerstwie z naszymi klientami. Dzi\u0119ki niestandardowym rozwi\u0105zaniom i wysokiej jako\u015bci us\u0142ug d\u0105\u017cymy do budowania d\u0142ugoterminowych i stabilnych relacji, kt\u00f3re tworz\u0105 warto\u015b\u0107 dla obu stron.<\/p>\t\t\t\t\t\t\t\t<\/div>\n\t\t\t\t<div class=\"elementor-element elementor-element-0371c0b elementor-widget elementor-widget-heading\" data-id=\"0371c0b\" data-element_type=\"widget\" data-e-type=\"widget\" data-widget_type=\"heading.default\">\n\t\t\t\t\t<h3 class=\"elementor-heading-title elementor-size-default\">Centrowanie pracownik\u00f3w<\/h3>\t\t\t\t<\/div>\n\t\t\t\t<div class=\"elementor-element elementor-element-ada8794 elementor-widget elementor-widget-text-editor\" data-id=\"ada8794\" data-element_type=\"widget\" data-e-type=\"widget\" data-widget_type=\"text-editor.default\">\n\t\t\t\t\t\t\t\t\t<p>Promujemy \u015brodowisko pracy, w kt\u00f3rym sprawiedliwo\u015b\u0107 spo\u0142eczna, uczciwo\u015b\u0107 i uznanie s\u0105 najwa\u017cniejsze. Zadowolenie naszych pracownik\u00f3w jest dla nas tak samo wa\u017cne, jak zadowolenie naszych klient\u00f3w. Nasi pracownicy powinni czu\u0107 si\u0119 doceniani i szanowani - to tworzy motywacj\u0119 i wysok\u0105 wydajno\u015b\u0107.<\/p>\t\t\t\t\t\t\t\t<\/div>\n\t\t\t\t<div class=\"elementor-element elementor-element-4a7c508 elementor-widget elementor-widget-heading\" data-id=\"4a7c508\" data-element_type=\"widget\" data-e-type=\"widget\" data-widget_type=\"heading.default\">\n\t\t\t\t\t<h3 class=\"elementor-heading-title elementor-size-default\">Atrakcyjny pracodawca<\/h3>\t\t\t\t<\/div>\n\t\t\t\t<div class=\"elementor-element elementor-element-cc9ec98 elementor-widget elementor-widget-text-editor\" data-id=\"cc9ec98\" data-element_type=\"widget\" data-e-type=\"widget\" data-widget_type=\"text-editor.default\">\n\t\t\t\t\t\t\t\t\t<p>Wierzymy w nowoczesne i przyjazne pracownikom \u015brodowisko pracy. Opr\u00f3cz uczciwego i atrakcyjnego wynagrodzenia oferujemy elastyczne godziny pracy z opcj\u0105 pracy z domu, regularne imprezy pracownicze i liczne inne korzy\u015bci, takie jak wsp\u00f3lne lunche. Naszym celem jest stworzenie motywuj\u0105cego i doceniaj\u0105cego \u015brodowiska, w kt\u00f3rym nasi pracownicy czuj\u0105 si\u0119 komfortowo i mog\u0105 w pe\u0142ni wykorzysta\u0107 sw\u00f3j potencja\u0142.<\/p>\t\t\t\t\t\t\t\t<\/div>\n\t\t\t\t<div class=\"elementor-element elementor-element-8a91831 elementor-widget elementor-widget-heading\" data-id=\"8a91831\" data-element_type=\"widget\" data-e-type=\"widget\" data-widget_type=\"heading.default\">\n\t\t\t\t\t<h3 class=\"elementor-heading-title elementor-size-default\">Wzmocnienie kultury rodzinnej<\/h3>\t\t\t\t<\/div>\n\t\t\t\t<div class=\"elementor-element elementor-element-921bb3f elementor-widget elementor-widget-text-editor\" data-id=\"921bb3f\" data-element_type=\"widget\" data-e-type=\"widget\" data-widget_type=\"text-editor.default\">\n\t\t\t\t\t\t\t\t\t<p>Jeste\u015bmy firm\u0105 rodzinn\u0105 i przywi\u0105zujemy du\u017c\u0105 wag\u0119 do kultury korporacyjnej opartej na przejrzysto\u015bci, zaufaniu i komunikacji na poziomie oczu. Tworzy to silne poczucie wsp\u00f3lnoty i pozwala nam skutecznie pozycjonowa\u0107 si\u0119 na coraz bardziej z\u0142o\u017conym rynku.<\/p>\t\t\t\t\t\t\t\t<\/div>\n\t\t\t\t<div class=\"elementor-element elementor-element-b22f2ba elementor-widget elementor-widget-heading\" data-id=\"b22f2ba\" data-element_type=\"widget\" data-e-type=\"widget\" data-widget_type=\"heading.default\">\n\t\t\t\t\t<h3 class=\"elementor-heading-title elementor-size-default\">Innowacyjno\u015b\u0107 i zdolno\u015b\u0107 adaptacji<\/h3>\t\t\t\t<\/div>\n\t\t\t\t<div class=\"elementor-element elementor-element-1eaa7f5 elementor-widget elementor-widget-text-editor\" data-id=\"1eaa7f5\" data-element_type=\"widget\" data-e-type=\"widget\" data-widget_type=\"text-editor.default\">\n\t\t\t\t\t\t\t\t\t<p>Chcemy elastycznie reagowa\u0107 na zmiany na dynamicznym rynku leasingu pracowniczego. W tym celu stawiamy na nowoczesne technologie, kt\u00f3re wspieraj\u0105 nas zar\u00f3wno w rekrutacji, jak i komunikacji z naszymi klientami i pracownikami.<\/p>\t\t\t\t\t\t\t\t<\/div>\n\t\t\t\t<div class=\"elementor-element elementor-element-6fca9a5 elementor-widget elementor-widget-heading\" data-id=\"6fca9a5\" data-element_type=\"widget\" data-e-type=\"widget\" data-widget_type=\"heading.default\">\n\t\t\t\t\t<h3 class=\"elementor-heading-title elementor-size-default\">Odpowiedzialno\u015b\u0107 spo\u0142eczna<\/h3>\t\t\t\t<\/div>\n\t\t\t\t<div class=\"elementor-element elementor-element-d1e6943 elementor-widget elementor-widget-text-editor\" data-id=\"d1e6943\" data-element_type=\"widget\" data-e-type=\"widget\" data-widget_type=\"text-editor.default\">\n\t\t\t\t\t\t\t\t\t<p>Bierzemy odpowiedzialno\u015b\u0107 za spo\u0142ecze\u0144stwo, nie tylko d\u0105\u017c\u0105c do sukcesu gospodarczego, ale tak\u017ce promuj\u0105c sprawiedliwo\u015b\u0107 spo\u0142eczn\u0105 poprzez ukierunkowane projekty i zaanga\u017cowanie. Znajduje to odzwierciedlenie nie tylko w sprawiedliwym wynagradzaniu naszych pracownik\u00f3w, ale tak\u017ce w naszym udziale w inicjatywach spo\u0142ecznych i charytatywnych.<\/p>\t\t\t\t\t\t\t\t<\/div>\n\t\t\t\t<div class=\"elementor-element elementor-element-a90543c elementor-widget elementor-widget-heading\" data-id=\"a90543c\" data-element_type=\"widget\" data-e-type=\"widget\" data-widget_type=\"heading.default\">\n\t\t\t\t\t<h3 class=\"elementor-heading-title elementor-size-default\">Zapewnienie jako\u015bci<\/h3>\t\t\t\t<\/div>\n\t\t\t\t<div class=\"elementor-element elementor-element-9763db1 elementor-widget elementor-widget-text-editor\" data-id=\"9763db1\" data-element_type=\"widget\" data-e-type=\"widget\" data-widget_type=\"text-editor.default\">\n\t\t\t\t\t\t\t\t\t<p>K\u0142adziemy nacisk na procesy ci\u0105g\u0142ego doskonalenia, aby zapewni\u0107 wysok\u0105 jako\u015b\u0107 us\u0142ug dla klient\u00f3w i pracownik\u00f3w. Obejmuje to mierzenie satysfakcji i szybkie dostosowywanie si\u0119 do zmieniaj\u0105cych si\u0119 warunk\u00f3w rynkowych.<\/p>\t\t\t\t\t\t\t\t<\/div>\n\t\t\t\t\t<\/div>\n\t\t\t\t<\/div>\n\t\t<div class=\"elementor-element elementor-element-7b47585 e-flex e-con-boxed e-con e-parent\" data-id=\"7b47585\" data-element_type=\"container\" data-e-type=\"container\">\n\t\t\t\t\t<div class=\"e-con-inner\">\n\t\t\t\t<div class=\"elementor-element elementor-element-0168567 elementor-widget elementor-widget-text-editor\" data-id=\"0168567\" data-element_type=\"widget\" data-e-type=\"widget\" data-widget_type=\"text-editor.default\">\n\t\t\t\t\t\t\t\t\t<p>Wsp\u00f3lnie kszta\u0142tujmy przysz\u0142o\u015b\u0107.<\/p>\t\t\t\t\t\t\t\t<\/div>\n\t\t\t\t\t<\/div>\n\t\t\t\t<\/div>\n\t\t<div class=\"elementor-element elementor-element-8918299 e-flex e-con-boxed e-con e-parent\" data-id=\"8918299\" data-element_type=\"container\" data-e-type=\"container\">\n\t\t\t\t\t<div class=\"e-con-inner\">\n\t\t\t\t<div class=\"elementor-element elementor-element-15d66ee elementor-widget elementor-widget-spacer\" data-id=\"15d66ee\" data-element_type=\"widget\" data-e-type=\"widget\" data-widget_type=\"spacer.default\">\n\t\t\t\t\t\t\t<div class=\"elementor-spacer\">\n\t\t\t<div class=\"elementor-spacer-inner\"><\/div>\n\t\t<\/div>\n\t\t\t\t\t\t<\/div>\n\t\t\t\t\t<\/div>\n\t\t\t\t<\/div>\n\t\t\t\t<\/div>","protected":false},"excerpt":{"rendered":"<p>Die HOGO Philosophie Vision Unser klares Ziel ist Wachstum \u2013 als familiengef\u00fchrtes Unternehmen streben wir danach, zu den f\u00fchrenden Anbietern der Arbeitskr\u00e4fte\u00fcberlassung in \u00d6sterreich zu geh\u00f6ren. Nachhaltiges Wachstum, soziale Verantwortung und eine dynamische Unternehmenskultur sind dabei unsere Leitprinzipien. Wir schaffen ein Arbeitsumfeld, in dem sich sowohl Mitarbeiter als auch Kunden langfristig wohlf\u00fchlen und gemeinsam erfolgreich [&hellip;]<\/p>\n","protected":false},"author":1,"featured_media":6227,"parent":0,"menu_order":0,"comment_status":"closed","ping_status":"closed","template":"","meta":{"footnotes":""},"class_list":["post-6222","page","type-page","status-publish","has-post-thumbnail","hentry"],"yoast_head":"<!-- This site is optimized with the Yoast SEO Premium plugin v27.5 (Yoast SEO v27.5) - https:\/\/yoast.com\/product\/yoast-seo-premium-wordpress\/ -->\n<title>HOGO Philosophie in der Arbeitskr\u00e4fte\u00fcberlassung | HOGO Jobs<\/title>\n<meta name=\"description\" content=\"Erfahren Sie mehr \u00fcber die HOGO Philosophie: nachhaltiges Wachstum, soziale Verantwortung und dynamische Unternehmenskultur.\" \/>\n<meta name=\"robots\" content=\"index, follow, max-snippet:-1, max-image-preview:large, max-video-preview:-1\" \/>\n<link rel=\"canonical\" href=\"https:\/\/www.hogo.cc\/pl\/filozofia\/\" \/>\n<meta property=\"og:locale\" content=\"pl_PL\" \/>\n<meta property=\"og:type\" content=\"article\" \/>\n<meta property=\"og:title\" content=\"Philosophie\" \/>\n<meta property=\"og:description\" content=\"Erfahren Sie mehr \u00fcber die HOGO Philosophie: nachhaltiges Wachstum, soziale Verantwortung und dynamische Unternehmenskultur.\" \/>\n<meta property=\"og:url\" content=\"https:\/\/www.hogo.cc\/pl\/filozofia\/\" \/>\n<meta property=\"og:site_name\" content=\"HOGO Jobs\" \/>\n<meta property=\"article:publisher\" content=\"https:\/\/www.facebook.com\/hogogruppe\" \/>\n<meta property=\"article:modified_time\" content=\"2025-09-11T05:20:41+00:00\" \/>\n<meta property=\"og:image\" content=\"http:\/\/www.hogo.cc\/wp-content\/uploads\/2025\/03\/DSC_0433-bearb-scaled.jpg\" \/>\n\t<meta property=\"og:image:width\" content=\"2560\" \/>\n\t<meta property=\"og:image:height\" content=\"1707\" \/>\n\t<meta property=\"og:image:type\" content=\"image\/jpeg\" \/>\n<meta name=\"twitter:card\" content=\"summary_large_image\" \/>\n<meta name=\"twitter:label1\" content=\"Szacowany czas czytania\" \/>\n\t<meta name=\"twitter:data1\" content=\"4 minuty\" \/>\n<script type=\"application\/ld+json\" class=\"yoast-schema-graph\">{\"@context\":\"https:\\\/\\\/schema.org\",\"@graph\":[{\"@type\":\"WebPage\",\"@id\":\"https:\\\/\\\/www.hogo.cc\\\/philosophie\",\"url\":\"https:\\\/\\\/www.hogo.cc\\\/philosophie\",\"name\":\"HOGO Philosophie in der Arbeitskr\u00e4fte\u00fcberlassung | HOGO Jobs\",\"isPartOf\":{\"@id\":\"https:\\\/\\\/www.hogo.cc\\\/#website\"},\"primaryImageOfPage\":{\"@id\":\"https:\\\/\\\/www.hogo.cc\\\/philosophie#primaryimage\"},\"image\":{\"@id\":\"https:\\\/\\\/www.hogo.cc\\\/philosophie#primaryimage\"},\"thumbnailUrl\":\"https:\\\/\\\/www.hogo.cc\\\/wp-content\\\/uploads\\\/2025\\\/03\\\/DSC_0433-bearb-scaled.jpg\",\"datePublished\":\"2025-03-31T08:45:24+00:00\",\"dateModified\":\"2025-09-11T05:20:41+00:00\",\"description\":\"Erfahren Sie mehr \u00fcber die HOGO Philosophie: nachhaltiges Wachstum, soziale Verantwortung und dynamische Unternehmenskultur.\",\"breadcrumb\":{\"@id\":\"https:\\\/\\\/www.hogo.cc\\\/philosophie#breadcrumb\"},\"inLanguage\":\"pl-PL\",\"potentialAction\":[{\"@type\":\"ReadAction\",\"target\":[\"https:\\\/\\\/www.hogo.cc\\\/philosophie\"]}]},{\"@type\":\"ImageObject\",\"inLanguage\":\"pl-PL\",\"@id\":\"https:\\\/\\\/www.hogo.cc\\\/philosophie#primaryimage\",\"url\":\"https:\\\/\\\/www.hogo.cc\\\/wp-content\\\/uploads\\\/2025\\\/03\\\/DSC_0433-bearb-scaled.jpg\",\"contentUrl\":\"https:\\\/\\\/www.hogo.cc\\\/wp-content\\\/uploads\\\/2025\\\/03\\\/DSC_0433-bearb-scaled.jpg\",\"width\":2560,\"height\":1707,\"caption\":\"HOGO Philosophie\"},{\"@type\":\"BreadcrumbList\",\"@id\":\"https:\\\/\\\/www.hogo.cc\\\/philosophie#breadcrumb\",\"itemListElement\":[{\"@type\":\"ListItem\",\"position\":1,\"name\":\"Startseite\",\"item\":\"https:\\\/\\\/www.hogo.cc\\\/\"},{\"@type\":\"ListItem\",\"position\":2,\"name\":\"Philosophie\"}]},{\"@type\":\"WebSite\",\"@id\":\"https:\\\/\\\/www.hogo.cc\\\/#website\",\"url\":\"https:\\\/\\\/www.hogo.cc\\\/\",\"name\":\"HOGO\",\"description\":\"Human Resource Management - Voll am Punkt.\",\"publisher\":{\"@id\":\"https:\\\/\\\/www.hogo.cc\\\/#organization\"},\"potentialAction\":[{\"@type\":\"SearchAction\",\"target\":{\"@type\":\"EntryPoint\",\"urlTemplate\":\"https:\\\/\\\/www.hogo.cc\\\/?s={search_term_string}\"},\"query-input\":{\"@type\":\"PropertyValueSpecification\",\"valueRequired\":true,\"valueName\":\"search_term_string\"}}],\"inLanguage\":\"pl-PL\"},{\"@type\":\"Organization\",\"@id\":\"https:\\\/\\\/www.hogo.cc\\\/#organization\",\"name\":\"Hogo\",\"url\":\"https:\\\/\\\/www.hogo.cc\\\/\",\"logo\":{\"@type\":\"ImageObject\",\"inLanguage\":\"pl-PL\",\"@id\":\"https:\\\/\\\/www.hogo.cc\\\/#\\\/schema\\\/logo\\\/image\\\/\",\"url\":\"https:\\\/\\\/www.hogo.cc\\\/wp-content\\\/uploads\\\/2024\\\/11\\\/logo.svg\",\"contentUrl\":\"https:\\\/\\\/www.hogo.cc\\\/wp-content\\\/uploads\\\/2024\\\/11\\\/logo.svg\",\"width\":133,\"height\":92,\"caption\":\"Hogo\"},\"image\":{\"@id\":\"https:\\\/\\\/www.hogo.cc\\\/#\\\/schema\\\/logo\\\/image\\\/\"},\"sameAs\":[\"https:\\\/\\\/www.facebook.com\\\/hogogruppe\"]}]}<\/script>\n<!-- \/ Yoast SEO Premium plugin. -->","yoast_head_json":{"title":"Filozofia HOGO w wynajmie pracownik\u00f3w | Praca HOGO","description":"Dowiedz si\u0119 wi\u0119cej o filozofii HOGO: zr\u00f3wnowa\u017cony rozw\u00f3j, odpowiedzialno\u015b\u0107 spo\u0142eczna i dynamiczna kultura firmy.","robots":{"index":"index","follow":"follow","max-snippet":"max-snippet:-1","max-image-preview":"max-image-preview:large","max-video-preview":"max-video-preview:-1"},"canonical":"https:\/\/www.hogo.cc\/pl\/filozofia\/","og_locale":"pl_PL","og_type":"article","og_title":"Philosophie","og_description":"Erfahren Sie mehr \u00fcber die HOGO Philosophie: nachhaltiges Wachstum, soziale Verantwortung und dynamische Unternehmenskultur.","og_url":"https:\/\/www.hogo.cc\/pl\/filozofia\/","og_site_name":"HOGO Jobs","article_publisher":"https:\/\/www.facebook.com\/hogogruppe","article_modified_time":"2025-09-11T05:20:41+00:00","og_image":[{"width":2560,"height":1707,"url":"http:\/\/www.hogo.cc\/wp-content\/uploads\/2025\/03\/DSC_0433-bearb-scaled.jpg","type":"image\/jpeg"}],"twitter_card":"summary_large_image","twitter_misc":{"Szacowany czas czytania":"4 minuty"},"schema":{"@context":"https:\/\/schema.org","@graph":[{"@type":"WebPage","@id":"https:\/\/www.hogo.cc\/philosophie","url":"https:\/\/www.hogo.cc\/philosophie","name":"Filozofia HOGO w wynajmie pracownik\u00f3w | Praca HOGO","isPartOf":{"@id":"https:\/\/www.hogo.cc\/#website"},"primaryImageOfPage":{"@id":"https:\/\/www.hogo.cc\/philosophie#primaryimage"},"image":{"@id":"https:\/\/www.hogo.cc\/philosophie#primaryimage"},"thumbnailUrl":"https:\/\/www.hogo.cc\/wp-content\/uploads\/2025\/03\/DSC_0433-bearb-scaled.jpg","datePublished":"2025-03-31T08:45:24+00:00","dateModified":"2025-09-11T05:20:41+00:00","description":"Dowiedz si\u0119 wi\u0119cej o filozofii HOGO: zr\u00f3wnowa\u017cony rozw\u00f3j, odpowiedzialno\u015b\u0107 spo\u0142eczna i dynamiczna kultura firmy.","breadcrumb":{"@id":"https:\/\/www.hogo.cc\/philosophie#breadcrumb"},"inLanguage":"pl-PL","potentialAction":[{"@type":"ReadAction","target":["https:\/\/www.hogo.cc\/philosophie"]}]},{"@type":"ImageObject","inLanguage":"pl-PL","@id":"https:\/\/www.hogo.cc\/philosophie#primaryimage","url":"https:\/\/www.hogo.cc\/wp-content\/uploads\/2025\/03\/DSC_0433-bearb-scaled.jpg","contentUrl":"https:\/\/www.hogo.cc\/wp-content\/uploads\/2025\/03\/DSC_0433-bearb-scaled.jpg","width":2560,"height":1707,"caption":"HOGO Philosophie"},{"@type":"BreadcrumbList","@id":"https:\/\/www.hogo.cc\/philosophie#breadcrumb","itemListElement":[{"@type":"ListItem","position":1,"name":"Startseite","item":"https:\/\/www.hogo.cc\/"},{"@type":"ListItem","position":2,"name":"Philosophie"}]},{"@type":"WebSite","@id":"https:\/\/www.hogo.cc\/#website","url":"https:\/\/www.hogo.cc\/","name":"HOGO","description":"Zarz\u0105dzanie zasobami ludzkimi - od razu do rzeczy.","publisher":{"@id":"https:\/\/www.hogo.cc\/#organization"},"potentialAction":[{"@type":"SearchAction","target":{"@type":"EntryPoint","urlTemplate":"https:\/\/www.hogo.cc\/?s={search_term_string}"},"query-input":{"@type":"PropertyValueSpecification","valueRequired":true,"valueName":"search_term_string"}}],"inLanguage":"pl-PL"},{"@type":"Organization","@id":"https:\/\/www.hogo.cc\/#organization","name":"Hogo","url":"https:\/\/www.hogo.cc\/","logo":{"@type":"ImageObject","inLanguage":"pl-PL","@id":"https:\/\/www.hogo.cc\/#\/schema\/logo\/image\/","url":"https:\/\/www.hogo.cc\/wp-content\/uploads\/2024\/11\/logo.svg","contentUrl":"https:\/\/www.hogo.cc\/wp-content\/uploads\/2024\/11\/logo.svg","width":133,"height":92,"caption":"Hogo"},"image":{"@id":"https:\/\/www.hogo.cc\/#\/schema\/logo\/image\/"},"sameAs":["https:\/\/www.facebook.com\/hogogruppe"]}]}},"_links":{"self":[{"href":"https:\/\/www.hogo.cc\/pl\/wp-json\/wp\/v2\/pages\/6222","targetHints":{"allow":["GET"]}}],"collection":[{"href":"https:\/\/www.hogo.cc\/pl\/wp-json\/wp\/v2\/pages"}],"about":[{"href":"https:\/\/www.hogo.cc\/pl\/wp-json\/wp\/v2\/types\/page"}],"author":[{"embeddable":true,"href":"https:\/\/www.hogo.cc\/pl\/wp-json\/wp\/v2\/users\/1"}],"replies":[{"embeddable":true,"href":"https:\/\/www.hogo.cc\/pl\/wp-json\/wp\/v2\/comments?post=6222"}],"version-history":[{"count":47,"href":"https:\/\/www.hogo.cc\/pl\/wp-json\/wp\/v2\/pages\/6222\/revisions"}],"predecessor-version":[{"id":10196,"href":"https:\/\/www.hogo.cc\/pl\/wp-json\/wp\/v2\/pages\/6222\/revisions\/10196"}],"wp:featuredmedia":[{"embeddable":true,"href":"https:\/\/www.hogo.cc\/pl\/wp-json\/wp\/v2\/media\/6227"}],"wp:attachment":[{"href":"https:\/\/www.hogo.cc\/pl\/wp-json\/wp\/v2\/media?parent=6222"}],"curies":[{"name":"wp","href":"https:\/\/api.w.org\/{rel}","templated":true}]}}