{"id":2822,"date":"2024-12-02T22:31:42","date_gmt":"2024-12-02T21:31:42","guid":{"rendered":"http:\/\/localhost\/?page_id=2822"},"modified":"2025-09-09T08:18:29","modified_gmt":"2025-09-09T06:18:29","slug":"lebenslauf-generator","status":"publish","type":"page","link":"https:\/\/www.hogo.cc\/pl\/lebenslauf-generator","title":{"rendered":"Generator CV"},"content":{"rendered":"<div data-elementor-type=\"wp-page\" data-elementor-id=\"2822\" class=\"elementor elementor-2822\" data-elementor-post-type=\"page\">\n\t\t\t\t<div class=\"elementor-element elementor-element-943d45f e-flex e-con-boxed e-con e-parent\" data-id=\"943d45f\" data-element_type=\"container\" data-e-type=\"container\" data-settings='{\"background_background\":\"classic\"}'>\n\t\t\t\t\t<div class=\"e-con-inner\">\n\t\t\t\t<div class=\"elementor-element elementor-element-37298e5 elementor-widget__width-initial elementor-widget elementor-widget-heading\" data-id=\"37298e5\" data-element_type=\"widget\" data-e-type=\"widget\" data-widget_type=\"heading.default\">\n\t\t\t\t\t<h1 class=\"elementor-heading-title elementor-size-default\">Lebenslaufgenerator<\/h1>\t\t\t\t<\/div>\n\t\t\t\t\t<\/div>\n\t\t\t\t<\/div>\n\t\t<div class=\"elementor-element elementor-element-a25e60c e-flex e-con-boxed e-con e-parent\" data-id=\"a25e60c\" data-element_type=\"container\" data-e-type=\"container\">\n\t\t\t\t\t<div class=\"e-con-inner\">\n\t\t\t\t<div class=\"elementor-element elementor-element-9c81859 elementor-widget elementor-widget-heading\" data-id=\"9c81859\" data-element_type=\"widget\" data-e-type=\"widget\" data-widget_type=\"heading.default\">\n\t\t\t\t\t<h2 class=\"elementor-heading-title elementor-size-default\">Erstelle deinen Lebenslauf online &ndash; einfach, schnell und kostenlos<\/h2>\t\t\t\t<\/div>\n\t\t\t\t<div class=\"elementor-element elementor-element-8fe5be7 elementor-widget elementor-widget-text-editor\" data-id=\"8fe5be7\" data-element_type=\"widget\" data-e-type=\"widget\" data-widget_type=\"text-editor.default\">\n\t\t\t\t\t\t\t\t\t<p data-start=\"323\" data-end=\"658\">Erstelle deinen Lebenslauf schnell und unkompliziert &ndash; direkt online mit dem <strong data-start=\"400\" data-end=\"433\">Lebenslaufgenerator HOGO Jobs<\/strong>. Unser kostenloses Tool unterst&uuml;tzt dich dabei, alle wichtigen Informationen f&uuml;r deine Bewerbung &uuml;bersichtlich und vollst&auml;ndig zusammenzustellen. Ganz ohne Word-Vorlagen, komplizierte Layouts oder spezielle Designkenntnisse.<\/p><p data-start=\"660\" data-end=\"1026\">Du brauchst nur wenige Minuten und einige Angaben zu deiner Person, Ausbildung, Berufserfahrung und deinen F&auml;higkeiten &ndash; schon ist dein Lebenslauf startklar. Das Tool f&uuml;hrt dich Schritt f&uuml;r Schritt durch den Prozess und stellt sicher, dass du nichts Wichtiges vergisst. Am Ende erh&auml;ltst du ein professionelles PDF, das du direkt f&uuml;r deine Bewerbung verwenden kannst.<\/p><p data-start=\"1028\" data-end=\"1359\">Egal ob du dich bei HOGO oder einem anderen Unternehmen bewerben m&ouml;chtest &ndash; ein gut strukturierter Lebenslauf ist der erste und wichtigste Schritt zum neuen Job. Mit dem <strong data-start=\"1198\" data-end=\"1231\">Lebenslaufgenerator HOGO Jobs<\/strong> sparst du Zeit, Aufwand und Nerven &ndash; besonders, wenn du keine Erfahrung mit Bewerbungsschreiben oder Lebenslaufgestaltung hast.<\/p><p data-start=\"1361\" data-end=\"1635\">Unser Lebenslaufgenerator ist ideal f&uuml;r alle, die schnell und einfach einen Lebenslauf brauchen: Berufseinsteiger, Quereinsteiger, Fachkr&auml;fte oder erfahrene Bewerber, die ihre Unterlagen aktualisieren m&ouml;chten. Du musst kein Profi sein, um dich professionell zu pr&auml;sentieren.<\/p><p data-start=\"1637\" data-end=\"1928\">Hast du deinen Lebenslauf fertig erstellt? Dann nutze die Gelegenheit und bewirb dich direkt bei HOGO! In unserem Jobportal findest du viele offene Stellen in Bereichen wie Produktion, Logistik, Pflege und mehr. Oder sende uns deine Initiativbewerbung &ndash; wir finden den Job, der zu dir passt.<\/p><p data-start=\"1930\" data-end=\"2029\">Starte jetzt mit dem <strong data-start=\"1951\" data-end=\"1984\">Lebenslaufgenerator HOGO Jobs<\/strong> &ndash; kostenlos, einfach und ohne Registrierung!<\/p>\t\t\t\t\t\t\t\t<\/div>\n\t\t<div class=\"elementor-element elementor-element-7a78d4a e-con-full e-flex e-con e-child\" data-id=\"7a78d4a\" data-element_type=\"container\" data-e-type=\"container\">\n\t\t\t\t<div class=\"elementor-element elementor-element-61ca250 elementor-widget__width-inherit elementor-button-align-stretch elementor-widget elementor-widget-form\" data-id=\"61ca250\" data-element_type=\"widget\" data-e-type=\"widget\" id=\"cv-form\" data-settings='{\"button_width\":\"20\",\"step_next_label\":\"Next\",\"step_previous_label\":\"Previous\",\"step_type\":\"number_text\",\"step_icon_shape\":\"circle\"}' data-widget_type=\"form.default\">\n\t\t\t\t\t\t\t<form class=\"elementor-form\" method=\"post\" name=\"Lebenslauf Builder\" aria-label=\"Lebenslauf Builder\">\n\t\t\t<input type=\"hidden\" name=\"post_id\" value=\"2822\">\n\t\t\t<input type=\"hidden\" name=\"form_id\" value=\"61ca250\">\n\t\t\t<input type=\"hidden\" name=\"referer_title\" value=\"HOGO Jobs\">\n\n\t\t\t\n\t\t\t<div class=\"elementor-form-fields-wrapper elementor-labels-above\">\n\t\t\t\t\t\t\t\t<fieldset class=\"elementor-column elementor-field-group\"><legend>Pers&ouml;nliche Daten<\/legend>\n\t\t\t\t\t\t\t\t<div class=\"elementor-field-type-upload elementor-field-group elementor-column elementor-field-group-image elementor-col-100 elementor-field-required elementor-mark-required\">\n\t\t\t\t\t\t\t\t\t\t\t\t<label for=\"form-field-image\" class=\"elementor-field-label\">\n\t\t\t\t\t\t\t\tBild\t\t\t\t\t\t\t<\/label>\n\t\t\t\t\t\t\t\t<input type=\"file\" name=\"form_fields[image]\" id=\"form-field-image\" class=\"elementor-field elementor-size-sm  elementor-upload-field\" required=\"required\">\n\n\t\t\t\t\t\t<\/div>\n\t\t\t\t\t\t\t\t<div class=\"elementor-field-type-text elementor-field-group elementor-column elementor-field-group-vorname elementor-col-50 elementor-field-required elementor-mark-required\">\n\t\t\t\t\t\t\t\t\t\t\t\t<label for=\"form-field-vorname\" class=\"elementor-field-label\">\n\t\t\t\t\t\t\t\tVorname\t\t\t\t\t\t\t<\/label>\n\t\t\t\t\t\t\t\t\t\t\t\t\t\t<input size=\"1\" type=\"text\" name=\"form_fields[vorname]\" id=\"form-field-vorname\" class=\"elementor-field elementor-size-sm  elementor-field-textual\" required=\"required\">\n\t\t\t\t\t\t\t\t\t\t\t<\/div>\n\t\t\t\t\t\t\t\t<div class=\"elementor-field-type-text elementor-field-group elementor-column elementor-field-group-nachname elementor-col-50 elementor-field-required elementor-mark-required\">\n\t\t\t\t\t\t\t\t\t\t\t\t<label for=\"form-field-nachname\" class=\"elementor-field-label\">\n\t\t\t\t\t\t\t\tNachname\t\t\t\t\t\t\t<\/label>\n\t\t\t\t\t\t\t\t\t\t\t\t\t\t<input size=\"1\" type=\"text\" name=\"form_fields[nachname]\" id=\"form-field-nachname\" class=\"elementor-field elementor-size-sm  elementor-field-textual\" required=\"required\">\n\t\t\t\t\t\t\t\t\t\t\t<\/div>\n\t\t\t\t\t\t\t\t<div class=\"elementor-field-type-date elementor-field-group elementor-column elementor-field-group-geburtsdatum elementor-col-50 elementor-field-required elementor-mark-required\">\n\t\t\t\t\t\t\t\t\t\t\t\t<label for=\"form-field-geburtsdatum\" class=\"elementor-field-label\">\n\t\t\t\t\t\t\t\tGeburtsdatum\t\t\t\t\t\t\t<\/label>\n\t\t\t\t\t\t\n\t\t<input type=\"date\" name=\"form_fields[geburtsdatum]\" id=\"form-field-geburtsdatum\" class=\"elementor-field elementor-size-sm  elementor-field-textual elementor-date-field elementor-use-native\" required=\"required\" pattern=\"[0-9]{4}-[0-9]{2}-[0-9]{2}\">\n\t\t\t\t\t\t<\/div>\n\t\t\t\t\t\t\t\t<div class=\"elementor-field-type-text elementor-field-group elementor-column elementor-field-group-strasse elementor-col-50 elementor-field-required elementor-mark-required\">\n\t\t\t\t\t\t\t\t\t\t\t\t<label for=\"form-field-strasse\" class=\"elementor-field-label\">\n\t\t\t\t\t\t\t\tStra&szlig;e\t\t\t\t\t\t\t<\/label>\n\t\t\t\t\t\t\t\t\t\t\t\t\t\t<input size=\"1\" type=\"text\" name=\"form_fields[strasse]\" id=\"form-field-strasse\" class=\"elementor-field elementor-size-sm  elementor-field-textual\" required=\"required\">\n\t\t\t\t\t\t\t\t\t\t\t<\/div>\n\t\t\t\t\t\t\t\t<div class=\"elementor-field-type-text elementor-field-group elementor-column elementor-field-group-plz elementor-col-50 elementor-field-required elementor-mark-required\">\n\t\t\t\t\t\t\t\t\t\t\t\t<label for=\"form-field-plz\" class=\"elementor-field-label\">\n\t\t\t\t\t\t\t\tPLZ\t\t\t\t\t\t\t<\/label>\n\t\t\t\t\t\t\t\t\t\t\t\t\t\t<input size=\"1\" type=\"text\" name=\"form_fields[plz]\" id=\"form-field-plz\" class=\"elementor-field elementor-size-sm  elementor-field-textual\" required=\"required\">\n\t\t\t\t\t\t\t\t\t\t\t<\/div>\n\t\t\t\t\t\t\t\t<div class=\"elementor-field-type-text elementor-field-group elementor-column elementor-field-group-stadt elementor-col-50 elementor-field-required elementor-mark-required\">\n\t\t\t\t\t\t\t\t\t\t\t\t<label for=\"form-field-stadt\" class=\"elementor-field-label\">\n\t\t\t\t\t\t\t\tStadt\t\t\t\t\t\t\t<\/label>\n\t\t\t\t\t\t\t\t\t\t\t\t\t\t<input size=\"1\" type=\"text\" name=\"form_fields[stadt]\" id=\"form-field-stadt\" class=\"elementor-field elementor-size-sm  elementor-field-textual\" required=\"required\">\n\t\t\t\t\t\t\t\t\t\t\t<\/div>\n\t\t\t\t\t\t\t\t<div class=\"elementor-field-type-tel elementor-field-group elementor-column elementor-field-group-tel elementor-col-50 elementor-field-required elementor-mark-required\">\n\t\t\t\t\t\t\t\t\t\t\t\t<label for=\"form-field-tel\" class=\"elementor-field-label\">\n\t\t\t\t\t\t\t\tTel.\t\t\t\t\t\t\t<\/label>\n\t\t\t\t\t\t\t\t<input size=\"1\" type=\"tel\" name=\"form_fields[tel]\" id=\"form-field-tel\" class=\"elementor-field elementor-size-sm  elementor-field-textual\" required=\"required\" pattern=\"[0-9()#&amp;+*-=.]+\" title=\"Akceptowane s&#261; jedynie cyfry i znaki telefoniczne (#,-,*).\">\n\n\t\t\t\t\t\t<\/div>\n\t\t\t\t\t\t\t\t<div class=\"elementor-field-type-text elementor-field-group elementor-column elementor-field-group-mail elementor-col-50 elementor-field-required elementor-mark-required\">\n\t\t\t\t\t\t\t\t\t\t\t\t<label for=\"form-field-mail\" class=\"elementor-field-label\">\n\t\t\t\t\t\t\t\tE-Mail\t\t\t\t\t\t\t<\/label>\n\t\t\t\t\t\t\t\t\t\t\t\t\t\t<input size=\"1\" type=\"text\" name=\"form_fields[mail]\" id=\"form-field-mail\" class=\"elementor-field elementor-size-sm  elementor-field-textual\" required=\"required\">\n\t\t\t\t\t\t\t\t\t\t\t<\/div>\n\t\t\t\t\t\t\t\t<\/fieldset>\n\t\t\t\t\t\t\t\t<fieldset class=\"elementor-column elementor-field-group\"><legend>Qualifikationen<\/legend>\n\t\t\t\t\t\t\t\t<div class=\"elementor-field-type-multiple_group elementor-field-group elementor-column elementor-field-group-ausbildung elementor-col-100\">\n\t\t\t\t\t\t\t\t\t\t\t\t<label for=\"form-field-ausbildung\" class=\"elementor-field-label\">\n\t\t\t\t\t\t\t\tAusbildung\t\t\t\t\t\t\t<\/label>\n\t\t\t\t\t\t<div class=\"elementor-multiple-group-field-wrp field-wrp single-item\" data-max=\"-1\">\n      <div class=\"elementor-multiple-group-field-item field-item\">\n      <div class=\"elementor-multiple-group-field-item-inner\">\n        <input type=\"text\" placeholder=\"Zeitraum\" name=\"form_fields[ausbildung][0][time]\" class=\"elementor-field elementor-size-sm \" data-name=\"form_fields[ausbildung]\">\n        <input type=\"text\" placeholder=\"&Uuml;berschrift\" name=\"form_fields[ausbildung][0][title]\" class=\"elementor-field elementor-size-sm \" data-name=\"form_fields[ausbildung]\">\n      <\/div>\n      <div class=\"elementor-multiple-group-field-item-textarea\">\n        <textarea rows=\"5\" name=\"form_fields[ausbildung][0][text]\" class=\"elementor-field elementor-size-sm \" data-name=\"form_fields[ausbildung]\"><\/textarea>\n      <\/div>\n    <\/div>\n  <\/div>\n<div class=\"add button\">\n  Hinzuf&uuml;gen<\/div>\n\t\t\t\t<\/div>\n\t\t\t\t\t\t\t\t<div class=\"elementor-field-type-multiple_group elementor-field-group elementor-column elementor-field-group-berufserfahrung elementor-col-100\">\n\t\t\t\t\t\t\t\t\t\t\t\t<label for=\"form-field-berufserfahrung\" class=\"elementor-field-label\">\n\t\t\t\t\t\t\t\tBerufserfahrung\t\t\t\t\t\t\t<\/label>\n\t\t\t\t\t\t<div class=\"elementor-multiple-group-field-wrp field-wrp single-item\" data-max=\"-1\">\n      <div class=\"elementor-multiple-group-field-item field-item\">\n      <div class=\"elementor-multiple-group-field-item-inner\">\n        <input type=\"text\" placeholder=\"Zeitraum\" name=\"form_fields[berufserfahrung][0][time]\" class=\"elementor-field elementor-size-sm \" data-name=\"form_fields[berufserfahrung]\">\n        <input type=\"text\" placeholder=\"&Uuml;berschrift\" name=\"form_fields[berufserfahrung][0][title]\" class=\"elementor-field elementor-size-sm \" data-name=\"form_fields[berufserfahrung]\">\n      <\/div>\n      <div class=\"elementor-multiple-group-field-item-textarea\">\n        <textarea rows=\"5\" name=\"form_fields[berufserfahrung][0][text]\" class=\"elementor-field elementor-size-sm \" data-name=\"form_fields[berufserfahrung]\"><\/textarea>\n      <\/div>\n    <\/div>\n  <\/div>\n<div class=\"add button\">\n  Hinzuf&uuml;gen<\/div>\n\t\t\t\t<\/div>\n\t\t\t\t\t\t\t\t<div class=\"elementor-field-type-multiple_text elementor-field-group elementor-column elementor-field-group-kenntnisse elementor-col-100\">\n\t\t\t\t\t\t\t\t\t\t\t\t<label for=\"form-field-kenntnisse\" class=\"elementor-field-label\">\n\t\t\t\t\t\t\t\tKenntnisse\t\t\t\t\t\t\t<\/label>\n\t\t\t\t\t\t<div class=\"elementor-multiple-text-field-wrp field-wrp single-item\" data-max=\"-1\">\n      <div class=\"elementor-multiple-text-field-item field-item\">\n      <input name=\"form_fields[kenntnisse][0]\" type=\"text\" id=\"form-field-kenntnisse\" class=\"elementor-field elementor-size-sm \" data-name=\"form_fields[kenntnisse]\">\n    <\/div>\n  <\/div>\n<div class=\"add button\">\n  Hinzuf&uuml;gen<\/div>\n\t\t\t\t<\/div>\n\t\t\t\t\t\t\t\t<\/fieldset>\n\t\t\t\t\t\t\t\t<div class=\"elementor-field-type-hcaptcha elementor-field-group elementor-column elementor-field-group-field_b99b4a5 elementor-col-100\">\n\t\t\t\t\t<div class=\"elementor-field\" id=\"form-field-field_b99b4a5\"><div class=\"elementor-hcaptcha\">\t\t<input type=\"hidden\" class=\"hcaptcha-widget-id\" name=\"hcaptcha-widget-id\" value=\"eyJzb3VyY2UiOlsiZWxlbWVudG9yLXByb1wvZWxlbWVudG9yLXByby5waHAiXSwiZm9ybV9pZCI6MH0=-e9c901f9c273d13ed26548a44ecbdb87\">\n\t\t\t\t<h-captcha class=\"h-captcha\" data-sitekey=\"95445cfe-1620-4724-994a-c7bb1d86b8e5\" data-theme=\"light\" data-size=\"normal\" data-auto=\"false\" data-ajax=\"false\" data-force=\"false\">\n\t\t<\/h-captcha>\n\t\t<\/div><\/div>\t\t\t\t<\/div>\n\t\t\t\t\t\t\t\t<div class=\"elementor-field-group elementor-column elementor-field-type-submit elementor-col-20 e-form__buttons\">\n\t\t\t\t\t<button class=\"elementor-button elementor-size-sm\" type=\"submit\">\n\t\t\t\t\t\t<span class=\"elementor-button-content-wrapper\">\n\t\t\t\t\t\t\t\t\t\t\t\t\t\t\t\t\t\t\t\t\t\t<span class=\"elementor-button-text\">Absenden<\/span>\n\t\t\t\t\t\t\t\t\t\t\t\t\t<\/span>\n\t\t\t\t\t<\/button>\n\t\t\t\t<\/div>\n\t\t\t<\/div>\n\t\t<\/form>\n\t\t\t\t\t\t<\/div>\n\t\t\t\t<div class=\"elementor-element elementor-element-11f64c6 elementor-widget elementor-widget-text-editor\" data-id=\"11f64c6\" data-element_type=\"widget\" data-e-type=\"widget\" data-widget_type=\"text-editor.default\">\n\t\t\t\t\t\t\t\t\t<p><strong data-start=\"239\" data-end=\"356\">Lebenslauf erfolgreich erstellt? Dann nutze deine Chance und bewirb dich direkt auf eine unserer offenen Stellen!<\/strong><\/p><p><br data-start=\"356\" data-end=\"359\">Bei HOGO warten vielf&auml;ltige Jobs in ganz &Ouml;sterreich auf dich &ndash; in Produktion, Logistik, Pflege und vielen weiteren Bereichen. Starte jetzt deine Karriere!<\/p>\t\t\t\t\t\t\t\t<\/div>\n\t\t\t\t<\/div>\n\t\t\t\t<div class=\"elementor-element elementor-element-e58c10c elementor-widget elementor-widget-button\" data-id=\"e58c10c\" data-element_type=\"widget\" data-e-type=\"widget\" data-widget_type=\"button.default\">\n\t\t\t\t\t\t\t\t\t\t<a class=\"elementor-button elementor-button-link elementor-size-sm\" href=\"https:\/\/hogo.cc\/job\" target=\"_blank\">\n\t\t\t\t\t\t<span class=\"elementor-button-content-wrapper\">\n\t\t\t\t\t\t\t\t\t<span class=\"elementor-button-text\">Jetzt bewerben.<\/span>\n\t\t\t\t\t<\/span>\n\t\t\t\t\t<\/a>\n\t\t\t\t\t\t\t\t<\/div>\n\t\t\t\t\t<\/div>\n\t\t\t\t<\/div>\n\t\t\t\t<\/div>\n","protected":false},"excerpt":{"rendered":"<p>Lebenslaufgenerator Erstelle deinen Lebenslauf online \u2013 einfach, schnell und kostenlos Erstelle deinen Lebenslauf schnell und unkompliziert \u2013 direkt online mit dem Lebenslaufgenerator HOGO Jobs. Unser kostenloses Tool unterst\u00fctzt dich dabei, alle wichtigen Informationen f\u00fcr deine Bewerbung \u00fcbersichtlich und vollst\u00e4ndig zusammenzustellen. Ganz ohne Word-Vorlagen, komplizierte Layouts oder spezielle Designkenntnisse. Du brauchst nur wenige Minuten und einige [&hellip;]<\/p>\n","protected":false},"author":1,"featured_media":0,"parent":0,"menu_order":0,"comment_status":"closed","ping_status":"closed","template":"","meta":{"footnotes":""},"class_list":["post-2822","page","type-page","status-publish","hentry"],"yoast_head":"<!-- This site is optimized with the Yoast SEO Premium plugin v27.3 (Yoast SEO v27.3) - https:\/\/yoast.com\/product\/yoast-seo-premium-wordpress\/ -->\n<title>Lebenslaufgenerator HOGO Jobs schnell nutzen | HOGO Jobs<\/title>\n<meta name=\"description\" content=\"Erstelle deinen Lebenslauf mit dem Lebenslaufgenerator HOGO Jobs. Schnell, unkompliziert und kostenlos online.\" \/>\n<meta name=\"robots\" content=\"index, follow, max-snippet:-1, max-image-preview:large, max-video-preview:-1\" \/>\n<link rel=\"canonical\" href=\"https:\/\/www.hogo.cc\/pl\/lebenslauf-generator\/\" \/>\n<meta property=\"og:locale\" content=\"pl_PL\" \/>\n<meta property=\"og:type\" content=\"article\" \/>\n<meta property=\"og:title\" content=\"Lebenslauf Generator\" \/>\n<meta property=\"og:description\" content=\"Erstelle deinen Lebenslauf mit dem Lebenslaufgenerator HOGO Jobs. Schnell, unkompliziert und kostenlos online.\" \/>\n<meta property=\"og:url\" content=\"https:\/\/www.hogo.cc\/pl\/lebenslauf-generator\/\" \/>\n<meta property=\"og:site_name\" content=\"HOGO Jobs\" \/>\n<meta property=\"article:publisher\" content=\"https:\/\/www.facebook.com\/hogogruppe\" \/>\n<meta property=\"article:modified_time\" content=\"2025-09-09T06:18:29+00:00\" \/>\n<meta name=\"twitter:card\" content=\"summary_large_image\" \/>\n<meta name=\"twitter:label1\" content=\"Szacowany czas czytania\" \/>\n\t<meta name=\"twitter:data1\" content=\"2 minuty\" \/>\n<script type=\"application\/ld+json\" class=\"yoast-schema-graph\">{\"@context\":\"https:\\\/\\\/schema.org\",\"@graph\":[{\"@type\":\"WebPage\",\"@id\":\"https:\\\/\\\/www.hogo.cc\\\/lebenslauf-generator\",\"url\":\"https:\\\/\\\/www.hogo.cc\\\/lebenslauf-generator\",\"name\":\"Lebenslaufgenerator HOGO Jobs schnell nutzen | HOGO Jobs\",\"isPartOf\":{\"@id\":\"https:\\\/\\\/www.hogo.cc\\\/#website\"},\"datePublished\":\"2024-12-02T21:31:42+00:00\",\"dateModified\":\"2025-09-09T06:18:29+00:00\",\"description\":\"Erstelle deinen Lebenslauf mit dem Lebenslaufgenerator HOGO Jobs. Schnell, unkompliziert und kostenlos online.\",\"breadcrumb\":{\"@id\":\"https:\\\/\\\/www.hogo.cc\\\/lebenslauf-generator#breadcrumb\"},\"inLanguage\":\"pl-PL\",\"potentialAction\":[{\"@type\":\"ReadAction\",\"target\":[\"https:\\\/\\\/www.hogo.cc\\\/lebenslauf-generator\"]}]},{\"@type\":\"BreadcrumbList\",\"@id\":\"https:\\\/\\\/www.hogo.cc\\\/lebenslauf-generator#breadcrumb\",\"itemListElement\":[{\"@type\":\"ListItem\",\"position\":1,\"name\":\"Startseite\",\"item\":\"https:\\\/\\\/www.hogo.cc\\\/\"},{\"@type\":\"ListItem\",\"position\":2,\"name\":\"Lebenslauf Generator\"}]},{\"@type\":\"WebSite\",\"@id\":\"https:\\\/\\\/www.hogo.cc\\\/#website\",\"url\":\"https:\\\/\\\/www.hogo.cc\\\/\",\"name\":\"HOGO\",\"description\":\"Human Resource Management - Voll am Punkt.\",\"publisher\":{\"@id\":\"https:\\\/\\\/www.hogo.cc\\\/#organization\"},\"potentialAction\":[{\"@type\":\"SearchAction\",\"target\":{\"@type\":\"EntryPoint\",\"urlTemplate\":\"https:\\\/\\\/www.hogo.cc\\\/?s={search_term_string}\"},\"query-input\":{\"@type\":\"PropertyValueSpecification\",\"valueRequired\":true,\"valueName\":\"search_term_string\"}}],\"inLanguage\":\"pl-PL\"},{\"@type\":\"Organization\",\"@id\":\"https:\\\/\\\/www.hogo.cc\\\/#organization\",\"name\":\"Hogo\",\"url\":\"https:\\\/\\\/www.hogo.cc\\\/\",\"logo\":{\"@type\":\"ImageObject\",\"inLanguage\":\"pl-PL\",\"@id\":\"https:\\\/\\\/www.hogo.cc\\\/#\\\/schema\\\/logo\\\/image\\\/\",\"url\":\"https:\\\/\\\/www.hogo.cc\\\/wp-content\\\/uploads\\\/2024\\\/11\\\/logo.svg\",\"contentUrl\":\"https:\\\/\\\/www.hogo.cc\\\/wp-content\\\/uploads\\\/2024\\\/11\\\/logo.svg\",\"width\":133,\"height\":92,\"caption\":\"Hogo\"},\"image\":{\"@id\":\"https:\\\/\\\/www.hogo.cc\\\/#\\\/schema\\\/logo\\\/image\\\/\"},\"sameAs\":[\"https:\\\/\\\/www.facebook.com\\\/hogogruppe\"]}]}<\/script>\n<!-- \/ Yoast SEO Premium plugin. -->","yoast_head_json":{"title":"Lebenslaufgenerator HOGO Jobs schnell nutzen | HOGO Jobs","description":"Erstelle deinen Lebenslauf mit dem Lebenslaufgenerator HOGO Jobs. Schnell, unkompliziert und kostenlos online.","robots":{"index":"index","follow":"follow","max-snippet":"max-snippet:-1","max-image-preview":"max-image-preview:large","max-video-preview":"max-video-preview:-1"},"canonical":"https:\/\/www.hogo.cc\/pl\/lebenslauf-generator\/","og_locale":"pl_PL","og_type":"article","og_title":"Lebenslauf Generator","og_description":"Erstelle deinen Lebenslauf mit dem Lebenslaufgenerator HOGO Jobs. Schnell, unkompliziert und kostenlos online.","og_url":"https:\/\/www.hogo.cc\/pl\/lebenslauf-generator\/","og_site_name":"HOGO Jobs","article_publisher":"https:\/\/www.facebook.com\/hogogruppe","article_modified_time":"2025-09-09T06:18:29+00:00","twitter_card":"summary_large_image","twitter_misc":{"Szacowany czas czytania":"2 minuty"},"schema":{"@context":"https:\/\/schema.org","@graph":[{"@type":"WebPage","@id":"https:\/\/www.hogo.cc\/lebenslauf-generator","url":"https:\/\/www.hogo.cc\/lebenslauf-generator","name":"Lebenslaufgenerator HOGO Jobs schnell nutzen | HOGO Jobs","isPartOf":{"@id":"https:\/\/www.hogo.cc\/#website"},"datePublished":"2024-12-02T21:31:42+00:00","dateModified":"2025-09-09T06:18:29+00:00","description":"Erstelle deinen Lebenslauf mit dem Lebenslaufgenerator HOGO Jobs. Schnell, unkompliziert und kostenlos online.","breadcrumb":{"@id":"https:\/\/www.hogo.cc\/lebenslauf-generator#breadcrumb"},"inLanguage":"pl-PL","potentialAction":[{"@type":"ReadAction","target":["https:\/\/www.hogo.cc\/lebenslauf-generator"]}]},{"@type":"BreadcrumbList","@id":"https:\/\/www.hogo.cc\/lebenslauf-generator#breadcrumb","itemListElement":[{"@type":"ListItem","position":1,"name":"Startseite","item":"https:\/\/www.hogo.cc\/"},{"@type":"ListItem","position":2,"name":"Lebenslauf Generator"}]},{"@type":"WebSite","@id":"https:\/\/www.hogo.cc\/#website","url":"https:\/\/www.hogo.cc\/","name":"HOGO","description":"Zarz\u0105dzanie zasobami ludzkimi - od razu do rzeczy.","publisher":{"@id":"https:\/\/www.hogo.cc\/#organization"},"potentialAction":[{"@type":"SearchAction","target":{"@type":"EntryPoint","urlTemplate":"https:\/\/www.hogo.cc\/?s={search_term_string}"},"query-input":{"@type":"PropertyValueSpecification","valueRequired":true,"valueName":"search_term_string"}}],"inLanguage":"pl-PL"},{"@type":"Organization","@id":"https:\/\/www.hogo.cc\/#organization","name":"Hogo","url":"https:\/\/www.hogo.cc\/","logo":{"@type":"ImageObject","inLanguage":"pl-PL","@id":"https:\/\/www.hogo.cc\/#\/schema\/logo\/image\/","url":"https:\/\/www.hogo.cc\/wp-content\/uploads\/2024\/11\/logo.svg","contentUrl":"https:\/\/www.hogo.cc\/wp-content\/uploads\/2024\/11\/logo.svg","width":133,"height":92,"caption":"Hogo"},"image":{"@id":"https:\/\/www.hogo.cc\/#\/schema\/logo\/image\/"},"sameAs":["https:\/\/www.facebook.com\/hogogruppe"]}]}},"_links":{"self":[{"href":"https:\/\/www.hogo.cc\/pl\/wp-json\/wp\/v2\/pages\/2822","targetHints":{"allow":["GET"]}}],"collection":[{"href":"https:\/\/www.hogo.cc\/pl\/wp-json\/wp\/v2\/pages"}],"about":[{"href":"https:\/\/www.hogo.cc\/pl\/wp-json\/wp\/v2\/types\/page"}],"author":[{"embeddable":true,"href":"https:\/\/www.hogo.cc\/pl\/wp-json\/wp\/v2\/users\/1"}],"replies":[{"embeddable":true,"href":"https:\/\/www.hogo.cc\/pl\/wp-json\/wp\/v2\/comments?post=2822"}],"version-history":[{"count":162,"href":"https:\/\/www.hogo.cc\/pl\/wp-json\/wp\/v2\/pages\/2822\/revisions"}],"predecessor-version":[{"id":10030,"href":"https:\/\/www.hogo.cc\/pl\/wp-json\/wp\/v2\/pages\/2822\/revisions\/10030"}],"wp:attachment":[{"href":"https:\/\/www.hogo.cc\/pl\/wp-json\/wp\/v2\/media?parent=2822"}],"curies":[{"name":"wp","href":"https:\/\/api.w.org\/{rel}","templated":true}]}}