{"id":2241,"date":"2024-11-28T23:29:20","date_gmt":"2024-11-28T22:29:20","guid":{"rendered":"http:\/\/localhost\/?page_id=2241"},"modified":"2025-09-11T06:47:48","modified_gmt":"2025-09-11T04:47:48","slug":"jobalarm-erstellen","status":"publish","type":"page","link":"https:\/\/www.hogo.cc\/pl\/jobalarm-erstellen","title":{"rendered":"Utw\u00f3rz powiadomienie o pracy"},"content":{"rendered":"<div data-elementor-type=\"wp-page\" data-elementor-id=\"2241\" class=\"elementor elementor-2241\" data-elementor-post-type=\"page\">\n\t\t\t\t<div class=\"elementor-element elementor-element-0010ee3 e-flex e-con-boxed e-con e-parent\" data-id=\"0010ee3\" data-element_type=\"container\" data-e-type=\"container\" data-settings='{\"background_background\":\"classic\"}'>\n\t\t\t\t\t<div class=\"e-con-inner\">\n\t\t\t\t<div class=\"elementor-element elementor-element-c36189e elementor-widget__width-initial elementor-widget elementor-widget-heading\" data-id=\"c36189e\" data-element_type=\"widget\" data-e-type=\"widget\" data-widget_type=\"heading.default\">\n\t\t\t\t\t<h1 class=\"elementor-heading-title elementor-size-default\">Utw\u00f3rz powiadomienie o pracy<\/h1>\t\t\t\t<\/div>\n\t\t\t\t\t<\/div>\n\t\t\t\t<\/div>\n\t\t<div class=\"elementor-element elementor-element-2bcff6d e-flex e-con-boxed e-con e-parent\" data-id=\"2bcff6d\" data-element_type=\"container\" data-e-type=\"container\" id=\"job-alarm-default-text\">\n\t\t\t\t\t<div class=\"e-con-inner\">\n\t\t\t\t<div class=\"elementor-element elementor-element-7cb0c7e elementor-widget elementor-widget-heading\" data-id=\"7cb0c7e\" data-element_type=\"widget\" data-e-type=\"widget\" data-widget_type=\"heading.default\">\n\t\t\t\t\t<h2 class=\"elementor-heading-title elementor-size-default\">Jak dzia\u0142a powiadomienie o pracy<\/h2>\t\t\t\t<\/div>\n\t\t\t\t<div class=\"elementor-element elementor-element-709697c elementor-widget elementor-widget-text-editor\" data-id=\"709697c\" data-element_type=\"widget\" data-e-type=\"widget\" data-widget_type=\"text-editor.default\">\n\t\t\t\t\t\t\t\t\t<p>Szukasz pracy i chcesz mie\u0107 pewno\u015b\u0107, \u017ce nie przegapisz swojej wymarzonej posady? <b>Nast\u0119pnie<\/b> mamy dla Ciebie idealne rozwi\u0105zanie: Aktywuj <b>Powiadomienie o pracy<\/b> w centrum pracy HOGO! Wystarczy kilka klikni\u0119\u0107, aby by\u0107 na bie\u017c\u0105co i nigdy nie przegapi\u0107 okazji, kt\u00f3ra Ci odpowiada.<\/p><p><b>Poniewa\u017c<\/b> w <b>Powiadomienie o pracy<\/b> jest Twoim osobistym asystentem w poszukiwaniu pracy. Pracuje dla Ciebie, <b>podczas gdy<\/b> mo\u017cesz skoncentrowa\u0107 si\u0119 na innych rzeczach. <b>The<\/b> jest wyj\u0105tkowo \u0142atwe i pozwala zaoszcz\u0119dzi\u0107 cenny czas. Nie musisz ju\u017c codziennie przegl\u0105da\u0107 Internetu i szuka\u0107 nowych ofert pracy. <b>Zamiast tego<\/b> Otrzymasz wszystkie odpowiednie oferty pracy bezpo\u015brednio poczt\u0105 elektroniczn\u0105, gdy tylko stan\u0105 si\u0119 dost\u0119pne.<\/p><p>Aktywacja jest bardzo prosta: wprowadzasz po\u017c\u0105dane kryteria - takie jak preferowany sektor, lokalizacja lub oczekiwania p\u0142acowe. <b>Nast\u0119pnie<\/b> Nasz system zadba o znalezienie najlepszych ofert pracy dla Ciebie. <b>Wi\u0119c<\/b> B\u0119dziesz otrzymywa\u0107 spersonalizowane powiadomienia, kt\u00f3re s\u0105 dok\u0142adnie dostosowane do Twoich potrzeb.<\/p><p><b>Nie ma znaczenia<\/b> Niezale\u017cnie od tego, czy pracujesz w przemy\u015ble, w sektorze komercyjnym, czy w innym sektorze <b>Powiadomienie o pracy<\/b> znajduje odpowiednie oferty pracy. Jest to niezb\u0119dne narz\u0119dzie dla ka\u017cdego, kto chce aktywnie rozwija\u0107 swoj\u0105 karier\u0119. <b>Ponadto<\/b> w <b>Powiadomienie o pracy<\/b> od poczucia, \u017ce przegapi\u0142o si\u0119 wa\u017cn\u0105 okazj\u0119. Otrzymasz powiadomienie, <b>przed<\/b> innych potencjalnych kandydat\u00f3w na to stanowisko. <b>Tym samym<\/b> masz mo\u017cliwo\u015b\u0107 szybkiego z\u0142o\u017cenia wniosku i zapewnienia sobie prawdziwej przewagi.<\/p><p>Skorzystaj z tej inteligentnej i bezp\u0142atnej funkcji i spraw, by poszukiwanie pracy by\u0142o skuteczniejsze ni\u017c kiedykolwiek wcze\u015bniej. The <b>Powiadomienie o pracy<\/b> to najlepszy spos\u00f3b na przyspieszenie drogi do wymarzonej pracy. <b>Zarejestruj si\u0119 teraz i zacznij!<\/b><\/p>\t\t\t\t\t\t\t\t<\/div>\n\t\t\t\t<div class=\"elementor-element elementor-element-c68dee9 elementor-widget elementor-widget-heading\" data-id=\"c68dee9\" data-element_type=\"widget\" data-e-type=\"widget\" data-widget_type=\"heading.default\">\n\t\t\t\t\t<h2 class=\"elementor-heading-title elementor-size-default\">To bardzo proste:<\/h2>\t\t\t\t<\/div>\n\t\t\t\t<div class=\"elementor-element elementor-element-006f55a elementor-widget elementor-widget-text-editor\" data-id=\"006f55a\" data-element_type=\"widget\" data-e-type=\"widget\" data-widget_type=\"text-editor.default\">\n\t\t\t\t\t\t\t\t\t<ol><li>Kliknij pozycj\u0119 menu&nbsp;<a href=\"https:\/\/www.hogo.cc\/pl\/job\/\">\"Wakaty\"<\/a>&nbsp;w obszarze wnioskodawcy.<\/li><li>Zaznacz odpowiednie kryteria filtrowania, kt\u00f3re pasuj\u0105 do Twojej wymarzonej pracy.<\/li><li>Aktywuj alert globalny za pomoc\u0105 przycisku poni\u017cej kryteri\u00f3w filtrowania lub obok paska wyszukiwania.<\/li><li>Przypisz nazw\u0119 dla utworzonego alarmu globalnego (mo\u017cesz tak\u017ce utworzy\u0107 kilka alarm\u00f3w z r\u00f3\u017cnymi kryteriami filtrowania).<\/li><li>Wprowad\u017a adres e-mail, na kt\u00f3ry chcesz otrzymywa\u0107 powiadomienia&nbsp;<a href=\"https:\/\/www.hogo.cc\/pl\/job\/\">najnowsze oferty pracy<\/a>&nbsp;kt\u00f3re spe\u0142niaj\u0105 kryteria wyszukiwania!<\/li><\/ol><p>Z niecierpliwo\u015bci\u0105 czekamy na zg\u0142oszenia!<\/p><p><strong>Tw\u00f3j zesp\u00f3\u0142 HOGO<\/strong><\/p>\t\t\t\t\t\t\t\t<\/div>\n\t\t\t\t<div class=\"elementor-element elementor-element-e10a3bc elementor-widget elementor-widget-button\" data-id=\"e10a3bc\" data-element_type=\"widget\" data-e-type=\"widget\" data-widget_type=\"button.default\">\n\t\t\t\t\t\t\t\t\t\t<a class=\"elementor-button elementor-button-link elementor-size-sm\" href=\"https:\/\/www.hogo.cc\/pl\/job\">\n\t\t\t\t\t\t<span class=\"elementor-button-content-wrapper\">\n\t\t\t\t\t\t\t\t\t<span class=\"elementor-button-text\">Do poszukiwania pracy<\/span>\n\t\t\t\t\t<\/span>\n\t\t\t\t\t<\/a>\n\t\t\t\t\t\t\t\t<\/div>\n\t\t\t\t\t<\/div>\n\t\t\t\t<\/div>\n\t\t\n\t\t\t\t<\/div>","protected":false},"excerpt":{"rendered":"<p>Jobalarm erstellen So funktioniert der Jobalarm Du bist auf Jobsuche und m\u00f6chtest sichergehen, dass du keine Chance auf deinen Traumjob verpasst? Dann haben wir die perfekte L\u00f6sung f\u00fcr dich: Aktiviere den Jobalarm im HOGO Jobcenter! Mit nur wenigen Klicks bleibst du immer auf dem Laufenden und verpasst keine Gelegenheit mehr, die zu dir passt. Denn [&hellip;]<\/p>\n","protected":false},"author":1,"featured_media":0,"parent":0,"menu_order":0,"comment_status":"closed","ping_status":"closed","template":"","meta":{"footnotes":""},"class_list":["post-2241","page","type-page","status-publish","hentry"],"yoast_head":"<!-- This site is optimized with the Yoast SEO Premium plugin v27.3 (Yoast SEO v27.3) - https:\/\/yoast.com\/product\/yoast-seo-premium-wordpress\/ -->\n<title>Jobalarm im HOGO Jobcenter nutzen und profitieren | HOGO Jobs<\/title>\n<meta name=\"description\" content=\"Activieren Sie den Jobalarm im HOGO Jobcenter und verpassen Sie keine Jobm\u00f6glichkeiten mehr, die zu Ihnen passen.\" \/>\n<meta name=\"robots\" content=\"index, follow, max-snippet:-1, max-image-preview:large, max-video-preview:-1\" \/>\n<link rel=\"canonical\" href=\"https:\/\/www.hogo.cc\/pl\/jobalarm-erstellen\/\" \/>\n<meta property=\"og:locale\" content=\"pl_PL\" \/>\n<meta property=\"og:type\" content=\"article\" \/>\n<meta property=\"og:title\" content=\"Jobalarm erstellen\" \/>\n<meta property=\"og:description\" content=\"Activieren Sie den Jobalarm im HOGO Jobcenter und verpassen Sie keine Jobm\u00f6glichkeiten mehr, die zu Ihnen passen.\" \/>\n<meta property=\"og:url\" content=\"https:\/\/www.hogo.cc\/pl\/jobalarm-erstellen\/\" \/>\n<meta property=\"og:site_name\" content=\"HOGO Jobs\" \/>\n<meta property=\"article:publisher\" content=\"https:\/\/www.facebook.com\/hogogruppe\" \/>\n<meta property=\"article:modified_time\" content=\"2025-09-11T04:47:48+00:00\" \/>\n<meta name=\"twitter:card\" content=\"summary_large_image\" \/>\n<meta name=\"twitter:label1\" content=\"Szacowany czas czytania\" \/>\n\t<meta name=\"twitter:data1\" content=\"3 minuty\" \/>\n<script type=\"application\/ld+json\" class=\"yoast-schema-graph\">{\"@context\":\"https:\\\/\\\/schema.org\",\"@graph\":[{\"@type\":\"WebPage\",\"@id\":\"https:\\\/\\\/www.hogo.cc\\\/jobalarm-erstellen\",\"url\":\"https:\\\/\\\/www.hogo.cc\\\/jobalarm-erstellen\",\"name\":\"Jobalarm im HOGO Jobcenter nutzen und profitieren | HOGO Jobs\",\"isPartOf\":{\"@id\":\"https:\\\/\\\/www.hogo.cc\\\/#website\"},\"datePublished\":\"2024-11-28T22:29:20+00:00\",\"dateModified\":\"2025-09-11T04:47:48+00:00\",\"description\":\"Activieren Sie den Jobalarm im HOGO Jobcenter und verpassen Sie keine Jobm\u00f6glichkeiten mehr, die zu Ihnen passen.\",\"breadcrumb\":{\"@id\":\"https:\\\/\\\/www.hogo.cc\\\/jobalarm-erstellen#breadcrumb\"},\"inLanguage\":\"pl-PL\",\"potentialAction\":[{\"@type\":\"ReadAction\",\"target\":[\"https:\\\/\\\/www.hogo.cc\\\/jobalarm-erstellen\"]}]},{\"@type\":\"BreadcrumbList\",\"@id\":\"https:\\\/\\\/www.hogo.cc\\\/jobalarm-erstellen#breadcrumb\",\"itemListElement\":[{\"@type\":\"ListItem\",\"position\":1,\"name\":\"Startseite\",\"item\":\"https:\\\/\\\/www.hogo.cc\\\/\"},{\"@type\":\"ListItem\",\"position\":2,\"name\":\"Jobalarm erstellen\"}]},{\"@type\":\"WebSite\",\"@id\":\"https:\\\/\\\/www.hogo.cc\\\/#website\",\"url\":\"https:\\\/\\\/www.hogo.cc\\\/\",\"name\":\"HOGO\",\"description\":\"Human Resource Management - Voll am Punkt.\",\"publisher\":{\"@id\":\"https:\\\/\\\/www.hogo.cc\\\/#organization\"},\"potentialAction\":[{\"@type\":\"SearchAction\",\"target\":{\"@type\":\"EntryPoint\",\"urlTemplate\":\"https:\\\/\\\/www.hogo.cc\\\/?s={search_term_string}\"},\"query-input\":{\"@type\":\"PropertyValueSpecification\",\"valueRequired\":true,\"valueName\":\"search_term_string\"}}],\"inLanguage\":\"pl-PL\"},{\"@type\":\"Organization\",\"@id\":\"https:\\\/\\\/www.hogo.cc\\\/#organization\",\"name\":\"Hogo\",\"url\":\"https:\\\/\\\/www.hogo.cc\\\/\",\"logo\":{\"@type\":\"ImageObject\",\"inLanguage\":\"pl-PL\",\"@id\":\"https:\\\/\\\/www.hogo.cc\\\/#\\\/schema\\\/logo\\\/image\\\/\",\"url\":\"https:\\\/\\\/www.hogo.cc\\\/wp-content\\\/uploads\\\/2024\\\/11\\\/logo.svg\",\"contentUrl\":\"https:\\\/\\\/www.hogo.cc\\\/wp-content\\\/uploads\\\/2024\\\/11\\\/logo.svg\",\"width\":133,\"height\":92,\"caption\":\"Hogo\"},\"image\":{\"@id\":\"https:\\\/\\\/www.hogo.cc\\\/#\\\/schema\\\/logo\\\/image\\\/\"},\"sameAs\":[\"https:\\\/\\\/www.facebook.com\\\/hogogruppe\"]}]}<\/script>\n<!-- \/ Yoast SEO Premium plugin. -->","yoast_head_json":{"title":"Jobalarm im HOGO Jobcenter nutzen und profitieren | HOGO Jobs","description":"Activieren Sie den Jobalarm im HOGO Jobcenter und verpassen Sie keine Jobm\u00f6glichkeiten mehr, die zu Ihnen passen.","robots":{"index":"index","follow":"follow","max-snippet":"max-snippet:-1","max-image-preview":"max-image-preview:large","max-video-preview":"max-video-preview:-1"},"canonical":"https:\/\/www.hogo.cc\/pl\/jobalarm-erstellen\/","og_locale":"pl_PL","og_type":"article","og_title":"Jobalarm erstellen","og_description":"Activieren Sie den Jobalarm im HOGO Jobcenter und verpassen Sie keine Jobm\u00f6glichkeiten mehr, die zu Ihnen passen.","og_url":"https:\/\/www.hogo.cc\/pl\/jobalarm-erstellen\/","og_site_name":"HOGO Jobs","article_publisher":"https:\/\/www.facebook.com\/hogogruppe","article_modified_time":"2025-09-11T04:47:48+00:00","twitter_card":"summary_large_image","twitter_misc":{"Szacowany czas czytania":"3 minuty"},"schema":{"@context":"https:\/\/schema.org","@graph":[{"@type":"WebPage","@id":"https:\/\/www.hogo.cc\/jobalarm-erstellen","url":"https:\/\/www.hogo.cc\/jobalarm-erstellen","name":"Jobalarm im HOGO Jobcenter nutzen und profitieren | HOGO Jobs","isPartOf":{"@id":"https:\/\/www.hogo.cc\/#website"},"datePublished":"2024-11-28T22:29:20+00:00","dateModified":"2025-09-11T04:47:48+00:00","description":"Activieren Sie den Jobalarm im HOGO Jobcenter und verpassen Sie keine Jobm\u00f6glichkeiten mehr, die zu Ihnen passen.","breadcrumb":{"@id":"https:\/\/www.hogo.cc\/jobalarm-erstellen#breadcrumb"},"inLanguage":"pl-PL","potentialAction":[{"@type":"ReadAction","target":["https:\/\/www.hogo.cc\/jobalarm-erstellen"]}]},{"@type":"BreadcrumbList","@id":"https:\/\/www.hogo.cc\/jobalarm-erstellen#breadcrumb","itemListElement":[{"@type":"ListItem","position":1,"name":"Startseite","item":"https:\/\/www.hogo.cc\/"},{"@type":"ListItem","position":2,"name":"Jobalarm erstellen"}]},{"@type":"WebSite","@id":"https:\/\/www.hogo.cc\/#website","url":"https:\/\/www.hogo.cc\/","name":"HOGO","description":"Zarz\u0105dzanie zasobami ludzkimi - od razu do rzeczy.","publisher":{"@id":"https:\/\/www.hogo.cc\/#organization"},"potentialAction":[{"@type":"SearchAction","target":{"@type":"EntryPoint","urlTemplate":"https:\/\/www.hogo.cc\/?s={search_term_string}"},"query-input":{"@type":"PropertyValueSpecification","valueRequired":true,"valueName":"search_term_string"}}],"inLanguage":"pl-PL"},{"@type":"Organization","@id":"https:\/\/www.hogo.cc\/#organization","name":"Hogo","url":"https:\/\/www.hogo.cc\/","logo":{"@type":"ImageObject","inLanguage":"pl-PL","@id":"https:\/\/www.hogo.cc\/#\/schema\/logo\/image\/","url":"https:\/\/www.hogo.cc\/wp-content\/uploads\/2024\/11\/logo.svg","contentUrl":"https:\/\/www.hogo.cc\/wp-content\/uploads\/2024\/11\/logo.svg","width":133,"height":92,"caption":"Hogo"},"image":{"@id":"https:\/\/www.hogo.cc\/#\/schema\/logo\/image\/"},"sameAs":["https:\/\/www.facebook.com\/hogogruppe"]}]}},"_links":{"self":[{"href":"https:\/\/www.hogo.cc\/pl\/wp-json\/wp\/v2\/pages\/2241","targetHints":{"allow":["GET"]}}],"collection":[{"href":"https:\/\/www.hogo.cc\/pl\/wp-json\/wp\/v2\/pages"}],"about":[{"href":"https:\/\/www.hogo.cc\/pl\/wp-json\/wp\/v2\/types\/page"}],"author":[{"embeddable":true,"href":"https:\/\/www.hogo.cc\/pl\/wp-json\/wp\/v2\/users\/1"}],"replies":[{"embeddable":true,"href":"https:\/\/www.hogo.cc\/pl\/wp-json\/wp\/v2\/comments?post=2241"}],"version-history":[{"count":115,"href":"https:\/\/www.hogo.cc\/pl\/wp-json\/wp\/v2\/pages\/2241\/revisions"}],"predecessor-version":[{"id":10178,"href":"https:\/\/www.hogo.cc\/pl\/wp-json\/wp\/v2\/pages\/2241\/revisions\/10178"}],"wp:attachment":[{"href":"https:\/\/www.hogo.cc\/pl\/wp-json\/wp\/v2\/media?parent=2241"}],"curies":[{"name":"wp","href":"https:\/\/api.w.org\/{rel}","templated":true}]}}