{"id":1956,"date":"2024-11-27T17:31:18","date_gmt":"2024-11-27T16:31:18","guid":{"rendered":"http:\/\/localhost\/?page_id=1956"},"modified":"2025-09-24T09:59:53","modified_gmt":"2025-09-24T07:59:53","slug":"urlaubsantrag","status":"publish","type":"page","link":"https:\/\/www.hogo.cc\/pl\/urlaubsantrag","title":{"rendered":"Pro\u015bba o urlop"},"content":{"rendered":"<div data-elementor-type=\"wp-page\" data-elementor-id=\"1956\" class=\"elementor elementor-1956\" data-elementor-post-type=\"page\">\n\t\t\t\t<div class=\"elementor-element elementor-element-3c49348 e-flex e-con-boxed e-con e-parent\" data-id=\"3c49348\" data-element_type=\"container\" data-e-type=\"container\" data-settings=\"{&quot;background_background&quot;:&quot;classic&quot;}\">\n\t\t\t\t\t<div class=\"e-con-inner\">\n\t\t\t\t<div class=\"elementor-element elementor-element-cc5ad61 elementor-widget__width-inherit elementor-widget elementor-widget-heading\" data-id=\"cc5ad61\" data-element_type=\"widget\" data-e-type=\"widget\" data-widget_type=\"heading.default\">\n\t\t\t\t\t<h1 class=\"elementor-heading-title elementor-size-default\">Aplikacja wakacyjna HOGO<\/h1>\t\t\t\t<\/div>\n\t\t\t\t\t<\/div>\n\t\t\t\t<\/div>\n\t\t<div class=\"elementor-element elementor-element-e9b3045 e-flex e-con-boxed e-con e-parent\" data-id=\"e9b3045\" data-element_type=\"container\" data-e-type=\"container\">\n\t\t\t\t\t<div class=\"e-con-inner\">\n\t\t<div class=\"elementor-element elementor-element-38845fb e-con-full e-flex e-con e-child\" data-id=\"38845fb\" data-element_type=\"container\" data-e-type=\"container\">\n\t\t\t\t<div class=\"elementor-element elementor-element-a5813ce elementor-widget elementor-widget-heading\" data-id=\"a5813ce\" data-element_type=\"widget\" data-e-type=\"widget\" data-widget_type=\"heading.default\">\n\t\t\t\t\t<h2 class=\"elementor-heading-title elementor-size-default\">Portal pracowniczy HOGO - wystarczy pobra\u0107 wniosek urlopowy<\/h2>\t\t\t\t<\/div>\n\t\t\t\t<div class=\"elementor-element elementor-element-63942d3 elementor-widget elementor-widget-text-editor\" data-id=\"63942d3\" data-element_type=\"widget\" data-e-type=\"widget\" data-widget_type=\"text-editor.default\">\n\t\t\t\t\t\t\t\t\t<p data-start=\"189\" data-end=\"396\">W portalu pracowniczym HOGO mo\u017cna szybko i \u0142atwo uzyska\u0107 dost\u0119p do wszystkich wa\u017cnych formularzy. Obejmuje to r\u00f3wnie\u017c formularz wniosku urlopowego HOGO, kt\u00f3ry mo\u017cna pobra\u0107 bezpo\u015brednio tutaj.<\/p><p data-start=\"398\" data-end=\"622\">Dzi\u0119ki formularzowi wniosku urlopowego mo\u017cna \u0142atwo przes\u0142a\u0107 pracodawcy wniosek o urlop lub dni wolne. Formularz jest przejrzysty i zapewnia szybkie przetwarzanie przez dzia\u0142 HR.<\/p><h3 data-start=\"624\" data-end=\"663\">Zalety aplikacji wakacyjnej HOGO:<\/h3><ul data-start=\"664\" data-end=\"821\"><li data-start=\"664\" data-end=\"694\"><p data-start=\"666\" data-end=\"694\">\u0141atwe pobieranie w formacie PDF<\/p><\/li><li data-start=\"695\" data-end=\"731\"><p data-start=\"697\" data-end=\"731\">Jasna i zrozumia\u0142a struktura<\/p><\/li><li data-start=\"732\" data-end=\"776\"><p data-start=\"734\" data-end=\"776\">Szybkie przetwarzanie wniosku urlopowego<\/p><\/li><li data-start=\"777\" data-end=\"821\"><p data-start=\"779\" data-end=\"821\">Dost\u0119pne w dowolnym momencie w portalu pracowniczym<\/p><\/li><\/ul><p data-start=\"823\" data-end=\"906\"><strong data-start=\"826\" data-end=\"882\">Formularz wniosku urlopowego HOGO mo\u017cna pobra\u0107 tutaj<\/strong> i natychmiast wype\u0142ni\u0107.<\/p>\t\t\t\t\t\t\t\t<\/div>\n\t\t<div class=\"elementor-element elementor-element-02e41f3 e-con-full e-flex e-con e-child\" data-id=\"02e41f3\" data-element_type=\"container\" data-e-type=\"container\">\n\t\t\t\t<div class=\"elementor-element elementor-element-59fd17f elementor-widget elementor-widget-button\" data-id=\"59fd17f\" data-element_type=\"widget\" data-e-type=\"widget\" data-widget_type=\"button.default\">\n\t\t\t\t\t\t\t\t\t\t<a class=\"elementor-button elementor-button-link elementor-size-sm\" href=\"https:\/\/www.hogo.cc\/pl\/urlaubsantrag-2\" target=\"_blank\">\n\t\t\t\t\t\t<span class=\"elementor-button-content-wrapper\">\n\t\t\t\t\t\t\t\t\t<span class=\"elementor-button-text\">pobieranie<\/span>\n\t\t\t\t\t<\/span>\n\t\t\t\t\t<\/a>\n\t\t\t\t\t\t\t\t<\/div>\n\t\t\t\t<div class=\"elementor-element elementor-element-278cc4f elementor-widget elementor-widget-heading\" data-id=\"278cc4f\" data-element_type=\"widget\" data-e-type=\"widget\" data-widget_type=\"heading.default\">\n\t\t\t\t\t<p class=\"elementor-heading-title elementor-size-default\">Pro\u015bba o urlop<\/p>\t\t\t\t<\/div>\n\t\t\t\t<\/div>\n\t\t\t\t<\/div>\n\t\t\t\t\t<\/div>\n\t\t\t\t<\/div>\n\t\t\t\t<\/div>","protected":false},"excerpt":{"rendered":"<p>HOGO Urlaubsantrag HOGO Mitarbeiterportal \u2013 Urlaubsantrag einfach herunterladen Im HOGO Mitarbeiterportal haben Sie die M\u00f6glichkeit, alle wichtigen Formulare schnell und unkompliziert abzurufen. Dazu geh\u00f6rt auch der HOGO Urlaubsantrag, den Sie hier direkt herunterladen k\u00f6nnen. Mit dem Urlaubsantrag stellen Sie Ihren Urlaubswunsch oder freie Tage ganz bequem bei Ihrem Arbeitgeber. Das Formular ist \u00fcbersichtlich gestaltet und [&hellip;]<\/p>\n","protected":false},"author":1,"featured_media":0,"parent":0,"menu_order":0,"comment_status":"closed","ping_status":"closed","template":"","meta":{"footnotes":""},"class_list":["post-1956","page","type-page","status-publish","hentry"],"yoast_head":"<!-- This site is optimized with the Yoast SEO Premium plugin v27.4 (Yoast SEO v27.4) - https:\/\/yoast.com\/product\/yoast-seo-premium-wordpress\/ -->\n<title>HOGO Urlaubsantrag Schritt f\u00fcr Schritt Anleitung | HOGO Jobs<\/title>\n<meta name=\"description\" content=\"Der HOGO Urlaubsantrag ist jetzt verf\u00fcgbar. Downloaden Sie ihn und beantragen Sie Ihren Urlaub einfach und schnell.\" \/>\n<meta name=\"robots\" content=\"index, follow, max-snippet:-1, max-image-preview:large, max-video-preview:-1\" \/>\n<link rel=\"canonical\" href=\"https:\/\/www.hogo.cc\/pl\/urlaubsantrag\/\" \/>\n<meta property=\"og:locale\" content=\"pl_PL\" \/>\n<meta property=\"og:type\" content=\"article\" \/>\n<meta property=\"og:title\" content=\"Urlaubsantrag\" \/>\n<meta property=\"og:description\" content=\"Der HOGO Urlaubsantrag ist jetzt verf\u00fcgbar. Downloaden Sie ihn und beantragen Sie Ihren Urlaub einfach und schnell.\" \/>\n<meta property=\"og:url\" content=\"https:\/\/www.hogo.cc\/pl\/urlaubsantrag\/\" \/>\n<meta property=\"og:site_name\" content=\"HOGO Jobs\" \/>\n<meta property=\"article:publisher\" content=\"https:\/\/www.facebook.com\/hogogruppe\" \/>\n<meta property=\"article:modified_time\" content=\"2025-09-24T07:59:53+00:00\" \/>\n<meta name=\"twitter:card\" content=\"summary_large_image\" \/>\n<meta name=\"twitter:label1\" content=\"Szacowany czas czytania\" \/>\n\t<meta name=\"twitter:data1\" content=\"1 minuta\" \/>\n<script type=\"application\/ld+json\" class=\"yoast-schema-graph\">{\"@context\":\"https:\\\/\\\/schema.org\",\"@graph\":[{\"@type\":\"WebPage\",\"@id\":\"https:\\\/\\\/www.hogo.cc\\\/urlaubsantrag\",\"url\":\"https:\\\/\\\/www.hogo.cc\\\/urlaubsantrag\",\"name\":\"HOGO Urlaubsantrag Schritt f\u00fcr Schritt Anleitung | HOGO Jobs\",\"isPartOf\":{\"@id\":\"https:\\\/\\\/www.hogo.cc\\\/#website\"},\"datePublished\":\"2024-11-27T16:31:18+00:00\",\"dateModified\":\"2025-09-24T07:59:53+00:00\",\"description\":\"Der HOGO Urlaubsantrag ist jetzt verf\u00fcgbar. Downloaden Sie ihn und beantragen Sie Ihren Urlaub einfach und schnell.\",\"breadcrumb\":{\"@id\":\"https:\\\/\\\/www.hogo.cc\\\/urlaubsantrag#breadcrumb\"},\"inLanguage\":\"pl-PL\",\"potentialAction\":[{\"@type\":\"ReadAction\",\"target\":[\"https:\\\/\\\/www.hogo.cc\\\/urlaubsantrag\"]}]},{\"@type\":\"BreadcrumbList\",\"@id\":\"https:\\\/\\\/www.hogo.cc\\\/urlaubsantrag#breadcrumb\",\"itemListElement\":[{\"@type\":\"ListItem\",\"position\":1,\"name\":\"Startseite\",\"item\":\"https:\\\/\\\/www.hogo.cc\\\/\"},{\"@type\":\"ListItem\",\"position\":2,\"name\":\"Urlaubsantrag\"}]},{\"@type\":\"WebSite\",\"@id\":\"https:\\\/\\\/www.hogo.cc\\\/#website\",\"url\":\"https:\\\/\\\/www.hogo.cc\\\/\",\"name\":\"HOGO\",\"description\":\"Human Resource Management - Voll am Punkt.\",\"publisher\":{\"@id\":\"https:\\\/\\\/www.hogo.cc\\\/#organization\"},\"potentialAction\":[{\"@type\":\"SearchAction\",\"target\":{\"@type\":\"EntryPoint\",\"urlTemplate\":\"https:\\\/\\\/www.hogo.cc\\\/?s={search_term_string}\"},\"query-input\":{\"@type\":\"PropertyValueSpecification\",\"valueRequired\":true,\"valueName\":\"search_term_string\"}}],\"inLanguage\":\"pl-PL\"},{\"@type\":\"Organization\",\"@id\":\"https:\\\/\\\/www.hogo.cc\\\/#organization\",\"name\":\"Hogo\",\"url\":\"https:\\\/\\\/www.hogo.cc\\\/\",\"logo\":{\"@type\":\"ImageObject\",\"inLanguage\":\"pl-PL\",\"@id\":\"https:\\\/\\\/www.hogo.cc\\\/#\\\/schema\\\/logo\\\/image\\\/\",\"url\":\"https:\\\/\\\/www.hogo.cc\\\/wp-content\\\/uploads\\\/2024\\\/11\\\/logo.svg\",\"contentUrl\":\"https:\\\/\\\/www.hogo.cc\\\/wp-content\\\/uploads\\\/2024\\\/11\\\/logo.svg\",\"width\":133,\"height\":92,\"caption\":\"Hogo\"},\"image\":{\"@id\":\"https:\\\/\\\/www.hogo.cc\\\/#\\\/schema\\\/logo\\\/image\\\/\"},\"sameAs\":[\"https:\\\/\\\/www.facebook.com\\\/hogogruppe\"]}]}<\/script>\n<!-- \/ Yoast SEO Premium plugin. -->","yoast_head_json":{"title":"HOGO Urlaubsantrag Schritt f\u00fcr Schritt Anleitung | HOGO Jobs","description":"Der HOGO Urlaubsantrag ist jetzt verf\u00fcgbar. Downloaden Sie ihn und beantragen Sie Ihren Urlaub einfach und schnell.","robots":{"index":"index","follow":"follow","max-snippet":"max-snippet:-1","max-image-preview":"max-image-preview:large","max-video-preview":"max-video-preview:-1"},"canonical":"https:\/\/www.hogo.cc\/pl\/urlaubsantrag\/","og_locale":"pl_PL","og_type":"article","og_title":"Urlaubsantrag","og_description":"Der HOGO Urlaubsantrag ist jetzt verf\u00fcgbar. Downloaden Sie ihn und beantragen Sie Ihren Urlaub einfach und schnell.","og_url":"https:\/\/www.hogo.cc\/pl\/urlaubsantrag\/","og_site_name":"HOGO Jobs","article_publisher":"https:\/\/www.facebook.com\/hogogruppe","article_modified_time":"2025-09-24T07:59:53+00:00","twitter_card":"summary_large_image","twitter_misc":{"Szacowany czas czytania":"1 minuta"},"schema":{"@context":"https:\/\/schema.org","@graph":[{"@type":"WebPage","@id":"https:\/\/www.hogo.cc\/urlaubsantrag","url":"https:\/\/www.hogo.cc\/urlaubsantrag","name":"HOGO Urlaubsantrag Schritt f\u00fcr Schritt Anleitung | HOGO Jobs","isPartOf":{"@id":"https:\/\/www.hogo.cc\/#website"},"datePublished":"2024-11-27T16:31:18+00:00","dateModified":"2025-09-24T07:59:53+00:00","description":"Der HOGO Urlaubsantrag ist jetzt verf\u00fcgbar. Downloaden Sie ihn und beantragen Sie Ihren Urlaub einfach und schnell.","breadcrumb":{"@id":"https:\/\/www.hogo.cc\/urlaubsantrag#breadcrumb"},"inLanguage":"pl-PL","potentialAction":[{"@type":"ReadAction","target":["https:\/\/www.hogo.cc\/urlaubsantrag"]}]},{"@type":"BreadcrumbList","@id":"https:\/\/www.hogo.cc\/urlaubsantrag#breadcrumb","itemListElement":[{"@type":"ListItem","position":1,"name":"Startseite","item":"https:\/\/www.hogo.cc\/"},{"@type":"ListItem","position":2,"name":"Urlaubsantrag"}]},{"@type":"WebSite","@id":"https:\/\/www.hogo.cc\/#website","url":"https:\/\/www.hogo.cc\/","name":"HOGO","description":"Zarz\u0105dzanie zasobami ludzkimi - od razu do rzeczy.","publisher":{"@id":"https:\/\/www.hogo.cc\/#organization"},"potentialAction":[{"@type":"SearchAction","target":{"@type":"EntryPoint","urlTemplate":"https:\/\/www.hogo.cc\/?s={search_term_string}"},"query-input":{"@type":"PropertyValueSpecification","valueRequired":true,"valueName":"search_term_string"}}],"inLanguage":"pl-PL"},{"@type":"Organization","@id":"https:\/\/www.hogo.cc\/#organization","name":"Hogo","url":"https:\/\/www.hogo.cc\/","logo":{"@type":"ImageObject","inLanguage":"pl-PL","@id":"https:\/\/www.hogo.cc\/#\/schema\/logo\/image\/","url":"https:\/\/www.hogo.cc\/wp-content\/uploads\/2024\/11\/logo.svg","contentUrl":"https:\/\/www.hogo.cc\/wp-content\/uploads\/2024\/11\/logo.svg","width":133,"height":92,"caption":"Hogo"},"image":{"@id":"https:\/\/www.hogo.cc\/#\/schema\/logo\/image\/"},"sameAs":["https:\/\/www.facebook.com\/hogogruppe"]}]}},"_links":{"self":[{"href":"https:\/\/www.hogo.cc\/pl\/wp-json\/wp\/v2\/pages\/1956","targetHints":{"allow":["GET"]}}],"collection":[{"href":"https:\/\/www.hogo.cc\/pl\/wp-json\/wp\/v2\/pages"}],"about":[{"href":"https:\/\/www.hogo.cc\/pl\/wp-json\/wp\/v2\/types\/page"}],"author":[{"embeddable":true,"href":"https:\/\/www.hogo.cc\/pl\/wp-json\/wp\/v2\/users\/1"}],"replies":[{"embeddable":true,"href":"https:\/\/www.hogo.cc\/pl\/wp-json\/wp\/v2\/comments?post=1956"}],"version-history":[{"count":13,"href":"https:\/\/www.hogo.cc\/pl\/wp-json\/wp\/v2\/pages\/1956\/revisions"}],"predecessor-version":[{"id":10363,"href":"https:\/\/www.hogo.cc\/pl\/wp-json\/wp\/v2\/pages\/1956\/revisions\/10363"}],"wp:attachment":[{"href":"https:\/\/www.hogo.cc\/pl\/wp-json\/wp\/v2\/media?parent=1956"}],"curies":[{"name":"wp","href":"https:\/\/api.w.org\/{rel}","templated":true}]}}