{"id":899,"date":"2024-11-24T02:51:26","date_gmt":"2024-11-24T01:51:26","guid":{"rendered":"http:\/\/localhost\/?page_id=899"},"modified":"2025-09-11T07:00:43","modified_gmt":"2025-09-11T05:00:43","slug":"uber-uns","status":"publish","type":"page","link":"https:\/\/www.hogo.cc\/hr\/uber-uns","title":{"rendered":"O nama"},"content":{"rendered":"<div data-elementor-type=\"wp-page\" data-elementor-id=\"899\" class=\"elementor elementor-899\" data-elementor-post-type=\"page\">\n\t\t\t\t<div class=\"elementor-element elementor-element-d487289 e-con-full e-flex e-con e-parent\" data-id=\"d487289\" data-element_type=\"container\" data-e-type=\"container\" data-settings=\"{&quot;background_background&quot;:&quot;classic&quot;}\">\n\t\t<div class=\"elementor-element elementor-element-f9912b0 e-flex e-con-boxed e-con e-child\" data-id=\"f9912b0\" data-element_type=\"container\" data-e-type=\"container\">\n\t\t\t\t\t<div class=\"e-con-inner\">\n\t\t<div class=\"elementor-element elementor-element-5d28722 e-con-full e-flex e-con e-child\" data-id=\"5d28722\" data-element_type=\"container\" data-e-type=\"container\" data-settings=\"{&quot;background_background&quot;:&quot;classic&quot;}\">\n\t\t\t\t<div class=\"elementor-element elementor-element-fd47d8e elementor-widget__width-initial elementor-widget elementor-widget-heading\" data-id=\"fd47d8e\" data-element_type=\"widget\" data-e-type=\"widget\" data-widget_type=\"heading.default\">\n\t\t\t\t\t<h1 class=\"elementor-heading-title elementor-size-default\">UPRAVLJANJE LJUDSKIM RESURSIMA \u2013 BA\u0160 U TO\u010cKU!<\/h1>\t\t\t\t<\/div>\n\t\t\t\t<div class=\"elementor-element elementor-element-f0e00ea elementor-widget__width-initial elementor-widget elementor-widget-heading\" data-id=\"f0e00ea\" data-element_type=\"widget\" data-e-type=\"widget\" data-widget_type=\"heading.default\">\n\t\t\t\t\t<h2 class=\"elementor-heading-title elementor-size-default\">Pridru\u017eite se na\u0161em obiteljskom poslu i iskusite tim koji je motiviran, zahvalan i pun \u017eivotne radosti.\n<\/h2>\t\t\t\t<\/div>\n\t\t\t\t<\/div>\n\t\t\t\t\t<\/div>\n\t\t\t\t<\/div>\n\t\t\t\t<\/div>\n\t\t<div class=\"elementor-element elementor-element-e46b6da e-flex e-con-boxed e-con e-parent\" data-id=\"e46b6da\" data-element_type=\"container\" data-e-type=\"container\">\n\t\t\t\t\t<div class=\"e-con-inner\">\n\t\t<div class=\"elementor-element elementor-element-dd8f999 e-con-full e-flex e-con e-child\" data-id=\"dd8f999\" data-element_type=\"container\" data-e-type=\"container\">\n\t\t\t\t<div class=\"elementor-element elementor-element-3bb8062 elementor-widget elementor-widget-image\" data-id=\"3bb8062\" data-element_type=\"widget\" data-e-type=\"widget\" data-image=\"cover\" data-widget_type=\"image.default\">\n\t\t\t\t\t\t\t\t\t\t\t\t\t\t\t<img fetchpriority=\"high\" decoding=\"async\" width=\"2560\" height=\"1707\" src=\"https:\/\/www.hogo.cc\/wp-content\/uploads\/2025\/02\/DSC_0371-bearb-scaled.jpg\" class=\"attachment-full size-full wp-image-3859\" alt=\"HOGO \u00dcber uns\" srcset=\"https:\/\/www.hogo.cc\/wp-content\/uploads\/2025\/02\/DSC_0371-bearb-scaled.jpg 2560w, https:\/\/www.hogo.cc\/wp-content\/uploads\/2025\/02\/DSC_0371-bearb-300x200.jpg 300w, https:\/\/www.hogo.cc\/wp-content\/uploads\/2025\/02\/DSC_0371-bearb-1024x683.jpg 1024w, https:\/\/www.hogo.cc\/wp-content\/uploads\/2025\/02\/DSC_0371-bearb-768x512.jpg 768w, https:\/\/www.hogo.cc\/wp-content\/uploads\/2025\/02\/DSC_0371-bearb-1536x1024.jpg 1536w, https:\/\/www.hogo.cc\/wp-content\/uploads\/2025\/02\/DSC_0371-bearb-2048x1365.jpg 2048w, https:\/\/www.hogo.cc\/wp-content\/uploads\/2025\/02\/DSC_0371-bearb-18x12.jpg 18w\" sizes=\"(max-width: 2560px) 100vw, 2560px\" \/>\t\t\t\t\t\t\t\t\t\t\t\t\t\t\t<\/div>\n\t\t\t\t<\/div>\n\t\t<div class=\"elementor-element elementor-element-2b680e2 e-con-full e-flex e-con e-child\" data-id=\"2b680e2\" data-element_type=\"container\" data-e-type=\"container\">\n\t\t<div class=\"elementor-element elementor-element-8b1d7ce e-con-full e-transform e-flex e-con e-child\" data-id=\"8b1d7ce\" data-element_type=\"container\" data-e-type=\"container\" data-settings=\"{&quot;background_background&quot;:&quot;classic&quot;,&quot;_transform_translateX_effect&quot;:{&quot;unit&quot;:&quot;px&quot;,&quot;size&quot;:-60,&quot;sizes&quot;:[]},&quot;_transform_translateX_effect_mobile&quot;:{&quot;unit&quot;:&quot;px&quot;,&quot;size&quot;:0,&quot;sizes&quot;:[]},&quot;_transform_translateX_effect_tablet&quot;:{&quot;unit&quot;:&quot;px&quot;,&quot;size&quot;:&quot;&quot;,&quot;sizes&quot;:[]},&quot;_transform_translateY_effect&quot;:{&quot;unit&quot;:&quot;px&quot;,&quot;size&quot;:&quot;&quot;,&quot;sizes&quot;:[]},&quot;_transform_translateY_effect_tablet&quot;:{&quot;unit&quot;:&quot;px&quot;,&quot;size&quot;:&quot;&quot;,&quot;sizes&quot;:[]},&quot;_transform_translateY_effect_mobile&quot;:{&quot;unit&quot;:&quot;px&quot;,&quot;size&quot;:&quot;&quot;,&quot;sizes&quot;:[]}}\">\n\t\t\t\t<div class=\"elementor-element elementor-element-1adffef elementor-widget elementor-widget-heading\" data-id=\"1adffef\" data-element_type=\"widget\" data-e-type=\"widget\" data-widget_type=\"heading.default\">\n\t\t\t\t\t<h3 class=\"elementor-heading-title elementor-size-default\"><strong>lizing osoblja<\/strong><br>od HOGO<\/h3>\t\t\t\t<\/div>\n\t\t\t\t<div class=\"elementor-element elementor-element-ff41800 elementor-widget__width-initial elementor-widget elementor-widget-spacer\" data-id=\"ff41800\" data-element_type=\"widget\" data-e-type=\"widget\" data-widget_type=\"spacer.default\">\n\t\t\t\t\t\t\t<div class=\"elementor-spacer\">\n\t\t\t<div class=\"elementor-spacer-inner\"><\/div>\n\t\t<\/div>\n\t\t\t\t\t\t<\/div>\n\t\t\t\t<div class=\"elementor-element elementor-element-5139850 elementor-widget elementor-widget-text-editor\" data-id=\"5139850\" data-element_type=\"widget\" data-e-type=\"widget\" data-widget_type=\"text-editor.default\">\n\t\t\t\t\t\t\t\t\t<p>Mi smo va\u0161 pouzdani partner za leasing osoblja i pru\u017eanje privremenih radnika za sve industrije, kao i za privatne gra\u0111evinske i renovacijske projekte. Razvoj zaposlenika nam je glavni prioritet \u2013 kroz intenzivnu podr\u0161ku, programe obuke i kontinuiranog obrazovanja, na\u0161e zaposlenike stalno obavje\u0161tavamo o najnovijim informacijama.<\/p><p>Osobni kontakt s na\u0161im klijentima nam je uvijek na prvom mjestu! <a href=\"https:\/\/www.hogo.cc\/hr\/kontakt\/\" data-wplink-url-error=\"true\"><strong>Kontaktirajte nas<\/strong><\/a> \u2013 Va\u0161 osobni HOGO HR konzultant odmah \u0107e vas kontaktirati i rije\u0161iti va\u0161e nedoumice.<\/p>\t\t\t\t\t\t\t\t<\/div>\n\t\t\t\t<\/div>\n\t\t\t\t<\/div>\n\t\t\t\t\t<\/div>\n\t\t\t\t<\/div>\n\t\t<div class=\"elementor-element elementor-element-4a7dbd1 e-flex e-con-boxed e-con e-parent\" data-id=\"4a7dbd1\" data-element_type=\"container\" data-e-type=\"container\">\n\t\t\t\t\t<div class=\"e-con-inner\">\n\t\t<div class=\"elementor-element elementor-element-604c43e e-con-full e-flex e-con e-child\" data-id=\"604c43e\" data-element_type=\"container\" data-e-type=\"container\">\n\t\t<div class=\"elementor-element elementor-element-c024a6a e-con-full e-flex e-con e-child\" data-id=\"c024a6a\" data-element_type=\"container\" data-e-type=\"container\">\n\t\t\t\t<div class=\"elementor-element elementor-element-82cecf6 elementor-widget elementor-widget-text-editor\" data-id=\"82cecf6\" data-element_type=\"widget\" data-e-type=\"widget\" data-widget_type=\"text-editor.default\">\n\t\t\t\t\t\t\t\t\t<p>Pri\u010de o uspjehu \u010desto po\u010dinju u maloj gara\u017ei... i upravo tako je zapo\u010dela pri\u010da o HOGO-u. Prije vi\u0161e od 16 godina, prva prekretnica postignuta je u gara\u017ei roditelja Rudolfa i Stephana Holzleitnera. Stephan se vratio s duljeg rada u inozemstvu i po\u010deo se iznajmljivati tvrtkama. Jedna ideja vodila je do druge, a tri direktora po\u010dela su zapo\u0161ljavati i druge tra\u017eitelje posla. Vizionarska ideja bila je razlikovati se od bezbrojnih konkurenata na tr\u017ei\u0161tu zapo\u0161ljavanja ekstremnom brzinom, visokom dinamikom, humano\u0161\u0107u i kompetencijom. Taj je cilj brzo postignut. Nakon samo nekoliko godina, HOGO Grupa razvila se u jednu od vode\u0107ih tvrtki za ljudske resurse u regiji.<\/p><p>Raspon usluga<\/p><p>\u2022 Individualni savjeti za individualne probleme<br \/>\u2022 Brza i kompetentna obrada svih narud\u017ebi<br \/>\u2022 Profesionalno kvalificirano osoblje u \u0161irokom rasponu podru\u010dja<br \/>\u2022 Sveobuhvatna osobna podr\u0161ka u okviru odnosa s klijentima<br \/>\u2022 Pravovremeno zapo\u0161ljavanje potrebnog osoblja<br \/>\u2022 Visoka sigurnost opskrbe zahvaljuju\u0107i velikom broju osoblja<\/p>\t\t\t\t\t\t\t\t<\/div>\n\t\t\t\t<\/div>\n\t\t<div class=\"elementor-element elementor-element-40ebfd8 e-con-full e-flex e-con e-child\" data-id=\"40ebfd8\" data-element_type=\"container\" data-e-type=\"container\">\n\t\t\t\t<div class=\"elementor-element elementor-element-e44caab elementor-widget elementor-widget-text-editor\" data-id=\"e44caab\" data-element_type=\"widget\" data-e-type=\"widget\" data-widget_type=\"text-editor.default\">\n\t\t\t\t\t\t\t\t\t<p>S na\u0161im klijentima komuniciramo na ravnopravnoj razini i nastojimo ponuditi optimalne usluge koje gotovo uvijek zadovoljavaju njihove vrlo individualne potrebe.<\/p><p>I HOGO-ova pri\u010da o rastu nastavlja se s velikim entuzijazmom. Sve vi\u0161e renomiranih tvrtki oslanja se na njihovu sveobuhvatnu ponudu usluga i u\u017eiva u visokoj razini sigurnosti koja dolazi sa suradnjom s nama.<\/p>\t\t\t\t\t\t\t\t<\/div>\n\t\t\t\t<\/div>\n\t\t\t\t<\/div>\n\t\t<div class=\"elementor-element elementor-element-228e241 e-con-full e-flex e-con e-child\" data-id=\"228e241\" data-element_type=\"container\" data-e-type=\"container\">\n\t\t\t\t<div class=\"elementor-element elementor-element-3170419 elementor-blockquote--skin-quotation elementor-widget elementor-widget-blockquote\" data-id=\"3170419\" data-element_type=\"widget\" data-e-type=\"widget\" data-widget_type=\"blockquote.default\">\n\t\t\t\t\t\t\t<blockquote class=\"elementor-blockquote\">\n\t\t\t<p class=\"elementor-blockquote__content\">\n\t\t\t\tKompetentnost i ljudski pristup su nam glavni prioriteti. Istovremeno, nastojimo pru\u017eiti optimalnu uslugu za vrlo individualne potrebe, gotovo uvijek precizno.\t\t\t<\/p>\n\t\t\t\t\t<\/blockquote>\n\t\t\t\t\t\t<\/div>\n\t\t\t\t<\/div>\n\t\t\t\t\t<\/div>\n\t\t\t\t<\/div>\n\t\t<div class=\"elementor-element elementor-element-0d8e335 e-flex e-con-boxed e-con e-parent\" data-id=\"0d8e335\" data-element_type=\"container\" data-e-type=\"container\">\n\t\t\t\t\t<div class=\"e-con-inner\">\n\t\t\t\t<div class=\"elementor-element elementor-element-c0d62ee elementor-cta--skin-classic elementor-animated-content elementor-bg-transform elementor-bg-transform-zoom-in elementor-widget elementor-widget-call-to-action\" data-id=\"c0d62ee\" data-element_type=\"widget\" data-e-type=\"widget\" data-widget_type=\"call-to-action.default\">\n\t\t\t\t\t\t\t<div class=\"elementor-cta\">\n\t\t\t\t\t<div class=\"elementor-cta__bg-wrapper\">\n\t\t\t\t<div class=\"elementor-cta__bg elementor-bg\" style=\"background-image: url(https:\/\/www.hogo.cc\/wp-content\/uploads\/2025\/02\/Deine-Chance-Dein-Job-scaled.jpg);\" role=\"img\" aria-label=\"Va\u0161a \u0161ansa Va\u0161 posao\"><\/div>\n\t\t\t\t<div class=\"elementor-cta__bg-overlay\"><\/div>\n\t\t\t<\/div>\n\t\t\t\t\t\t\t<div class=\"elementor-cta__content\">\n\t\t\t\t\n\t\t\t\t\t\t\t\t\t<h2 class=\"elementor-cta__title elementor-cta__content-item elementor-content-item\">\n\t\t\t\t\t\tZapo\u010dnite svoju karijeru sada.\t\t\t\t\t<\/h2>\n\t\t\t\t\n\t\t\t\t\t\t\t\t\t<div class=\"elementor-cta__description elementor-cta__content-item elementor-content-item\">\n\t\t\t\t\t\tPrijavite se sada i postanite dio HOGO obitelji.\t\t\t\t\t<\/div>\n\t\t\t\t\n\t\t\t\t\t\t\t\t\t<div class=\"elementor-cta__button-wrapper elementor-cta__content-item elementor-content-item\">\n\t\t\t\t\t<a class=\"elementor-cta__button elementor-button elementor-size-\" href=\"https:\/\/www.hogo.cc\/hr\/bewerbung\/\">\n\t\t\t\t\t\tne\u017eeljena prijava\t\t\t\t\t<\/a>\n\t\t\t\t\t<\/div>\n\t\t\t\t\t\t\t<\/div>\n\t\t\t\t\t\t<\/div>\n\t\t\t\t\t\t<\/div>\n\t\t\t\t\t<\/div>\n\t\t\t\t<\/div>\n\t\t\t\t<\/div>","protected":false},"excerpt":{"rendered":"<p>HUMAN RESOURCE MANAGEMENT &#8211; VOLL AM PUNKT! Tritt unserem Familienunternehmen bei und erlebe ein Team, das motiviert, wertsch\u00e4tzend und voller Lebensfreude ist. Personalleasingvon HOGO Wir sind Ihr zuverl\u00e4ssiger Partner f\u00fcr Personalleasing und die Bereitstellung von Zeitarbeitern f\u00fcr alle Branchen sowie private Bau- und Sanierungsprojekte. Mitarbeiterentwicklung wird bei uns gro\u00dfgeschrieben \u2013 durch intensive Betreuung, Schulungen und [&hellip;]<\/p>\n","protected":false},"author":1,"featured_media":0,"parent":0,"menu_order":0,"comment_status":"closed","ping_status":"closed","template":"","meta":{"footnotes":""},"class_list":["post-899","page","type-page","status-publish","hentry"],"yoast_head":"<!-- This site is optimized with the Yoast SEO Premium plugin v27.4 (Yoast SEO v27.4) - https:\/\/yoast.com\/product\/yoast-seo-premium-wordpress\/ -->\n<title>HOGO \u00dcber uns: Wir bringen Menschen und Jobs zusammen | HOGO Jobs<\/title>\n<meta name=\"description\" content=\"Willkommen bei HOGO, Ihrem Partner f\u00fcr Personalleasing und Personalbereitstellung mit \u00fcber 2000 qualifizierten Mitarbeitern.\" \/>\n<meta name=\"robots\" content=\"index, follow, max-snippet:-1, max-image-preview:large, max-video-preview:-1\" \/>\n<link rel=\"canonical\" href=\"https:\/\/www.hogo.cc\/hr\/uber-uns\/\" \/>\n<meta property=\"og:locale\" content=\"hr_HR\" \/>\n<meta property=\"og:type\" content=\"article\" \/>\n<meta property=\"og:title\" content=\"\u00dcber uns\" \/>\n<meta property=\"og:description\" content=\"Willkommen bei HOGO, Ihrem Partner f\u00fcr Personalleasing und Personalbereitstellung mit \u00fcber 2000 qualifizierten Mitarbeitern.\" \/>\n<meta property=\"og:url\" content=\"https:\/\/www.hogo.cc\/hr\/uber-uns\/\" \/>\n<meta property=\"og:site_name\" content=\"HOGO Jobs\" \/>\n<meta property=\"article:publisher\" content=\"https:\/\/www.facebook.com\/hogogruppe\" \/>\n<meta property=\"article:modified_time\" content=\"2025-09-11T05:00:43+00:00\" \/>\n<meta property=\"og:image\" content=\"http:\/\/www.hogo.cc\/wp-content\/uploads\/2025\/02\/DSC_0371-bearb-scaled.jpg\" \/>\n<meta name=\"twitter:card\" content=\"summary_large_image\" \/>\n<meta name=\"twitter:label1\" content=\"Procijenjeno vrijeme \u010ditanja\" \/>\n\t<meta name=\"twitter:data1\" content=\"2 minute\" \/>\n<script type=\"application\/ld+json\" class=\"yoast-schema-graph\">{\"@context\":\"https:\\\/\\\/schema.org\",\"@graph\":[{\"@type\":\"WebPage\",\"@id\":\"https:\\\/\\\/www.hogo.cc\\\/uber-uns\",\"url\":\"https:\\\/\\\/www.hogo.cc\\\/uber-uns\",\"name\":\"HOGO \u00dcber uns: Wir bringen Menschen und Jobs zusammen | HOGO Jobs\",\"isPartOf\":{\"@id\":\"https:\\\/\\\/www.hogo.cc\\\/#website\"},\"primaryImageOfPage\":{\"@id\":\"https:\\\/\\\/www.hogo.cc\\\/uber-uns#primaryimage\"},\"image\":{\"@id\":\"https:\\\/\\\/www.hogo.cc\\\/uber-uns#primaryimage\"},\"thumbnailUrl\":\"http:\\\/\\\/www.hogo.cc\\\/wp-content\\\/uploads\\\/2025\\\/02\\\/DSC_0371-bearb-scaled.jpg\",\"datePublished\":\"2024-11-24T01:51:26+00:00\",\"dateModified\":\"2025-09-11T05:00:43+00:00\",\"description\":\"Willkommen bei HOGO, Ihrem Partner f\u00fcr Personalleasing und Personalbereitstellung mit \u00fcber 2000 qualifizierten Mitarbeitern.\",\"breadcrumb\":{\"@id\":\"https:\\\/\\\/www.hogo.cc\\\/uber-uns#breadcrumb\"},\"inLanguage\":\"hr\",\"potentialAction\":[{\"@type\":\"ReadAction\",\"target\":[\"https:\\\/\\\/www.hogo.cc\\\/uber-uns\"]}]},{\"@type\":\"ImageObject\",\"inLanguage\":\"hr\",\"@id\":\"https:\\\/\\\/www.hogo.cc\\\/uber-uns#primaryimage\",\"url\":\"http:\\\/\\\/www.hogo.cc\\\/wp-content\\\/uploads\\\/2025\\\/02\\\/DSC_0371-bearb-scaled.jpg\",\"contentUrl\":\"http:\\\/\\\/www.hogo.cc\\\/wp-content\\\/uploads\\\/2025\\\/02\\\/DSC_0371-bearb-scaled.jpg\"},{\"@type\":\"BreadcrumbList\",\"@id\":\"https:\\\/\\\/www.hogo.cc\\\/uber-uns#breadcrumb\",\"itemListElement\":[{\"@type\":\"ListItem\",\"position\":1,\"name\":\"Startseite\",\"item\":\"https:\\\/\\\/www.hogo.cc\\\/\"},{\"@type\":\"ListItem\",\"position\":2,\"name\":\"\u00dcber uns\"}]},{\"@type\":\"WebSite\",\"@id\":\"https:\\\/\\\/www.hogo.cc\\\/#website\",\"url\":\"https:\\\/\\\/www.hogo.cc\\\/\",\"name\":\"HOGO\",\"description\":\"Human Resource Management - Voll am Punkt.\",\"publisher\":{\"@id\":\"https:\\\/\\\/www.hogo.cc\\\/#organization\"},\"potentialAction\":[{\"@type\":\"SearchAction\",\"target\":{\"@type\":\"EntryPoint\",\"urlTemplate\":\"https:\\\/\\\/www.hogo.cc\\\/?s={search_term_string}\"},\"query-input\":{\"@type\":\"PropertyValueSpecification\",\"valueRequired\":true,\"valueName\":\"search_term_string\"}}],\"inLanguage\":\"hr\"},{\"@type\":\"Organization\",\"@id\":\"https:\\\/\\\/www.hogo.cc\\\/#organization\",\"name\":\"Hogo\",\"url\":\"https:\\\/\\\/www.hogo.cc\\\/\",\"logo\":{\"@type\":\"ImageObject\",\"inLanguage\":\"hr\",\"@id\":\"https:\\\/\\\/www.hogo.cc\\\/#\\\/schema\\\/logo\\\/image\\\/\",\"url\":\"https:\\\/\\\/www.hogo.cc\\\/wp-content\\\/uploads\\\/2024\\\/11\\\/logo.svg\",\"contentUrl\":\"https:\\\/\\\/www.hogo.cc\\\/wp-content\\\/uploads\\\/2024\\\/11\\\/logo.svg\",\"width\":133,\"height\":92,\"caption\":\"Hogo\"},\"image\":{\"@id\":\"https:\\\/\\\/www.hogo.cc\\\/#\\\/schema\\\/logo\\\/image\\\/\"},\"sameAs\":[\"https:\\\/\\\/www.facebook.com\\\/hogogruppe\"]}]}<\/script>\n<!-- \/ Yoast SEO Premium plugin. -->","yoast_head_json":{"title":"HOGO \u00dcber uns: Wir bringen Menschen und Jobs zusammen | HOGO Jobs","description":"Willkommen bei HOGO, Ihrem Partner f\u00fcr Personalleasing und Personalbereitstellung mit \u00fcber 2000 qualifizierten Mitarbeitern.","robots":{"index":"index","follow":"follow","max-snippet":"max-snippet:-1","max-image-preview":"max-image-preview:large","max-video-preview":"max-video-preview:-1"},"canonical":"https:\/\/www.hogo.cc\/hr\/uber-uns\/","og_locale":"hr_HR","og_type":"article","og_title":"\u00dcber uns","og_description":"Willkommen bei HOGO, Ihrem Partner f\u00fcr Personalleasing und Personalbereitstellung mit \u00fcber 2000 qualifizierten Mitarbeitern.","og_url":"https:\/\/www.hogo.cc\/hr\/uber-uns\/","og_site_name":"HOGO Jobs","article_publisher":"https:\/\/www.facebook.com\/hogogruppe","article_modified_time":"2025-09-11T05:00:43+00:00","og_image":[{"url":"http:\/\/www.hogo.cc\/wp-content\/uploads\/2025\/02\/DSC_0371-bearb-scaled.jpg","type":"","width":"","height":""}],"twitter_card":"summary_large_image","twitter_misc":{"Procijenjeno vrijeme \u010ditanja":"2 minute"},"schema":{"@context":"https:\/\/schema.org","@graph":[{"@type":"WebPage","@id":"https:\/\/www.hogo.cc\/uber-uns","url":"https:\/\/www.hogo.cc\/uber-uns","name":"HOGO \u00dcber uns: Wir bringen Menschen und Jobs zusammen | HOGO Jobs","isPartOf":{"@id":"https:\/\/www.hogo.cc\/#website"},"primaryImageOfPage":{"@id":"https:\/\/www.hogo.cc\/uber-uns#primaryimage"},"image":{"@id":"https:\/\/www.hogo.cc\/uber-uns#primaryimage"},"thumbnailUrl":"http:\/\/www.hogo.cc\/wp-content\/uploads\/2025\/02\/DSC_0371-bearb-scaled.jpg","datePublished":"2024-11-24T01:51:26+00:00","dateModified":"2025-09-11T05:00:43+00:00","description":"Willkommen bei HOGO, Ihrem Partner f\u00fcr Personalleasing und Personalbereitstellung mit \u00fcber 2000 qualifizierten Mitarbeitern.","breadcrumb":{"@id":"https:\/\/www.hogo.cc\/uber-uns#breadcrumb"},"inLanguage":"hr","potentialAction":[{"@type":"ReadAction","target":["https:\/\/www.hogo.cc\/uber-uns"]}]},{"@type":"ImageObject","inLanguage":"hr","@id":"https:\/\/www.hogo.cc\/uber-uns#primaryimage","url":"http:\/\/www.hogo.cc\/wp-content\/uploads\/2025\/02\/DSC_0371-bearb-scaled.jpg","contentUrl":"http:\/\/www.hogo.cc\/wp-content\/uploads\/2025\/02\/DSC_0371-bearb-scaled.jpg"},{"@type":"BreadcrumbList","@id":"https:\/\/www.hogo.cc\/uber-uns#breadcrumb","itemListElement":[{"@type":"ListItem","position":1,"name":"Startseite","item":"https:\/\/www.hogo.cc\/"},{"@type":"ListItem","position":2,"name":"\u00dcber uns"}]},{"@type":"WebSite","@id":"https:\/\/www.hogo.cc\/#website","url":"https:\/\/www.hogo.cc\/","name":"HOGO","description":"Human Resource Management - Voll am Punkt.","publisher":{"@id":"https:\/\/www.hogo.cc\/#organization"},"potentialAction":[{"@type":"SearchAction","target":{"@type":"EntryPoint","urlTemplate":"https:\/\/www.hogo.cc\/?s={search_term_string}"},"query-input":{"@type":"PropertyValueSpecification","valueRequired":true,"valueName":"search_term_string"}}],"inLanguage":"hr"},{"@type":"Organization","@id":"https:\/\/www.hogo.cc\/#organization","name":"Hogo","url":"https:\/\/www.hogo.cc\/","logo":{"@type":"ImageObject","inLanguage":"hr","@id":"https:\/\/www.hogo.cc\/#\/schema\/logo\/image\/","url":"https:\/\/www.hogo.cc\/wp-content\/uploads\/2024\/11\/logo.svg","contentUrl":"https:\/\/www.hogo.cc\/wp-content\/uploads\/2024\/11\/logo.svg","width":133,"height":92,"caption":"Hogo"},"image":{"@id":"https:\/\/www.hogo.cc\/#\/schema\/logo\/image\/"},"sameAs":["https:\/\/www.facebook.com\/hogogruppe"]}]}},"_links":{"self":[{"href":"https:\/\/www.hogo.cc\/hr\/wp-json\/wp\/v2\/pages\/899","targetHints":{"allow":["GET"]}}],"collection":[{"href":"https:\/\/www.hogo.cc\/hr\/wp-json\/wp\/v2\/pages"}],"about":[{"href":"https:\/\/www.hogo.cc\/hr\/wp-json\/wp\/v2\/types\/page"}],"author":[{"embeddable":true,"href":"https:\/\/www.hogo.cc\/hr\/wp-json\/wp\/v2\/users\/1"}],"replies":[{"embeddable":true,"href":"https:\/\/www.hogo.cc\/hr\/wp-json\/wp\/v2\/comments?post=899"}],"version-history":[{"count":202,"href":"https:\/\/www.hogo.cc\/hr\/wp-json\/wp\/v2\/pages\/899\/revisions"}],"predecessor-version":[{"id":10187,"href":"https:\/\/www.hogo.cc\/hr\/wp-json\/wp\/v2\/pages\/899\/revisions\/10187"}],"wp:attachment":[{"href":"https:\/\/www.hogo.cc\/hr\/wp-json\/wp\/v2\/media?parent=899"}],"curies":[{"name":"wp","href":"https:\/\/api.w.org\/{rel}","templated":true}]}}