{"id":6222,"date":"2025-03-31T10:45:24","date_gmt":"2025-03-31T08:45:24","guid":{"rendered":"https:\/\/www.hogo.cc\/?page_id=6222"},"modified":"2025-09-11T07:20:41","modified_gmt":"2025-09-11T05:20:41","slug":"filozofija","status":"publish","type":"page","link":"https:\/\/www.hogo.cc\/hr\/philosophie","title":{"rendered":"filozofija"},"content":{"rendered":"<div data-elementor-type=\"wp-page\" data-elementor-id=\"6222\" class=\"elementor elementor-6222\" data-elementor-post-type=\"page\">\n\t\t\t\t<div class=\"elementor-element elementor-element-b72c8f5 e-flex e-con-boxed e-con e-parent\" data-id=\"b72c8f5\" data-element_type=\"container\" data-e-type=\"container\">\n\t\t\t\t\t<div class=\"e-con-inner\">\n\t\t\t\t<div class=\"elementor-element elementor-element-95bcad6 elementor-widget__width-initial elementor-widget elementor-widget-image\" data-id=\"95bcad6\" data-element_type=\"widget\" data-e-type=\"widget\" data-widget_type=\"image.default\">\n\t\t\t\t\t\t\t\t\t\t\t\t\t\t\t<img fetchpriority=\"high\" decoding=\"async\" width=\"2560\" height=\"1707\" src=\"https:\/\/www.hogo.cc\/wp-content\/uploads\/2025\/03\/DSC_0433-bearb-scaled.jpg\" class=\"attachment-full size-full wp-image-6227\" alt=\"Filozofija HOGO\" srcset=\"https:\/\/www.hogo.cc\/wp-content\/uploads\/2025\/03\/DSC_0433-bearb-scaled.jpg 2560w, https:\/\/www.hogo.cc\/wp-content\/uploads\/2025\/03\/DSC_0433-bearb-300x200.jpg 300w, https:\/\/www.hogo.cc\/wp-content\/uploads\/2025\/03\/DSC_0433-bearb-1024x683.jpg 1024w, https:\/\/www.hogo.cc\/wp-content\/uploads\/2025\/03\/DSC_0433-bearb-768x512.jpg 768w, https:\/\/www.hogo.cc\/wp-content\/uploads\/2025\/03\/DSC_0433-bearb-1536x1024.jpg 1536w, https:\/\/www.hogo.cc\/wp-content\/uploads\/2025\/03\/DSC_0433-bearb-2048x1366.jpg 2048w, https:\/\/www.hogo.cc\/wp-content\/uploads\/2025\/03\/DSC_0433-bearb-18x12.jpg 18w\" sizes=\"(max-width: 2560px) 100vw, 2560px\" \/>\t\t\t\t\t\t\t\t\t\t\t\t\t\t\t<\/div>\n\t\t\t\t<div class=\"elementor-element elementor-element-edadde8 elementor-widget elementor-widget-heading\" data-id=\"edadde8\" data-element_type=\"widget\" data-e-type=\"widget\" data-widget_type=\"heading.default\">\n\t\t\t\t\t<h1 class=\"elementor-heading-title elementor-size-default\">HOGO filozofija<\/h1>\t\t\t\t<\/div>\n\t\t\t\t<div class=\"elementor-element elementor-element-4e6886d elementor-widget elementor-widget-heading\" data-id=\"4e6886d\" data-element_type=\"widget\" data-e-type=\"widget\" data-widget_type=\"heading.default\">\n\t\t\t\t\t<h2 class=\"elementor-heading-title elementor-size-default\">vizija<\/h2>\t\t\t\t<\/div>\n\t\t\t\t<div class=\"elementor-element elementor-element-9cf1ad1 elementor-widget elementor-widget-text-editor\" data-id=\"9cf1ad1\" data-element_type=\"widget\" data-e-type=\"widget\" data-widget_type=\"text-editor.default\">\n\t\t\t\t\t\t\t\t\t<p>Na\u0161 jasan cilj je rast \u2013 kao obiteljska tvrtka te\u017eimo biti jedan od vode\u0107ih pru\u017eatelja privremenog zapo\u0161ljavanja u Austriji. Odr\u017eivi rast, dru\u0161tvena odgovornost i dinami\u010dna korporativna kultura na\u0161i su vode\u0107i principi. Stvaramo radno okru\u017eenje u kojem se i zaposlenici i kupci osje\u0107aju ugodno dugoro\u010dno i mogu zajedno uspje\u0161no rasti.<\/p>\t\t\t\t\t\t\t\t<\/div>\n\t\t\t\t<div class=\"elementor-element elementor-element-935a220 elementor-widget elementor-widget-heading\" data-id=\"935a220\" data-element_type=\"widget\" data-e-type=\"widget\" data-widget_type=\"heading.default\">\n\t\t\t\t\t<h2 class=\"elementor-heading-title elementor-size-default\">misija<\/h2>\t\t\t\t<\/div>\n\t\t\t\t<div class=\"elementor-element elementor-element-566b243 elementor-widget elementor-widget-text-editor\" data-id=\"566b243\" data-element_type=\"widget\" data-e-type=\"widget\" data-widget_type=\"text-editor.default\">\n\t\t\t\t\t\t\t\t\t<p>Na\u0161a je misija popuniti svako radno mjesto s punom predano\u0161\u0107u i neumornim naporima pretra\u017eivanja, omogu\u0107uju\u0107i tako odr\u017eivi rast na\u0161e tvrtke, na\u0161ih zaposlenika i na\u0161ih kupaca. Kvalificirane radnike osiguravamo brzo i fleksibilno kako bismo na najbolji mogu\u0107i na\u010din odgovorili na zahtjeve. Fokus je na zadovoljstvu i dobrobiti svih uklju\u010denih. Kao obiteljska tvrtka, cijenimo pravednost, transparentnost i komunikaciju na ravnopravnoj osnovi. Pouzdan smo partner za na\u0161e klijente i uvijek smo predani interesima na\u0161ih zaposlenika.<\/p>\t\t\t\t\t\t\t\t<\/div>\n\t\t\t\t<div class=\"elementor-element elementor-element-fdc3806 elementor-widget elementor-widget-heading\" data-id=\"fdc3806\" data-element_type=\"widget\" data-e-type=\"widget\" data-widget_type=\"heading.default\">\n\t\t\t\t\t<h2 class=\"elementor-heading-title elementor-size-default\">strategija<\/h2>\t\t\t\t<\/div>\n\t\t\t\t<div class=\"elementor-element elementor-element-1650cda elementor-widget elementor-widget-heading\" data-id=\"1650cda\" data-element_type=\"widget\" data-e-type=\"widget\" data-widget_type=\"heading.default\">\n\t\t\t\t\t<h3 class=\"elementor-heading-title elementor-size-default\">Fokus na odr\u017eivi rast<\/h3>\t\t\t\t<\/div>\n\t\t\t\t<div class=\"elementor-element elementor-element-5996741 elementor-widget elementor-widget-text-editor\" data-id=\"5996741\" data-element_type=\"widget\" data-e-type=\"widget\" data-widget_type=\"text-editor.default\">\n\t\t\t\t\t\t\t\t\t<p>Koristimo moderne tehnologije i u\u010dinkovite procese kako bismo pove\u0107ali brzinu i produktivnost. Na\u0161 je cilj popuniti svako otvoreno radno mjesto \u2013 nastavljamo tra\u017eiti dok ne prona\u0111emo savr\u0161eno rje\u0161enje. Ostajemo pouzdan partner tvrtkama i fokusiramo se na obiteljsku, ljudsku podr\u0161ku usmjerenu na individualne potrebe.<\/p>\t\t\t\t\t\t\t\t<\/div>\n\t\t\t\t<div class=\"elementor-element elementor-element-b4cf45d elementor-widget elementor-widget-heading\" data-id=\"b4cf45d\" data-element_type=\"widget\" data-e-type=\"widget\" data-widget_type=\"heading.default\">\n\t\t\t\t\t<h3 class=\"elementor-heading-title elementor-size-default\">\u0160irenje tr\u017ei\u0161ta<\/h3>\t\t\t\t<\/div>\n\t\t\t\t<div class=\"elementor-element elementor-element-98d9a26 elementor-widget elementor-widget-text-editor\" data-id=\"98d9a26\" data-element_type=\"widget\" data-e-type=\"widget\" data-widget_type=\"text-editor.default\">\n\t\t\t\t\t\t\t\t\t<p>Zala\u017eemo se za ciljano geografsko \u0161irenje u nove regije ili zemlje gdje postoji velika potra\u017enja za fleksibilnim uslugama zapo\u0161ljavanja.<\/p>\t\t\t\t\t\t\t\t<\/div>\n\t\t\t\t<div class=\"elementor-element elementor-element-32f97b1 elementor-widget elementor-widget-heading\" data-id=\"32f97b1\" data-element_type=\"widget\" data-e-type=\"widget\" data-widget_type=\"heading.default\">\n\t\t\t\t\t<h3 class=\"elementor-heading-title elementor-size-default\">Izvrsno zadovoljstvo kupaca<\/h3>\t\t\t\t<\/div>\n\t\t\t\t<div class=\"elementor-element elementor-element-21b507c elementor-widget elementor-widget-text-editor\" data-id=\"21b507c\" data-element_type=\"widget\" data-e-type=\"widget\" data-widget_type=\"text-editor.default\">\n\t\t\t\t\t\t\t\t\t<p>Na zahtjeve tr\u017ei\u0161ta odgovaramo brzo i fleksibilno. Oslanjamo se na blisku i kooperativnu suradnju s na\u0161im klijentima. Kroz prilago\u0111ena rje\u0161enja i visoku kvalitetu usluge, cilj nam je izgraditi dugoro\u010dne i stabilne odnose koji stvaraju vrijednost za obje strane.<\/p>\t\t\t\t\t\t\t\t<\/div>\n\t\t\t\t<div class=\"elementor-element elementor-element-0371c0b elementor-widget elementor-widget-heading\" data-id=\"0371c0b\" data-element_type=\"widget\" data-e-type=\"widget\" data-widget_type=\"heading.default\">\n\t\t\t\t\t<h3 class=\"elementor-heading-title elementor-size-default\">Usredoto\u010denost na zaposlenike<\/h3>\t\t\t\t<\/div>\n\t\t\t\t<div class=\"elementor-element elementor-element-ada8794 elementor-widget elementor-widget-text-editor\" data-id=\"ada8794\" data-element_type=\"widget\" data-e-type=\"widget\" data-widget_type=\"text-editor.default\">\n\t\t\t\t\t\t\t\t\t<p>Promi\u010demo radno okru\u017eenje u kojem su socijalna pravda, pravednost i uva\u017eavanje najva\u017eniji. Zadovoljstvo na\u0161ih zaposlenika nam je jednako va\u017eno kao i zadovoljstvo na\u0161ih kupaca. \u017delimo da se na\u0161i zaposlenici osje\u0107aju cijenjenima i po\u0161tovanima \u2013 to stvara motivaciju i visoku u\u010dinkovitost.<\/p>\t\t\t\t\t\t\t\t<\/div>\n\t\t\t\t<div class=\"elementor-element elementor-element-4a7c508 elementor-widget elementor-widget-heading\" data-id=\"4a7c508\" data-element_type=\"widget\" data-e-type=\"widget\" data-widget_type=\"heading.default\">\n\t\t\t\t\t<h3 class=\"elementor-heading-title elementor-size-default\">Atraktivan poslodavac<\/h3>\t\t\t\t<\/div>\n\t\t\t\t<div class=\"elementor-element elementor-element-cc9ec98 elementor-widget elementor-widget-text-editor\" data-id=\"cc9ec98\" data-element_type=\"widget\" data-e-type=\"widget\" data-widget_type=\"text-editor.default\">\n\t\t\t\t\t\t\t\t\t<p>Fokusiramo se na moderno i zaposlenicima prilago\u0111eno radno okru\u017eenje. Uz po\u0161tenu i atraktivnu pla\u0107u, nudimo fleksibilno radno vrijeme s mogu\u0107nostima rada od ku\u0107e, redovita doga\u0111anja za zaposlenike i brojne druge pogodnosti poput zajedni\u010dkih ru\u010dkova. Na\u0161 je cilj stvoriti motiviraju\u0107e i vrijedno okru\u017eenje u kojem se na\u0161i zaposlenici osje\u0107aju ugodno i mogu razviti svoj puni potencijal.<\/p>\t\t\t\t\t\t\t\t<\/div>\n\t\t\t\t<div class=\"elementor-element elementor-element-8a91831 elementor-widget elementor-widget-heading\" data-id=\"8a91831\" data-element_type=\"widget\" data-e-type=\"widget\" data-widget_type=\"heading.default\">\n\t\t\t\t\t<h3 class=\"elementor-heading-title elementor-size-default\">Ja\u010danje obiteljske kulture<\/h3>\t\t\t\t<\/div>\n\t\t\t\t<div class=\"elementor-element elementor-element-921bb3f elementor-widget elementor-widget-text-editor\" data-id=\"921bb3f\" data-element_type=\"widget\" data-e-type=\"widget\" data-widget_type=\"text-editor.default\">\n\t\t\t\t\t\t\t\t\t<p>Obiteljska smo tvrtka i pridajemo veliku va\u017enost korporativnoj kulturi temeljenoj na transparentnosti, povjerenju i komunikaciji na razini o\u010diju. To stvara sna\u017ean osje\u0107aj zajedni\u0161tva i omogu\u0107uje nam uspje\u0161no pozicioniranje na sve slo\u017eenijem tr\u017ei\u0161tu.<\/p>\t\t\t\t\t\t\t\t<\/div>\n\t\t\t\t<div class=\"elementor-element elementor-element-b22f2ba elementor-widget elementor-widget-heading\" data-id=\"b22f2ba\" data-element_type=\"widget\" data-e-type=\"widget\" data-widget_type=\"heading.default\">\n\t\t\t\t\t<h3 class=\"elementor-heading-title elementor-size-default\">Inovacija i prilagodljivost<\/h3>\t\t\t\t<\/div>\n\t\t\t\t<div class=\"elementor-element elementor-element-1eaa7f5 elementor-widget elementor-widget-text-editor\" data-id=\"1eaa7f5\" data-element_type=\"widget\" data-e-type=\"widget\" data-widget_type=\"text-editor.default\">\n\t\t\t\t\t\t\t\t\t<p>\u017delimo fleksibilno reagirati na promjene na dinami\u010dnom tr\u017ei\u0161tu privremenog zapo\u0161ljavanja. Kako bismo to postigli, oslanjamo se na moderne tehnologije koje nas podr\u017eavaju u zapo\u0161ljavanju i komunikaciji s na\u0161im klijentima i zaposlenicima.<\/p>\t\t\t\t\t\t\t\t<\/div>\n\t\t\t\t<div class=\"elementor-element elementor-element-6fca9a5 elementor-widget elementor-widget-heading\" data-id=\"6fca9a5\" data-element_type=\"widget\" data-e-type=\"widget\" data-widget_type=\"heading.default\">\n\t\t\t\t\t<h3 class=\"elementor-heading-title elementor-size-default\">Dru\u0161tvena odgovornost<\/h3>\t\t\t\t<\/div>\n\t\t\t\t<div class=\"elementor-element elementor-element-d1e6943 elementor-widget elementor-widget-text-editor\" data-id=\"d1e6943\" data-element_type=\"widget\" data-e-type=\"widget\" data-widget_type=\"text-editor.default\">\n\t\t\t\t\t\t\t\t\t<p>Preuzimamo odgovornost za dru\u0161tvo ne samo te\u017ee\u0107i ka na\u0161em ekonomskom uspjehu, ve\u0107 i promicanjem socijalne pravde kroz ciljane projekte i predanost. To se ne odra\u017eava samo u pravednoj nagradi na\u0161ih zaposlenika, ve\u0107 i u na\u0161em sudjelovanju u dru\u0161tvenim i dobrotvornim inicijativama.<\/p>\t\t\t\t\t\t\t\t<\/div>\n\t\t\t\t<div class=\"elementor-element elementor-element-a90543c elementor-widget elementor-widget-heading\" data-id=\"a90543c\" data-element_type=\"widget\" data-e-type=\"widget\" data-widget_type=\"heading.default\">\n\t\t\t\t\t<h3 class=\"elementor-heading-title elementor-size-default\">Osiguranje kvalitete<\/h3>\t\t\t\t<\/div>\n\t\t\t\t<div class=\"elementor-element elementor-element-9763db1 elementor-widget elementor-widget-text-editor\" data-id=\"9763db1\" data-element_type=\"widget\" data-e-type=\"widget\" data-widget_type=\"text-editor.default\">\n\t\t\t\t\t\t\t\t\t<p>Cijenimo procese kontinuiranog pobolj\u0161anja kako bismo osigurali da kvaliteta usluge za kupce i zaposlenike ostane visoka. To uklju\u010duje mjerenje zadovoljstva i brzo prilago\u0111avanje promjenjivim tr\u017ei\u0161nim uvjetima.<\/p>\t\t\t\t\t\t\t\t<\/div>\n\t\t\t\t\t<\/div>\n\t\t\t\t<\/div>\n\t\t<div class=\"elementor-element elementor-element-7b47585 e-flex e-con-boxed e-con e-parent\" data-id=\"7b47585\" data-element_type=\"container\" data-e-type=\"container\">\n\t\t\t\t\t<div class=\"e-con-inner\">\n\t\t\t\t<div class=\"elementor-element elementor-element-0168567 elementor-widget elementor-widget-text-editor\" data-id=\"0168567\" data-element_type=\"widget\" data-e-type=\"widget\" data-widget_type=\"text-editor.default\">\n\t\t\t\t\t\t\t\t\t<p>Oblikujmo budu\u0107nost zajedno.<\/p>\t\t\t\t\t\t\t\t<\/div>\n\t\t\t\t\t<\/div>\n\t\t\t\t<\/div>\n\t\t<div class=\"elementor-element elementor-element-8918299 e-flex e-con-boxed e-con e-parent\" data-id=\"8918299\" data-element_type=\"container\" data-e-type=\"container\">\n\t\t\t\t\t<div class=\"e-con-inner\">\n\t\t\t\t<div class=\"elementor-element elementor-element-15d66ee elementor-widget elementor-widget-spacer\" data-id=\"15d66ee\" data-element_type=\"widget\" data-e-type=\"widget\" data-widget_type=\"spacer.default\">\n\t\t\t\t\t\t\t<div class=\"elementor-spacer\">\n\t\t\t<div class=\"elementor-spacer-inner\"><\/div>\n\t\t<\/div>\n\t\t\t\t\t\t<\/div>\n\t\t\t\t\t<\/div>\n\t\t\t\t<\/div>\n\t\t\t\t<\/div>","protected":false},"excerpt":{"rendered":"<p>Die HOGO Philosophie Vision Unser klares Ziel ist Wachstum \u2013 als familiengef\u00fchrtes Unternehmen streben wir danach, zu den f\u00fchrenden Anbietern der Arbeitskr\u00e4fte\u00fcberlassung in \u00d6sterreich zu geh\u00f6ren. Nachhaltiges Wachstum, soziale Verantwortung und eine dynamische Unternehmenskultur sind dabei unsere Leitprinzipien. Wir schaffen ein Arbeitsumfeld, in dem sich sowohl Mitarbeiter als auch Kunden langfristig wohlf\u00fchlen und gemeinsam erfolgreich [&hellip;]<\/p>\n","protected":false},"author":1,"featured_media":6227,"parent":0,"menu_order":0,"comment_status":"closed","ping_status":"closed","template":"","meta":{"footnotes":""},"class_list":["post-6222","page","type-page","status-publish","has-post-thumbnail","hentry"],"yoast_head":"<!-- This site is optimized with the Yoast SEO Premium plugin v27.5 (Yoast SEO v27.5) - https:\/\/yoast.com\/product\/yoast-seo-premium-wordpress\/ -->\n<title>HOGO Philosophie in der Arbeitskr\u00e4fte\u00fcberlassung | HOGO Jobs<\/title>\n<meta name=\"description\" content=\"Erfahren Sie mehr \u00fcber die HOGO Philosophie: nachhaltiges Wachstum, soziale Verantwortung und dynamische Unternehmenskultur.\" \/>\n<meta name=\"robots\" content=\"index, follow, max-snippet:-1, max-image-preview:large, max-video-preview:-1\" \/>\n<link rel=\"canonical\" href=\"https:\/\/www.hogo.cc\/hr\/filozofija\/\" \/>\n<meta property=\"og:locale\" content=\"hr_HR\" \/>\n<meta property=\"og:type\" content=\"article\" \/>\n<meta property=\"og:title\" content=\"Philosophie\" \/>\n<meta property=\"og:description\" content=\"Erfahren Sie mehr \u00fcber die HOGO Philosophie: nachhaltiges Wachstum, soziale Verantwortung und dynamische Unternehmenskultur.\" \/>\n<meta property=\"og:url\" content=\"https:\/\/www.hogo.cc\/hr\/filozofija\/\" \/>\n<meta property=\"og:site_name\" content=\"HOGO Jobs\" \/>\n<meta property=\"article:publisher\" content=\"https:\/\/www.facebook.com\/hogogruppe\" \/>\n<meta property=\"article:modified_time\" content=\"2025-09-11T05:20:41+00:00\" \/>\n<meta property=\"og:image\" content=\"http:\/\/www.hogo.cc\/wp-content\/uploads\/2025\/03\/DSC_0433-bearb-scaled.jpg\" \/>\n\t<meta property=\"og:image:width\" content=\"2560\" \/>\n\t<meta property=\"og:image:height\" content=\"1707\" \/>\n\t<meta property=\"og:image:type\" content=\"image\/jpeg\" \/>\n<meta name=\"twitter:card\" content=\"summary_large_image\" \/>\n<meta name=\"twitter:label1\" content=\"Procijenjeno vrijeme \u010ditanja\" \/>\n\t<meta name=\"twitter:data1\" content=\"4 minute\" \/>\n<script type=\"application\/ld+json\" class=\"yoast-schema-graph\">{\"@context\":\"https:\\\/\\\/schema.org\",\"@graph\":[{\"@type\":\"WebPage\",\"@id\":\"https:\\\/\\\/www.hogo.cc\\\/philosophie\",\"url\":\"https:\\\/\\\/www.hogo.cc\\\/philosophie\",\"name\":\"HOGO Philosophie in der Arbeitskr\u00e4fte\u00fcberlassung | HOGO Jobs\",\"isPartOf\":{\"@id\":\"https:\\\/\\\/www.hogo.cc\\\/#website\"},\"primaryImageOfPage\":{\"@id\":\"https:\\\/\\\/www.hogo.cc\\\/philosophie#primaryimage\"},\"image\":{\"@id\":\"https:\\\/\\\/www.hogo.cc\\\/philosophie#primaryimage\"},\"thumbnailUrl\":\"https:\\\/\\\/www.hogo.cc\\\/wp-content\\\/uploads\\\/2025\\\/03\\\/DSC_0433-bearb-scaled.jpg\",\"datePublished\":\"2025-03-31T08:45:24+00:00\",\"dateModified\":\"2025-09-11T05:20:41+00:00\",\"description\":\"Erfahren Sie mehr \u00fcber die HOGO Philosophie: nachhaltiges Wachstum, soziale Verantwortung und dynamische Unternehmenskultur.\",\"breadcrumb\":{\"@id\":\"https:\\\/\\\/www.hogo.cc\\\/philosophie#breadcrumb\"},\"inLanguage\":\"hr\",\"potentialAction\":[{\"@type\":\"ReadAction\",\"target\":[\"https:\\\/\\\/www.hogo.cc\\\/philosophie\"]}]},{\"@type\":\"ImageObject\",\"inLanguage\":\"hr\",\"@id\":\"https:\\\/\\\/www.hogo.cc\\\/philosophie#primaryimage\",\"url\":\"https:\\\/\\\/www.hogo.cc\\\/wp-content\\\/uploads\\\/2025\\\/03\\\/DSC_0433-bearb-scaled.jpg\",\"contentUrl\":\"https:\\\/\\\/www.hogo.cc\\\/wp-content\\\/uploads\\\/2025\\\/03\\\/DSC_0433-bearb-scaled.jpg\",\"width\":2560,\"height\":1707,\"caption\":\"HOGO Philosophie\"},{\"@type\":\"BreadcrumbList\",\"@id\":\"https:\\\/\\\/www.hogo.cc\\\/philosophie#breadcrumb\",\"itemListElement\":[{\"@type\":\"ListItem\",\"position\":1,\"name\":\"Startseite\",\"item\":\"https:\\\/\\\/www.hogo.cc\\\/\"},{\"@type\":\"ListItem\",\"position\":2,\"name\":\"Philosophie\"}]},{\"@type\":\"WebSite\",\"@id\":\"https:\\\/\\\/www.hogo.cc\\\/#website\",\"url\":\"https:\\\/\\\/www.hogo.cc\\\/\",\"name\":\"HOGO\",\"description\":\"Human Resource Management - Voll am Punkt.\",\"publisher\":{\"@id\":\"https:\\\/\\\/www.hogo.cc\\\/#organization\"},\"potentialAction\":[{\"@type\":\"SearchAction\",\"target\":{\"@type\":\"EntryPoint\",\"urlTemplate\":\"https:\\\/\\\/www.hogo.cc\\\/?s={search_term_string}\"},\"query-input\":{\"@type\":\"PropertyValueSpecification\",\"valueRequired\":true,\"valueName\":\"search_term_string\"}}],\"inLanguage\":\"hr\"},{\"@type\":\"Organization\",\"@id\":\"https:\\\/\\\/www.hogo.cc\\\/#organization\",\"name\":\"Hogo\",\"url\":\"https:\\\/\\\/www.hogo.cc\\\/\",\"logo\":{\"@type\":\"ImageObject\",\"inLanguage\":\"hr\",\"@id\":\"https:\\\/\\\/www.hogo.cc\\\/#\\\/schema\\\/logo\\\/image\\\/\",\"url\":\"https:\\\/\\\/www.hogo.cc\\\/wp-content\\\/uploads\\\/2024\\\/11\\\/logo.svg\",\"contentUrl\":\"https:\\\/\\\/www.hogo.cc\\\/wp-content\\\/uploads\\\/2024\\\/11\\\/logo.svg\",\"width\":133,\"height\":92,\"caption\":\"Hogo\"},\"image\":{\"@id\":\"https:\\\/\\\/www.hogo.cc\\\/#\\\/schema\\\/logo\\\/image\\\/\"},\"sameAs\":[\"https:\\\/\\\/www.facebook.com\\\/hogogruppe\"]}]}<\/script>\n<!-- \/ Yoast SEO Premium plugin. -->","yoast_head_json":{"title":"Filozofija tvrtke HOGO o privremenom zapo\u0161ljavanju | HOGO Jobs","description":"Saznajte vi\u0161e o filozofiji HOGO: odr\u017eivom rastu, dru\u0161tvenoj odgovornosti i dinami\u010dnoj korporativnoj kulturi.","robots":{"index":"index","follow":"follow","max-snippet":"max-snippet:-1","max-image-preview":"max-image-preview:large","max-video-preview":"max-video-preview:-1"},"canonical":"https:\/\/www.hogo.cc\/hr\/filozofija\/","og_locale":"hr_HR","og_type":"article","og_title":"Philosophie","og_description":"Erfahren Sie mehr \u00fcber die HOGO Philosophie: nachhaltiges Wachstum, soziale Verantwortung und dynamische Unternehmenskultur.","og_url":"https:\/\/www.hogo.cc\/hr\/filozofija\/","og_site_name":"HOGO Jobs","article_publisher":"https:\/\/www.facebook.com\/hogogruppe","article_modified_time":"2025-09-11T05:20:41+00:00","og_image":[{"width":2560,"height":1707,"url":"http:\/\/www.hogo.cc\/wp-content\/uploads\/2025\/03\/DSC_0433-bearb-scaled.jpg","type":"image\/jpeg"}],"twitter_card":"summary_large_image","twitter_misc":{"Procijenjeno vrijeme \u010ditanja":"4 minute"},"schema":{"@context":"https:\/\/schema.org","@graph":[{"@type":"WebPage","@id":"https:\/\/www.hogo.cc\/philosophie","url":"https:\/\/www.hogo.cc\/philosophie","name":"Filozofija tvrtke HOGO o privremenom zapo\u0161ljavanju | HOGO Jobs","isPartOf":{"@id":"https:\/\/www.hogo.cc\/#website"},"primaryImageOfPage":{"@id":"https:\/\/www.hogo.cc\/philosophie#primaryimage"},"image":{"@id":"https:\/\/www.hogo.cc\/philosophie#primaryimage"},"thumbnailUrl":"https:\/\/www.hogo.cc\/wp-content\/uploads\/2025\/03\/DSC_0433-bearb-scaled.jpg","datePublished":"2025-03-31T08:45:24+00:00","dateModified":"2025-09-11T05:20:41+00:00","description":"Saznajte vi\u0161e o filozofiji HOGO: odr\u017eivom rastu, dru\u0161tvenoj odgovornosti i dinami\u010dnoj korporativnoj kulturi.","breadcrumb":{"@id":"https:\/\/www.hogo.cc\/philosophie#breadcrumb"},"inLanguage":"hr","potentialAction":[{"@type":"ReadAction","target":["https:\/\/www.hogo.cc\/philosophie"]}]},{"@type":"ImageObject","inLanguage":"hr","@id":"https:\/\/www.hogo.cc\/philosophie#primaryimage","url":"https:\/\/www.hogo.cc\/wp-content\/uploads\/2025\/03\/DSC_0433-bearb-scaled.jpg","contentUrl":"https:\/\/www.hogo.cc\/wp-content\/uploads\/2025\/03\/DSC_0433-bearb-scaled.jpg","width":2560,"height":1707,"caption":"HOGO Philosophie"},{"@type":"BreadcrumbList","@id":"https:\/\/www.hogo.cc\/philosophie#breadcrumb","itemListElement":[{"@type":"ListItem","position":1,"name":"Startseite","item":"https:\/\/www.hogo.cc\/"},{"@type":"ListItem","position":2,"name":"Philosophie"}]},{"@type":"WebSite","@id":"https:\/\/www.hogo.cc\/#website","url":"https:\/\/www.hogo.cc\/","name":"HOGO","description":"Upravljanje ljudskim resursima \u2013 to\u010dno u cilj.","publisher":{"@id":"https:\/\/www.hogo.cc\/#organization"},"potentialAction":[{"@type":"SearchAction","target":{"@type":"EntryPoint","urlTemplate":"https:\/\/www.hogo.cc\/?s={search_term_string}"},"query-input":{"@type":"PropertyValueSpecification","valueRequired":true,"valueName":"search_term_string"}}],"inLanguage":"hr"},{"@type":"Organization","@id":"https:\/\/www.hogo.cc\/#organization","name":"Hogo","url":"https:\/\/www.hogo.cc\/","logo":{"@type":"ImageObject","inLanguage":"hr","@id":"https:\/\/www.hogo.cc\/#\/schema\/logo\/image\/","url":"https:\/\/www.hogo.cc\/wp-content\/uploads\/2024\/11\/logo.svg","contentUrl":"https:\/\/www.hogo.cc\/wp-content\/uploads\/2024\/11\/logo.svg","width":133,"height":92,"caption":"Hogo"},"image":{"@id":"https:\/\/www.hogo.cc\/#\/schema\/logo\/image\/"},"sameAs":["https:\/\/www.facebook.com\/hogogruppe"]}]}},"_links":{"self":[{"href":"https:\/\/www.hogo.cc\/hr\/wp-json\/wp\/v2\/pages\/6222","targetHints":{"allow":["GET"]}}],"collection":[{"href":"https:\/\/www.hogo.cc\/hr\/wp-json\/wp\/v2\/pages"}],"about":[{"href":"https:\/\/www.hogo.cc\/hr\/wp-json\/wp\/v2\/types\/page"}],"author":[{"embeddable":true,"href":"https:\/\/www.hogo.cc\/hr\/wp-json\/wp\/v2\/users\/1"}],"replies":[{"embeddable":true,"href":"https:\/\/www.hogo.cc\/hr\/wp-json\/wp\/v2\/comments?post=6222"}],"version-history":[{"count":47,"href":"https:\/\/www.hogo.cc\/hr\/wp-json\/wp\/v2\/pages\/6222\/revisions"}],"predecessor-version":[{"id":10196,"href":"https:\/\/www.hogo.cc\/hr\/wp-json\/wp\/v2\/pages\/6222\/revisions\/10196"}],"wp:featuredmedia":[{"embeddable":true,"href":"https:\/\/www.hogo.cc\/hr\/wp-json\/wp\/v2\/media\/6227"}],"wp:attachment":[{"href":"https:\/\/www.hogo.cc\/hr\/wp-json\/wp\/v2\/media?parent=6222"}],"curies":[{"name":"wp","href":"https:\/\/api.w.org\/{rel}","templated":true}]}}