{"id":2241,"date":"2024-11-28T23:29:20","date_gmt":"2024-11-28T22:29:20","guid":{"rendered":"http:\/\/localhost\/?page_id=2241"},"modified":"2025-09-11T06:47:48","modified_gmt":"2025-09-11T04:47:48","slug":"stvorite-obavijest-o-poslu","status":"publish","type":"page","link":"https:\/\/www.hogo.cc\/hr\/jobalarm-erstellen","title":{"rendered":"Kreirajte upozorenje o poslu"},"content":{"rendered":"<div data-elementor-type=\"wp-page\" data-elementor-id=\"2241\" class=\"elementor elementor-2241\" data-elementor-post-type=\"page\">\n\t\t\t\t<div class=\"elementor-element elementor-element-0010ee3 e-flex e-con-boxed e-con e-parent\" data-id=\"0010ee3\" data-element_type=\"container\" data-e-type=\"container\" data-settings='{\"background_background\":\"classic\"}'>\n\t\t\t\t\t<div class=\"e-con-inner\">\n\t\t\t\t<div class=\"elementor-element elementor-element-c36189e elementor-widget__width-initial elementor-widget elementor-widget-heading\" data-id=\"c36189e\" data-element_type=\"widget\" data-e-type=\"widget\" data-widget_type=\"heading.default\">\n\t\t\t\t\t<h1 class=\"elementor-heading-title elementor-size-default\">Kreirajte upozorenje o poslu<\/h1>\t\t\t\t<\/div>\n\t\t\t\t\t<\/div>\n\t\t\t\t<\/div>\n\t\t<div class=\"elementor-element elementor-element-2bcff6d e-flex e-con-boxed e-con e-parent\" data-id=\"2bcff6d\" data-element_type=\"container\" data-e-type=\"container\" id=\"job-alarm-default-text\">\n\t\t\t\t\t<div class=\"e-con-inner\">\n\t\t\t\t<div class=\"elementor-element elementor-element-7cb0c7e elementor-widget elementor-widget-heading\" data-id=\"7cb0c7e\" data-element_type=\"widget\" data-e-type=\"widget\" data-widget_type=\"heading.default\">\n\t\t\t\t\t<h2 class=\"elementor-heading-title elementor-size-default\">Kako funkcionira alarm za posao<\/h2>\t\t\t\t<\/div>\n\t\t\t\t<div class=\"elementor-element elementor-element-709697c elementor-widget elementor-widget-text-editor\" data-id=\"709697c\" data-element_type=\"widget\" data-e-type=\"widget\" data-widget_type=\"text-editor.default\">\n\t\t\t\t\t\t\t\t\t<p>Tra\u017eite posao i \u017eelite biti sigurni da ne\u0107ete propustiti posao iz snova? <b>Zatim<\/b> Imamo savr\u0161eno rje\u0161enje za vas: Aktivirajte <b>Jobalarm<\/b> u centru za zapo\u0161ljavanje HOGO! Uz samo nekoliko klikova, uvijek \u0107ete biti u tijeku i nikada ne\u0107ete propustiti priliku koja vam odgovara.<\/p><p><b>Jer<\/b> the <b>Jobalarm<\/b> je va\u0161 osobni asistent u potrazi za poslom. On radi za vas, <b>dok<\/b> mo\u017eete se koncentrirati na druge stvari. <b>The<\/b> je posebno jednostavno i \u0161tedi vam dragocjeno vrijeme. Vi\u0161e ne morate svaki dan i\u0107i na internet kako biste tra\u017eili nove poslove. <b>Umjesto toga<\/b> Sve prikladne ponude za posao primit \u0107ete izravno putem e-po\u0161te \u010dim postanu dostupne.<\/p><p>Aktivacija je nevjerojatno jednostavna: unosite \u017eeljene kriterije - poput \u017eeljene industrije, lokacije ili o\u010dekivanja u pogledu pla\u0107e. <b>Nakon toga<\/b> Na\u0161 sustav brine se za pronala\u017eenje najboljih poslova za vas. <b>Tako<\/b> primat \u0107ete prilago\u0111ene obavijesti koje su prilago\u0111ene to\u010dno va\u0161im potrebama.<\/p><p><b>Nije va\u017eno<\/b> bilo da radite u industriji, trgovini ili bilo kojem drugom sektoru koji <b>Jobalarm<\/b> pronalazi prave poslove za vas. To je neophodan alat za svakoga tko \u017eeli aktivno napredovati u karijeri. <b>Osim toga<\/b> \u0161titi te <b>Jobalarm<\/b> od osje\u0107aja da ste propustili va\u017enu priliku. Primit \u0107ete obavijest, <b>prije<\/b> drugi potencijalni kandidati otkriju poziciju. <b>Kroz ovo<\/b> imate priliku brzo se prijaviti i osigurati stvarnu prednost.<\/p><p>Koristite ovu pametnu i besplatnu zna\u010dajku i u\u010dinite svoju potragu za poslom u\u010dinkovitijom nego ikad prije. <b>Jobalarm<\/b> je najbolji na\u010din da ubrzate svoj put do posla iz snova. <b>Registrirajte se sada i po\u010dnite!<\/b><\/p>\t\t\t\t\t\t\t\t<\/div>\n\t\t\t\t<div class=\"elementor-element elementor-element-c68dee9 elementor-widget elementor-widget-heading\" data-id=\"c68dee9\" data-element_type=\"widget\" data-e-type=\"widget\" data-widget_type=\"heading.default\">\n\t\t\t\t\t<h2 class=\"elementor-heading-title elementor-size-default\">To je tako jednostavno:<\/h2>\t\t\t\t<\/div>\n\t\t\t\t<div class=\"elementor-element elementor-element-006f55a elementor-widget elementor-widget-text-editor\" data-id=\"006f55a\" data-element_type=\"widget\" data-e-type=\"widget\" data-widget_type=\"text-editor.default\">\n\t\t\t\t\t\t\t\t\t<ol><li>Kliknite na stavku izbornika&nbsp;<a href=\"https:\/\/www.hogo.cc\/hr\/posao\/\">&quot;Ponude za posao&quot;<\/a>&nbsp;na podru\u010dju podnositelja zahtjeva.<\/li><li>Odaberite relevantne kriterije filtriranja koji odgovaraju va\u0161em poslu iz snova.<\/li><li>Aktivirajte obavijest o poslu pomo\u0107u gumba ispod kriterija filtriranja ili pored trake za pretra\u017eivanje.<\/li><li>Dajte naziv kreiranom alarmu zadatka (tako\u0111er mo\u017eete stvoriti vi\u0161e alarma s razli\u010ditim kriterijima filtriranja).<\/li><li>Unesite adresu e-po\u0161te koju koristite za primanje&nbsp;<a href=\"https:\/\/www.hogo.cc\/hr\/posao\/\">najnovije ponude za posao<\/a>&nbsp;koji odgovaraju va\u0161im kriterijima pretrage!<\/li><\/ol><p>Veselimo se va\u0161im prijavama!<\/p><p><strong>Va\u0161 HOGO tim<\/strong><\/p>\t\t\t\t\t\t\t\t<\/div>\n\t\t\t\t<div class=\"elementor-element elementor-element-e10a3bc elementor-widget elementor-widget-button\" data-id=\"e10a3bc\" data-element_type=\"widget\" data-e-type=\"widget\" data-widget_type=\"button.default\">\n\t\t\t\t\t\t\t\t\t\t<a class=\"elementor-button elementor-button-link elementor-size-sm\" href=\"https:\/\/www.hogo.cc\/hr\/job\">\n\t\t\t\t\t\t<span class=\"elementor-button-content-wrapper\">\n\t\t\t\t\t\t\t\t\t<span class=\"elementor-button-text\">Do potrage za poslom<\/span>\n\t\t\t\t\t<\/span>\n\t\t\t\t\t<\/a>\n\t\t\t\t\t\t\t\t<\/div>\n\t\t\t\t\t<\/div>\n\t\t\t\t<\/div>\n\t\t\n\t\t\t\t<\/div>","protected":false},"excerpt":{"rendered":"<p>Jobalarm erstellen So funktioniert der Jobalarm Du bist auf Jobsuche und m\u00f6chtest sichergehen, dass du keine Chance auf deinen Traumjob verpasst? Dann haben wir die perfekte L\u00f6sung f\u00fcr dich: Aktiviere den Jobalarm im HOGO Jobcenter! Mit nur wenigen Klicks bleibst du immer auf dem Laufenden und verpasst keine Gelegenheit mehr, die zu dir passt. Denn [&hellip;]<\/p>\n","protected":false},"author":1,"featured_media":0,"parent":0,"menu_order":0,"comment_status":"closed","ping_status":"closed","template":"","meta":{"footnotes":""},"class_list":["post-2241","page","type-page","status-publish","hentry"],"yoast_head":"<!-- This site is optimized with the Yoast SEO Premium plugin v27.5 (Yoast SEO v27.5) - https:\/\/yoast.com\/product\/yoast-seo-premium-wordpress\/ -->\n<title>Jobalarm im HOGO Jobcenter nutzen und profitieren | HOGO Jobs<\/title>\n<meta name=\"description\" content=\"Activieren Sie den Jobalarm im HOGO Jobcenter und verpassen Sie keine Jobm\u00f6glichkeiten mehr, die zu Ihnen passen.\" \/>\n<meta name=\"robots\" content=\"index, follow, max-snippet:-1, max-image-preview:large, max-video-preview:-1\" \/>\n<link rel=\"canonical\" href=\"https:\/\/www.hogo.cc\/hr\/stvorite-obavijest-o-poslu\/\" \/>\n<meta property=\"og:locale\" content=\"hr_HR\" \/>\n<meta property=\"og:type\" content=\"article\" \/>\n<meta property=\"og:title\" content=\"Jobalarm erstellen\" \/>\n<meta property=\"og:description\" content=\"Activieren Sie den Jobalarm im HOGO Jobcenter und verpassen Sie keine Jobm\u00f6glichkeiten mehr, die zu Ihnen passen.\" \/>\n<meta property=\"og:url\" content=\"https:\/\/www.hogo.cc\/hr\/stvorite-obavijest-o-poslu\/\" \/>\n<meta property=\"og:site_name\" content=\"HOGO Jobs\" \/>\n<meta property=\"article:publisher\" content=\"https:\/\/www.facebook.com\/hogogruppe\" \/>\n<meta property=\"article:modified_time\" content=\"2025-09-11T04:47:48+00:00\" \/>\n<meta name=\"twitter:card\" content=\"summary_large_image\" \/>\n<meta name=\"twitter:label1\" content=\"Procijenjeno vrijeme \u010ditanja\" \/>\n\t<meta name=\"twitter:data1\" content=\"3 minute\" \/>\n<script type=\"application\/ld+json\" class=\"yoast-schema-graph\">{\"@context\":\"https:\\\/\\\/schema.org\",\"@graph\":[{\"@type\":\"WebPage\",\"@id\":\"https:\\\/\\\/www.hogo.cc\\\/jobalarm-erstellen\",\"url\":\"https:\\\/\\\/www.hogo.cc\\\/jobalarm-erstellen\",\"name\":\"Jobalarm im HOGO Jobcenter nutzen und profitieren | HOGO Jobs\",\"isPartOf\":{\"@id\":\"https:\\\/\\\/www.hogo.cc\\\/#website\"},\"datePublished\":\"2024-11-28T22:29:20+00:00\",\"dateModified\":\"2025-09-11T04:47:48+00:00\",\"description\":\"Activieren Sie den Jobalarm im HOGO Jobcenter und verpassen Sie keine Jobm\u00f6glichkeiten mehr, die zu Ihnen passen.\",\"breadcrumb\":{\"@id\":\"https:\\\/\\\/www.hogo.cc\\\/jobalarm-erstellen#breadcrumb\"},\"inLanguage\":\"hr\",\"potentialAction\":[{\"@type\":\"ReadAction\",\"target\":[\"https:\\\/\\\/www.hogo.cc\\\/jobalarm-erstellen\"]}]},{\"@type\":\"BreadcrumbList\",\"@id\":\"https:\\\/\\\/www.hogo.cc\\\/jobalarm-erstellen#breadcrumb\",\"itemListElement\":[{\"@type\":\"ListItem\",\"position\":1,\"name\":\"Startseite\",\"item\":\"https:\\\/\\\/www.hogo.cc\\\/\"},{\"@type\":\"ListItem\",\"position\":2,\"name\":\"Jobalarm erstellen\"}]},{\"@type\":\"WebSite\",\"@id\":\"https:\\\/\\\/www.hogo.cc\\\/#website\",\"url\":\"https:\\\/\\\/www.hogo.cc\\\/\",\"name\":\"HOGO\",\"description\":\"Human Resource Management - Voll am Punkt.\",\"publisher\":{\"@id\":\"https:\\\/\\\/www.hogo.cc\\\/#organization\"},\"potentialAction\":[{\"@type\":\"SearchAction\",\"target\":{\"@type\":\"EntryPoint\",\"urlTemplate\":\"https:\\\/\\\/www.hogo.cc\\\/?s={search_term_string}\"},\"query-input\":{\"@type\":\"PropertyValueSpecification\",\"valueRequired\":true,\"valueName\":\"search_term_string\"}}],\"inLanguage\":\"hr\"},{\"@type\":\"Organization\",\"@id\":\"https:\\\/\\\/www.hogo.cc\\\/#organization\",\"name\":\"Hogo\",\"url\":\"https:\\\/\\\/www.hogo.cc\\\/\",\"logo\":{\"@type\":\"ImageObject\",\"inLanguage\":\"hr\",\"@id\":\"https:\\\/\\\/www.hogo.cc\\\/#\\\/schema\\\/logo\\\/image\\\/\",\"url\":\"https:\\\/\\\/www.hogo.cc\\\/wp-content\\\/uploads\\\/2024\\\/11\\\/logo.svg\",\"contentUrl\":\"https:\\\/\\\/www.hogo.cc\\\/wp-content\\\/uploads\\\/2024\\\/11\\\/logo.svg\",\"width\":133,\"height\":92,\"caption\":\"Hogo\"},\"image\":{\"@id\":\"https:\\\/\\\/www.hogo.cc\\\/#\\\/schema\\\/logo\\\/image\\\/\"},\"sameAs\":[\"https:\\\/\\\/www.facebook.com\\\/hogogruppe\"]}]}<\/script>\n<!-- \/ Yoast SEO Premium plugin. -->","yoast_head_json":{"title":"Koristite uslugu obavijesti o poslu u HOGO centru za zapo\u0161ljavanje i ostvarite prednosti | HOGO poslovi","description":"Aktivirajte obavijest o poslu na web-stranici HOGO Job Centre i vi\u0161e nikada ne propustite prilike za posao koje su prave za vas.","robots":{"index":"index","follow":"follow","max-snippet":"max-snippet:-1","max-image-preview":"max-image-preview:large","max-video-preview":"max-video-preview:-1"},"canonical":"https:\/\/www.hogo.cc\/hr\/stvorite-obavijest-o-poslu\/","og_locale":"hr_HR","og_type":"article","og_title":"Jobalarm erstellen","og_description":"Activieren Sie den Jobalarm im HOGO Jobcenter und verpassen Sie keine Jobm\u00f6glichkeiten mehr, die zu Ihnen passen.","og_url":"https:\/\/www.hogo.cc\/hr\/stvorite-obavijest-o-poslu\/","og_site_name":"HOGO Jobs","article_publisher":"https:\/\/www.facebook.com\/hogogruppe","article_modified_time":"2025-09-11T04:47:48+00:00","twitter_card":"summary_large_image","twitter_misc":{"Procijenjeno vrijeme \u010ditanja":"3 minute"},"schema":{"@context":"https:\/\/schema.org","@graph":[{"@type":"WebPage","@id":"https:\/\/www.hogo.cc\/jobalarm-erstellen","url":"https:\/\/www.hogo.cc\/jobalarm-erstellen","name":"Koristite uslugu obavijesti o poslu u HOGO centru za zapo\u0161ljavanje i ostvarite prednosti | HOGO poslovi","isPartOf":{"@id":"https:\/\/www.hogo.cc\/#website"},"datePublished":"2024-11-28T22:29:20+00:00","dateModified":"2025-09-11T04:47:48+00:00","description":"Aktivirajte obavijest o poslu na web-stranici HOGO Job Centre i vi\u0161e nikada ne propustite prilike za posao koje su prave za vas.","breadcrumb":{"@id":"https:\/\/www.hogo.cc\/jobalarm-erstellen#breadcrumb"},"inLanguage":"hr","potentialAction":[{"@type":"ReadAction","target":["https:\/\/www.hogo.cc\/jobalarm-erstellen"]}]},{"@type":"BreadcrumbList","@id":"https:\/\/www.hogo.cc\/jobalarm-erstellen#breadcrumb","itemListElement":[{"@type":"ListItem","position":1,"name":"Startseite","item":"https:\/\/www.hogo.cc\/"},{"@type":"ListItem","position":2,"name":"Jobalarm erstellen"}]},{"@type":"WebSite","@id":"https:\/\/www.hogo.cc\/#website","url":"https:\/\/www.hogo.cc\/","name":"HOGO","description":"Upravljanje ljudskim resursima \u2013 to\u010dno u cilj.","publisher":{"@id":"https:\/\/www.hogo.cc\/#organization"},"potentialAction":[{"@type":"SearchAction","target":{"@type":"EntryPoint","urlTemplate":"https:\/\/www.hogo.cc\/?s={search_term_string}"},"query-input":{"@type":"PropertyValueSpecification","valueRequired":true,"valueName":"search_term_string"}}],"inLanguage":"hr"},{"@type":"Organization","@id":"https:\/\/www.hogo.cc\/#organization","name":"Hogo","url":"https:\/\/www.hogo.cc\/","logo":{"@type":"ImageObject","inLanguage":"hr","@id":"https:\/\/www.hogo.cc\/#\/schema\/logo\/image\/","url":"https:\/\/www.hogo.cc\/wp-content\/uploads\/2024\/11\/logo.svg","contentUrl":"https:\/\/www.hogo.cc\/wp-content\/uploads\/2024\/11\/logo.svg","width":133,"height":92,"caption":"Hogo"},"image":{"@id":"https:\/\/www.hogo.cc\/#\/schema\/logo\/image\/"},"sameAs":["https:\/\/www.facebook.com\/hogogruppe"]}]}},"_links":{"self":[{"href":"https:\/\/www.hogo.cc\/hr\/wp-json\/wp\/v2\/pages\/2241","targetHints":{"allow":["GET"]}}],"collection":[{"href":"https:\/\/www.hogo.cc\/hr\/wp-json\/wp\/v2\/pages"}],"about":[{"href":"https:\/\/www.hogo.cc\/hr\/wp-json\/wp\/v2\/types\/page"}],"author":[{"embeddable":true,"href":"https:\/\/www.hogo.cc\/hr\/wp-json\/wp\/v2\/users\/1"}],"replies":[{"embeddable":true,"href":"https:\/\/www.hogo.cc\/hr\/wp-json\/wp\/v2\/comments?post=2241"}],"version-history":[{"count":115,"href":"https:\/\/www.hogo.cc\/hr\/wp-json\/wp\/v2\/pages\/2241\/revisions"}],"predecessor-version":[{"id":10178,"href":"https:\/\/www.hogo.cc\/hr\/wp-json\/wp\/v2\/pages\/2241\/revisions\/10178"}],"wp:attachment":[{"href":"https:\/\/www.hogo.cc\/hr\/wp-json\/wp\/v2\/media?parent=2241"}],"curies":[{"name":"wp","href":"https:\/\/api.w.org\/{rel}","templated":true}]}}