{"id":2241,"date":"2024-11-28T23:29:20","date_gmt":"2024-11-28T22:29:20","guid":{"rendered":"http:\/\/localhost\/?page_id=2241"},"modified":"2025-09-11T06:47:48","modified_gmt":"2025-09-11T04:47:48","slug":"jobalarm-erstellen","status":"publish","type":"page","link":"https:\/\/www.hogo.cc\/cs\/jobalarm-erstellen","title":{"rendered":"Vytvo\u0159it pracovn\u00ed upozorn\u011bn\u00ed"},"content":{"rendered":"<div data-elementor-type=\"wp-page\" data-elementor-id=\"2241\" class=\"elementor elementor-2241\" data-elementor-post-type=\"page\">\n\t\t\t\t<div class=\"elementor-element elementor-element-0010ee3 e-flex e-con-boxed e-con e-parent\" data-id=\"0010ee3\" data-element_type=\"container\" data-e-type=\"container\" data-settings='{\"background_background\":\"classic\"}'>\n\t\t\t\t\t<div class=\"e-con-inner\">\n\t\t\t\t<div class=\"elementor-element elementor-element-c36189e elementor-widget__width-initial elementor-widget elementor-widget-heading\" data-id=\"c36189e\" data-element_type=\"widget\" data-e-type=\"widget\" data-widget_type=\"heading.default\">\n\t\t\t\t\t<h1 class=\"elementor-heading-title elementor-size-default\">Vytvo\u0159it pracovn\u00ed upozorn\u011bn\u00ed<\/h1>\t\t\t\t<\/div>\n\t\t\t\t\t<\/div>\n\t\t\t\t<\/div>\n\t\t<div class=\"elementor-element elementor-element-2bcff6d e-flex e-con-boxed e-con e-parent\" data-id=\"2bcff6d\" data-element_type=\"container\" data-e-type=\"container\" id=\"job-alarm-default-text\">\n\t\t\t\t\t<div class=\"e-con-inner\">\n\t\t\t\t<div class=\"elementor-element elementor-element-7cb0c7e elementor-widget elementor-widget-heading\" data-id=\"7cb0c7e\" data-element_type=\"widget\" data-e-type=\"widget\" data-widget_type=\"heading.default\">\n\t\t\t\t\t<h2 class=\"elementor-heading-title elementor-size-default\">Jak upozorn\u011bn\u00ed na pracovn\u00ed pozici funguje<\/h2>\t\t\t\t<\/div>\n\t\t\t\t<div class=\"elementor-element elementor-element-709697c elementor-widget elementor-widget-text-editor\" data-id=\"709697c\" data-element_type=\"widget\" data-e-type=\"widget\" data-widget_type=\"text-editor.default\">\n\t\t\t\t\t\t\t\t\t<p>Hled\u00e1te pr\u00e1ci a chcete se ujistit, \u017ee v\u00e1m va\u0161e vysn\u011bn\u00e9 zam\u011bstn\u00e1n\u00ed neunikne? <b>Pak<\/b> m\u00e1me pro v\u00e1s ide\u00e1ln\u00ed \u0159e\u0161en\u00ed: Aktivujte <b>Upozorn\u011bn\u00ed na pr\u00e1ci<\/b> na \u00fa\u0159adu pr\u00e1ce HOGO! Sta\u010d\u00ed jen p\u00e1r kliknut\u00ed, abyste byli neust\u00e1le v obraze a neprop\u00e1sli \u017e\u00e1dnou vhodnou p\u0159\u00edle\u017eitost.<\/p><p><b>Proto\u017ee<\/b> na <b>Upozorn\u011bn\u00ed na pr\u00e1ci<\/b> je va\u0161\u00edm osobn\u00edm asistentem p\u0159i hled\u00e1n\u00ed pr\u00e1ce. Pracuje pro v\u00e1s, <b>zat\u00edmco<\/b> m\u016f\u017eete se soust\u0159edit na jin\u00e9 v\u011bci. <b>Na str\u00e1nk\u00e1ch<\/b> je mimo\u0159\u00e1dn\u011b snadn\u00e9 a \u0161et\u0159\u00ed v\u00e1\u0161 drahocenn\u00fd \u010das. U\u017e nemus\u00edte ka\u017ed\u00fd den chodit na internet a hledat nov\u00e1 pracovn\u00ed m\u00edsta. <b>M\u00edsto toho<\/b> obdr\u017e\u00edte v\u0161echny vhodn\u00e9 nab\u00eddky p\u0159\u00edmo e-mailem, jakmile se uvoln\u00ed.<\/p><p>Aktivace je velmi jednoduch\u00e1: zad\u00e1te po\u017eadovan\u00e1 krit\u00e9ria - nap\u0159\u00edklad preferovan\u00e9 odv\u011btv\u00ed, lokalitu nebo o\u010dek\u00e1van\u00fd plat. <b>N\u00e1sledn\u011b<\/b> n\u00e1\u0161 syst\u00e9m se postar\u00e1 o vyhled\u00e1n\u00ed t\u011bch nejlep\u0161\u00edch pracovn\u00edch m\u00edst pro v\u00e1s. <b>Tak\u017ee<\/b> budete dost\u00e1vat p\u0159izp\u016fsoben\u00e1 ozn\u00e1men\u00ed, kter\u00e1 budou p\u0159esn\u011b odpov\u00eddat va\u0161im pot\u0159eb\u00e1m.<\/p><p><b>Bez ohledu na to.<\/b> A\u0165 u\u017e pracujete v pr\u016fmyslu, v komer\u010dn\u00edm sektoru nebo v jin\u00e9m odv\u011btv\u00ed. <b>Upozorn\u011bn\u00ed na pr\u00e1ci<\/b> najde pro v\u00e1s ta spr\u00e1vn\u00e1 pracovn\u00ed m\u00edsta. Je to nepostradateln\u00fd n\u00e1stroj pro ka\u017ed\u00e9ho, kdo chce aktivn\u011b rozv\u00edjet svou kari\u00e9ru. <b>Krom\u011b toho<\/b> na <b>Upozorn\u011bn\u00ed na pr\u00e1ci<\/b> z pocitu, \u017ee jste prop\u00e1sli d\u016fle\u017eitou p\u0159\u00edle\u017eitost. Obdr\u017e\u00edte ozn\u00e1men\u00ed, <b>p\u0159ed<\/b> dal\u0161\u00ed potenci\u00e1ln\u00ed uchaze\u010de o tuto pozici. <b>T\u00edmto<\/b> m\u00e1te mo\u017enost rychle podat \u017e\u00e1dost a zajistit si skute\u010dnou v\u00fdhodu.<\/p><p>Vyu\u017eijte tuto chytrou a bezplatnou funkci a zefektivn\u011bte sv\u00e9 hled\u00e1n\u00ed pr\u00e1ce jako nikdy p\u0159edt\u00edm. Str\u00e1nka <b>Upozorn\u011bn\u00ed na pr\u00e1ci<\/b> je nejlep\u0161\u00ed zp\u016fsob, jak si urychlit cestu k vysn\u011bn\u00e9 pr\u00e1ci. <b>Zaregistrujte se a za\u010dn\u011bte!<\/b><\/p>\t\t\t\t\t\t\t\t<\/div>\n\t\t\t\t<div class=\"elementor-element elementor-element-c68dee9 elementor-widget elementor-widget-heading\" data-id=\"c68dee9\" data-element_type=\"widget\" data-e-type=\"widget\" data-widget_type=\"heading.default\">\n\t\t\t\t\t<h2 class=\"elementor-heading-title elementor-size-default\">Je to tak jednoduch\u00e9:<\/h2>\t\t\t\t<\/div>\n\t\t\t\t<div class=\"elementor-element elementor-element-006f55a elementor-widget elementor-widget-text-editor\" data-id=\"006f55a\" data-element_type=\"widget\" data-e-type=\"widget\" data-widget_type=\"text-editor.default\">\n\t\t\t\t\t\t\t\t\t<ol><li>Klikn\u011bte na polo\u017eku nab\u00eddky&nbsp;<a href=\"https:\/\/www.hogo.cc\/cs\/job\/\">\"Voln\u00e1 m\u00edsta\"<\/a>&nbsp;v oblasti \u017eadatele.<\/li><li>Za\u0161krtn\u011bte p\u0159\u00edslu\u0161n\u00e1 krit\u00e9ria filtru, kter\u00e1 odpov\u00eddaj\u00ed va\u0161\u00ed vysn\u011bn\u00e9 pr\u00e1ci.<\/li><li>Glob\u00e1ln\u00ed upozorn\u011bn\u00ed aktivujete tla\u010d\u00edtkem pod krit\u00e9rii filtru nebo vedle vyhled\u00e1vac\u00edho \u0159\u00e1dku.<\/li><li>P\u0159i\u0159a\u010fte vytvo\u0159en\u00e9mu glob\u00e1ln\u00edmu alarmu n\u00e1zev (m\u016f\u017eete tak\u00e9 vytvo\u0159it n\u011bkolik alarm\u016f s r\u016fzn\u00fdmi krit\u00e9rii filtrov\u00e1n\u00ed).<\/li><li>Zadejte e-mailovou adresu, na kterou chcete dost\u00e1vat zpr\u00e1vy.&nbsp;<a href=\"https:\/\/www.hogo.cc\/cs\/job\/\">nejnov\u011bj\u0161\u00ed nab\u00eddky pr\u00e1ce<\/a>&nbsp;kter\u00e9 odpov\u00eddaj\u00ed va\u0161im vyhled\u00e1vac\u00edm krit\u00e9ri\u00edm!<\/li><\/ol><p>T\u011b\u0161\u00edme se na va\u0161e p\u0159ihl\u00e1\u0161ky!<\/p><p><strong>V\u00e1\u0161 t\u00fdm HOGO<\/strong><\/p>\t\t\t\t\t\t\t\t<\/div>\n\t\t\t\t<div class=\"elementor-element elementor-element-e10a3bc elementor-widget elementor-widget-button\" data-id=\"e10a3bc\" data-element_type=\"widget\" data-e-type=\"widget\" data-widget_type=\"button.default\">\n\t\t\t\t\t\t\t\t\t\t<a class=\"elementor-button elementor-button-link elementor-size-sm\" href=\"https:\/\/www.hogo.cc\/cs\/job\">\n\t\t\t\t\t\t<span class=\"elementor-button-content-wrapper\">\n\t\t\t\t\t\t\t\t\t<span class=\"elementor-button-text\">K hled\u00e1n\u00ed pr\u00e1ce<\/span>\n\t\t\t\t\t<\/span>\n\t\t\t\t\t<\/a>\n\t\t\t\t\t\t\t\t<\/div>\n\t\t\t\t\t<\/div>\n\t\t\t\t<\/div>\n\t\t\n\t\t\t\t<\/div>","protected":false},"excerpt":{"rendered":"<p>Jobalarm erstellen So funktioniert der Jobalarm Du bist auf Jobsuche und m\u00f6chtest sichergehen, dass du keine Chance auf deinen Traumjob verpasst? Dann haben wir die perfekte L\u00f6sung f\u00fcr dich: Aktiviere den Jobalarm im HOGO Jobcenter! Mit nur wenigen Klicks bleibst du immer auf dem Laufenden und verpasst keine Gelegenheit mehr, die zu dir passt. Denn [&hellip;]<\/p>\n","protected":false},"author":1,"featured_media":0,"parent":0,"menu_order":0,"comment_status":"closed","ping_status":"closed","template":"","meta":{"footnotes":""},"class_list":["post-2241","page","type-page","status-publish","hentry"],"yoast_head":"<!-- This site is optimized with the Yoast SEO Premium plugin v27.4 (Yoast SEO v27.4) - https:\/\/yoast.com\/product\/yoast-seo-premium-wordpress\/ -->\n<title>Jobalarm im HOGO Jobcenter nutzen und profitieren | HOGO Jobs<\/title>\n<meta name=\"description\" content=\"Activieren Sie den Jobalarm im HOGO Jobcenter und verpassen Sie keine Jobm\u00f6glichkeiten mehr, die zu Ihnen passen.\" \/>\n<meta name=\"robots\" content=\"index, follow, max-snippet:-1, max-image-preview:large, max-video-preview:-1\" \/>\n<link rel=\"canonical\" href=\"https:\/\/www.hogo.cc\/cs\/jobalarm-erstellen\/\" \/>\n<meta property=\"og:locale\" content=\"cs_CZ\" \/>\n<meta property=\"og:type\" content=\"article\" \/>\n<meta property=\"og:title\" content=\"Jobalarm erstellen\" \/>\n<meta property=\"og:description\" content=\"Activieren Sie den Jobalarm im HOGO Jobcenter und verpassen Sie keine Jobm\u00f6glichkeiten mehr, die zu Ihnen passen.\" \/>\n<meta property=\"og:url\" content=\"https:\/\/www.hogo.cc\/cs\/jobalarm-erstellen\/\" \/>\n<meta property=\"og:site_name\" content=\"HOGO Jobs\" \/>\n<meta property=\"article:publisher\" content=\"https:\/\/www.facebook.com\/hogogruppe\" \/>\n<meta property=\"article:modified_time\" content=\"2025-09-11T04:47:48+00:00\" \/>\n<meta name=\"twitter:card\" content=\"summary_large_image\" \/>\n<meta name=\"twitter:label1\" content=\"Odhadovan\u00e1 doba \u010dten\u00ed\" \/>\n\t<meta name=\"twitter:data1\" content=\"3 minuty\" \/>\n<script type=\"application\/ld+json\" class=\"yoast-schema-graph\">{\"@context\":\"https:\\\/\\\/schema.org\",\"@graph\":[{\"@type\":\"WebPage\",\"@id\":\"https:\\\/\\\/www.hogo.cc\\\/jobalarm-erstellen\",\"url\":\"https:\\\/\\\/www.hogo.cc\\\/jobalarm-erstellen\",\"name\":\"Jobalarm im HOGO Jobcenter nutzen und profitieren | HOGO Jobs\",\"isPartOf\":{\"@id\":\"https:\\\/\\\/www.hogo.cc\\\/#website\"},\"datePublished\":\"2024-11-28T22:29:20+00:00\",\"dateModified\":\"2025-09-11T04:47:48+00:00\",\"description\":\"Activieren Sie den Jobalarm im HOGO Jobcenter und verpassen Sie keine Jobm\u00f6glichkeiten mehr, die zu Ihnen passen.\",\"breadcrumb\":{\"@id\":\"https:\\\/\\\/www.hogo.cc\\\/jobalarm-erstellen#breadcrumb\"},\"inLanguage\":\"cs\",\"potentialAction\":[{\"@type\":\"ReadAction\",\"target\":[\"https:\\\/\\\/www.hogo.cc\\\/jobalarm-erstellen\"]}]},{\"@type\":\"BreadcrumbList\",\"@id\":\"https:\\\/\\\/www.hogo.cc\\\/jobalarm-erstellen#breadcrumb\",\"itemListElement\":[{\"@type\":\"ListItem\",\"position\":1,\"name\":\"Startseite\",\"item\":\"https:\\\/\\\/www.hogo.cc\\\/\"},{\"@type\":\"ListItem\",\"position\":2,\"name\":\"Jobalarm erstellen\"}]},{\"@type\":\"WebSite\",\"@id\":\"https:\\\/\\\/www.hogo.cc\\\/#website\",\"url\":\"https:\\\/\\\/www.hogo.cc\\\/\",\"name\":\"HOGO\",\"description\":\"Human Resource Management - Voll am Punkt.\",\"publisher\":{\"@id\":\"https:\\\/\\\/www.hogo.cc\\\/#organization\"},\"potentialAction\":[{\"@type\":\"SearchAction\",\"target\":{\"@type\":\"EntryPoint\",\"urlTemplate\":\"https:\\\/\\\/www.hogo.cc\\\/?s={search_term_string}\"},\"query-input\":{\"@type\":\"PropertyValueSpecification\",\"valueRequired\":true,\"valueName\":\"search_term_string\"}}],\"inLanguage\":\"cs\"},{\"@type\":\"Organization\",\"@id\":\"https:\\\/\\\/www.hogo.cc\\\/#organization\",\"name\":\"Hogo\",\"url\":\"https:\\\/\\\/www.hogo.cc\\\/\",\"logo\":{\"@type\":\"ImageObject\",\"inLanguage\":\"cs\",\"@id\":\"https:\\\/\\\/www.hogo.cc\\\/#\\\/schema\\\/logo\\\/image\\\/\",\"url\":\"https:\\\/\\\/www.hogo.cc\\\/wp-content\\\/uploads\\\/2024\\\/11\\\/logo.svg\",\"contentUrl\":\"https:\\\/\\\/www.hogo.cc\\\/wp-content\\\/uploads\\\/2024\\\/11\\\/logo.svg\",\"width\":133,\"height\":92,\"caption\":\"Hogo\"},\"image\":{\"@id\":\"https:\\\/\\\/www.hogo.cc\\\/#\\\/schema\\\/logo\\\/image\\\/\"},\"sameAs\":[\"https:\\\/\\\/www.facebook.com\\\/hogogruppe\"]}]}<\/script>\n<!-- \/ Yoast SEO Premium plugin. -->","yoast_head_json":{"title":"Jobalarm im HOGO Jobcenter nutzen und profitieren | HOGO Jobs","description":"Activieren Sie den Jobalarm im HOGO Jobcenter und verpassen Sie keine Jobm\u00f6glichkeiten mehr, die zu Ihnen passen.","robots":{"index":"index","follow":"follow","max-snippet":"max-snippet:-1","max-image-preview":"max-image-preview:large","max-video-preview":"max-video-preview:-1"},"canonical":"https:\/\/www.hogo.cc\/cs\/jobalarm-erstellen\/","og_locale":"cs_CZ","og_type":"article","og_title":"Jobalarm erstellen","og_description":"Activieren Sie den Jobalarm im HOGO Jobcenter und verpassen Sie keine Jobm\u00f6glichkeiten mehr, die zu Ihnen passen.","og_url":"https:\/\/www.hogo.cc\/cs\/jobalarm-erstellen\/","og_site_name":"HOGO Jobs","article_publisher":"https:\/\/www.facebook.com\/hogogruppe","article_modified_time":"2025-09-11T04:47:48+00:00","twitter_card":"summary_large_image","twitter_misc":{"Odhadovan\u00e1 doba \u010dten\u00ed":"3 minuty"},"schema":{"@context":"https:\/\/schema.org","@graph":[{"@type":"WebPage","@id":"https:\/\/www.hogo.cc\/jobalarm-erstellen","url":"https:\/\/www.hogo.cc\/jobalarm-erstellen","name":"Jobalarm im HOGO Jobcenter nutzen und profitieren | HOGO Jobs","isPartOf":{"@id":"https:\/\/www.hogo.cc\/#website"},"datePublished":"2024-11-28T22:29:20+00:00","dateModified":"2025-09-11T04:47:48+00:00","description":"Activieren Sie den Jobalarm im HOGO Jobcenter und verpassen Sie keine Jobm\u00f6glichkeiten mehr, die zu Ihnen passen.","breadcrumb":{"@id":"https:\/\/www.hogo.cc\/jobalarm-erstellen#breadcrumb"},"inLanguage":"cs","potentialAction":[{"@type":"ReadAction","target":["https:\/\/www.hogo.cc\/jobalarm-erstellen"]}]},{"@type":"BreadcrumbList","@id":"https:\/\/www.hogo.cc\/jobalarm-erstellen#breadcrumb","itemListElement":[{"@type":"ListItem","position":1,"name":"Startseite","item":"https:\/\/www.hogo.cc\/"},{"@type":"ListItem","position":2,"name":"Jobalarm erstellen"}]},{"@type":"WebSite","@id":"https:\/\/www.hogo.cc\/#website","url":"https:\/\/www.hogo.cc\/","name":"HOGO","description":"\u0158\u00edzen\u00ed lidsk\u00fdch zdroj\u016f - p\u0159\u00edmo k v\u011bci.","publisher":{"@id":"https:\/\/www.hogo.cc\/#organization"},"potentialAction":[{"@type":"SearchAction","target":{"@type":"EntryPoint","urlTemplate":"https:\/\/www.hogo.cc\/?s={search_term_string}"},"query-input":{"@type":"PropertyValueSpecification","valueRequired":true,"valueName":"search_term_string"}}],"inLanguage":"cs"},{"@type":"Organization","@id":"https:\/\/www.hogo.cc\/#organization","name":"Hogo","url":"https:\/\/www.hogo.cc\/","logo":{"@type":"ImageObject","inLanguage":"cs","@id":"https:\/\/www.hogo.cc\/#\/schema\/logo\/image\/","url":"https:\/\/www.hogo.cc\/wp-content\/uploads\/2024\/11\/logo.svg","contentUrl":"https:\/\/www.hogo.cc\/wp-content\/uploads\/2024\/11\/logo.svg","width":133,"height":92,"caption":"Hogo"},"image":{"@id":"https:\/\/www.hogo.cc\/#\/schema\/logo\/image\/"},"sameAs":["https:\/\/www.facebook.com\/hogogruppe"]}]}},"_links":{"self":[{"href":"https:\/\/www.hogo.cc\/cs\/wp-json\/wp\/v2\/pages\/2241","targetHints":{"allow":["GET"]}}],"collection":[{"href":"https:\/\/www.hogo.cc\/cs\/wp-json\/wp\/v2\/pages"}],"about":[{"href":"https:\/\/www.hogo.cc\/cs\/wp-json\/wp\/v2\/types\/page"}],"author":[{"embeddable":true,"href":"https:\/\/www.hogo.cc\/cs\/wp-json\/wp\/v2\/users\/1"}],"replies":[{"embeddable":true,"href":"https:\/\/www.hogo.cc\/cs\/wp-json\/wp\/v2\/comments?post=2241"}],"version-history":[{"count":115,"href":"https:\/\/www.hogo.cc\/cs\/wp-json\/wp\/v2\/pages\/2241\/revisions"}],"predecessor-version":[{"id":10178,"href":"https:\/\/www.hogo.cc\/cs\/wp-json\/wp\/v2\/pages\/2241\/revisions\/10178"}],"wp:attachment":[{"href":"https:\/\/www.hogo.cc\/cs\/wp-json\/wp\/v2\/media?parent=2241"}],"curies":[{"name":"wp","href":"https:\/\/api.w.org\/{rel}","templated":true}]}}