{"id":2,"date":"2024-11-11T16:23:59","date_gmt":"2024-11-11T15:23:59","guid":{"rendered":"http:\/\/localhost\/?page_id=2"},"modified":"2025-02-06T09:41:48","modified_gmt":"2025-02-06T08:41:48","slug":"impressum","status":"publish","type":"page","link":"https:\/\/www.hogo.cc\/cs\/impressum","title":{"rendered":"Otisk"},"content":{"rendered":"<div data-elementor-type=\"wp-page\" data-elementor-id=\"2\" class=\"elementor elementor-2\" data-elementor-post-type=\"page\">\n\t\t\t\t<div class=\"elementor-element elementor-element-5e9e9c9 e-flex e-con-boxed e-con e-parent\" data-id=\"5e9e9c9\" data-element_type=\"container\" data-e-type=\"container\" data-settings=\"{&quot;background_background&quot;:&quot;classic&quot;}\">\n\t\t\t\t\t<div class=\"e-con-inner\">\n\t\t\t\t<div class=\"elementor-element elementor-element-d4828f6 elementor-widget__width-inherit elementor-widget elementor-widget-heading\" data-id=\"d4828f6\" data-element_type=\"widget\" data-e-type=\"widget\" data-widget_type=\"heading.default\">\n\t\t\t\t\t<h1 class=\"elementor-heading-title elementor-size-default\">Otisk<\/h1>\t\t\t\t<\/div>\n\t\t\t\t\t<\/div>\n\t\t\t\t<\/div>\n\t\t<div class=\"elementor-element elementor-element-6367e7cd e-flex e-con-boxed e-con e-parent\" data-id=\"6367e7cd\" data-element_type=\"container\" data-e-type=\"container\">\n\t\t\t\t\t<div class=\"e-con-inner\">\n\t\t\t\t<div class=\"elementor-element elementor-element-601cc1c6 elementor-widget elementor-widget-text-editor\" data-id=\"601cc1c6\" data-element_type=\"widget\" data-e-type=\"widget\" data-widget_type=\"text-editor.default\">\n\t\t\t\t\t\t\t\t\t<h1><strong>HOGO Holding GmbH<\/strong><\/h1><p>Wallerer Stra\u00dfe 49 I A-4600 Wels<br \/>T +43 720 31 00 55 I <a href=\"mailto:office@hogo.cc\">office@hogo.cc<\/a> I <a href=\"http:\/\/www.hogo.cc\/cs\/\">www.hogo.cc<\/a><\/p><p>FN 262358x Wels I ATU61751900<\/p><p>\u00a0<\/p><p><strong>HOGO Time Solution GmbH<\/strong><\/p><p>Wallerer Stra\u00dfe 49 I A-4600 Wels<br \/>T +43 720 31 00 55 I <a href=\"mailto:office@hogo.cc\">office@hogo.cc<\/a> I <a href=\"http:\/\/www.hogo.cc\/cs\/\">www.hogo.cc<\/a><\/p><p>FN 519053p I ATU74772506<\/p><p>\u00a0<\/p><p><strong>HOGO Bau Solution GmbH<\/strong><\/p><p>Wallerer Stra\u00dfe 49 I A-4600 Wels<br \/>T +43 720 31 00 55 I <a href=\"mailto:office@hogo.cc\">office@hogo.cc<\/a> I <a href=\"http:\/\/www.hogo.cc\/cs\/\">www.hogo.cc<\/a><\/p><p>FN108445d I ATU64849579<\/p><p>\u00a0<\/p><p><strong>HOGO Rail Service GmbH<br \/><\/strong><\/p><p>Wallerer Stra\u00dfe 49 I A-4600 Wels<br \/>T +43 720 31 00 55 I <a href=\"mailto:office@hogo.cc\">office@hogo.cc<\/a> I <a href=\"http:\/\/www.hogo.cc\/cs\/\">www.hogo.cc<\/a><\/p><p>FN506719a I ATU74164227<\/p><p>\u00a0<\/p><p>V\u0161echny texty, grafika a obr\u00e1zky jsou chr\u00e1n\u011bny autorsk\u00fdmi pr\u00e1vy. Jejich pou\u017eit\u00ed je mo\u017en\u00e9 pouze s v\u00fdslovn\u00fdm souhlasem vlastn\u00edka.<\/p><p>Na design a obsah odkazovan\u00fdch str\u00e1nek nem\u00e1me \u017e\u00e1dn\u00fd vliv. Proto se t\u00edmto v\u00fdslovn\u011b distancujeme od ve\u0161ker\u00e9ho obsahu v\u0161ech odkazovan\u00fdch str\u00e1nek na t\u00e9to domovsk\u00e9 str\u00e1nce a nep\u0159ij\u00edm\u00e1me jejich obsah za sv\u016fj.<\/p>\t\t\t\t\t\t\t\t<\/div>\n\t\t\t\t\t<\/div>\n\t\t\t\t<\/div>\n\t\t\t\t<\/div>","protected":false},"excerpt":{"rendered":"<p>Impressum HOGO Holding GmbH Wallerer Stra\u00dfe 49 I A-4600 WelsT +43 720 31 00 55 I office@hogo.cc I www.hogo.cc FN 262358x Wels I ATU61751900 \u00a0 HOGO Time Solution GmbH Wallerer Stra\u00dfe 49 I A-4600 WelsT +43 720 31 00 55 I office@hogo.cc I www.hogo.cc FN 519053p I ATU74772506 \u00a0 HOGO Bau Solution GmbH Wallerer Stra\u00dfe [&hellip;]<\/p>\n","protected":false},"author":1,"featured_media":0,"parent":0,"menu_order":0,"comment_status":"closed","ping_status":"closed","template":"","meta":{"footnotes":""},"class_list":["post-2","page","type-page","status-publish","hentry"],"yoast_head":"<!-- This site is optimized with the Yoast SEO Premium plugin v27.3 (Yoast SEO v27.3) - https:\/\/yoast.com\/product\/yoast-seo-premium-wordpress\/ -->\n<title>Impressum | HOGO Jobs<\/title>\n<meta name=\"description\" content=\"HOGO Time Solution GmbH Wallerer Stra\u00dfe 49 4600 Wels, Austria T +43 720 31 00 55 F +43 720 31 00 55 30\" \/>\n<meta name=\"robots\" content=\"index, follow, max-snippet:-1, max-image-preview:large, max-video-preview:-1\" \/>\n<link rel=\"canonical\" href=\"https:\/\/www.hogo.cc\/cs\/impressum\/\" \/>\n<meta property=\"og:locale\" content=\"cs_CZ\" \/>\n<meta property=\"og:type\" content=\"article\" \/>\n<meta property=\"og:title\" content=\"Impressum\" \/>\n<meta property=\"og:description\" content=\"HOGO Time Solution GmbH Wallerer Stra\u00dfe 49 4600 Wels, Austria T +43 720 31 00 55 F +43 720 31 00 55 30\" \/>\n<meta property=\"og:url\" content=\"https:\/\/www.hogo.cc\/cs\/impressum\/\" \/>\n<meta property=\"og:site_name\" content=\"HOGO Jobs\" \/>\n<meta property=\"article:publisher\" content=\"https:\/\/www.facebook.com\/hogogruppe\" \/>\n<meta property=\"article:modified_time\" content=\"2025-02-06T08:41:48+00:00\" \/>\n<meta name=\"twitter:card\" content=\"summary_large_image\" \/>\n<script type=\"application\/ld+json\" class=\"yoast-schema-graph\">{\"@context\":\"https:\\\/\\\/schema.org\",\"@graph\":[{\"@type\":\"WebPage\",\"@id\":\"https:\\\/\\\/www.hogo.cc\\\/impressum\",\"url\":\"https:\\\/\\\/www.hogo.cc\\\/impressum\",\"name\":\"Impressum | HOGO Jobs\",\"isPartOf\":{\"@id\":\"https:\\\/\\\/www.hogo.cc\\\/#website\"},\"datePublished\":\"2024-11-11T15:23:59+00:00\",\"dateModified\":\"2025-02-06T08:41:48+00:00\",\"description\":\"HOGO Time Solution GmbH Wallerer Stra\u00dfe 49 4600 Wels, Austria T +43 720 31 00 55 F +43 720 31 00 55 30\",\"breadcrumb\":{\"@id\":\"https:\\\/\\\/www.hogo.cc\\\/impressum#breadcrumb\"},\"inLanguage\":\"cs\",\"potentialAction\":[{\"@type\":\"ReadAction\",\"target\":[\"https:\\\/\\\/www.hogo.cc\\\/impressum\"]}]},{\"@type\":\"BreadcrumbList\",\"@id\":\"https:\\\/\\\/www.hogo.cc\\\/impressum#breadcrumb\",\"itemListElement\":[{\"@type\":\"ListItem\",\"position\":1,\"name\":\"Startseite\",\"item\":\"https:\\\/\\\/www.hogo.cc\\\/\"},{\"@type\":\"ListItem\",\"position\":2,\"name\":\"Impressum\"}]},{\"@type\":\"WebSite\",\"@id\":\"https:\\\/\\\/www.hogo.cc\\\/#website\",\"url\":\"https:\\\/\\\/www.hogo.cc\\\/\",\"name\":\"HOGO\",\"description\":\"Human Resource Management - Voll am Punkt.\",\"publisher\":{\"@id\":\"https:\\\/\\\/www.hogo.cc\\\/#organization\"},\"potentialAction\":[{\"@type\":\"SearchAction\",\"target\":{\"@type\":\"EntryPoint\",\"urlTemplate\":\"https:\\\/\\\/www.hogo.cc\\\/?s={search_term_string}\"},\"query-input\":{\"@type\":\"PropertyValueSpecification\",\"valueRequired\":true,\"valueName\":\"search_term_string\"}}],\"inLanguage\":\"cs\"},{\"@type\":\"Organization\",\"@id\":\"https:\\\/\\\/www.hogo.cc\\\/#organization\",\"name\":\"Hogo\",\"url\":\"https:\\\/\\\/www.hogo.cc\\\/\",\"logo\":{\"@type\":\"ImageObject\",\"inLanguage\":\"cs\",\"@id\":\"https:\\\/\\\/www.hogo.cc\\\/#\\\/schema\\\/logo\\\/image\\\/\",\"url\":\"https:\\\/\\\/www.hogo.cc\\\/wp-content\\\/uploads\\\/2024\\\/11\\\/logo.svg\",\"contentUrl\":\"https:\\\/\\\/www.hogo.cc\\\/wp-content\\\/uploads\\\/2024\\\/11\\\/logo.svg\",\"width\":133,\"height\":92,\"caption\":\"Hogo\"},\"image\":{\"@id\":\"https:\\\/\\\/www.hogo.cc\\\/#\\\/schema\\\/logo\\\/image\\\/\"},\"sameAs\":[\"https:\\\/\\\/www.facebook.com\\\/hogogruppe\"]}]}<\/script>\n<!-- \/ Yoast SEO Premium plugin. -->","yoast_head_json":{"title":"Impressum | HOGO Jobs","description":"HOGO Time Solution GmbH Wallerer Stra\u00dfe 49 4600 Wels, Austria T +43 720 31 00 55 F +43 720 31 00 55 30","robots":{"index":"index","follow":"follow","max-snippet":"max-snippet:-1","max-image-preview":"max-image-preview:large","max-video-preview":"max-video-preview:-1"},"canonical":"https:\/\/www.hogo.cc\/cs\/impressum\/","og_locale":"cs_CZ","og_type":"article","og_title":"Impressum","og_description":"HOGO Time Solution GmbH Wallerer Stra\u00dfe 49 4600 Wels, Austria T +43 720 31 00 55 F +43 720 31 00 55 30","og_url":"https:\/\/www.hogo.cc\/cs\/impressum\/","og_site_name":"HOGO Jobs","article_publisher":"https:\/\/www.facebook.com\/hogogruppe","article_modified_time":"2025-02-06T08:41:48+00:00","twitter_card":"summary_large_image","schema":{"@context":"https:\/\/schema.org","@graph":[{"@type":"WebPage","@id":"https:\/\/www.hogo.cc\/impressum","url":"https:\/\/www.hogo.cc\/impressum","name":"Impressum | HOGO Jobs","isPartOf":{"@id":"https:\/\/www.hogo.cc\/#website"},"datePublished":"2024-11-11T15:23:59+00:00","dateModified":"2025-02-06T08:41:48+00:00","description":"HOGO Time Solution GmbH Wallerer Stra\u00dfe 49 4600 Wels, Austria T +43 720 31 00 55 F +43 720 31 00 55 30","breadcrumb":{"@id":"https:\/\/www.hogo.cc\/impressum#breadcrumb"},"inLanguage":"cs","potentialAction":[{"@type":"ReadAction","target":["https:\/\/www.hogo.cc\/impressum"]}]},{"@type":"BreadcrumbList","@id":"https:\/\/www.hogo.cc\/impressum#breadcrumb","itemListElement":[{"@type":"ListItem","position":1,"name":"Startseite","item":"https:\/\/www.hogo.cc\/"},{"@type":"ListItem","position":2,"name":"Impressum"}]},{"@type":"WebSite","@id":"https:\/\/www.hogo.cc\/#website","url":"https:\/\/www.hogo.cc\/","name":"HOGO","description":"\u0158\u00edzen\u00ed lidsk\u00fdch zdroj\u016f - p\u0159\u00edmo k v\u011bci.","publisher":{"@id":"https:\/\/www.hogo.cc\/#organization"},"potentialAction":[{"@type":"SearchAction","target":{"@type":"EntryPoint","urlTemplate":"https:\/\/www.hogo.cc\/?s={search_term_string}"},"query-input":{"@type":"PropertyValueSpecification","valueRequired":true,"valueName":"search_term_string"}}],"inLanguage":"cs"},{"@type":"Organization","@id":"https:\/\/www.hogo.cc\/#organization","name":"Hogo","url":"https:\/\/www.hogo.cc\/","logo":{"@type":"ImageObject","inLanguage":"cs","@id":"https:\/\/www.hogo.cc\/#\/schema\/logo\/image\/","url":"https:\/\/www.hogo.cc\/wp-content\/uploads\/2024\/11\/logo.svg","contentUrl":"https:\/\/www.hogo.cc\/wp-content\/uploads\/2024\/11\/logo.svg","width":133,"height":92,"caption":"Hogo"},"image":{"@id":"https:\/\/www.hogo.cc\/#\/schema\/logo\/image\/"},"sameAs":["https:\/\/www.facebook.com\/hogogruppe"]}]}},"_links":{"self":[{"href":"https:\/\/www.hogo.cc\/cs\/wp-json\/wp\/v2\/pages\/2","targetHints":{"allow":["GET"]}}],"collection":[{"href":"https:\/\/www.hogo.cc\/cs\/wp-json\/wp\/v2\/pages"}],"about":[{"href":"https:\/\/www.hogo.cc\/cs\/wp-json\/wp\/v2\/types\/page"}],"author":[{"embeddable":true,"href":"https:\/\/www.hogo.cc\/cs\/wp-json\/wp\/v2\/users\/1"}],"replies":[{"embeddable":true,"href":"https:\/\/www.hogo.cc\/cs\/wp-json\/wp\/v2\/comments?post=2"}],"version-history":[{"count":36,"href":"https:\/\/www.hogo.cc\/cs\/wp-json\/wp\/v2\/pages\/2\/revisions"}],"predecessor-version":[{"id":3893,"href":"https:\/\/www.hogo.cc\/cs\/wp-json\/wp\/v2\/pages\/2\/revisions\/3893"}],"wp:attachment":[{"href":"https:\/\/www.hogo.cc\/cs\/wp-json\/wp\/v2\/media?parent=2"}],"curies":[{"name":"wp","href":"https:\/\/api.w.org\/{rel}","templated":true}]}}